{"id":6887,"date":"2021-02-08T06:01:36","date_gmt":"2021-02-08T06:01:36","guid":{"rendered":"https:\/\/dlslawfirm.com\/unete-a-nuestra-red-de-referencias\/"},"modified":"2021-02-08T06:01:36","modified_gmt":"2021-02-08T06:01:36","slug":"unete-a-nuestra-red-de-referencias","status":"publish","type":"page","link":"https:\/\/dlslawfirm.com\/es\/recursos\/unete-a-nuestra-red-de-referencias\/","title":{"rendered":"\u00danete a nuestra red de referencias"},"content":{"rendered":"<h2>Para Abogados<\/h2>\n<p>En el Bufete de Dianne Sawaya agradecemos las referencias de abogados locales que nos brindan la oportunidad de ayudar a clientes lesionados, o de colaborar con abogados de otros estados que buscan una representaci\u00f3n legal excepcional en los tribunales de Colorado. Adem\u00e1s, rec\u00edprocamente y de forma rutinaria, remitimos clientes potenciales a los asesores que se ponen en contacto con nuestro bufete. Estos posibles clientes tienen necesidades jur\u00eddicas en \u00e1reas del Derecho en las que no estamos especializados. Si tienes un caso que deseas que consideremos o te gustar\u00eda figurar entre los abogados que seleccionamos para remitir asuntos jur\u00eddicos sin lesiones, facil\u00edtanos tus datos a continuaci\u00f3n y un representante de nuestro despacho se pondr\u00e1 en contacto contigo en breve.<\/p>\n<p class=\"gform_not_found\">Oops! We could not locate your form.<\/p>\n","protected":false},"excerpt":{"rendered":"<p>Para Abogados En el Bufete de Dianne Sawaya agradecemos las referencias de abogados locales que nos brindan la oportunidad de ayudar a clientes lesionados, o de colaborar con abogados de otros estados que buscan una representaci\u00f3n legal excepcional en los tribunales de Colorado. Adem\u00e1s, rec\u00edprocamente y de forma rutinaria, remitimos clientes potenciales a los asesores&#8230;<\/p>\n","protected":false},"author":2,"featured_media":7292,"parent":7019,"menu_order":0,"comment_status":"closed","ping_status":"closed","template":"","meta":{"_acf_changed":false,"footnotes":""},"tags":[],"class_list":["post-6887","page","type-page","status-publish","has-post-thumbnail","hentry"],"acf":[],"yoast_head":"<!-- This site is optimized with the Yoast SEO plugin v27.4 - https:\/\/yoast.com\/product\/yoast-seo-wordpress\/ -->\n<title>\u00danete a nuestra red de referencias - Law Offices of Dianne Sawaya LLC- En Espanol<\/title>\n<meta name=\"robots\" content=\"index, follow, max-snippet:-1, max-image-preview:large, max-video-preview:-1\" \/>\n<link rel=\"canonical\" href=\"https:\/\/dlslawfirm.com\/es\/recursos\/unete-a-nuestra-red-de-referencias\/\" \/>\n<meta property=\"og:locale\" content=\"es_MX\" \/>\n<meta property=\"og:type\" content=\"article\" \/>\n<meta property=\"og:title\" content=\"\u00danete a nuestra red de referencias - Law Offices of Dianne Sawaya LLC- En Espanol\" \/>\n<meta property=\"og:description\" content=\"Para Abogados En el Bufete de Dianne Sawaya agradecemos las referencias de abogados locales que nos brindan la oportunidad de ayudar a clientes lesionados, o de colaborar con abogados de otros estados que buscan una representaci\u00f3n legal excepcional en los tribunales de Colorado. Adem\u00e1s, rec\u00edprocamente y de forma rutinaria, remitimos clientes potenciales a los asesores...\" \/>\n<meta property=\"og:url\" content=\"https:\/\/dlslawfirm.com\/es\/recursos\/unete-a-nuestra-red-de-referencias\/\" \/>\n<meta property=\"og:site_name\" content=\"Law Offices of Dianne Sawaya LLC- En Espanol\" \/>\n<meta property=\"og:image\" content=\"https:\/\/dlslawfirm.com\/es\/wp-content\/uploads\/sites\/2\/2021\/02\/business-meeting-e1612785732397.jpg\" \/>\n\t<meta property=\"og:image:width\" content=\"1280\" \/>\n\t<meta property=\"og:image:height\" content=\"476\" \/>\n\t<meta property=\"og:image:type\" content=\"image\/jpeg\" \/>\n<meta name=\"twitter:card\" content=\"summary_large_image\" \/>\n<meta name=\"twitter:label1\" content=\"Est. reading time\" \/>\n\t<meta name=\"twitter:data1\" content=\"1 minuto\" \/>\n<script type=\"application\/ld+json\" class=\"yoast-schema-graph\">{\"@context\":\"https:\\\/\\\/schema.org\",\"@graph\":[{\"@type\":\"WebPage\",\"@id\":\"https:\\\/\\\/dlslawfirm.com\\\/es\\\/recursos\\\/unete-a-nuestra-red-de-referencias\\\/\",\"url\":\"https:\\\/\\\/dlslawfirm.com\\\/es\\\/recursos\\\/unete-a-nuestra-red-de-referencias\\\/\",\"name\":\"\u00danete a nuestra red de referencias - Law Offices of Dianne Sawaya LLC- En Espanol\",\"isPartOf\":{\"@id\":\"https:\\\/\\\/dlslawfirm.com\\\/es\\\/#website\"},\"primaryImageOfPage\":{\"@id\":\"https:\\\/\\\/dlslawfirm.com\\\/es\\\/recursos\\\/unete-a-nuestra-red-de-referencias\\\/#primaryimage\"},\"image\":{\"@id\":\"https:\\\/\\\/dlslawfirm.com\\\/es\\\/recursos\\\/unete-a-nuestra-red-de-referencias\\\/#primaryimage\"},\"thumbnailUrl\":\"https:\\\/\\\/dlslawfirm.com\\\/es\\\/wp-content\\\/uploads\\\/sites\\\/2\\\/2021\\\/02\\\/business-meeting-e1612785732397.jpg\",\"datePublished\":\"2021-02-08T06:01:36+00:00\",\"breadcrumb\":{\"@id\":\"https:\\\/\\\/dlslawfirm.com\\\/es\\\/recursos\\\/unete-a-nuestra-red-de-referencias\\\/#breadcrumb\"},\"inLanguage\":\"es\",\"potentialAction\":[{\"@type\":\"ReadAction\",\"target\":[\"https:\\\/\\\/dlslawfirm.com\\\/es\\\/recursos\\\/unete-a-nuestra-red-de-referencias\\\/\"]}]},{\"@type\":\"ImageObject\",\"inLanguage\":\"es\",\"@id\":\"https:\\\/\\\/dlslawfirm.com\\\/es\\\/recursos\\\/unete-a-nuestra-red-de-referencias\\\/#primaryimage\",\"url\":\"https:\\\/\\\/dlslawfirm.com\\\/es\\\/wp-content\\\/uploads\\\/sites\\\/2\\\/2021\\\/02\\\/business-meeting-e1612785732397.jpg\",\"contentUrl\":\"https:\\\/\\\/dlslawfirm.com\\\/es\\\/wp-content\\\/uploads\\\/sites\\\/2\\\/2021\\\/02\\\/business-meeting-e1612785732397.jpg\",\"width\":1280,\"height\":476,\"caption\":\"business meeting\"},{\"@type\":\"BreadcrumbList\",\"@id\":\"https:\\\/\\\/dlslawfirm.com\\\/es\\\/recursos\\\/unete-a-nuestra-red-de-referencias\\\/#breadcrumb\",\"itemListElement\":[{\"@type\":\"ListItem\",\"position\":1,\"name\":\"Home\",\"item\":\"https:\\\/\\\/dlslawfirm.com\\\/es\\\/\"},{\"@type\":\"ListItem\",\"position\":2,\"name\":\"Recursos\",\"item\":\"https:\\\/\\\/dlslawfirm.com\\\/es\\\/recursos\\\/\"},{\"@type\":\"ListItem\",\"position\":3,\"name\":\"\u00danete a nuestra red de referencias\"}]},{\"@type\":\"WebSite\",\"@id\":\"https:\\\/\\\/dlslawfirm.com\\\/es\\\/#website\",\"url\":\"https:\\\/\\\/dlslawfirm.com\\\/es\\\/\",\"name\":\"Law Offices of Dianne Sawaya LLC- En Espanol\",\"description\":\"\",\"potentialAction\":[{\"@type\":\"SearchAction\",\"target\":{\"@type\":\"EntryPoint\",\"urlTemplate\":\"https:\\\/\\\/dlslawfirm.com\\\/es\\\/?s={search_term_string}\"},\"query-input\":{\"@type\":\"PropertyValueSpecification\",\"valueRequired\":true,\"valueName\":\"search_term_string\"}}],\"inLanguage\":\"es\"}]}<\/script>\n<!-- \/ Yoast SEO plugin. -->","yoast_head_json":{"title":"\u00danete a nuestra red de referencias - Law Offices of Dianne Sawaya LLC- En Espanol","robots":{"index":"index","follow":"follow","max-snippet":"max-snippet:-1","max-image-preview":"max-image-preview:large","max-video-preview":"max-video-preview:-1"},"canonical":"https:\/\/dlslawfirm.com\/es\/recursos\/unete-a-nuestra-red-de-referencias\/","og_locale":"es_MX","og_type":"article","og_title":"\u00danete a nuestra red de referencias - Law Offices of Dianne Sawaya LLC- En Espanol","og_description":"Para Abogados En el Bufete de Dianne Sawaya agradecemos las referencias de abogados locales que nos brindan la oportunidad de ayudar a clientes lesionados, o de colaborar con abogados de otros estados que buscan una representaci\u00f3n legal excepcional en los tribunales de Colorado. Adem\u00e1s, rec\u00edprocamente y de forma rutinaria, remitimos clientes potenciales a los asesores...","og_url":"https:\/\/dlslawfirm.com\/es\/recursos\/unete-a-nuestra-red-de-referencias\/","og_site_name":"Law Offices of Dianne Sawaya LLC- En Espanol","og_image":[{"width":1280,"height":476,"url":"https:\/\/dlslawfirm.com\/es\/wp-content\/uploads\/sites\/2\/2021\/02\/business-meeting-e1612785732397.jpg","type":"image\/jpeg"}],"twitter_card":"summary_large_image","twitter_misc":{"Est. reading time":"1 minuto"},"schema":{"@context":"https:\/\/schema.org","@graph":[{"@type":"WebPage","@id":"https:\/\/dlslawfirm.com\/es\/recursos\/unete-a-nuestra-red-de-referencias\/","url":"https:\/\/dlslawfirm.com\/es\/recursos\/unete-a-nuestra-red-de-referencias\/","name":"\u00danete a nuestra red de referencias - Law Offices of Dianne Sawaya LLC- En Espanol","isPartOf":{"@id":"https:\/\/dlslawfirm.com\/es\/#website"},"primaryImageOfPage":{"@id":"https:\/\/dlslawfirm.com\/es\/recursos\/unete-a-nuestra-red-de-referencias\/#primaryimage"},"image":{"@id":"https:\/\/dlslawfirm.com\/es\/recursos\/unete-a-nuestra-red-de-referencias\/#primaryimage"},"thumbnailUrl":"https:\/\/dlslawfirm.com\/es\/wp-content\/uploads\/sites\/2\/2021\/02\/business-meeting-e1612785732397.jpg","datePublished":"2021-02-08T06:01:36+00:00","breadcrumb":{"@id":"https:\/\/dlslawfirm.com\/es\/recursos\/unete-a-nuestra-red-de-referencias\/#breadcrumb"},"inLanguage":"es","potentialAction":[{"@type":"ReadAction","target":["https:\/\/dlslawfirm.com\/es\/recursos\/unete-a-nuestra-red-de-referencias\/"]}]},{"@type":"ImageObject","inLanguage":"es","@id":"https:\/\/dlslawfirm.com\/es\/recursos\/unete-a-nuestra-red-de-referencias\/#primaryimage","url":"https:\/\/dlslawfirm.com\/es\/wp-content\/uploads\/sites\/2\/2021\/02\/business-meeting-e1612785732397.jpg","contentUrl":"https:\/\/dlslawfirm.com\/es\/wp-content\/uploads\/sites\/2\/2021\/02\/business-meeting-e1612785732397.jpg","width":1280,"height":476,"caption":"business meeting"},{"@type":"BreadcrumbList","@id":"https:\/\/dlslawfirm.com\/es\/recursos\/unete-a-nuestra-red-de-referencias\/#breadcrumb","itemListElement":[{"@type":"ListItem","position":1,"name":"Home","item":"https:\/\/dlslawfirm.com\/es\/"},{"@type":"ListItem","position":2,"name":"Recursos","item":"https:\/\/dlslawfirm.com\/es\/recursos\/"},{"@type":"ListItem","position":3,"name":"\u00danete a nuestra red de referencias"}]},{"@type":"WebSite","@id":"https:\/\/dlslawfirm.com\/es\/#website","url":"https:\/\/dlslawfirm.com\/es\/","name":"Law Offices of Dianne Sawaya LLC- En Espanol","description":"","potentialAction":[{"@type":"SearchAction","target":{"@type":"EntryPoint","urlTemplate":"https:\/\/dlslawfirm.com\/es\/?s={search_term_string}"},"query-input":{"@type":"PropertyValueSpecification","valueRequired":true,"valueName":"search_term_string"}}],"inLanguage":"es"}]}},"_links":{"self":[{"href":"https:\/\/dlslawfirm.com\/es\/wp-json\/wp\/v2\/pages\/6887","targetHints":{"allow":["GET"]}}],"collection":[{"href":"https:\/\/dlslawfirm.com\/es\/wp-json\/wp\/v2\/pages"}],"about":[{"href":"https:\/\/dlslawfirm.com\/es\/wp-json\/wp\/v2\/types\/page"}],"author":[{"embeddable":true,"href":"https:\/\/dlslawfirm.com\/es\/wp-json\/wp\/v2\/users\/2"}],"replies":[{"embeddable":true,"href":"https:\/\/dlslawfirm.com\/es\/wp-json\/wp\/v2\/comments?post=6887"}],"version-history":[{"count":0,"href":"https:\/\/dlslawfirm.com\/es\/wp-json\/wp\/v2\/pages\/6887\/revisions"}],"up":[{"embeddable":true,"href":"https:\/\/dlslawfirm.com\/es\/wp-json\/wp\/v2\/pages\/7019"}],"wp:featuredmedia":[{"embeddable":true,"href":"https:\/\/dlslawfirm.com\/es\/wp-json\/wp\/v2\/media\/7292"}],"wp:attachment":[{"href":"https:\/\/dlslawfirm.com\/es\/wp-json\/wp\/v2\/media?parent=6887"}],"wp:term":[{"taxonomy":"post_tag","embeddable":true,"href":"https:\/\/dlslawfirm.com\/es\/wp-json\/wp\/v2\/tags?post=6887"}],"curies":[{"name":"wp","href":"https:\/\/api.w.org\/{rel}","templated":true}]}}