{"id":6886,"date":"2021-11-24T07:14:50","date_gmt":"2021-11-24T07:14:50","guid":{"rendered":"https:\/\/dlslawfirm.com\/abogado-de-lesiones-personales-en-aurora\/"},"modified":"2021-11-24T07:14:50","modified_gmt":"2021-11-24T07:14:50","slug":"abogado-de-lesiones-personales-en-aurora","status":"publish","type":"page","link":"https:\/\/dlslawfirm.com\/es\/abogado-de-lesiones-personales-en-aurora\/","title":{"rendered":"Abogado de lesiones personales en Aurora"},"content":{"rendered":"<h2>Abogado de lesiones personales en Aurora, Colorado<\/h2>\n<p>Si te has lesionado debido a las acciones il\u00edcitas o la negligencia de otra persona o entidad, puedes tener derecho a presentar una demanda por lesiones personales en Aurora, CO. Tras un accidente causado por otro, puedes ver c\u00f3mo tus gastos m\u00e9dicos se acumulan de forma alarmante. Puede que no puedas volver al trabajo debido a tus lesiones y, por tanto, no puedas pagar tus gastos b\u00e1sicos mensuales. Es posible que ya no puedas disfrutar de tu vida como antes del accidente. Todos ellos son elementos de una demanda por da\u00f1os personales.<\/p>\n[cta_interior title=&#8221;CTA Interior&#8221;]\n<p>Una demanda por lesiones personales suele iniciarse cuando una persona ha sufrido da\u00f1os f\u00edsicos y\/o emocionales debido a la conducta negligente, maliciosa o imprudente de otra. Si tienes derecho a recibir una indemnizaci\u00f3n como consecuencia de tus lesiones, esa indemnizaci\u00f3n podr\u00eda cubrir gastos m\u00e9dicos, salarios perdidos, dolor y sufrimiento, y mucho m\u00e1s. Se puede presentar una demanda por lesiones personales en cualquiera de los siguientes ejemplos:<\/p>\n<ul>\n<li><a href=\"https:\/\/dlslawfirm.com\/aurora-personal-injury-attorney\/aurora-truck-accident-attorney\/\">Un conductor negligente<\/a> te ha cortado el paso, provoc\u00e1ndote un accidente;<\/li>\n<li>Tu tienda de comestibles local dej\u00f3 un derrame durante varias horas, sufriste un resbal\u00f3n y ca\u00edste con lesiones como resultado;<\/li>\n<li>Te invitaron a una despedida de soltera, pero cuando entraste en el patio, un perro agresivo te atac\u00f3, provoc\u00e1ndote lesiones graves;<\/li>\n<li>Estuviste expuesto al amianto y ahora tienes mesotelioma<\/li>\n<li>Has estado expuesto al <a href=\"https:\/\/dlslawfirm.com\/personal-injury\/product-liability-attorneys\/roundup-weed-killer\/\" target=\"_blank\" rel=\"noopener\">RoundUp<\/a> y te han diagnosticado un linfoma no Hodgkin<\/li>\n<\/ul>\n<p>Estos son s\u00f3lo algunos ejemplos de lesiones personales que pueden dar lugar a una demanda por lesiones personales con la consiguiente indemnizaci\u00f3n por da\u00f1os y perjuicios.<\/p>\n<h2>\u00bfPor qu\u00e9 elegir a Dianne Sawaya, abogada de Aurora especializada en lesiones personales?<\/h2>\n<p>La abogada de lesiones personales de Aurora, CO, <a href=\"https:\/\/dlslawfirm.com\/attorneys\/dianne-sawaya-principal-personal-injury-attorney\/\">Dianne Sawaya,<\/a> tiene miles de clientes satisfechos y m\u00e1s de 180 rese\u00f1as positivas en Google. Nuestro equipo jur\u00eddico es inteligente, agresivo y compasivo. Trabajaremos duro para maximizar tu acuerdo, ofreci\u00e9ndote una consulta cien por cien gratuita. Si no recuperamos dinero en tu nombre, no te cobraremos honorarios de abogado. No s\u00f3lo te ayudaremos a conseguir la indemnizaci\u00f3n que necesitas y mereces, sino que tambi\u00e9n te ayudaremos a obtener el tratamiento m\u00e9dico que necesitas para recuperarte de tus lesiones.<\/p>\n<p>Si buscas ayuda por un accidente con lesiones, el Bufete de Dianne Sawaya puede ayudarte. Comprendemos que est\u00e9s angustiado y estresado por tus lesiones y tu futuro. Tambi\u00e9n comprendemos que tus finanzas pueden estar desorganizadas debido a los gastos m\u00e9dicos y a los salarios perdidos. Buscaremos el m\u00e1ximo nivel de indemnizaci\u00f3n por da\u00f1os y perjuicios en tu nombre porque realmente nos preocupamos por ti, por tu familia y por tu futuro.<\/p>\n<p><span data-mce-type=\"bookmark\" style=\"width: 0px;overflow: hidden;line-height: 0\" class=\"mce_SELRES_start\"><\/span><\/p>\n<h2>\u00bfCu\u00e1les son las lesiones comunes derivadas de una lesi\u00f3n personal?<\/h2>\n<p>Algunas de las lesiones m\u00e1s comunes derivadas de un accidente con lesiones personales son:<\/p>\n<ul>\n<li>Los <a href=\"https:\/\/dlslawfirm.com\/aurora-personal-injury-attorney\/aurora-car-accident-attorney\/\">accidentes de coche<\/a> pueden provocar una gran variedad de lesiones, como huesos rotos, cortes y contusiones, lesiones de cuello y espalda, lesiones de los \u00f3rganos internos, traumatismo craneoencef\u00e1lico, quemaduras y lesiones de la m\u00e9dula espinal. Los accidentes <a href=\"https:\/\/dlslawfirm.com\/aurora-personal-injury-attorney\/aurora-truck-accident-attorney\/\">de cami\u00f3n<\/a> pueden ser a\u00fan m\u00e1s graves.<\/li>\n<li>Los <a href=\"https:\/\/dlslawfirm.com\/aurora-personal-injury-attorney\/aurora-motorcycle-accident-attorney\/\">accidentes de moto<\/a> pueden provocar erupciones tan graves como para causar una infecci\u00f3n masiva, y los motoristas y ciclistas implicados en un accidente sin casco pueden sufrir traumatismos craneoencef\u00e1licos graves, paraplejia o tetraplejia.<\/li>\n<li>Los accidentes por resbalones y ca\u00eddas pueden ser enga\u00f1osamente peligrosos y causar lesiones en el cuello, la espalda, los brazos, las piernas, los hombros, los nervios y la cabeza. Las lesiones por resbalones y ca\u00eddas suelen provocar fracturas de cadera y lesiones cerebrales.<\/li>\n<li>La negligencia m\u00e9dica tambi\u00e9n puede provocar una gran variedad de lesiones, desde lesiones por error quir\u00fargico, lesiones en el parto, lesiones por diagn\u00f3stico err\u00f3neo, lesiones por error farmac\u00e9utico o lesiones por tratamiento inadecuado.<\/li>\n<li>Las reclamaciones de responsabilidad por productos defectuosos pueden producirse cuando un producto que un consumidor supone seguro resulta ser defectuoso o peligroso, causando lesiones graves.<\/li>\n<li>Las lesiones en la construcci\u00f3n son bastante comunes, y a menudo implican ca\u00eddas, o que un objeto que cae golpee a una persona en la cabeza o en el cuerpo.<\/li>\n<li>Un <a href=\"https:\/\/dlslawfirm.com\/aurora-personal-injury-attorney\/aurora-dog-bite-attorney\/\">perro<\/a> o un gato <a href=\"https:\/\/dlslawfirm.com\/aurora-personal-injury-attorney\/aurora-dog-bite-attorney\/\">agresivos<\/a> pueden causar roturas graves en la piel y son especialmente peligrosos cuando un perro muerde a una v\u00edctima en la cara, caus\u00e1ndole desfiguraci\u00f3n.<\/li>\n<\/ul>\n<h2>\u00bfC\u00f3mo funcionan las demandas por lesiones personales en Colorado?<\/h2>\n<p>Una vez que hables con un abogado de Aurora especializado en lesiones personales, \u00e9ste, por ejemplo un abogado con experiencia como Dianne Sawaya, determinar\u00e1 el valor de tu reclamaci\u00f3n y negociar\u00e1 con la compa\u00f1\u00eda de seguros. Estas negociaciones pueden ir y venir durante un tiempo. Tu abogado quiere conseguirte la mayor indemnizaci\u00f3n posible, y la compa\u00f1\u00eda de seguros quiere pagarte lo menos posible.<\/p>\n<p>A pesar de los anuncios de televisi\u00f3n que presentan a las compa\u00f1\u00edas de seguros como tus &#8220;amigas&#8221;, en realidad son empresas que se preocupan mucho m\u00e1s de sus resultados financieros que de tu futuro. Si no se llega a un acuerdo de mutuo acuerdo, tu abogado presentar\u00e1 una demanda contra la compa\u00f1\u00eda de seguros.<\/p>\n<p>Muchos casos de lesiones personales se resuelven antes de presentar la demanda, pero si no se llega a un acuerdo, habr\u00e1 un juicio ante un juez o un jurado que decidir\u00e1 si tienes derecho a una indemnizaci\u00f3n por da\u00f1os y perjuicios y, en caso afirmativo, cu\u00e1nto.<\/p>\n<h2>\u00bfQu\u00e9 son los da\u00f1os en una demanda por lesiones personales en Aurora?<\/h2>\n<p>Si tus lesiones fueron consecuencia de una negligencia, puedes tener derecho a una indemnizaci\u00f3n por da\u00f1os y perjuicios, tanto f\u00edsicos como emocionales. El importe de tu indemnizaci\u00f3n depender\u00e1 de la causa de tu accidente, las circunstancias que lo rodearon y el alcance de tus lesiones. Puedes tener derecho a una o varias de las siguientes prestaciones:<\/p>\n<ul>\n<li><strong>Gastos m\u00e9dicos <\/strong>&#8211; Tienes derecho a todos los gastos m\u00e9dicos, incluidos los gastos de ambulancia, los gastos de urgencias, los gastos m\u00e9dicos, los gastos de medicamentos con receta, los gastos de terapias de rehabilitaci\u00f3n y procedimientos quir\u00fargicos, y cualquier otro gasto m\u00e9dico derivado de tu accidente. Los gastos m\u00e9dicos tambi\u00e9n pueden implicar lesiones de larga duraci\u00f3n o incapacidad permanente.<\/li>\n<li><strong>Salarios perdidos <\/strong>&#8211; Es posible que no hayas podido trabajar durante un tiempo tras tu accidente con lesiones. Si es as\u00ed, tienes derecho a los salarios perdidos. En algunos casos, tus lesiones pueden ser tan graves que no podr\u00e1s volver al trabajo en mucho tiempo, o para siempre. Si es as\u00ed, puedes tener derecho a percibir salarios futuros perdidos en funci\u00f3n de tu puesto actual, tu formaci\u00f3n y tus posibilidades de ascenso.<\/li>\n<li><strong>Dolor y sufrimiento <\/strong>&#8211; Las facturas m\u00e9dicas y la p\u00e9rdida de ingresos se consideran da\u00f1os econ\u00f3micos, ya que son cuantificables o se les puede asignar una cantidad espec\u00edfica en d\u00f3lares. Por ejemplo, tus gastos m\u00e9dicos tienen una cifra asignada en forma de facturas de tu proveedor. Otros da\u00f1os pueden ser m\u00e1s dif\u00edciles de cuantificar porque son m\u00e1s subjetivos. El dolor y el sufrimiento pueden incluir el dolor f\u00edsico, as\u00ed como la angustia mental sufrida por el accidente, como insomnio, ansiedad, depresi\u00f3n y TEPT.<\/li>\n<li><strong>Da\u00f1os <\/strong>punitivos &#8211; Los da\u00f1os punitivos se conceden en casos en los que el demandado actu\u00f3 de forma maliciosa o temeraria o actu\u00f3 deliberadamente. Si un conductor ebrio fue responsable de tus lesiones, puede que proceda una indemnizaci\u00f3n punitiva, ya que su finalidad es castigar al acusado y disuadir a otros de comportamientos similares.<\/li>\n<\/ul>\n<p>La ley de Colorado permite la indemnizaci\u00f3n por todo lo anterior, sin embargo, existe un tope en la cantidad recuperable por da\u00f1os no econ\u00f3micos. <a href=\"https:\/\/www.lpdirect.net\/casb\/crs\/13-21-102_5.html\" target=\"_blank\" rel=\"noopener\">Colorado limita los da\u00f1os no econ\u00f3micos a 250.000 $<\/a>, m\u00e1s la inflaci\u00f3n, aunque el tribunal puede aumentar la indemnizaci\u00f3n hasta un m\u00e1ximo de 500.000 $ si encuentra pruebas claras y convincentes. Las demandas por negligencia m\u00e9dica tienen un l\u00edmite m\u00e1ximo de 300.000 $ por da\u00f1os no econ\u00f3micos, con un l\u00edmite total de 1 mill\u00f3n de $. Para los demandantes que hayan sufrido una discapacidad f\u00edsica permanente, no hay l\u00edmite para la indemnizaci\u00f3n por da\u00f1o moral.<\/p>\n<h2>\u00bfCu\u00e1nto tiempo se tarda en recibir un cheque de liquidaci\u00f3n?<\/h2>\n<p>Aunque el tiempo que se tarda en recibir un cheque de conciliaci\u00f3n tras un acuerdo transaccional o una decisi\u00f3n de un juez o jurado puede variar significativamente, lo normal es que recibas el cheque en unas semanas. Tu abogado de lesiones personales de Aurora podr\u00e1 darte una buena idea de cu\u00e1ndo puedes esperar el cheque del acuerdo.<\/p>\n<h2>\u00bfPor qu\u00e9 necesito un abogado de lesiones personales en Aurora?<\/h2>\n<p>Aunque podr\u00edas gestionar tu reclamaci\u00f3n por lesiones personales en Aurora, CO, por tu cuenta; sin embargo, a menos que tengas mucha experiencia con la ley, tiempo para negociar con tu compa\u00f1\u00eda de seguros y te sientas c\u00f3modo ante un juez y un jurado, es mucho mejor dejar que un abogado experimentado haga lo que mejor sabe hacer: negociar y litigar. Mereces tiempo para curarte de tus lesiones sin preocuparte de si la compa\u00f1\u00eda de seguros pagar\u00e1 tus da\u00f1os. En el <a href=\"https:\/\/dlslawfirm.com\/our-team\/\">Bufete de Dianne Sawaya<\/a>, queremos que te centres en mejorar mientras trabajamos para conseguir un acuerdo que cubra totalmente tus lesiones y otros da\u00f1os.<\/p>\n<h2>\u00bfC\u00f3mo puede ayudarte en tu reclamaci\u00f3n por lesiones un abogado de Aurora especializado en lesiones personales del bufete de Dianne Sawaya?<\/h2>\n<p>En el Bufete de Dianne Sawaya somos inteligentes, agresivos y compasivos con tu situaci\u00f3n. Podemos tomar las decisiones m\u00e1s informadas respecto a tu tratamiento y situaci\u00f3n porque estamos familiarizados con los tratamientos m\u00e9dicos y los proveedores m\u00e9dicos. Nuestro equipo trabaja conjuntamente, poniendo en com\u00fan todos nuestros conocimientos en tu beneficio. Comprendemos los problemas emocionales a los que te enfrentas tras tu accidente. Se trata de una \u00e9poca tumultuosa en la que te enfrentas a las secuelas de tu accidente y tus lesiones. Si te preguntas qu\u00e9 debes esperar de tu demanda por lesiones personales, as\u00ed como cu\u00e1nto tiempo llevar\u00e1, o qu\u00e9 indemnizaci\u00f3n puedes esperar, responderemos a todas tus preguntas de forma exhaustiva y minuciosa. La abogada Dianne Sawaya y su equipo est\u00e1n preparados para ayudarte a obtener la indemnizaci\u00f3n que necesitas y mereces. <a href=\"https:\/\/dlslawfirm.com\/contact-us\/\">Ponte en contacto con<\/a> el bufete de Dianne Sawaya hoy mismo.<\/p>\n","protected":false},"excerpt":{"rendered":"<p>Abogado de lesiones personales en Aurora, Colorado Si te has lesionado debido a las acciones il\u00edcitas o la negligencia de otra persona o entidad, puedes tener derecho a presentar una demanda por lesiones personales en Aurora, CO. Tras un accidente causado por otro, puedes ver c\u00f3mo tus gastos m\u00e9dicos se acumulan de forma alarmante. Puede&#8230;<\/p>\n","protected":false},"author":2,"featured_media":5279,"parent":0,"menu_order":15,"comment_status":"closed","ping_status":"closed","template":"","meta":{"_acf_changed":false,"footnotes":""},"tags":[],"class_list":["post-6886","page","type-page","status-publish","has-post-thumbnail","hentry"],"acf":[],"yoast_head":"<!-- This site is optimized with the Yoast SEO plugin v27.3 - https:\/\/yoast.com\/product\/yoast-seo-wordpress\/ -->\n<title>Abogado de lesiones personales en Aurora | Colorado | Consulta 100% gratuita<\/title>\n<meta name=\"description\" content=\"La abogada Dianne Sawaya y su equipo est\u00e1n preparados y capacitados para ayudarte a obtener la indemnizaci\u00f3n que necesitas y mereces tras una lesi\u00f3n en Aurora, CO.\" \/>\n<meta name=\"robots\" content=\"index, follow, max-snippet:-1, max-image-preview:large, max-video-preview:-1\" \/>\n<link rel=\"canonical\" href=\"https:\/\/dlslawfirm.com\/es\/abogado-de-lesiones-personales-en-aurora\/\" \/>\n<meta property=\"og:locale\" content=\"es_MX\" \/>\n<meta property=\"og:type\" content=\"article\" \/>\n<meta property=\"og:title\" content=\"Abogado de lesiones personales en Aurora | Colorado | Consulta 100% gratuita\" \/>\n<meta property=\"og:description\" content=\"La abogada Dianne Sawaya y su equipo est\u00e1n preparados y capacitados para ayudarte a obtener la indemnizaci\u00f3n que necesitas y mereces tras una lesi\u00f3n en Aurora, CO.\" \/>\n<meta property=\"og:url\" content=\"https:\/\/dlslawfirm.com\/es\/abogado-de-lesiones-personales-en-aurora\/\" \/>\n<meta property=\"og:site_name\" content=\"Law Offices of Dianne Sawaya LLC- En Espanol\" \/>\n<meta property=\"og:image\" content=\"https:\/\/dlslawfirm.com\/es\/wp-content\/uploads\/sites\/2\/2022\/06\/aurora-colorado.jpg\" \/>\n\t<meta property=\"og:image:width\" content=\"1600\" \/>\n\t<meta property=\"og:image:height\" content=\"1199\" \/>\n\t<meta property=\"og:image:type\" content=\"image\/jpeg\" \/>\n<meta name=\"twitter:card\" content=\"summary_large_image\" \/>\n<meta name=\"twitter:label1\" content=\"Est. reading time\" \/>\n\t<meta name=\"twitter:data1\" content=\"9 minutos\" \/>\n<script type=\"application\/ld+json\" class=\"yoast-schema-graph\">{\"@context\":\"https:\\\/\\\/schema.org\",\"@graph\":[{\"@type\":\"WebPage\",\"@id\":\"https:\\\/\\\/dlslawfirm.com\\\/es\\\/abogado-de-lesiones-personales-en-aurora\\\/\",\"url\":\"https:\\\/\\\/dlslawfirm.com\\\/es\\\/abogado-de-lesiones-personales-en-aurora\\\/\",\"name\":\"Abogado de lesiones personales en Aurora | Colorado | Consulta 100% gratuita\",\"isPartOf\":{\"@id\":\"https:\\\/\\\/dlslawfirm.com\\\/es\\\/#website\"},\"primaryImageOfPage\":{\"@id\":\"https:\\\/\\\/dlslawfirm.com\\\/es\\\/abogado-de-lesiones-personales-en-aurora\\\/#primaryimage\"},\"image\":{\"@id\":\"https:\\\/\\\/dlslawfirm.com\\\/es\\\/abogado-de-lesiones-personales-en-aurora\\\/#primaryimage\"},\"thumbnailUrl\":\"https:\\\/\\\/dlslawfirm.com\\\/es\\\/wp-content\\\/uploads\\\/sites\\\/2\\\/2022\\\/06\\\/aurora-colorado.jpg\",\"datePublished\":\"2021-11-24T07:14:50+00:00\",\"description\":\"La abogada Dianne Sawaya y su equipo est\u00e1n preparados y capacitados para ayudarte a obtener la indemnizaci\u00f3n que necesitas y mereces tras una lesi\u00f3n en Aurora, CO.\",\"breadcrumb\":{\"@id\":\"https:\\\/\\\/dlslawfirm.com\\\/es\\\/abogado-de-lesiones-personales-en-aurora\\\/#breadcrumb\"},\"inLanguage\":\"es\",\"potentialAction\":[{\"@type\":\"ReadAction\",\"target\":[\"https:\\\/\\\/dlslawfirm.com\\\/es\\\/abogado-de-lesiones-personales-en-aurora\\\/\"]}]},{\"@type\":\"ImageObject\",\"inLanguage\":\"es\",\"@id\":\"https:\\\/\\\/dlslawfirm.com\\\/es\\\/abogado-de-lesiones-personales-en-aurora\\\/#primaryimage\",\"url\":\"https:\\\/\\\/dlslawfirm.com\\\/es\\\/wp-content\\\/uploads\\\/sites\\\/2\\\/2022\\\/06\\\/aurora-colorado.jpg\",\"contentUrl\":\"https:\\\/\\\/dlslawfirm.com\\\/es\\\/wp-content\\\/uploads\\\/sites\\\/2\\\/2022\\\/06\\\/aurora-colorado.jpg\",\"width\":1600,\"height\":1199,\"caption\":\"Stanley Marketplace in Aurora, Colorado\"},{\"@type\":\"BreadcrumbList\",\"@id\":\"https:\\\/\\\/dlslawfirm.com\\\/es\\\/abogado-de-lesiones-personales-en-aurora\\\/#breadcrumb\",\"itemListElement\":[{\"@type\":\"ListItem\",\"position\":1,\"name\":\"Home\",\"item\":\"https:\\\/\\\/dlslawfirm.com\\\/es\\\/\"},{\"@type\":\"ListItem\",\"position\":2,\"name\":\"Abogado de lesiones personales en Aurora\"}]},{\"@type\":\"WebSite\",\"@id\":\"https:\\\/\\\/dlslawfirm.com\\\/es\\\/#website\",\"url\":\"https:\\\/\\\/dlslawfirm.com\\\/es\\\/\",\"name\":\"Law Offices of Dianne Sawaya LLC- En Espanol\",\"description\":\"\",\"potentialAction\":[{\"@type\":\"SearchAction\",\"target\":{\"@type\":\"EntryPoint\",\"urlTemplate\":\"https:\\\/\\\/dlslawfirm.com\\\/es\\\/?s={search_term_string}\"},\"query-input\":{\"@type\":\"PropertyValueSpecification\",\"valueRequired\":true,\"valueName\":\"search_term_string\"}}],\"inLanguage\":\"es\"}]}<\/script>\n<!-- \/ Yoast SEO plugin. -->","yoast_head_json":{"title":"Abogado de lesiones personales en Aurora | Colorado | Consulta 100% gratuita","description":"La abogada Dianne Sawaya y su equipo est\u00e1n preparados y capacitados para ayudarte a obtener la indemnizaci\u00f3n que necesitas y mereces tras una lesi\u00f3n en Aurora, CO.","robots":{"index":"index","follow":"follow","max-snippet":"max-snippet:-1","max-image-preview":"max-image-preview:large","max-video-preview":"max-video-preview:-1"},"canonical":"https:\/\/dlslawfirm.com\/es\/abogado-de-lesiones-personales-en-aurora\/","og_locale":"es_MX","og_type":"article","og_title":"Abogado de lesiones personales en Aurora | Colorado | Consulta 100% gratuita","og_description":"La abogada Dianne Sawaya y su equipo est\u00e1n preparados y capacitados para ayudarte a obtener la indemnizaci\u00f3n que necesitas y mereces tras una lesi\u00f3n en Aurora, CO.","og_url":"https:\/\/dlslawfirm.com\/es\/abogado-de-lesiones-personales-en-aurora\/","og_site_name":"Law Offices of Dianne Sawaya LLC- En Espanol","og_image":[{"width":1600,"height":1199,"url":"https:\/\/dlslawfirm.com\/es\/wp-content\/uploads\/sites\/2\/2022\/06\/aurora-colorado.jpg","type":"image\/jpeg"}],"twitter_card":"summary_large_image","twitter_misc":{"Est. reading time":"9 minutos"},"schema":{"@context":"https:\/\/schema.org","@graph":[{"@type":"WebPage","@id":"https:\/\/dlslawfirm.com\/es\/abogado-de-lesiones-personales-en-aurora\/","url":"https:\/\/dlslawfirm.com\/es\/abogado-de-lesiones-personales-en-aurora\/","name":"Abogado de lesiones personales en Aurora | Colorado | Consulta 100% gratuita","isPartOf":{"@id":"https:\/\/dlslawfirm.com\/es\/#website"},"primaryImageOfPage":{"@id":"https:\/\/dlslawfirm.com\/es\/abogado-de-lesiones-personales-en-aurora\/#primaryimage"},"image":{"@id":"https:\/\/dlslawfirm.com\/es\/abogado-de-lesiones-personales-en-aurora\/#primaryimage"},"thumbnailUrl":"https:\/\/dlslawfirm.com\/es\/wp-content\/uploads\/sites\/2\/2022\/06\/aurora-colorado.jpg","datePublished":"2021-11-24T07:14:50+00:00","description":"La abogada Dianne Sawaya y su equipo est\u00e1n preparados y capacitados para ayudarte a obtener la indemnizaci\u00f3n que necesitas y mereces tras una lesi\u00f3n en Aurora, CO.","breadcrumb":{"@id":"https:\/\/dlslawfirm.com\/es\/abogado-de-lesiones-personales-en-aurora\/#breadcrumb"},"inLanguage":"es","potentialAction":[{"@type":"ReadAction","target":["https:\/\/dlslawfirm.com\/es\/abogado-de-lesiones-personales-en-aurora\/"]}]},{"@type":"ImageObject","inLanguage":"es","@id":"https:\/\/dlslawfirm.com\/es\/abogado-de-lesiones-personales-en-aurora\/#primaryimage","url":"https:\/\/dlslawfirm.com\/es\/wp-content\/uploads\/sites\/2\/2022\/06\/aurora-colorado.jpg","contentUrl":"https:\/\/dlslawfirm.com\/es\/wp-content\/uploads\/sites\/2\/2022\/06\/aurora-colorado.jpg","width":1600,"height":1199,"caption":"Stanley Marketplace in Aurora, Colorado"},{"@type":"BreadcrumbList","@id":"https:\/\/dlslawfirm.com\/es\/abogado-de-lesiones-personales-en-aurora\/#breadcrumb","itemListElement":[{"@type":"ListItem","position":1,"name":"Home","item":"https:\/\/dlslawfirm.com\/es\/"},{"@type":"ListItem","position":2,"name":"Abogado de lesiones personales en Aurora"}]},{"@type":"WebSite","@id":"https:\/\/dlslawfirm.com\/es\/#website","url":"https:\/\/dlslawfirm.com\/es\/","name":"Law Offices of Dianne Sawaya LLC- En Espanol","description":"","potentialAction":[{"@type":"SearchAction","target":{"@type":"EntryPoint","urlTemplate":"https:\/\/dlslawfirm.com\/es\/?s={search_term_string}"},"query-input":{"@type":"PropertyValueSpecification","valueRequired":true,"valueName":"search_term_string"}}],"inLanguage":"es"}]}},"_links":{"self":[{"href":"https:\/\/dlslawfirm.com\/es\/wp-json\/wp\/v2\/pages\/6886","targetHints":{"allow":["GET"]}}],"collection":[{"href":"https:\/\/dlslawfirm.com\/es\/wp-json\/wp\/v2\/pages"}],"about":[{"href":"https:\/\/dlslawfirm.com\/es\/wp-json\/wp\/v2\/types\/page"}],"author":[{"embeddable":true,"href":"https:\/\/dlslawfirm.com\/es\/wp-json\/wp\/v2\/users\/2"}],"replies":[{"embeddable":true,"href":"https:\/\/dlslawfirm.com\/es\/wp-json\/wp\/v2\/comments?post=6886"}],"version-history":[{"count":0,"href":"https:\/\/dlslawfirm.com\/es\/wp-json\/wp\/v2\/pages\/6886\/revisions"}],"wp:featuredmedia":[{"embeddable":true,"href":"https:\/\/dlslawfirm.com\/es\/wp-json\/wp\/v2\/media\/5279"}],"wp:attachment":[{"href":"https:\/\/dlslawfirm.com\/es\/wp-json\/wp\/v2\/media?parent=6886"}],"wp:term":[{"taxonomy":"post_tag","embeddable":true,"href":"https:\/\/dlslawfirm.com\/es\/wp-json\/wp\/v2\/tags?post=6886"}],"curies":[{"name":"wp","href":"https:\/\/api.w.org\/{rel}","templated":true}]}}