{"id":6880,"date":"2022-02-11T09:11:15","date_gmt":"2022-02-11T09:11:15","guid":{"rendered":"https:\/\/dlslawfirm.com\/abogado-de-lesiones-personales-en-westminster\/"},"modified":"2022-02-11T09:11:15","modified_gmt":"2022-02-11T09:11:15","slug":"abogado-de-lesiones-personales-en-westminster","status":"publish","type":"page","link":"https:\/\/dlslawfirm.com\/es\/abogado-de-lesiones-personales-en-westminster\/","title":{"rendered":"Abogado de lesiones personales en Westminster"},"content":{"rendered":"<h2>Abogado de Lesiones Personales en Westminster, Colorado<\/h2>\n<p><span style=\"font-weight: 400\">En 2018 se produjeron 97,9 millones de visitas a urgencias por lesiones no intencionadas y 24,8 millones de visitas a consultas m\u00e9dicas por lesiones no intencionadas, seg\u00fan los <\/span><a href=\"https:\/\/www.cdc.gov\/nchs\/fastats\/accidental-injury.htm\" target=\"_blank\" rel=\"noopener\"><br \/>\n  <span style=\"font-weight: 400\">CDC<\/span><br \/>\n<\/a><span style=\"font-weight: 400\">. Ese mismo a\u00f1o se produjeron 173.040 muertes por lesiones no intencionadas, de las cuales 39.443 se debieron a ca\u00eddas no intencionadas y 37.595 a accidentes de autom\u00f3vil. Cuando una muerte se debe a una lesi\u00f3n evitable, puede denominarse homicidio culposo. Si el accidente provoca lesiones, pero no la muerte, y est\u00e1 causado por la negligencia de otra persona, puede dar lugar a una demanda por lesiones personales. Si eres v\u00edctima de una lesi\u00f3n personal, puede ser beneficioso hablar con un abogado de lesiones personales de Westminster, CO.  <\/span><\/p>\n<p><span style=\"font-weight: 400\">No s\u00f3lo puede ser extremadamente dif\u00edcil luchar contra una compa\u00f1\u00eda de seguros mientras te enfrentas a tus lesiones y gastos, sino que tambi\u00e9n hay otras cuestiones relacionadas con tu accidente con lesiones de las que quiz\u00e1 ni siquiera seas consciente. Por ejemplo, en todos los estados hay plazos de prescripci\u00f3n que regulan el tiempo de que dispones para presentar tu demanda. En el estado de Colorado, las circunstancias de tu lesi\u00f3n pueden afectar potencialmente al tiempo que tienes para presentar tu demanda. Si tus lesiones son consecuencia de una negligencia m\u00e9dica, tu plazo de tiempo difiere del que tienes si tus lesiones son consecuencia de un accidente de coche.  <\/span><\/p>\n[cta_interior title=&#8221;CTA Interior&#8221;]\n<h2>Por qu\u00e9 elegir a la abogada de lesiones personales de Westminster, CO, Dianne Sawaya<\/h2>\n<p><span style=\"font-weight: 400\">Cuando sufres lesiones graves tras un accidente causado por la negligencia de otro, puedes experimentar ansiedad, estr\u00e9s, frustraci\u00f3n e incluso ira. Puede que te est\u00e9s ahogando en deudas por gastos m\u00e9dicos y por tu incapacidad para trabajar. Incluso podr\u00edas quedarte con una incapacidad permanente que te impidiera trabajar durante mucho tiempo. El equipo jur\u00eddico del <a href=\"https:\/\/dlslawfirm.com\/our-team\/\">bufete de Dianne Sawaya<\/a> ofrece un nivel de compromiso pocas veces visto, ya que trabajamos duro para garantizar que recibas los tratamientos m\u00e9dicos que necesitas para curarte de tus lesiones.  <\/span><\/p>\n<p><span data-mce-type=\"bookmark\" style=\"width: 0px;overflow: hidden;line-height: 0\" class=\"mce_SELRES_start\"><\/span><\/p>\n<p><span style=\"font-weight: 400\">Despu\u00e9s de asegurarnos de que recibes los tratamientos m\u00e9dicos que necesitas, lucharemos agresivamente para que tambi\u00e9n recibas la indemnizaci\u00f3n que mereces. Aunque el dinero no arreglar\u00e1 todo, te ayudar\u00e1 a recuperarte. Si no conseguimos llegar a un acuerdo en tu nombre, no nos deber\u00e1s nada. Nuestros abogados son inteligentes, compasivos y agresivos a la hora de buscar una indemnizaci\u00f3n completa por tus lesiones. Con m\u00e1s de 200 rese\u00f1as positivas en Google, somos el bufete que cree en ti, en tu familia y en tu futuro. Ofrecemos una consulta gratuita y siempre trataremos de maximizar la indemnizaci\u00f3n que necesitas y mereces.  <\/span><\/p>\n<h2>\u00bfCu\u00e1les son otras causas habituales de demandas por lesiones personales?<\/h2>\n<p><span style=\"font-weight: 400\">Si te preguntas cu\u00e1les son los distintos tipos de demandas por lesiones personales, aqu\u00ed tienes las categor\u00edas de demandas por lesiones personales m\u00e1s frecuentes:<\/span><\/p>\n<ul>\n<li style=\"font-weight: 400\"><a href=\"https:\/\/dlslawfirm.com\/westminster-car-accident-attorney\/\"><b>Accidentes de tr\u00e1fico<\/b><\/a><span style=\"font-weight: 400\">  son, en general, la fuente m\u00e1s com\u00fan de reclamaciones por da\u00f1os personales. Cuando un conductor negligente provoca un accidente, es responsable de las lesiones resultantes. Los accidentes de tr\u00e1fico incluyen los de turismos, camiones, autobuses, motocicletas, bicicletas y peatones. Quienes conducen una motocicleta o una bicicleta, junto con los peatones, tienen muchas m\u00e1s probabilidades de sufrir lesiones graves en un accidente con un autom\u00f3vil. Sencillamente, hay poca o ninguna protecci\u00f3n para motoristas, ciclistas y peatones. Este grupo vulnerable no tiene cinturones de seguridad, ni airbags, ni una &#8220;jaula&#8221; de cristal y acero que les proteja de los da\u00f1os. <a href=\"https:\/\/dlslawfirm.com\/colorado-biker-lawyer\/\">Los motoristas<\/a> y los ciclistas pueden llevar casco, que sin duda ayuda a protegerse contra las lesiones cerebrales traum\u00e1ticas, pero por lo dem\u00e1s no tienen ninguna protecci\u00f3n.  <\/span><\/li>\n<li style=\"font-weight: 400\"><b>Accidentes en la construcci\u00f3n<\/b><span style=\"font-weight: 400\">  son otro lugar habitual donde se producen lesiones personales. Los que trabajan en la obra, junto con los que pueden estar de visita, o simplemente paseando, pueden acabar con lesiones catastr\u00f3ficas tras un accidente en una obra. Si el accidente es consecuencia de un peligro conocido o de un problema de seguridad que el capataz o el propietario de la empresa no abordaron adecuadamente, la persona lesionada podr\u00eda tener una reclamaci\u00f3n v\u00e1lida por lesiones personales.  <\/span><\/li>\n<li style=\"font-weight: 400\"><b>Negligencia m\u00e9dica  <\/b><span style=\"font-weight: 400\">Las reclamaciones se producen cuando un profesional m\u00e9dico no act\u00faa de la misma manera que lo habr\u00eda hecho otro profesional m\u00e9dico, dadas circunstancias similares y una formaci\u00f3n parecida. Uno de los motivos m\u00e1s frecuentes de demanda por negligencia m\u00e9dica es la falta de diagn\u00f3stico de una enfermedad. Otros son el retraso en el diagn\u00f3stico, los errores quir\u00fargicos, los errores de anestesia, la falta de tratamiento, las lesiones en el parto y los errores de prescripci\u00f3n de medicamentos.<\/span><\/li>\n<li style=\"font-weight: 400\"><span style=\"font-weight: 400\">Cuando una persona se lesiona en una propiedad privada o p\u00fablica, una <\/span><a href=\"https:\/\/dlslawfirm.com\/personal-injury\/slip-and-fall-injury-attorney\/\"><br \/>\n  <b>reclamaci\u00f3n por responsabilidad civil<\/b><br \/>\n<\/a><span style=\"font-weight: 400\">  puede presentarse contra el propietario del inmueble. Los propietarios tienen la obligaci\u00f3n de mantener su propiedad libre de peligros. Si la propiedad no est\u00e1 libre de peligros, y el peligro que caus\u00f3 el accidente y las lesiones deber\u00eda haberse advertido y reparado, el propietario puede ser responsable. Las reclamaciones por resbalones y ca\u00eddas son el tipo m\u00e1s com\u00fan de reclamaci\u00f3n por responsabilidad de los locales.  <\/span><\/li>\n<li style=\"font-weight: 400\"><span style=\"font-weight: 400\">En el estado de Colorado, cuando un individuo se encuentra legalmente en una propiedad p\u00fablica o privada y es atacado por un perro u otro animal, el propietario del animal es responsable. Esto es cierto incluso si el animal nunca hab\u00eda mostrado tendencias violentas hasta ese momento.  <\/span><a href=\"https:\/\/dlslawfirm.com\/personal-injury\/dog-bite-lawyer\/\"><br \/>\n  <b>Las mordeduras de perro y los ataques de animales<\/b><br \/>\n<\/a><span style=\"font-weight: 400\"> ocurren m\u00e1s a menudo de lo que crees y pueden ser especialmente devastadoras cuando un perro muerde en la cara a un ni\u00f1o peque\u00f1o. <\/span> <\/li>\n<li style=\"font-weight: 400\"><span style=\"font-weight: 400\">Un tipo especialmente desgarrador de demanda por lesiones personales se produce cuando un anciano ingresado en una residencia u otro centro de cuidados de larga duraci\u00f3n es v\u00edctima de <\/span><a href=\"https:\/\/dlslawfirm.com\/personal-injury\/nursing-home-abuse-attorney\/\"><br \/>\n  <b>maltrato o abandono de ancianos<\/b><br \/>\n<\/a><span style=\"font-weight: 400\">. Queremos creer que nuestros seres queridos ancianos est\u00e1n seguros y que se ocupan de ellos de forma amable y minuciosa. Por desgracia, no siempre es as\u00ed.  <\/span><\/li>\n<li style=\"font-weight: 400\"><span style=\"font-weight: 400\">Cuando un producto causa da\u00f1os a un consumidor, una <\/span><b>reclamaci\u00f3n de responsabilidad<\/b><span style=\"font-weight: 400\">  se pueden presentar. Los consumidores tienen derecho a esperar que los productos que compran est\u00e9n bien dise\u00f1ados y bien fabricados. Los productos tambi\u00e9n deben incluir instrucciones de uso detalladas.  <\/span><\/li>\n<\/ul>\n<h2>\u00bfEs mi lesi\u00f3n lo suficientemente grave como para presentar una demanda por lesiones personales?<\/h2>\n<p><span style=\"font-weight: 400\">Si hay lesiones, te rogamos encarecidamente que te pongas en contacto con nosotros para hablar de tu caso.  <\/span><span style=\"font-weight: 400\"> <\/span><span style=\"font-weight: 400\">Sin embargo, si tus lesiones son lo bastante graves como para que tengas gastos m\u00e9dicos importantes o est\u00e9s de baja durante un periodo de tiempo considerable, es posible que tengas una demanda v\u00e1lida por lesiones personales. Sin embargo, es importante tener en cuenta que, en algunos casos, una lesi\u00f3n aparentemente leve puede empeorar con el tiempo, por lo que puede que no te convenga resolver tu reclamaci\u00f3n r\u00e1pidamente.  <\/span><\/p>\n[cta_interior title=&#8221;CTA Interior&#8221;]\n<h2>Si la compa\u00f1\u00eda de seguros se ha ofrecido a pagar mis facturas m\u00e9dicas, \u00bfnecesito un abogado?<\/h2>\n<p><span style=\"font-weight: 400\">Como ya se ha dicho, una compa\u00f1\u00eda de seguros puede ofrecer un acuerdo r\u00e1pido y bajo. Lo hacen a prop\u00f3sito, sabiendo que tus lesiones podr\u00edan agravarse en el futuro y que ellos no se har\u00e1n cargo de ellas si ya has aceptado su oferta original. Es simplemente un hecho que la consulta temprana con un abogado experto en lesiones personales de Westminster, CO, te ayudar\u00e1 a asegurarte de obtener la m\u00e1xima indemnizaci\u00f3n permitida por la ley. Tu abogado de lesiones personales tiene un s\u00f3lido conocimiento de lo que hace falta para que te recuperes de tus lesiones por accidente.  <\/span><\/p>\n<h2>\u00bfC\u00f3mo puede ayudarte el bufete de Dianne Sawaya con tu demanda por lesiones personales en Westminster, CO?<\/h2>\n<p><span style=\"font-weight: 400\">Cuando contratas al Bufete de Dianne Sawaya, has contratado a algo m\u00e1s que a un abogado de lesiones personales. Has contratado a un equipo jur\u00eddico experto que realmente se preocupa por tu futuro. Exploraremos todas las opciones para asegurarnos de que recibes el tratamiento m\u00e9dico que necesitas y la indemnizaci\u00f3n econ\u00f3mica que mereces. Si tienes preguntas sobre el proceso de lesiones personales, Dianne Sawaya las responder\u00e1 a fondo, de forma f\u00e1cil de entender. La abogada Dianne Sawaya es una abogada de lesiones personales de Westminster, CO, compasiva, experimentada y muy respetada que trabajar\u00e1 duro en tu nombre.  <\/span><a href=\"https:\/\/dlslawfirm.com\/contact-us\/\"><br \/>\n  <span style=\"font-weight: 400\">Ponte en contacto con<\/span><br \/>\n<\/a><span style=\"font-weight: 400\"> \u00a1el Bufete de Dianne Sawaya hoy mismo! <\/span> <\/p>\n","protected":false},"excerpt":{"rendered":"<p>Abogado de Lesiones Personales en Westminster, Colorado En 2018 se produjeron 97,9 millones de visitas a urgencias por lesiones no intencionadas y 24,8 millones de visitas a consultas m\u00e9dicas por lesiones no intencionadas, seg\u00fan los CDC . Ese mismo a\u00f1o se produjeron 173.040 muertes por lesiones no intencionadas, de las cuales 39.443 se debieron a&#8230;<\/p>\n","protected":false},"author":2,"featured_media":5277,"parent":0,"menu_order":8,"comment_status":"closed","ping_status":"closed","template":"","meta":{"_acf_changed":false,"footnotes":""},"tags":[],"class_list":["post-6880","page","type-page","status-publish","has-post-thumbnail","hentry"],"acf":[],"yoast_head":"<!-- This site is optimized with the Yoast SEO plugin v27.4 - https:\/\/yoast.com\/product\/yoast-seo-wordpress\/ -->\n<title>Abogado de lesiones personales en Westminster - Law Offices of Dianne Sawaya LLC- En Espanol<\/title>\n<meta name=\"description\" content=\"Dianne Sawaya es una abogada de lesiones personales de Westminster, CO, compasiva, experimentada y muy respetada que trabajar\u00e1 duro en tu nombre.\" \/>\n<meta name=\"robots\" content=\"index, follow, max-snippet:-1, max-image-preview:large, max-video-preview:-1\" \/>\n<link rel=\"canonical\" href=\"https:\/\/dlslawfirm.com\/es\/abogado-de-lesiones-personales-en-westminster\/\" \/>\n<meta property=\"og:locale\" content=\"es_MX\" \/>\n<meta property=\"og:type\" content=\"article\" \/>\n<meta property=\"og:title\" content=\"Abogado de lesiones personales en Westminster - Law Offices of Dianne Sawaya LLC- En Espanol\" \/>\n<meta property=\"og:description\" content=\"Dianne Sawaya es una abogada de lesiones personales de Westminster, CO, compasiva, experimentada y muy respetada que trabajar\u00e1 duro en tu nombre.\" \/>\n<meta property=\"og:url\" content=\"https:\/\/dlslawfirm.com\/es\/abogado-de-lesiones-personales-en-westminster\/\" \/>\n<meta property=\"og:site_name\" content=\"Law Offices of Dianne Sawaya LLC- En Espanol\" \/>\n<meta property=\"og:image\" content=\"https:\/\/dlslawfirm.com\/es\/wp-content\/uploads\/sites\/2\/2022\/06\/westminster.jpg\" \/>\n\t<meta property=\"og:image:width\" content=\"1600\" \/>\n\t<meta property=\"og:image:height\" content=\"1200\" \/>\n\t<meta property=\"og:image:type\" content=\"image\/jpeg\" \/>\n<meta name=\"twitter:card\" content=\"summary_large_image\" \/>\n<meta name=\"twitter:label1\" content=\"Est. reading time\" \/>\n\t<meta name=\"twitter:data1\" content=\"7 minutos\" \/>\n<script type=\"application\/ld+json\" class=\"yoast-schema-graph\">{\"@context\":\"https:\\\/\\\/schema.org\",\"@graph\":[{\"@type\":\"WebPage\",\"@id\":\"https:\\\/\\\/dlslawfirm.com\\\/es\\\/abogado-de-lesiones-personales-en-westminster\\\/\",\"url\":\"https:\\\/\\\/dlslawfirm.com\\\/es\\\/abogado-de-lesiones-personales-en-westminster\\\/\",\"name\":\"Abogado de lesiones personales en Westminster - Law Offices of Dianne Sawaya LLC- En Espanol\",\"isPartOf\":{\"@id\":\"https:\\\/\\\/dlslawfirm.com\\\/es\\\/#website\"},\"primaryImageOfPage\":{\"@id\":\"https:\\\/\\\/dlslawfirm.com\\\/es\\\/abogado-de-lesiones-personales-en-westminster\\\/#primaryimage\"},\"image\":{\"@id\":\"https:\\\/\\\/dlslawfirm.com\\\/es\\\/abogado-de-lesiones-personales-en-westminster\\\/#primaryimage\"},\"thumbnailUrl\":\"https:\\\/\\\/dlslawfirm.com\\\/es\\\/wp-content\\\/uploads\\\/sites\\\/2\\\/2022\\\/06\\\/westminster.jpg\",\"datePublished\":\"2022-02-11T09:11:15+00:00\",\"description\":\"Dianne Sawaya es una abogada de lesiones personales de Westminster, CO, compasiva, experimentada y muy respetada que trabajar\u00e1 duro en tu nombre.\",\"breadcrumb\":{\"@id\":\"https:\\\/\\\/dlslawfirm.com\\\/es\\\/abogado-de-lesiones-personales-en-westminster\\\/#breadcrumb\"},\"inLanguage\":\"es\",\"potentialAction\":[{\"@type\":\"ReadAction\",\"target\":[\"https:\\\/\\\/dlslawfirm.com\\\/es\\\/abogado-de-lesiones-personales-en-westminster\\\/\"]}]},{\"@type\":\"ImageObject\",\"inLanguage\":\"es\",\"@id\":\"https:\\\/\\\/dlslawfirm.com\\\/es\\\/abogado-de-lesiones-personales-en-westminster\\\/#primaryimage\",\"url\":\"https:\\\/\\\/dlslawfirm.com\\\/es\\\/wp-content\\\/uploads\\\/sites\\\/2\\\/2022\\\/06\\\/westminster.jpg\",\"contentUrl\":\"https:\\\/\\\/dlslawfirm.com\\\/es\\\/wp-content\\\/uploads\\\/sites\\\/2\\\/2022\\\/06\\\/westminster.jpg\",\"width\":1600,\"height\":1200,\"caption\":\"View of architecture in Colorado\"},{\"@type\":\"BreadcrumbList\",\"@id\":\"https:\\\/\\\/dlslawfirm.com\\\/es\\\/abogado-de-lesiones-personales-en-westminster\\\/#breadcrumb\",\"itemListElement\":[{\"@type\":\"ListItem\",\"position\":1,\"name\":\"Home\",\"item\":\"https:\\\/\\\/dlslawfirm.com\\\/es\\\/\"},{\"@type\":\"ListItem\",\"position\":2,\"name\":\"Abogado de lesiones personales en Westminster\"}]},{\"@type\":\"WebSite\",\"@id\":\"https:\\\/\\\/dlslawfirm.com\\\/es\\\/#website\",\"url\":\"https:\\\/\\\/dlslawfirm.com\\\/es\\\/\",\"name\":\"Law Offices of Dianne Sawaya LLC- En Espanol\",\"description\":\"\",\"potentialAction\":[{\"@type\":\"SearchAction\",\"target\":{\"@type\":\"EntryPoint\",\"urlTemplate\":\"https:\\\/\\\/dlslawfirm.com\\\/es\\\/?s={search_term_string}\"},\"query-input\":{\"@type\":\"PropertyValueSpecification\",\"valueRequired\":true,\"valueName\":\"search_term_string\"}}],\"inLanguage\":\"es\"}]}<\/script>\n<!-- \/ Yoast SEO plugin. -->","yoast_head_json":{"title":"Abogado de lesiones personales en Westminster - Law Offices of Dianne Sawaya LLC- En Espanol","description":"Dianne Sawaya es una abogada de lesiones personales de Westminster, CO, compasiva, experimentada y muy respetada que trabajar\u00e1 duro en tu nombre.","robots":{"index":"index","follow":"follow","max-snippet":"max-snippet:-1","max-image-preview":"max-image-preview:large","max-video-preview":"max-video-preview:-1"},"canonical":"https:\/\/dlslawfirm.com\/es\/abogado-de-lesiones-personales-en-westminster\/","og_locale":"es_MX","og_type":"article","og_title":"Abogado de lesiones personales en Westminster - Law Offices of Dianne Sawaya LLC- En Espanol","og_description":"Dianne Sawaya es una abogada de lesiones personales de Westminster, CO, compasiva, experimentada y muy respetada que trabajar\u00e1 duro en tu nombre.","og_url":"https:\/\/dlslawfirm.com\/es\/abogado-de-lesiones-personales-en-westminster\/","og_site_name":"Law Offices of Dianne Sawaya LLC- En Espanol","og_image":[{"width":1600,"height":1200,"url":"https:\/\/dlslawfirm.com\/es\/wp-content\/uploads\/sites\/2\/2022\/06\/westminster.jpg","type":"image\/jpeg"}],"twitter_card":"summary_large_image","twitter_misc":{"Est. reading time":"7 minutos"},"schema":{"@context":"https:\/\/schema.org","@graph":[{"@type":"WebPage","@id":"https:\/\/dlslawfirm.com\/es\/abogado-de-lesiones-personales-en-westminster\/","url":"https:\/\/dlslawfirm.com\/es\/abogado-de-lesiones-personales-en-westminster\/","name":"Abogado de lesiones personales en Westminster - Law Offices of Dianne Sawaya LLC- En Espanol","isPartOf":{"@id":"https:\/\/dlslawfirm.com\/es\/#website"},"primaryImageOfPage":{"@id":"https:\/\/dlslawfirm.com\/es\/abogado-de-lesiones-personales-en-westminster\/#primaryimage"},"image":{"@id":"https:\/\/dlslawfirm.com\/es\/abogado-de-lesiones-personales-en-westminster\/#primaryimage"},"thumbnailUrl":"https:\/\/dlslawfirm.com\/es\/wp-content\/uploads\/sites\/2\/2022\/06\/westminster.jpg","datePublished":"2022-02-11T09:11:15+00:00","description":"Dianne Sawaya es una abogada de lesiones personales de Westminster, CO, compasiva, experimentada y muy respetada que trabajar\u00e1 duro en tu nombre.","breadcrumb":{"@id":"https:\/\/dlslawfirm.com\/es\/abogado-de-lesiones-personales-en-westminster\/#breadcrumb"},"inLanguage":"es","potentialAction":[{"@type":"ReadAction","target":["https:\/\/dlslawfirm.com\/es\/abogado-de-lesiones-personales-en-westminster\/"]}]},{"@type":"ImageObject","inLanguage":"es","@id":"https:\/\/dlslawfirm.com\/es\/abogado-de-lesiones-personales-en-westminster\/#primaryimage","url":"https:\/\/dlslawfirm.com\/es\/wp-content\/uploads\/sites\/2\/2022\/06\/westminster.jpg","contentUrl":"https:\/\/dlslawfirm.com\/es\/wp-content\/uploads\/sites\/2\/2022\/06\/westminster.jpg","width":1600,"height":1200,"caption":"View of architecture in Colorado"},{"@type":"BreadcrumbList","@id":"https:\/\/dlslawfirm.com\/es\/abogado-de-lesiones-personales-en-westminster\/#breadcrumb","itemListElement":[{"@type":"ListItem","position":1,"name":"Home","item":"https:\/\/dlslawfirm.com\/es\/"},{"@type":"ListItem","position":2,"name":"Abogado de lesiones personales en Westminster"}]},{"@type":"WebSite","@id":"https:\/\/dlslawfirm.com\/es\/#website","url":"https:\/\/dlslawfirm.com\/es\/","name":"Law Offices of Dianne Sawaya LLC- En Espanol","description":"","potentialAction":[{"@type":"SearchAction","target":{"@type":"EntryPoint","urlTemplate":"https:\/\/dlslawfirm.com\/es\/?s={search_term_string}"},"query-input":{"@type":"PropertyValueSpecification","valueRequired":true,"valueName":"search_term_string"}}],"inLanguage":"es"}]}},"_links":{"self":[{"href":"https:\/\/dlslawfirm.com\/es\/wp-json\/wp\/v2\/pages\/6880","targetHints":{"allow":["GET"]}}],"collection":[{"href":"https:\/\/dlslawfirm.com\/es\/wp-json\/wp\/v2\/pages"}],"about":[{"href":"https:\/\/dlslawfirm.com\/es\/wp-json\/wp\/v2\/types\/page"}],"author":[{"embeddable":true,"href":"https:\/\/dlslawfirm.com\/es\/wp-json\/wp\/v2\/users\/2"}],"replies":[{"embeddable":true,"href":"https:\/\/dlslawfirm.com\/es\/wp-json\/wp\/v2\/comments?post=6880"}],"version-history":[{"count":0,"href":"https:\/\/dlslawfirm.com\/es\/wp-json\/wp\/v2\/pages\/6880\/revisions"}],"wp:featuredmedia":[{"embeddable":true,"href":"https:\/\/dlslawfirm.com\/es\/wp-json\/wp\/v2\/media\/5277"}],"wp:attachment":[{"href":"https:\/\/dlslawfirm.com\/es\/wp-json\/wp\/v2\/media?parent=6880"}],"wp:term":[{"taxonomy":"post_tag","embeddable":true,"href":"https:\/\/dlslawfirm.com\/es\/wp-json\/wp\/v2\/tags?post=6880"}],"curies":[{"name":"wp","href":"https:\/\/api.w.org\/{rel}","templated":true}]}}