{"id":6879,"date":"2022-02-10T19:56:04","date_gmt":"2022-02-10T19:56:04","guid":{"rendered":"https:\/\/dlslawfirm.com\/oportunidades-de-empleo\/"},"modified":"2022-02-10T19:56:04","modified_gmt":"2022-02-10T19:56:04","slug":"oportunidades-de-empleo","status":"publish","type":"page","link":"https:\/\/dlslawfirm.com\/es\/oportunidades-de-empleo\/","title":{"rendered":"Oportunidades de empleo"},"content":{"rendered":"<h2>Oportunidades actuales<\/h2>\n<p>&nbsp;<\/p>\n<h3><b>Asistente jur\u00eddico  <\/b><\/h3>\n<p><span style=\"font-weight: 400\">Despacho de abogados de ritmo r\u00e1pido especializado en Lesiones Personales busca un candidato para cubrir un puesto disponible de Asistente Jur\u00eddico a tiempo completo en nuestro departamento de Litigios. Nuestro bufete adopta un enfoque pr\u00e1ctico muy personal con nuestros clientes para obtener los mejores resultados posibles para su caso. Nos esforzamos por alcanzar altos niveles de representaci\u00f3n y satisfacci\u00f3n general del cliente.<\/span><\/p>\n<p><span style=\"font-weight: 400\">Trabajamos en un verdadero ambiente de equipo mientras nos ocupamos de casos que marcan la diferencia. Se trata de una excelente oportunidad para unirte a un bufete boutique de lesiones personales y trabajar en un ambiente din\u00e1mico mientras disfrutas de las ventajas de un bufete peque\u00f1o.  <\/span><\/p>\n<p><b>Habilidades deseadas:<\/b><\/p>\n<ul>\n<li><span style=\"font-weight: 400\">  Fuerte \u00e9tica de trabajo y capacidad para aprender r\u00e1pidamente<\/span><\/li>\n<li><span style=\"font-weight: 400\">  Extraordinaria atenci\u00f3n al detalle, precisi\u00f3n en documentos urgentes y de alto perfil<\/span><\/li>\n<li><span style=\"font-weight: 400\">  Capacidad para hacer malabarismos con m\u00faltiples proyectos simult\u00e1neamente<\/span><\/li>\n<li><span style=\"font-weight: 400\">  Comprensi\u00f3n b\u00e1sica de los procedimientos legales de lesiones personales como resultado de la experiencia laboral en un bufete de abogados de lesiones personales y\/o la finalizaci\u00f3n de un programa certificado de asistente legal.<\/span><\/li>\n<li><span style=\"font-weight: 400\">  Excelentes dotes de comunicaci\u00f3n y organizaci\u00f3n.<\/span><\/li>\n<li><span style=\"font-weight: 400\">  Familiaridad con la documentaci\u00f3n, los procedimientos judiciales, la gesti\u00f3n del tiempo y la orientaci\u00f3n hacia los plazos.<\/span><\/li>\n<li><span style=\"font-weight: 400\">  Alto nivel de competencia con Word y Outlook, experiencia con Excel y PowerPoint<\/span><\/li>\n<li><span style=\"font-weight: 400\">  Excelentes habilidades interpersonales y administrativas<\/span><\/li>\n<li><span style=\"font-weight: 400\">  Debe estar automotivado y ser capaz de cumplir los plazos bajo presi\u00f3n<\/span><\/li>\n<li><span style=\"font-weight: 400\">  Debe poseer voluntad de aprender y mostrar flexibilidad en un entorno de ritmo r\u00e1pido<\/span><\/li>\n<li><span style=\"font-weight: 400\">  Debe tener capacidad para trabajar en equipo, as\u00ed como para trabajar de forma independiente<\/span><\/li>\n<\/ul>\n<h4><b>Funciones\/Descripci\u00f3n del puesto:<\/b><\/h4>\n<p><span style=\"font-weight: 400\">Apoyar al equipo de litigios, que incluye abogados litigantes y asistentes jur\u00eddicos litigantes, asegur\u00e1ndose de que los casos est\u00e1n al d\u00eda con la programaci\u00f3n de eventos, los documentos litigantes y de apoyo est\u00e1n guardados y al d\u00eda en el archivo, y el calendario est\u00e1 al d\u00eda.<\/span><\/p>\n<ul>\n<li><span style=\"font-weight: 400\">  Apoyo a 2 abogados de Litigios y 1 Paralegal de Litigios<\/span><\/li>\n<li><span style=\"font-weight: 400\">  Asistir al asistente jur\u00eddico de litigios en las tareas diarias, principalmente en la programaci\u00f3n y la presentaci\u00f3n de expedientes.<\/span><\/li>\n<li><span style=\"font-weight: 400\">  Formatear, corregir y finalizar correspondencia detallada, alegatos y otros documentos jur\u00eddicos.<\/span><\/li>\n<li><span style=\"font-weight: 400\">  Presentaci\u00f3n de documentos ante los tribunales estatales y federales<\/span><\/li>\n<li><span style=\"font-weight: 400\">  Calendarios de plazos de casos, audiencias, reuniones y otros eventos<\/span><\/li>\n<li><span style=\"font-weight: 400\">  Investigar las normas y requisitos judiciales<\/span><\/li>\n<li><span style=\"font-weight: 400\">  Organizar archivos y documentos<\/span><\/li>\n<li><span style=\"font-weight: 400\">  Proporcionar actualizaciones del estado de los casos a los clientes<\/span><\/li>\n<li><span style=\"font-weight: 400\">  Preparar cartas, memorandos, etc.<\/span><\/li>\n<li><span style=\"font-weight: 400\">  Realizar otras tareas seg\u00fan sea necesario<\/span><\/li>\n<\/ul>\n<h4><b>NOTAS ADICIONALES<\/b><\/h4>\n<ul>\n<li><span style=\"font-weight: 400\">Se valorar\u00e1 candidato biling\u00fce (ingl\u00e9s\/espa\u00f1ol)<\/span><\/li>\n<li><span style=\"font-weight: 400\">Se valorar\u00e1 el conocimiento del sistema de gesti\u00f3n de casos Needles<\/span><\/li>\n<li><span style=\"font-weight: 400\">Derecho de da\u00f1os personales: Preferiblemente 1 a\u00f1o como m\u00ednimo<\/span><\/li>\n<\/ul>\n<div>\n<p>&nbsp;<\/p>\n<\/div>\n<h3><strong>Paralegal de lesiones personales precontenciosas<\/strong><\/h3>\n<h4><strong>Descripci\u00f3n del trabajo<\/strong><\/h4>\n<p>Despacho de abogados de ritmo r\u00e1pido especializado en Da\u00f1os Personales busca un candidato para cubrir un puesto disponible de Paralegal de Da\u00f1os Personales a tiempo completo. Buscamos un candidato sobresaliente con conocimientos pr\u00e1cticos del proceso de reclamaciones, preparaci\u00f3n de demandas y conocimientos de la ley de lesiones personales en Colorado. Debe ser capaz de comunicarse claramente con los clientes, redactar cartas profesionales y aprender nuevos programas con rapidez. Se valorar\u00e1 la experiencia en agujas. \u00a1Estamos encantados de a\u00f1adir un nuevo miembro a nuestro din\u00e1mico equipo!<\/p>\n<h4><strong>Funciones \/ Responsabilidades del puesto de Paralegal:<\/strong><\/h4>\n<ul>\n<li>Crear relaciones con los clientes y guiarles a trav\u00e9s del proceso del caso<\/li>\n<li>Trabajar con los clientes y los proveedores m\u00e9dicos en relaci\u00f3n con el tratamiento m\u00e9dico<\/li>\n<li>Trabaja con abogados para elaborar cartas de demanda e investigar da\u00f1os y perjuicios<\/li>\n<li>Utilizar los archivos existentes y una variedad de otros recursos de investigaci\u00f3n para desarrollar informaci\u00f3n para casos pendientes<\/li>\n<\/ul>\n<h4><strong>Cualificaciones\/Habilidades:<\/strong><\/h4>\n<ul>\n<li>Un m\u00ednimo de tres a\u00f1os de experiencia como asistente jur\u00eddico en lesiones personales (conocimiento pr\u00e1ctico del proceso de reclamaciones, preparaci\u00f3n de demandas y legislaci\u00f3n sobre lesiones personales en Colorado).<\/li>\n<li>Excelentes dotes de comunicaci\u00f3n (dominio del ingl\u00e9s hablado y escrito)<\/li>\n<li>Excelente don de gentes: capaz de tratar con empat\u00eda a clientes heridos y asustados, manteniendo la profesionalidad. Debe ser consciente y sensible a las diferencias culturales. Debe ser capaz de trabajar en equipo.<\/li>\n<li>Habilidades de redacci\u00f3n profesional: capaz de redactar cartas profesionales sin errores gramaticales ni ortogr\u00e1ficos.<\/li>\n<li>Habilidades inform\u00e1ticas competentes: capaz de aprender nuevos programas con rapidez y precisi\u00f3n. Se valorar\u00e1 la experiencia en agujas.<\/li>\n<li>Gran capacidad de pensamiento cr\u00edtico: capaz de resolver problemas, seguir instrucciones, ser creativo, usar la discreci\u00f3n, hacer preguntas cuando sea necesario y estar orientado a los detalles.<\/li>\n<li>Se valorar\u00e1 la capacidad para hablar y escribir en espa\u00f1ol.<\/li>\n<\/ul>\n<p><em>Salario proporcional a la experiencia. Todas las consultas son estrictamente confidenciales. Las personas interesadas deben enviar por correo electr\u00f3nico un curr\u00edculum vitae, referencias profesionales y una carta de presentaci\u00f3n indicando su inter\u00e9s en este puesto y la experiencia pertinente a <a href=\"mailto:ddunhill@dlslawfirm.com\"><br \/>\n  <strong>ddunhill@dlslawfirm.com<\/strong><br \/>\n<\/a>. Una oferta de trabajo hecha a un candidato para este puesto estar\u00e1 supeditada a la realizaci\u00f3n de una comprobaci\u00f3n de antecedentes apropiada.<\/em><\/p>\n<p>&nbsp;<\/p>\n<h3>Paralegal Junior de Litigios por Lesiones Personales<\/h3>\n<p><strong>Descripci\u00f3n del trabajo<\/strong><\/p>\n<p>Firma boutique de lesiones personales de ritmo r\u00e1pido busca actualmente un Paralegal Junior de Litigios para trabajar con nuestro equipo de Litigios. En este puesto, ser\u00e1s responsable de asistir proactivamente a los abogados y compa\u00f1eros de trabajo durante todo el proceso de litigio, incluida la preparaci\u00f3n del juicio y el acuerdo final. Tus funciones incluir\u00e1n, entre otras, la producci\u00f3n de documentos, la organizaci\u00f3n e indexaci\u00f3n de documentos y la asistencia durante las declaraciones y los juicios.<\/p>\n<p><strong>Responsabilidades  <\/strong><\/p>\n<ul>\n<li>Mantener y gestionar el calendario de litigios, programando deposiciones, mediaciones, juicios y todos los plazos judiciales.<\/li>\n<li>Llevar a cabo la investigaci\u00f3n previa a la demanda, la investigaci\u00f3n jur\u00eddica y las evaluaciones iniciales del caso.<\/li>\n<li>Asistir a los abogados en la preparaci\u00f3n de documentos jur\u00eddicos como alegatos, mociones, documentos de apelaci\u00f3n, declaraciones de expertos, denuncias, solicitudes de presentaci\u00f3n de pruebas y correspondencia.<\/li>\n<li>Presentar documentos electr\u00f3nicamente ante el tribunal<\/li>\n<li>Mantener el expediente del caso, incluida la indexaci\u00f3n de historiales m\u00e9dicos, la preparaci\u00f3n de registros de privilegios, el mantenimiento de alegatos e \u00edndices de descubrimiento y el seguimiento de asuntos pendientes.<\/li>\n<li>Organizar pruebas, documentos, pruebas, escritos y ap\u00e9ndices y prepararlo todo para el juicio<\/li>\n<li>Reunir informaci\u00f3n relevante de diversas fuentes<\/li>\n<li>Servir de enlace entre el cliente, los equipos de ensayo y terceros internos\/externos<\/li>\n<li>Ayuda con el Voir Dire, la selecci\u00f3n del jurado y la preparaci\u00f3n de los testigos<\/li>\n<li>Prep\u00e1rate para la liquidaci\u00f3n reuniendo registros y solicitando reducciones a los proveedores<\/li>\n<li>Colaborar con los compa\u00f1eros de trabajo y otros departamentos, incluida la formaci\u00f3n y el apoyo necesarios<\/li>\n<\/ul>\n<p><em><u>**Esta no es una lista exhaustiva de responsabilidades y puede estar sujeta a cambios en cualquier momento. **<\/u><\/em><\/p>\n<p><strong>Requisitos<\/strong><\/p>\n<ul>\n<li>1-2 a\u00f1os de experiencia en litigios por lesiones personales<\/li>\n<li>Aut\u00f3nomo y con ganas de aprender<\/li>\n<li>Excelentes dotes de organizaci\u00f3n, comunicaci\u00f3n, redacci\u00f3n e investigaci\u00f3n, junto con una gran atenci\u00f3n al detalle<\/li>\n<li>Experiencia en preparaci\u00f3n de juicios y mediaciones<\/li>\n<li>Conocimiento de los estatutos, normas y procedimientos estatales y federales de Colorado<\/li>\n<li>Se prefiere el conocimiento aplicable de mociones, descubrimiento, pruebas y documentaci\u00f3n de litigios<\/li>\n<li>Altamente organizado con capacidad para gestionar m\u00faltiples plazos en un entorno de ritmo r\u00e1pido<\/li>\n<li>Habilidades inform\u00e1ticas competentes: capaz de aprender nuevos programas y plataformas legales con rapidez y precisi\u00f3n.<\/li>\n<li>Estudios: Bachillerato o equivalente<\/li>\n<li>Preferiblemente certificado paralegal<\/li>\n<li>Preferiblemente de habla hispana<\/li>\n<\/ul>\n<p><strong>Tipo de trabajo: Jornada completa en oficina<\/strong><\/p>\n<p>Salario: $40.000,00 &#8211; $75.000,00 al a\u00f1o<\/p>\n<p><em>Salario proporcional a la experiencia. Todas las consultas son estrictamente confidenciales. Los interesados deben enviar por correo electr\u00f3nico un curr\u00edculum vitae, referencias profesionales y una carta de presentaci\u00f3n en la que expongan su inter\u00e9s por este puesto y la experiencia pertinente.  <\/em><u>Se requiere comprobaci\u00f3n de antecedentes.<\/u><\/p>\n<p>Los beneficios incluyen: 401(k), Seguro m\u00e9dico, Tiempo libre retribuido, Vacaciones retribuidas, Viernes temprano<\/p>\n","protected":false},"excerpt":{"rendered":"<p>Oportunidades actuales &nbsp; Asistente jur\u00eddico Despacho de abogados de ritmo r\u00e1pido especializado en Lesiones Personales busca un candidato para cubrir un puesto disponible de Asistente Jur\u00eddico a tiempo completo en nuestro departamento de Litigios. Nuestro bufete adopta un enfoque pr\u00e1ctico muy personal con nuestros clientes para obtener los mejores resultados posibles para su caso. Nos&#8230;<\/p>\n","protected":false},"author":2,"featured_media":7295,"parent":0,"menu_order":14,"comment_status":"closed","ping_status":"closed","template":"","meta":{"_acf_changed":false,"footnotes":""},"tags":[],"class_list":["post-6879","page","type-page","status-publish","has-post-thumbnail","hentry"],"acf":[],"yoast_head":"<!-- This site is optimized with the Yoast SEO plugin v27.4 - https:\/\/yoast.com\/product\/yoast-seo-wordpress\/ -->\n<title>Oportunidades de trabajo | El bufete de Dianne Sawaya | Denver, Colorado<\/title>\n<meta name=\"description\" content=\"El Bufete de Dianne Sawaya busca personas con talento, experiencia y consideraci\u00f3n para unirse a nuestro bufete. Echa un vistazo a nuestras descripciones de puestos vacantes y presenta tu candidatura hoy mismo.\" \/>\n<meta name=\"robots\" content=\"index, follow, max-snippet:-1, max-image-preview:large, max-video-preview:-1\" \/>\n<link rel=\"canonical\" href=\"https:\/\/dlslawfirm.com\/es\/oportunidades-de-empleo\/\" \/>\n<meta property=\"og:locale\" content=\"es_MX\" \/>\n<meta property=\"og:type\" content=\"article\" \/>\n<meta property=\"og:title\" content=\"Oportunidades de trabajo | El bufete de Dianne Sawaya | Denver, Colorado\" \/>\n<meta property=\"og:description\" content=\"El Bufete de Dianne Sawaya busca personas con talento, experiencia y consideraci\u00f3n para unirse a nuestro bufete. Echa un vistazo a nuestras descripciones de puestos vacantes y presenta tu candidatura hoy mismo.\" \/>\n<meta property=\"og:url\" content=\"https:\/\/dlslawfirm.com\/es\/oportunidades-de-empleo\/\" \/>\n<meta property=\"og:site_name\" content=\"Law Offices of Dianne Sawaya LLC- En Espanol\" \/>\n<meta property=\"og:image\" content=\"https:\/\/dlslawfirm.com\/es\/wp-content\/uploads\/sites\/2\/2022\/06\/job-opportunities.jpg\" \/>\n\t<meta property=\"og:image:width\" content=\"1600\" \/>\n\t<meta property=\"og:image:height\" content=\"1021\" \/>\n\t<meta property=\"og:image:type\" content=\"image\/jpeg\" \/>\n<meta name=\"twitter:card\" content=\"summary_large_image\" \/>\n<meta name=\"twitter:label1\" content=\"Est. reading time\" \/>\n\t<meta name=\"twitter:data1\" content=\"7 minutos\" \/>\n<script type=\"application\/ld+json\" class=\"yoast-schema-graph\">{\"@context\":\"https:\\\/\\\/schema.org\",\"@graph\":[{\"@type\":\"WebPage\",\"@id\":\"https:\\\/\\\/dlslawfirm.com\\\/es\\\/oportunidades-de-empleo\\\/\",\"url\":\"https:\\\/\\\/dlslawfirm.com\\\/es\\\/oportunidades-de-empleo\\\/\",\"name\":\"Oportunidades de trabajo | El bufete de Dianne Sawaya | Denver, Colorado\",\"isPartOf\":{\"@id\":\"https:\\\/\\\/dlslawfirm.com\\\/es\\\/#website\"},\"primaryImageOfPage\":{\"@id\":\"https:\\\/\\\/dlslawfirm.com\\\/es\\\/oportunidades-de-empleo\\\/#primaryimage\"},\"image\":{\"@id\":\"https:\\\/\\\/dlslawfirm.com\\\/es\\\/oportunidades-de-empleo\\\/#primaryimage\"},\"thumbnailUrl\":\"https:\\\/\\\/dlslawfirm.com\\\/es\\\/wp-content\\\/uploads\\\/sites\\\/2\\\/2022\\\/06\\\/job-opportunities.jpg\",\"datePublished\":\"2022-02-10T19:56:04+00:00\",\"description\":\"El Bufete de Dianne Sawaya busca personas con talento, experiencia y consideraci\u00f3n para unirse a nuestro bufete. Echa un vistazo a nuestras descripciones de puestos vacantes y presenta tu candidatura hoy mismo.\",\"breadcrumb\":{\"@id\":\"https:\\\/\\\/dlslawfirm.com\\\/es\\\/oportunidades-de-empleo\\\/#breadcrumb\"},\"inLanguage\":\"es\",\"potentialAction\":[{\"@type\":\"ReadAction\",\"target\":[\"https:\\\/\\\/dlslawfirm.com\\\/es\\\/oportunidades-de-empleo\\\/\"]}]},{\"@type\":\"ImageObject\",\"inLanguage\":\"es\",\"@id\":\"https:\\\/\\\/dlslawfirm.com\\\/es\\\/oportunidades-de-empleo\\\/#primaryimage\",\"url\":\"https:\\\/\\\/dlslawfirm.com\\\/es\\\/wp-content\\\/uploads\\\/sites\\\/2\\\/2022\\\/06\\\/job-opportunities.jpg\",\"contentUrl\":\"https:\\\/\\\/dlslawfirm.com\\\/es\\\/wp-content\\\/uploads\\\/sites\\\/2\\\/2022\\\/06\\\/job-opportunities.jpg\",\"width\":1600,\"height\":1021,\"caption\":\"Man carrying newspaper and briefcase\"},{\"@type\":\"BreadcrumbList\",\"@id\":\"https:\\\/\\\/dlslawfirm.com\\\/es\\\/oportunidades-de-empleo\\\/#breadcrumb\",\"itemListElement\":[{\"@type\":\"ListItem\",\"position\":1,\"name\":\"Home\",\"item\":\"https:\\\/\\\/dlslawfirm.com\\\/es\\\/\"},{\"@type\":\"ListItem\",\"position\":2,\"name\":\"Oportunidades de empleo\"}]},{\"@type\":\"WebSite\",\"@id\":\"https:\\\/\\\/dlslawfirm.com\\\/es\\\/#website\",\"url\":\"https:\\\/\\\/dlslawfirm.com\\\/es\\\/\",\"name\":\"Law Offices of Dianne Sawaya LLC- En Espanol\",\"description\":\"\",\"potentialAction\":[{\"@type\":\"SearchAction\",\"target\":{\"@type\":\"EntryPoint\",\"urlTemplate\":\"https:\\\/\\\/dlslawfirm.com\\\/es\\\/?s={search_term_string}\"},\"query-input\":{\"@type\":\"PropertyValueSpecification\",\"valueRequired\":true,\"valueName\":\"search_term_string\"}}],\"inLanguage\":\"es\"}]}<\/script>\n<!-- \/ Yoast SEO plugin. -->","yoast_head_json":{"title":"Oportunidades de trabajo | El bufete de Dianne Sawaya | Denver, Colorado","description":"El Bufete de Dianne Sawaya busca personas con talento, experiencia y consideraci\u00f3n para unirse a nuestro bufete. Echa un vistazo a nuestras descripciones de puestos vacantes y presenta tu candidatura hoy mismo.","robots":{"index":"index","follow":"follow","max-snippet":"max-snippet:-1","max-image-preview":"max-image-preview:large","max-video-preview":"max-video-preview:-1"},"canonical":"https:\/\/dlslawfirm.com\/es\/oportunidades-de-empleo\/","og_locale":"es_MX","og_type":"article","og_title":"Oportunidades de trabajo | El bufete de Dianne Sawaya | Denver, Colorado","og_description":"El Bufete de Dianne Sawaya busca personas con talento, experiencia y consideraci\u00f3n para unirse a nuestro bufete. Echa un vistazo a nuestras descripciones de puestos vacantes y presenta tu candidatura hoy mismo.","og_url":"https:\/\/dlslawfirm.com\/es\/oportunidades-de-empleo\/","og_site_name":"Law Offices of Dianne Sawaya LLC- En Espanol","og_image":[{"width":1600,"height":1021,"url":"https:\/\/dlslawfirm.com\/es\/wp-content\/uploads\/sites\/2\/2022\/06\/job-opportunities.jpg","type":"image\/jpeg"}],"twitter_card":"summary_large_image","twitter_misc":{"Est. reading time":"7 minutos"},"schema":{"@context":"https:\/\/schema.org","@graph":[{"@type":"WebPage","@id":"https:\/\/dlslawfirm.com\/es\/oportunidades-de-empleo\/","url":"https:\/\/dlslawfirm.com\/es\/oportunidades-de-empleo\/","name":"Oportunidades de trabajo | El bufete de Dianne Sawaya | Denver, Colorado","isPartOf":{"@id":"https:\/\/dlslawfirm.com\/es\/#website"},"primaryImageOfPage":{"@id":"https:\/\/dlslawfirm.com\/es\/oportunidades-de-empleo\/#primaryimage"},"image":{"@id":"https:\/\/dlslawfirm.com\/es\/oportunidades-de-empleo\/#primaryimage"},"thumbnailUrl":"https:\/\/dlslawfirm.com\/es\/wp-content\/uploads\/sites\/2\/2022\/06\/job-opportunities.jpg","datePublished":"2022-02-10T19:56:04+00:00","description":"El Bufete de Dianne Sawaya busca personas con talento, experiencia y consideraci\u00f3n para unirse a nuestro bufete. Echa un vistazo a nuestras descripciones de puestos vacantes y presenta tu candidatura hoy mismo.","breadcrumb":{"@id":"https:\/\/dlslawfirm.com\/es\/oportunidades-de-empleo\/#breadcrumb"},"inLanguage":"es","potentialAction":[{"@type":"ReadAction","target":["https:\/\/dlslawfirm.com\/es\/oportunidades-de-empleo\/"]}]},{"@type":"ImageObject","inLanguage":"es","@id":"https:\/\/dlslawfirm.com\/es\/oportunidades-de-empleo\/#primaryimage","url":"https:\/\/dlslawfirm.com\/es\/wp-content\/uploads\/sites\/2\/2022\/06\/job-opportunities.jpg","contentUrl":"https:\/\/dlslawfirm.com\/es\/wp-content\/uploads\/sites\/2\/2022\/06\/job-opportunities.jpg","width":1600,"height":1021,"caption":"Man carrying newspaper and briefcase"},{"@type":"BreadcrumbList","@id":"https:\/\/dlslawfirm.com\/es\/oportunidades-de-empleo\/#breadcrumb","itemListElement":[{"@type":"ListItem","position":1,"name":"Home","item":"https:\/\/dlslawfirm.com\/es\/"},{"@type":"ListItem","position":2,"name":"Oportunidades de empleo"}]},{"@type":"WebSite","@id":"https:\/\/dlslawfirm.com\/es\/#website","url":"https:\/\/dlslawfirm.com\/es\/","name":"Law Offices of Dianne Sawaya LLC- En Espanol","description":"","potentialAction":[{"@type":"SearchAction","target":{"@type":"EntryPoint","urlTemplate":"https:\/\/dlslawfirm.com\/es\/?s={search_term_string}"},"query-input":{"@type":"PropertyValueSpecification","valueRequired":true,"valueName":"search_term_string"}}],"inLanguage":"es"}]}},"_links":{"self":[{"href":"https:\/\/dlslawfirm.com\/es\/wp-json\/wp\/v2\/pages\/6879","targetHints":{"allow":["GET"]}}],"collection":[{"href":"https:\/\/dlslawfirm.com\/es\/wp-json\/wp\/v2\/pages"}],"about":[{"href":"https:\/\/dlslawfirm.com\/es\/wp-json\/wp\/v2\/types\/page"}],"author":[{"embeddable":true,"href":"https:\/\/dlslawfirm.com\/es\/wp-json\/wp\/v2\/users\/2"}],"replies":[{"embeddable":true,"href":"https:\/\/dlslawfirm.com\/es\/wp-json\/wp\/v2\/comments?post=6879"}],"version-history":[{"count":0,"href":"https:\/\/dlslawfirm.com\/es\/wp-json\/wp\/v2\/pages\/6879\/revisions"}],"wp:featuredmedia":[{"embeddable":true,"href":"https:\/\/dlslawfirm.com\/es\/wp-json\/wp\/v2\/media\/7295"}],"wp:attachment":[{"href":"https:\/\/dlslawfirm.com\/es\/wp-json\/wp\/v2\/media?parent=6879"}],"wp:term":[{"taxonomy":"post_tag","embeddable":true,"href":"https:\/\/dlslawfirm.com\/es\/wp-json\/wp\/v2\/tags?post=6879"}],"curies":[{"name":"wp","href":"https:\/\/api.w.org\/{rel}","templated":true}]}}