{"id":6878,"date":"2020-03-06T13:43:30","date_gmt":"2020-03-06T13:43:30","guid":{"rendered":"https:\/\/dlslawfirm.com\/celebramos-nuestro-15o-aniversario\/"},"modified":"2020-03-06T13:43:30","modified_gmt":"2020-03-06T13:43:30","slug":"celebramos-nuestro-15o-aniversario","status":"publish","type":"page","link":"https:\/\/dlslawfirm.com\/es\/celebramos-nuestro-15o-aniversario\/","title":{"rendered":"Celebramos nuestro 15\u00ba aniversario"},"content":{"rendered":"<p><strong><img loading=\"lazy\" decoding=\"async\" class=\"alignright size-medium wp-image-4037\" src=\"https:\/\/dlslawfirm.com\/es\/wp-content\/uploads\/sites\/2\/2019\/04\/5D3_0803-300x252.jpg\" alt=\"\" width=\"300\" height=\"252\">Informaci\u00f3n de contacto:<\/strong><br \/>\nDianne L. Sawaya<br \/>\nDespacho Jur\u00eddico de Dianne Sawaya, LLC<br \/>\n4500 Cherry Creek Drive Sur, Suite 1030<br \/>\nDenver, Colorado 80246<br \/>\n<strong>Tel\u00e9fono:<\/strong> (303) 758-4777<br \/>\n<strong>Correo electr\u00f3nico<\/strong>: <a href=\"mailto:DLS@dlslawfirm.com\">DLS@dlslawfirm.com<\/a><br \/>\n<strong>P\u00e1gina web<\/strong>: <a href=\"http:\/\/www.dlslawfirm.com\">www.dlslawfirm.com<\/a><\/p>\n<p><strong>Para publicaci\u00f3n inmediata<\/strong><strong> <\/strong><\/p>\n<h2><strong>El bufete de Dianne Sawaya, LLC, anuncia su<sup>15\u00ba<\/sup> aniversario<\/strong><\/h2>\n<p><img loading=\"lazy\" decoding=\"async\" class=\"alignnone size-large wp-image-4291\" src=\"https:\/\/dlslawfirm.com\/es\/wp-content\/uploads\/sites\/2\/2020\/04\/DLS_15years_SocialMediaPosts-1024x538.jpg\" alt=\"\" width=\"1024\" height=\"538\"><\/p>\n[<strong>Denver, Colorado <\/strong>] Las Oficinas Legales de Dianne Sawaya, LLC, se enorgullecen de anunciar su<sup>15\u00ba<\/sup> Aniversario. Dianne Sawaya abri\u00f3 las puertas de su consulta boutique de Denver, Colorado, el 1 de abril de 2005. Tom\u00f3 la decisi\u00f3n de llevar la atenci\u00f3n al cliente al siguiente nivel y construy\u00f3 un prestigioso bufete de abogados desde cero, empezando a operar desde su casa con s\u00f3lo un asistente jur\u00eddico en plantilla.<\/p>\n<p>Dianne sent\u00eda pasi\u00f3n por ayudar a los dem\u00e1s desde que era una ni\u00f1a y ve\u00eda a su propio padre abogar por sus clientes en su taller de reparaci\u00f3n de camiones. Vio a su padre ir mucho m\u00e1s all\u00e1 de las reparaciones, luchando con las compa\u00f1\u00edas de seguros para que aprobaran las reparaciones necesarias para que sus clientes camioneros pudieran volver al trabajo. Su bufete ha crecido significativamente en los \u00faltimos 15 a\u00f1os, contando ahora con 25 empleados y miles de clientes a lo largo de los a\u00f1os.<\/p>\n<p>Dianne Sawaya naci\u00f3 y creci\u00f3 en Denver, Colorado, y se siente honrada de continuar su compromiso con la comunidad ejerciendo en su ciudad natal. Su idea era crear un bufete que se preocupara de verdad por cada cliente, ayud\u00e1ndole a recuperarse tras un accidente traum\u00e1tico, poni\u00e9ndole en contacto con los profesionales m\u00e9dicos adecuados y obteniendo la m\u00e1xima resoluci\u00f3n econ\u00f3mica para su reclamaci\u00f3n. Los estudios universitarios de pre-medicina de Dianne le ayudan a comprender plenamente los numerosos problemas a los que se enfrentan los clientes por lesiones personales. Sus exitosas habilidades jur\u00eddicas han creado un s\u00e9quito de clientes, m\u00e9dicos y defensores de su bufete.<\/p>\n<p>La capacidad de la abogada Dianne Sawaya para conseguir resultados hizo que le ofrecieran ser miembro del muy exclusivo Foro nacional de Abogados Multimillonarios. Ha negociado con \u00e9xito casi mil millones de d\u00f3lares en acuerdos para sus clientes.<\/p>\n<p>Su compromiso de ofrecer una atenci\u00f3n personalizada, junto con servicios adaptados al cliente, la ha convertido en la abogada de lesiones personales m\u00e1s destacada de Denver. Todos en el Bufete de Dianne Sawaya estamos encantados de celebrar este hito de 15 a\u00f1os con &#8220;15 d\u00edas de dar&#8221; a algunas de nuestras organizaciones ben\u00e9ficas locales favoritas. Algunos de los regalos previstos son<\/p>\n<ul>\n<li>15 bolsas llenas de art\u00edculos de aseo y personales para ni\u00f1os de acogida en CASA de Colorado<\/li>\n<li>15 Comidas para personas mayores a trav\u00e9s de Volunteers of America Colorado Meals-On-Wheels Metro Denver<\/li>\n<li>15 abrigos para los sin techo a trav\u00e9s de la Misi\u00f3n de Rescate de Denver<\/li>\n<li>15 sacos de dormir para los sin techo a trav\u00e9s de la Misi\u00f3n de Rescate de Denver<\/li>\n<li>15 Tarjetas de gasolina de 15,00 $ para miembros veteranos del Proyecto de Ayuda a los Motociclistas<\/li>\n<\/ul>\n<p><a class=\"button\" href=\"https:\/\/dlslawfirm.com\/15-days-of-giving\/\">M\u00e1s informaci\u00f3n sobre los &#8220;15 d\u00edas de dar&#8221;<\/a><\/p>\n","protected":false},"excerpt":{"rendered":"<p>Informaci\u00f3n de contacto: Dianne L. Sawaya Despacho Jur\u00eddico de Dianne Sawaya, LLC 4500 Cherry Creek Drive Sur, Suite 1030 Denver, Colorado 80246 Tel\u00e9fono: (303) 758-4777 Correo electr\u00f3nico: DLS@dlslawfirm.com P\u00e1gina web: www.dlslawfirm.com Para publicaci\u00f3n inmediata El bufete de Dianne Sawaya, LLC, anuncia su15\u00ba aniversario [Denver, Colorado ] Las Oficinas Legales de Dianne Sawaya, LLC, se enorgullecen&#8230;<\/p>\n","protected":false},"author":2,"featured_media":0,"parent":0,"menu_order":22,"comment_status":"closed","ping_status":"closed","template":"","meta":{"_acf_changed":false,"footnotes":""},"tags":[],"class_list":["post-6878","page","type-page","status-publish","hentry"],"acf":[],"yoast_head":"<!-- This site is optimized with the Yoast SEO plugin v27.4 - https:\/\/yoast.com\/product\/yoast-seo-wordpress\/ -->\n<title>Celebramos nuestro 15\u00ba aniversario - Law Offices of Dianne Sawaya LLC- En Espanol<\/title>\n<meta name=\"robots\" content=\"index, follow, max-snippet:-1, max-image-preview:large, max-video-preview:-1\" \/>\n<link rel=\"canonical\" href=\"https:\/\/dlslawfirm.com\/es\/celebramos-nuestro-15o-aniversario\/\" \/>\n<meta property=\"og:locale\" content=\"es_MX\" \/>\n<meta property=\"og:type\" content=\"article\" \/>\n<meta property=\"og:title\" content=\"Celebramos nuestro 15\u00ba aniversario - Law Offices of Dianne Sawaya LLC- En Espanol\" \/>\n<meta property=\"og:description\" content=\"Informaci\u00f3n de contacto: Dianne L. Sawaya Despacho Jur\u00eddico de Dianne Sawaya, LLC 4500 Cherry Creek Drive Sur, Suite 1030 Denver, Colorado 80246 Tel\u00e9fono: (303) 758-4777 Correo electr\u00f3nico: DLS@dlslawfirm.com P\u00e1gina web: www.dlslawfirm.com Para publicaci\u00f3n inmediata El bufete de Dianne Sawaya, LLC, anuncia su15\u00ba aniversario [Denver, Colorado ] Las Oficinas Legales de Dianne Sawaya, LLC, se enorgullecen...\" \/>\n<meta property=\"og:url\" content=\"https:\/\/dlslawfirm.com\/es\/celebramos-nuestro-15o-aniversario\/\" \/>\n<meta property=\"og:site_name\" content=\"Law Offices of Dianne Sawaya LLC- En Espanol\" \/>\n<meta property=\"og:image\" content=\"https:\/\/dlslawfirm.com\/es\/wp-content\/uploads\/sites\/2\/2019\/04\/5D3_0803-300x252.jpg\" \/>\n<meta name=\"twitter:card\" content=\"summary_large_image\" \/>\n<meta name=\"twitter:label1\" content=\"Est. reading time\" \/>\n\t<meta name=\"twitter:data1\" content=\"3 minutos\" \/>\n<script type=\"application\/ld+json\" class=\"yoast-schema-graph\">{\"@context\":\"https:\\\/\\\/schema.org\",\"@graph\":[{\"@type\":\"WebPage\",\"@id\":\"https:\\\/\\\/dlslawfirm.com\\\/es\\\/celebramos-nuestro-15o-aniversario\\\/\",\"url\":\"https:\\\/\\\/dlslawfirm.com\\\/es\\\/celebramos-nuestro-15o-aniversario\\\/\",\"name\":\"Celebramos nuestro 15\u00ba aniversario - Law Offices of Dianne Sawaya LLC- En Espanol\",\"isPartOf\":{\"@id\":\"https:\\\/\\\/dlslawfirm.com\\\/es\\\/#website\"},\"primaryImageOfPage\":{\"@id\":\"https:\\\/\\\/dlslawfirm.com\\\/es\\\/celebramos-nuestro-15o-aniversario\\\/#primaryimage\"},\"image\":{\"@id\":\"https:\\\/\\\/dlslawfirm.com\\\/es\\\/celebramos-nuestro-15o-aniversario\\\/#primaryimage\"},\"thumbnailUrl\":\"https:\\\/\\\/dlslawfirm.com\\\/es\\\/wp-content\\\/uploads\\\/sites\\\/2\\\/2019\\\/04\\\/5D3_0803-300x252.jpg\",\"datePublished\":\"2020-03-06T13:43:30+00:00\",\"breadcrumb\":{\"@id\":\"https:\\\/\\\/dlslawfirm.com\\\/es\\\/celebramos-nuestro-15o-aniversario\\\/#breadcrumb\"},\"inLanguage\":\"es\",\"potentialAction\":[{\"@type\":\"ReadAction\",\"target\":[\"https:\\\/\\\/dlslawfirm.com\\\/es\\\/celebramos-nuestro-15o-aniversario\\\/\"]}]},{\"@type\":\"ImageObject\",\"inLanguage\":\"es\",\"@id\":\"https:\\\/\\\/dlslawfirm.com\\\/es\\\/celebramos-nuestro-15o-aniversario\\\/#primaryimage\",\"url\":\"https:\\\/\\\/dlslawfirm.com\\\/es\\\/wp-content\\\/uploads\\\/sites\\\/2\\\/2019\\\/04\\\/5D3_0803.jpg\",\"contentUrl\":\"https:\\\/\\\/dlslawfirm.com\\\/es\\\/wp-content\\\/uploads\\\/sites\\\/2\\\/2019\\\/04\\\/5D3_0803.jpg\",\"width\":934,\"height\":786,\"caption\":\"Dianne Sawaya\"},{\"@type\":\"BreadcrumbList\",\"@id\":\"https:\\\/\\\/dlslawfirm.com\\\/es\\\/celebramos-nuestro-15o-aniversario\\\/#breadcrumb\",\"itemListElement\":[{\"@type\":\"ListItem\",\"position\":1,\"name\":\"Home\",\"item\":\"https:\\\/\\\/dlslawfirm.com\\\/es\\\/\"},{\"@type\":\"ListItem\",\"position\":2,\"name\":\"Celebramos nuestro 15\u00ba aniversario\"}]},{\"@type\":\"WebSite\",\"@id\":\"https:\\\/\\\/dlslawfirm.com\\\/es\\\/#website\",\"url\":\"https:\\\/\\\/dlslawfirm.com\\\/es\\\/\",\"name\":\"Law Offices of Dianne Sawaya LLC- En Espanol\",\"description\":\"\",\"potentialAction\":[{\"@type\":\"SearchAction\",\"target\":{\"@type\":\"EntryPoint\",\"urlTemplate\":\"https:\\\/\\\/dlslawfirm.com\\\/es\\\/?s={search_term_string}\"},\"query-input\":{\"@type\":\"PropertyValueSpecification\",\"valueRequired\":true,\"valueName\":\"search_term_string\"}}],\"inLanguage\":\"es\"}]}<\/script>\n<!-- \/ Yoast SEO plugin. -->","yoast_head_json":{"title":"Celebramos nuestro 15\u00ba aniversario - Law Offices of Dianne Sawaya LLC- En Espanol","robots":{"index":"index","follow":"follow","max-snippet":"max-snippet:-1","max-image-preview":"max-image-preview:large","max-video-preview":"max-video-preview:-1"},"canonical":"https:\/\/dlslawfirm.com\/es\/celebramos-nuestro-15o-aniversario\/","og_locale":"es_MX","og_type":"article","og_title":"Celebramos nuestro 15\u00ba aniversario - Law Offices of Dianne Sawaya LLC- En Espanol","og_description":"Informaci\u00f3n de contacto: Dianne L. Sawaya Despacho Jur\u00eddico de Dianne Sawaya, LLC 4500 Cherry Creek Drive Sur, Suite 1030 Denver, Colorado 80246 Tel\u00e9fono: (303) 758-4777 Correo electr\u00f3nico: DLS@dlslawfirm.com P\u00e1gina web: www.dlslawfirm.com Para publicaci\u00f3n inmediata El bufete de Dianne Sawaya, LLC, anuncia su15\u00ba aniversario [Denver, Colorado ] Las Oficinas Legales de Dianne Sawaya, LLC, se enorgullecen...","og_url":"https:\/\/dlslawfirm.com\/es\/celebramos-nuestro-15o-aniversario\/","og_site_name":"Law Offices of Dianne Sawaya LLC- En Espanol","og_image":[{"url":"https:\/\/dlslawfirm.com\/es\/wp-content\/uploads\/sites\/2\/2019\/04\/5D3_0803-300x252.jpg","type":"","width":"","height":""}],"twitter_card":"summary_large_image","twitter_misc":{"Est. reading time":"3 minutos"},"schema":{"@context":"https:\/\/schema.org","@graph":[{"@type":"WebPage","@id":"https:\/\/dlslawfirm.com\/es\/celebramos-nuestro-15o-aniversario\/","url":"https:\/\/dlslawfirm.com\/es\/celebramos-nuestro-15o-aniversario\/","name":"Celebramos nuestro 15\u00ba aniversario - Law Offices of Dianne Sawaya LLC- En Espanol","isPartOf":{"@id":"https:\/\/dlslawfirm.com\/es\/#website"},"primaryImageOfPage":{"@id":"https:\/\/dlslawfirm.com\/es\/celebramos-nuestro-15o-aniversario\/#primaryimage"},"image":{"@id":"https:\/\/dlslawfirm.com\/es\/celebramos-nuestro-15o-aniversario\/#primaryimage"},"thumbnailUrl":"https:\/\/dlslawfirm.com\/es\/wp-content\/uploads\/sites\/2\/2019\/04\/5D3_0803-300x252.jpg","datePublished":"2020-03-06T13:43:30+00:00","breadcrumb":{"@id":"https:\/\/dlslawfirm.com\/es\/celebramos-nuestro-15o-aniversario\/#breadcrumb"},"inLanguage":"es","potentialAction":[{"@type":"ReadAction","target":["https:\/\/dlslawfirm.com\/es\/celebramos-nuestro-15o-aniversario\/"]}]},{"@type":"ImageObject","inLanguage":"es","@id":"https:\/\/dlslawfirm.com\/es\/celebramos-nuestro-15o-aniversario\/#primaryimage","url":"https:\/\/dlslawfirm.com\/es\/wp-content\/uploads\/sites\/2\/2019\/04\/5D3_0803.jpg","contentUrl":"https:\/\/dlslawfirm.com\/es\/wp-content\/uploads\/sites\/2\/2019\/04\/5D3_0803.jpg","width":934,"height":786,"caption":"Dianne Sawaya"},{"@type":"BreadcrumbList","@id":"https:\/\/dlslawfirm.com\/es\/celebramos-nuestro-15o-aniversario\/#breadcrumb","itemListElement":[{"@type":"ListItem","position":1,"name":"Home","item":"https:\/\/dlslawfirm.com\/es\/"},{"@type":"ListItem","position":2,"name":"Celebramos nuestro 15\u00ba aniversario"}]},{"@type":"WebSite","@id":"https:\/\/dlslawfirm.com\/es\/#website","url":"https:\/\/dlslawfirm.com\/es\/","name":"Law Offices of Dianne Sawaya LLC- En Espanol","description":"","potentialAction":[{"@type":"SearchAction","target":{"@type":"EntryPoint","urlTemplate":"https:\/\/dlslawfirm.com\/es\/?s={search_term_string}"},"query-input":{"@type":"PropertyValueSpecification","valueRequired":true,"valueName":"search_term_string"}}],"inLanguage":"es"}]}},"_links":{"self":[{"href":"https:\/\/dlslawfirm.com\/es\/wp-json\/wp\/v2\/pages\/6878","targetHints":{"allow":["GET"]}}],"collection":[{"href":"https:\/\/dlslawfirm.com\/es\/wp-json\/wp\/v2\/pages"}],"about":[{"href":"https:\/\/dlslawfirm.com\/es\/wp-json\/wp\/v2\/types\/page"}],"author":[{"embeddable":true,"href":"https:\/\/dlslawfirm.com\/es\/wp-json\/wp\/v2\/users\/2"}],"replies":[{"embeddable":true,"href":"https:\/\/dlslawfirm.com\/es\/wp-json\/wp\/v2\/comments?post=6878"}],"version-history":[{"count":0,"href":"https:\/\/dlslawfirm.com\/es\/wp-json\/wp\/v2\/pages\/6878\/revisions"}],"wp:attachment":[{"href":"https:\/\/dlslawfirm.com\/es\/wp-json\/wp\/v2\/media?parent=6878"}],"wp:term":[{"taxonomy":"post_tag","embeddable":true,"href":"https:\/\/dlslawfirm.com\/es\/wp-json\/wp\/v2\/tags?post=6878"}],"curies":[{"name":"wp","href":"https:\/\/api.w.org\/{rel}","templated":true}]}}