{"id":6875,"date":"2020-11-11T09:09:29","date_gmt":"2020-11-11T09:09:29","guid":{"rendered":"https:\/\/dlslawfirm.com\/lct-y-traumatismos-craneales-tras-un-accidente-de-trafico\/"},"modified":"2020-11-11T09:09:29","modified_gmt":"2020-11-11T09:09:29","slug":"lct-y-traumatismos-craneales-tras-un-accidente-de-trafico","status":"publish","type":"page","link":"https:\/\/dlslawfirm.com\/es\/abogados-de-colorado-especializados-en-lesiones-personales\/abogado-de-accidentes-de-coche-en-denver\/lct-y-traumatismos-craneales-tras-un-accidente-de-trafico\/","title":{"rendered":"LCT y traumatismos craneales tras un accidente de tr\u00e1fico"},"content":{"rendered":"<h2><strong>Estad\u00edsticas sobre traumatismos craneoencef\u00e1licos por accidentes de tr\u00e1fico<\/strong><\/h2>\n<p>Un traumatismo craneoencef\u00e1lico es una alteraci\u00f3n causada por una sacudida, un chich\u00f3n o un golpe en la cabeza, que altera las funciones normales del cerebro. Una LCT tambi\u00e9n puede producirse cuando la cabeza golpea violenta y repentinamente un objeto, o cuando un objeto penetra en el tejido cerebral tras perforar el cr\u00e1neo. Las <a href=\"https:\/\/www.aans.org\/Patients\/Neurosurgical-Conditions-and-Treatments\/Traumatic-Brain-Injury#:~:text=The%20mortality%20rate%20for%20TBI,head%20injury%20begins%20to%20increase.\" target=\"_blank\" rel=\"noopener noreferrer\">tres causas<\/a> principales de traumatismo craneoencef\u00e1lico en adultos en Estados Unidos son <a href=\"https:\/\/dlslawfirm.com\/personal-injury\/car-accidents\/\">los accidentes de tr\u00e1fico<\/a>, los suicidios y las ca\u00eddas. Las principales causas de LCT no mortal en EEUU para los adultos son las ca\u00eddas, las relacionadas con veh\u00edculos de motor y las lesiones deportivas. Para los ni\u00f1os, la principal causa de LCT son los deportes y las actividades recreativas.<\/p>\n<p>Cada a\u00f1o se producen casi <a href=\"https:\/\/www.aans.org\/Patients\/Neurosurgical-Conditions-and-Treatments\/Traumatic-Brain-Injury#:~:text=The%20mortality%20rate%20for%20TBI,head%20injury%20begins%20to%20increase.\" target=\"_blank\" rel=\"noopener noreferrer\">300.000 hospitalizaciones<\/a> por lesiones cerebrales traum\u00e1ticas, unas 20 veces m\u00e1s que el n\u00famero de hospitalizaciones por lesiones medulares. Desde 2006, se ha producido un aumento significativo del n\u00famero de visitas a urgencias, hospitalizaciones y muertes relacionadas con LCT: casi un 54%. Cada a\u00f1o, hay hasta 90.000 personas en Estados Unidos que experimentan la aparici\u00f3n de discapacidades de por vida debido a una lesi\u00f3n cerebral traum\u00e1tica. La inmensa mayor\u00eda de los accidentes con LCT afectan a varones, y s\u00f3lo un 21,2% de los accidentes con LCT afectan a mujeres.<\/p>\n<p>Hay muchos niveles de traumatismo craneoencef\u00e1lico, relacionados con el cerebro, el cuero cabelludo y el cr\u00e1neo. Las complicaciones asociadas a una lesi\u00f3n craneal o cerebral, as\u00ed como los tratamientos para la lesi\u00f3n, depender\u00e1n de c\u00f3mo se adquiera la lesi\u00f3n, del nivel de da\u00f1o cerebral infligido y de la localizaci\u00f3n precisa de la lesi\u00f3n. Los cuatro tipos principales de lesi\u00f3n cerebral son: conmoci\u00f3n cerebral, contusi\u00f3n, lesi\u00f3n penetrante y lesi\u00f3n cerebral an\u00f3xica.<\/p>\n[cta_interior title=&#8221;CTA Interior&#8221;]\n<p>Una <strong>conmoci\u00f3n cerebral<\/strong> es relativamente leve, a menudo causada por un latigazo cervical u otro cambio brusco de movimiento, un impacto en la cabeza o una sacudida. Aunque se considere en el extremo m\u00e1s leve del espectro, una conmoci\u00f3n cerebral puede causar p\u00e9rdida de memoria, desorientaci\u00f3n o problemas de concentraci\u00f3n, y volverse mucho m\u00e1s peligrosa si se sufre m\u00e1s de una conmoci\u00f3n cerebral a lo largo de un periodo de tiempo, o si se produce una segunda conmoci\u00f3n cerebral antes de que se haya curado la primera.<\/p>\n<p>Una <strong>lesi\u00f3n cerebral penetrante<\/strong> se produce cuando el cr\u00e1neo es atravesado por un objeto, lo que hace que el objeto, los fragmentos del cr\u00e1neo, la piel o el pelo entren en contacto con el cerebro, causando lesiones cerebrales. Una lesi\u00f3n cerebral penetrante puede estar causada por un resbal\u00f3n y una ca\u00edda, un accidente de autom\u00f3vil, una herida de bala en la cabeza o una lesi\u00f3n deportiva. Cuando el cerebro no recibe suficiente ox\u00edgeno, las c\u00e9lulas cerebrales empiezan a morir, provocando lesiones cerebrales. Esto se conoce como <strong>da\u00f1o cerebral an\u00f3xico<\/strong>. Una <strong>lesi\u00f3n axonal difusa<\/strong> es similar a una conmoci\u00f3n cerebral, pero mucho m\u00e1s grave, y suele producirse cuando la cabeza se mueve con tanta violencia que se producen desgarros entre el cerebro y las conexiones de la m\u00e9dula espinal.<\/p>\n<p>Una <strong>contusi\u00f3n cerebral<\/strong> es como un hematoma en el cerebro, causado por la rotura de peque\u00f1os vasos sangu\u00edneos que luego tienen fugas. Cualquier impacto en la cabeza puede provocar una contusi\u00f3n cerebral, como en un accidente de autom\u00f3vil cuando la cabeza golpea una superficie dura, o en un accidente recreativo o deportivo cuando el cerebro recibe un impacto importante. Mientras que el cerebro puede da\u00f1arse directamente bajo el lugar del impacto, o en el lado opuesto cuando el cerebro choca contra el duro cr\u00e1neo. Las contusiones cerebrales pueden ir de leves a extremadamente graves; las contusiones leves pueden causar p\u00e9rdida de conciencia, angustia emocional, fatiga o agitaci\u00f3n. Las contusiones graves pueden provocar inflamaci\u00f3n cerebral, impidiendo que el cerebro reciba suficiente ox\u00edgeno.<\/p>\n<p>Un traumatismo craneoencef\u00e1lico o <a href=\"https:\/\/dlslawfirm.com\/personal-injury\/brain-injury\/\">TCE<\/a> leve tendr\u00e1 una breve p\u00e9rdida de conciencia, un traumatismo craneoencef\u00e1lico o TCE moderado incluir\u00e1 una p\u00e9rdida de conciencia que puede durar horas, y confusi\u00f3n que puede durar semanas o meses. Las complicaciones de un traumatismo craneoencef\u00e1lico o TCE moderado pueden ser conductuales, cognitivas o f\u00edsicas. Una lesi\u00f3n cerebral grave suele ser el resultado de un golpe aplastante o de una penetraci\u00f3n cerebral o craneal. Un traumatismo craneoencef\u00e1lico grave pone en peligro la vida y hace muy improbable que la v\u00edctima pueda volver a su vida anterior.<\/p>\n<h3><strong>Conceptos err\u00f3neos asociados a las LCT y los traumatismos craneoencef\u00e1licos<\/strong><\/h3>\n<p>Aunque el camino hacia la recuperaci\u00f3n puede ser duro, es posible recuperarse de una LCT y seguir adelante con tu vida. Los retos y los contratiempos son casi un hecho, sin embargo, la recuperaci\u00f3n es posible en algunos casos. No hay dos tipos de lesi\u00f3n cerebral traum\u00e1tica que sean exactamente iguales, e incluso quienes creen haber sufrido una conmoci\u00f3n cerebral leve pueden descubrir m\u00e1s tarde nuevos s\u00edntomas en las semanas siguientes al accidente. Los s\u00edntomas nuevos nunca deben ignorarse y siempre deben ser revisados por un profesional sanitario.<\/p>\n<p>Uno de los principales conceptos err\u00f3neos sobre las LCT es que no se puede tener una lesi\u00f3n cerebral sin p\u00e9rdida de consciencia. Las LCT se presentan de forma diferente, y no es necesario perder el conocimiento para que te diagnostiquen una LCT. Un concepto err\u00f3neo similar sobre las LCT es que si no hay hemorragia, no hay lesi\u00f3n cerebral. Que haya o no hemorragia depende de si la lesi\u00f3n cerebral es una lesi\u00f3n penetrante o una lesi\u00f3n craneal cerrada, no de la gravedad de la lesi\u00f3n cerebral.<\/p>\n<p>El siguiente mito sobre las LCT es que si una persona parece &#8220;estar bien&#8221; tras un impacto en la cabeza, es que lo est\u00e1. Esto no es cierto. Es muy posible que una persona con una LCT camine, hable y permanezca consciente despu\u00e9s de un impacto; los s\u00edntomas de la LCT a veces pueden ser tan sutiles que no se reconocen como un s\u00edntoma de lesi\u00f3n cerebral. Por \u00faltimo, uno de los conceptos err\u00f3neos m\u00e1s generalizados en relaci\u00f3n con una lesi\u00f3n cerebral traum\u00e1tica es que una lesi\u00f3n cerebral leve no es tan grave. De hecho, incluso una lesi\u00f3n cerebral leve puede provocar problemas neurol\u00f3gicos y psicol\u00f3gicos duraderos.<strong> <\/strong><\/p>\n<h3><strong>C\u00f3mo afectan las LCT y los traumatismos craneoencef\u00e1licos a la v\u00edctima y a su familia<\/strong><\/h3>\n<p>Las lesiones cerebrales traum\u00e1ticas no s\u00f3lo afectan a la v\u00edctima, sino tambi\u00e9n a sus seres queridos. Dado que muchas lesiones cerebrales traum\u00e1ticas pueden causar graves problemas emocionales y cambios de personalidad, los familiares de la v\u00edctima de una LCT tambi\u00e9n deben adaptarse a los cambios de personalidad. La v\u00edctima de una LCT puede ser incapaz de volver al trabajo e incluso de realizar las tareas m\u00e1s sencillas, como leer. El lenguaje suele ser un problema para las personas con una LCT grave; pueden ser incapaces de encontrar palabras, lo que dificulta el habla.<\/p>\n<h3><strong>C\u00f3mo puede ayudar un abogado con experiencia en LCT y lesiones craneales de Colorado  <\/strong><\/h3>\n<p>Si t\u00fa o un ser querido hab\u00e9is sufrido un traumatismo craneoencef\u00e1lico o una LCT como consecuencia de la negligencia de otro conductor, es sumamente importante hablar con un abogado experto en LCT de Denver. Las LCT pueden causar da\u00f1os a largo plazo, incluso permanentes, que requieren a\u00f1os de tratamientos m\u00e9dicos y terapias de rehabilitaci\u00f3n. Es posible que la v\u00edctima nunca pueda volver al trabajo tras una LCT, y la situaci\u00f3n econ\u00f3mica puede ser desalentadora. La abogada de Denver Dianne Sawaya lleva m\u00e1s de dos d\u00e9cadas ayudando a personas con LCT. Dianne quiere ayudarte a ti y a tu familia a obtener la indemnizaci\u00f3n a la que ten\u00e9is derecho, haciendo que vuestra vida y vuestro futuro sean al menos econ\u00f3micamente mejores. El Bufete de Dianne Sawaya puede negociar con la compa\u00f1\u00eda de seguros o, en caso necesario, litigar agresivamente. <a href=\"https:\/\/dlslawfirm.com\/contact-us\/\">Ponte en contacto con<\/a> el Bufete de Dianne Sawaya hoy mismo para una evaluaci\u00f3n exhaustiva de tu caso.  <strong>  <\/strong><\/p>\n","protected":false},"excerpt":{"rendered":"<p>Estad\u00edsticas sobre traumatismos craneoencef\u00e1licos por accidentes de tr\u00e1fico Un traumatismo craneoencef\u00e1lico es una alteraci\u00f3n causada por una sacudida, un chich\u00f3n o un golpe en la cabeza, que altera las funciones normales del cerebro. Una LCT tambi\u00e9n puede producirse cuando la cabeza golpea violenta y repentinamente un objeto, o cuando un objeto penetra en el tejido&#8230;<\/p>\n","protected":false},"author":2,"featured_media":3905,"parent":7038,"menu_order":0,"comment_status":"closed","ping_status":"closed","template":"","meta":{"_acf_changed":false,"footnotes":""},"tags":[],"class_list":["post-6875","page","type-page","status-publish","has-post-thumbnail","hentry"],"acf":[],"yoast_head":"<!-- This site is optimized with the Yoast SEO plugin v27.4 - https:\/\/yoast.com\/product\/yoast-seo-wordpress\/ -->\n<title>LCT y lesiones craneales tras un accidente de tr\u00e1fico | Abogados de accidentes de tr\u00e1fico en Denver<\/title>\n<meta name=\"description\" content=\"Si t\u00fa o un ser querido hab\u00e9is sufrido un traumatismo craneoencef\u00e1lico o una LCT como consecuencia de la negligencia de otro conductor, habla ahora con un abogado especializado en lesiones de Denver.\" \/>\n<meta name=\"robots\" content=\"index, follow, max-snippet:-1, max-image-preview:large, max-video-preview:-1\" \/>\n<link rel=\"canonical\" href=\"https:\/\/dlslawfirm.com\/es\/abogados-de-colorado-especializados-en-lesiones-personales\/abogado-de-accidentes-de-coche-en-denver\/lct-y-traumatismos-craneales-tras-un-accidente-de-trafico\/\" \/>\n<meta property=\"og:locale\" content=\"es_MX\" \/>\n<meta property=\"og:type\" content=\"article\" \/>\n<meta property=\"og:title\" content=\"LCT y lesiones craneales tras un accidente de tr\u00e1fico | Abogados de accidentes de tr\u00e1fico en Denver\" \/>\n<meta property=\"og:description\" content=\"Si t\u00fa o un ser querido hab\u00e9is sufrido un traumatismo craneoencef\u00e1lico o una LCT como consecuencia de la negligencia de otro conductor, habla ahora con un abogado especializado en lesiones de Denver.\" \/>\n<meta property=\"og:url\" content=\"https:\/\/dlslawfirm.com\/es\/abogados-de-colorado-especializados-en-lesiones-personales\/abogado-de-accidentes-de-coche-en-denver\/lct-y-traumatismos-craneales-tras-un-accidente-de-trafico\/\" \/>\n<meta property=\"og:site_name\" content=\"Law Offices of Dianne Sawaya LLC- En Espanol\" \/>\n<meta property=\"og:image\" content=\"https:\/\/dlslawfirm.com\/es\/wp-content\/uploads\/sites\/2\/2018\/09\/16157483_s-1.jpg\" \/>\n\t<meta property=\"og:image:width\" content=\"850\" \/>\n\t<meta property=\"og:image:height\" content=\"563\" \/>\n\t<meta property=\"og:image:type\" content=\"image\/jpeg\" \/>\n<meta name=\"twitter:card\" content=\"summary_large_image\" \/>\n<meta name=\"twitter:label1\" content=\"Est. reading time\" \/>\n\t<meta name=\"twitter:data1\" content=\"7 minutos\" \/>\n<script type=\"application\/ld+json\" class=\"yoast-schema-graph\">{\"@context\":\"https:\\\/\\\/schema.org\",\"@graph\":[{\"@type\":\"WebPage\",\"@id\":\"https:\\\/\\\/dlslawfirm.com\\\/es\\\/abogados-de-colorado-especializados-en-lesiones-personales\\\/abogado-de-accidentes-de-coche-en-denver\\\/lct-y-traumatismos-craneales-tras-un-accidente-de-trafico\\\/\",\"url\":\"https:\\\/\\\/dlslawfirm.com\\\/es\\\/abogados-de-colorado-especializados-en-lesiones-personales\\\/abogado-de-accidentes-de-coche-en-denver\\\/lct-y-traumatismos-craneales-tras-un-accidente-de-trafico\\\/\",\"name\":\"LCT y lesiones craneales tras un accidente de tr\u00e1fico | Abogados de accidentes de tr\u00e1fico en Denver\",\"isPartOf\":{\"@id\":\"https:\\\/\\\/dlslawfirm.com\\\/es\\\/#website\"},\"primaryImageOfPage\":{\"@id\":\"https:\\\/\\\/dlslawfirm.com\\\/es\\\/abogados-de-colorado-especializados-en-lesiones-personales\\\/abogado-de-accidentes-de-coche-en-denver\\\/lct-y-traumatismos-craneales-tras-un-accidente-de-trafico\\\/#primaryimage\"},\"image\":{\"@id\":\"https:\\\/\\\/dlslawfirm.com\\\/es\\\/abogados-de-colorado-especializados-en-lesiones-personales\\\/abogado-de-accidentes-de-coche-en-denver\\\/lct-y-traumatismos-craneales-tras-un-accidente-de-trafico\\\/#primaryimage\"},\"thumbnailUrl\":\"https:\\\/\\\/dlslawfirm.com\\\/es\\\/wp-content\\\/uploads\\\/sites\\\/2\\\/2018\\\/09\\\/16157483_s-1.jpg\",\"datePublished\":\"2020-11-11T09:09:29+00:00\",\"description\":\"Si t\u00fa o un ser querido hab\u00e9is sufrido un traumatismo craneoencef\u00e1lico o una LCT como consecuencia de la negligencia de otro conductor, habla ahora con un abogado especializado en lesiones de Denver.\",\"breadcrumb\":{\"@id\":\"https:\\\/\\\/dlslawfirm.com\\\/es\\\/abogados-de-colorado-especializados-en-lesiones-personales\\\/abogado-de-accidentes-de-coche-en-denver\\\/lct-y-traumatismos-craneales-tras-un-accidente-de-trafico\\\/#breadcrumb\"},\"inLanguage\":\"es\",\"potentialAction\":[{\"@type\":\"ReadAction\",\"target\":[\"https:\\\/\\\/dlslawfirm.com\\\/es\\\/abogados-de-colorado-especializados-en-lesiones-personales\\\/abogado-de-accidentes-de-coche-en-denver\\\/lct-y-traumatismos-craneales-tras-un-accidente-de-trafico\\\/\"]}]},{\"@type\":\"ImageObject\",\"inLanguage\":\"es\",\"@id\":\"https:\\\/\\\/dlslawfirm.com\\\/es\\\/abogados-de-colorado-especializados-en-lesiones-personales\\\/abogado-de-accidentes-de-coche-en-denver\\\/lct-y-traumatismos-craneales-tras-un-accidente-de-trafico\\\/#primaryimage\",\"url\":\"https:\\\/\\\/dlslawfirm.com\\\/es\\\/wp-content\\\/uploads\\\/sites\\\/2\\\/2018\\\/09\\\/16157483_s-1.jpg\",\"contentUrl\":\"https:\\\/\\\/dlslawfirm.com\\\/es\\\/wp-content\\\/uploads\\\/sites\\\/2\\\/2018\\\/09\\\/16157483_s-1.jpg\",\"width\":850,\"height\":563},{\"@type\":\"BreadcrumbList\",\"@id\":\"https:\\\/\\\/dlslawfirm.com\\\/es\\\/abogados-de-colorado-especializados-en-lesiones-personales\\\/abogado-de-accidentes-de-coche-en-denver\\\/lct-y-traumatismos-craneales-tras-un-accidente-de-trafico\\\/#breadcrumb\",\"itemListElement\":[{\"@type\":\"ListItem\",\"position\":1,\"name\":\"Home\",\"item\":\"https:\\\/\\\/dlslawfirm.com\\\/es\\\/\"},{\"@type\":\"ListItem\",\"position\":2,\"name\":\"Abogados de Colorado especializados en lesiones personales\",\"item\":\"https:\\\/\\\/dlslawfirm.com\\\/es\\\/abogados-de-colorado-especializados-en-lesiones-personales\\\/\"},{\"@type\":\"ListItem\",\"position\":3,\"name\":\"Abogado de accidentes de coche en Denver\",\"item\":\"https:\\\/\\\/dlslawfirm.com\\\/es\\\/abogados-de-colorado-especializados-en-lesiones-personales\\\/abogado-de-accidentes-de-coche-en-denver\\\/\"},{\"@type\":\"ListItem\",\"position\":4,\"name\":\"LCT y traumatismos craneales tras un accidente de tr\u00e1fico\"}]},{\"@type\":\"WebSite\",\"@id\":\"https:\\\/\\\/dlslawfirm.com\\\/es\\\/#website\",\"url\":\"https:\\\/\\\/dlslawfirm.com\\\/es\\\/\",\"name\":\"Law Offices of Dianne Sawaya LLC- En Espanol\",\"description\":\"\",\"potentialAction\":[{\"@type\":\"SearchAction\",\"target\":{\"@type\":\"EntryPoint\",\"urlTemplate\":\"https:\\\/\\\/dlslawfirm.com\\\/es\\\/?s={search_term_string}\"},\"query-input\":{\"@type\":\"PropertyValueSpecification\",\"valueRequired\":true,\"valueName\":\"search_term_string\"}}],\"inLanguage\":\"es\"}]}<\/script>\n<!-- \/ Yoast SEO plugin. -->","yoast_head_json":{"title":"LCT y lesiones craneales tras un accidente de tr\u00e1fico | Abogados de accidentes de tr\u00e1fico en Denver","description":"Si t\u00fa o un ser querido hab\u00e9is sufrido un traumatismo craneoencef\u00e1lico o una LCT como consecuencia de la negligencia de otro conductor, habla ahora con un abogado especializado en lesiones de Denver.","robots":{"index":"index","follow":"follow","max-snippet":"max-snippet:-1","max-image-preview":"max-image-preview:large","max-video-preview":"max-video-preview:-1"},"canonical":"https:\/\/dlslawfirm.com\/es\/abogados-de-colorado-especializados-en-lesiones-personales\/abogado-de-accidentes-de-coche-en-denver\/lct-y-traumatismos-craneales-tras-un-accidente-de-trafico\/","og_locale":"es_MX","og_type":"article","og_title":"LCT y lesiones craneales tras un accidente de tr\u00e1fico | Abogados de accidentes de tr\u00e1fico en Denver","og_description":"Si t\u00fa o un ser querido hab\u00e9is sufrido un traumatismo craneoencef\u00e1lico o una LCT como consecuencia de la negligencia de otro conductor, habla ahora con un abogado especializado en lesiones de Denver.","og_url":"https:\/\/dlslawfirm.com\/es\/abogados-de-colorado-especializados-en-lesiones-personales\/abogado-de-accidentes-de-coche-en-denver\/lct-y-traumatismos-craneales-tras-un-accidente-de-trafico\/","og_site_name":"Law Offices of Dianne Sawaya LLC- En Espanol","og_image":[{"width":850,"height":563,"url":"https:\/\/dlslawfirm.com\/es\/wp-content\/uploads\/sites\/2\/2018\/09\/16157483_s-1.jpg","type":"image\/jpeg"}],"twitter_card":"summary_large_image","twitter_misc":{"Est. reading time":"7 minutos"},"schema":{"@context":"https:\/\/schema.org","@graph":[{"@type":"WebPage","@id":"https:\/\/dlslawfirm.com\/es\/abogados-de-colorado-especializados-en-lesiones-personales\/abogado-de-accidentes-de-coche-en-denver\/lct-y-traumatismos-craneales-tras-un-accidente-de-trafico\/","url":"https:\/\/dlslawfirm.com\/es\/abogados-de-colorado-especializados-en-lesiones-personales\/abogado-de-accidentes-de-coche-en-denver\/lct-y-traumatismos-craneales-tras-un-accidente-de-trafico\/","name":"LCT y lesiones craneales tras un accidente de tr\u00e1fico | Abogados de accidentes de tr\u00e1fico en Denver","isPartOf":{"@id":"https:\/\/dlslawfirm.com\/es\/#website"},"primaryImageOfPage":{"@id":"https:\/\/dlslawfirm.com\/es\/abogados-de-colorado-especializados-en-lesiones-personales\/abogado-de-accidentes-de-coche-en-denver\/lct-y-traumatismos-craneales-tras-un-accidente-de-trafico\/#primaryimage"},"image":{"@id":"https:\/\/dlslawfirm.com\/es\/abogados-de-colorado-especializados-en-lesiones-personales\/abogado-de-accidentes-de-coche-en-denver\/lct-y-traumatismos-craneales-tras-un-accidente-de-trafico\/#primaryimage"},"thumbnailUrl":"https:\/\/dlslawfirm.com\/es\/wp-content\/uploads\/sites\/2\/2018\/09\/16157483_s-1.jpg","datePublished":"2020-11-11T09:09:29+00:00","description":"Si t\u00fa o un ser querido hab\u00e9is sufrido un traumatismo craneoencef\u00e1lico o una LCT como consecuencia de la negligencia de otro conductor, habla ahora con un abogado especializado en lesiones de Denver.","breadcrumb":{"@id":"https:\/\/dlslawfirm.com\/es\/abogados-de-colorado-especializados-en-lesiones-personales\/abogado-de-accidentes-de-coche-en-denver\/lct-y-traumatismos-craneales-tras-un-accidente-de-trafico\/#breadcrumb"},"inLanguage":"es","potentialAction":[{"@type":"ReadAction","target":["https:\/\/dlslawfirm.com\/es\/abogados-de-colorado-especializados-en-lesiones-personales\/abogado-de-accidentes-de-coche-en-denver\/lct-y-traumatismos-craneales-tras-un-accidente-de-trafico\/"]}]},{"@type":"ImageObject","inLanguage":"es","@id":"https:\/\/dlslawfirm.com\/es\/abogados-de-colorado-especializados-en-lesiones-personales\/abogado-de-accidentes-de-coche-en-denver\/lct-y-traumatismos-craneales-tras-un-accidente-de-trafico\/#primaryimage","url":"https:\/\/dlslawfirm.com\/es\/wp-content\/uploads\/sites\/2\/2018\/09\/16157483_s-1.jpg","contentUrl":"https:\/\/dlslawfirm.com\/es\/wp-content\/uploads\/sites\/2\/2018\/09\/16157483_s-1.jpg","width":850,"height":563},{"@type":"BreadcrumbList","@id":"https:\/\/dlslawfirm.com\/es\/abogados-de-colorado-especializados-en-lesiones-personales\/abogado-de-accidentes-de-coche-en-denver\/lct-y-traumatismos-craneales-tras-un-accidente-de-trafico\/#breadcrumb","itemListElement":[{"@type":"ListItem","position":1,"name":"Home","item":"https:\/\/dlslawfirm.com\/es\/"},{"@type":"ListItem","position":2,"name":"Abogados de Colorado especializados en lesiones personales","item":"https:\/\/dlslawfirm.com\/es\/abogados-de-colorado-especializados-en-lesiones-personales\/"},{"@type":"ListItem","position":3,"name":"Abogado de accidentes de coche en Denver","item":"https:\/\/dlslawfirm.com\/es\/abogados-de-colorado-especializados-en-lesiones-personales\/abogado-de-accidentes-de-coche-en-denver\/"},{"@type":"ListItem","position":4,"name":"LCT y traumatismos craneales tras un accidente de tr\u00e1fico"}]},{"@type":"WebSite","@id":"https:\/\/dlslawfirm.com\/es\/#website","url":"https:\/\/dlslawfirm.com\/es\/","name":"Law Offices of Dianne Sawaya LLC- En Espanol","description":"","potentialAction":[{"@type":"SearchAction","target":{"@type":"EntryPoint","urlTemplate":"https:\/\/dlslawfirm.com\/es\/?s={search_term_string}"},"query-input":{"@type":"PropertyValueSpecification","valueRequired":true,"valueName":"search_term_string"}}],"inLanguage":"es"}]}},"_links":{"self":[{"href":"https:\/\/dlslawfirm.com\/es\/wp-json\/wp\/v2\/pages\/6875","targetHints":{"allow":["GET"]}}],"collection":[{"href":"https:\/\/dlslawfirm.com\/es\/wp-json\/wp\/v2\/pages"}],"about":[{"href":"https:\/\/dlslawfirm.com\/es\/wp-json\/wp\/v2\/types\/page"}],"author":[{"embeddable":true,"href":"https:\/\/dlslawfirm.com\/es\/wp-json\/wp\/v2\/users\/2"}],"replies":[{"embeddable":true,"href":"https:\/\/dlslawfirm.com\/es\/wp-json\/wp\/v2\/comments?post=6875"}],"version-history":[{"count":0,"href":"https:\/\/dlslawfirm.com\/es\/wp-json\/wp\/v2\/pages\/6875\/revisions"}],"up":[{"embeddable":true,"href":"https:\/\/dlslawfirm.com\/es\/wp-json\/wp\/v2\/pages\/7038"}],"wp:featuredmedia":[{"embeddable":true,"href":"https:\/\/dlslawfirm.com\/es\/wp-json\/wp\/v2\/media\/3905"}],"wp:attachment":[{"href":"https:\/\/dlslawfirm.com\/es\/wp-json\/wp\/v2\/media?parent=6875"}],"wp:term":[{"taxonomy":"post_tag","embeddable":true,"href":"https:\/\/dlslawfirm.com\/es\/wp-json\/wp\/v2\/tags?post=6875"}],"curies":[{"name":"wp","href":"https:\/\/api.w.org\/{rel}","templated":true}]}}