{"id":6873,"date":"2020-11-11T08:16:42","date_gmt":"2020-11-11T08:16:42","guid":{"rendered":"https:\/\/dlslawfirm.com\/lesiones-por-quemaduras-tras-un-accidente-de-trafico\/"},"modified":"2020-11-11T08:16:42","modified_gmt":"2020-11-11T08:16:42","slug":"lesiones-por-quemaduras-tras-un-accidente-de-trafico","status":"publish","type":"page","link":"https:\/\/dlslawfirm.com\/es\/abogados-de-colorado-especializados-en-lesiones-personales\/abogado-de-accidentes-de-coche-en-denver\/lesiones-por-quemaduras-tras-un-accidente-de-trafico\/","title":{"rendered":"Lesiones por quemaduras tras un accidente de tr\u00e1fico"},"content":{"rendered":"<h2><strong>El trauma a\u00f1adido asociado a las quemaduras sufridas en accidentes de tr\u00e1fico<\/strong><\/h2>\n<p>Las lesiones por quemaduras se parecen a otras lesiones en muchos aspectos, pues provocan dolor, traumas y dificultades econ\u00f3micas. Sin embargo, las quemaduras difieren de otras lesiones en un aspecto importante: pueden causar desfiguraciones que pueden durar meses, a\u00f1os o toda la vida. Las lesiones por quemaduras pueden causar un dolor que no se parece a ning\u00fan otro tipo de dolor asociado a una lesi\u00f3n, y la desfiguraci\u00f3n afecta a toda tu vida: c\u00f3mo te sientes contigo mismo y lo c\u00f3modo que te sientes con las interacciones sociales.<\/p>\n<p>La mayor\u00eda de nosotros tenemos que tratar con otras personas de una forma u otra: cuando vamos a la escuela, cuando vamos al trabajo, cuando vamos de compras o cuando participamos en actividades recreativas. Cuando los dem\u00e1s miran fijamente, puede ser dif\u00edcil mantener la autoestima ante las cicatrices resultantes de las quemaduras. Aproximadamente <a href=\"https:\/\/msktc.org\/burn\/factsheets\/Understanding-And-Improving-Body-Image-After-Burn-Injury\" target=\"_blank\" rel=\"noopener noreferrer\">un tercio de los supervivientes de quem<\/a> aduras sufren angustia grave por los cambios en el aspecto, la sensaci\u00f3n y el funcionamiento de su cuerpo tras una lesi\u00f3n por quemadura.<\/p>\n<p>Por supuesto, todo el mundo tiene sus altibajos tras una lesi\u00f3n grave, pero recuperarse de una lesi\u00f3n por quemadura puede llevar m\u00e1s tiempo e intervenciones m\u00e9dicas. La piel cicatrizada o injertada puede estar decolorada, m\u00e1s clara o m\u00e1s oscura que la piel circundante no lesionada. Adem\u00e1s de los procedimientos quir\u00fargicos, algunas v\u00edctimas de quemaduras pueden beneficiarse del uso de maquillaje o ropa especiales para que las cicatrices de las quemaduras sean menos perceptibles. Un cirujano pl\u00e1stico especialmente formado en reconstrucci\u00f3n de quemaduras puede ayudar potencialmente a las v\u00edctimas de quemaduras a mejorar el aspecto de las cicatrices, as\u00ed como a restaurar la funci\u00f3n de las zonas quemadas.<\/p>\n[cta_interior title=&#8221;CTA Interior&#8221;]\n<p>Pueden ser necesarios importantes niveles de curaci\u00f3n emocional para aceptar los cambios que se producen tras una lesi\u00f3n por quemadura. El asesoramiento puede ser \u00fatil para centrarte en tus logros, educaci\u00f3n, carrera u otros puntos fuertes y menos en tu aspecto f\u00edsico. Esto no significa que tengan que gustar a quienes aceptan sus cicatrices, s\u00f3lo que la persona debe aprender (con ayuda) a fijarse menos en la apariencia y m\u00e1s en su interior.<\/p>\n<h3><strong>Prevalencia de las lesiones por quemaduras asociadas a un accidente de tr\u00e1fico<\/strong><\/h3>\n<p>Seg\u00fan <a href=\"https:\/\/ameriburn.org\/who-we-are\/media\/burn-incidence-fact-sheet\/\" target=\"_blank\" rel=\"noopener noreferrer\">la Asociaci\u00f3n Americana de Quemaduras<\/a>, alrededor del 5% de todas las quemaduras graves tienen su origen en un accidente de autom\u00f3vil. Otros lugares donde se producen quemaduras son en el hogar (73%), en el trabajo (8%), durante una actividad deportiva o recreativa (5%) y &#8220;otros&#8221; (9%). Las <a href=\"https:\/\/ameriburn.org\/who-we-are\/media\/burn-incidence-fact-sheet\/\" target=\"_blank\" rel=\"noopener noreferrer\">causas<\/a> de las lesiones por quemaduras son<\/p>\n<ul>\n<li>Fuego\/llama<\/li>\n<li>Escalda<\/li>\n<li>Ponte en contacto con<\/li>\n<li>El\u00e9ctrico<\/li>\n<li>Qu\u00edmica<\/li>\n<li>Otros<\/li>\n<\/ul>\n<p>Casi dos tercios de todas las v\u00edctimas de quemaduras son varones, y hasta 486.000 v\u00edctimas de quemaduras reciben tratamiento m\u00e9dico cada a\u00f1o.<\/p>\n<h3><strong>Comprender las lesiones por quemaduras<\/strong><\/h3>\n<p>El \u00f3rgano m\u00e1s grande del cuerpo es la piel. Como tal, la piel tiene una serie de funciones muy importantes, como proteger al cuerpo de lesiones, traumatismos y g\u00e9rmenes, regular la temperatura corporal, evitar la deshidrataci\u00f3n y permitir que el cuerpo sienta sensaciones (calor, fr\u00edo, dolor, presi\u00f3n, picor, etc.). Nuestra piel tiene tres capas, y la gravedad de la quemadura vendr\u00e1 determinada por cu\u00e1ntas capas de la piel est\u00e9n da\u00f1adas.<\/p>\n<p>La capa superior de la piel var\u00eda de grosor, dependiendo de la localizaci\u00f3n. Esta capa de piel se renueva continuamente. La capa media de la piel contiene vasos sangu\u00edneos, tejidos conjuntivos, fol\u00edculos pilosos y fibras nerviosas. La tercera capa -la m\u00e1s profunda- protege el cuerpo y regula la temperatura, ya que est\u00e1 formada principalmente por grasa.<\/p>\n<ul>\n<li>Una quemadura de &#8220;primer grado&#8221; suele curarse sola, da\u00f1ando s\u00f3lo la capa externa de la piel, pero causando dolor y enrojecimiento.<\/li>\n<li>Una quemadura de &#8220;segundo grado&#8221; da\u00f1a la primera y la segunda capa de la piel, lo que provoca un dolor m\u00e1s intenso, ampollas e inflamaci\u00f3n.<\/li>\n<li>Una quemadura de &#8220;tercer grado&#8221; es muy grave y deja la piel con un aspecto negro y carbonizado.<\/li>\n<li>Una quemadura de &#8220;cuarto grado&#8221; da\u00f1a todas las capas de la piel, incluso hasta el hueso y el m\u00fasculo.<\/li>\n<\/ul>\n<p>El tratamiento de una quemadura depender\u00e1 en gran medida del tipo de quemadura (llama, qu\u00edmica, el\u00e9ctrica, agua caliente) y de la gravedad de la quemadura. En general, una quemadura de primer grado se considera leve y probablemente pueda tratarse en casa. Una quemadura m\u00e1s grave requiere intervenci\u00f3n m\u00e9dica, incluidos l\u00edquidos intravenosos (para evitar la deshidrataci\u00f3n y administrar antibi\u00f3ticos para prevenir la infecci\u00f3n), analg\u00e9sicos y, posiblemente, cirug\u00eda. Los que tienen quemaduras que cubren m\u00e1s del 10% de su cuerpo pueden ser ingresados en un centro de traumatismos por quemaduras para recibir atenci\u00f3n especializada. Podr\u00edan ser necesarios injertos de piel, y la fisioterapia podr\u00eda formar parte del programa de rehabilitaci\u00f3n.<\/p>\n<p>Por desgracia, las lesiones graves por quemaduras pueden provocar complicaciones, como: amputaci\u00f3n, deshidrataci\u00f3n, cicatrices permanentes, problemas respiratorios e infecci\u00f3n bacteriana. Las lesiones por quemaduras tambi\u00e9n pueden causar traumas emocionales, como p\u00e9rdida de confianza en uno mismo, pesadillas, insomnio, depresi\u00f3n, desesperanza, ansiedad, rabia y miedo a montar en un veh\u00edculo o a estar cerca del lugar del accidente.<\/p>\n<h3><strong>C\u00f3mo puede ayudar un m\u00e9dico a las personas con lesiones por quemaduras<\/strong><\/h3>\n<p>Las personas con quemaduras graves probablemente acudir\u00e1n a varios m\u00e9dicos: cirujanos ordinarios, cirujanos pl\u00e1sticos, m\u00e9dicos especialistas en el tratamiento del dolor, terapeutas de rehabilitaci\u00f3n y psic\u00f3logos o asesores. Como cabe imaginar, la necesidad de los numerosos profesionales m\u00e9dicos necesarios para tratar una lesi\u00f3n grave por quemaduras tambi\u00e9n puede acarrear dificultades econ\u00f3micas para muchos. El tiempo pasado en una unidad de traumatismos por quemaduras, las intervenciones quir\u00fargicas, los procedimientos realizados por un cirujano pl\u00e1stico, as\u00ed como las terapias de rehabilitaci\u00f3n y los profesionales de la salud mental pueden costar cientos de miles de d\u00f3lares. Incluso los que tienen seguro m\u00e9dico podr\u00edan encontrarse con que la atenci\u00f3n m\u00e9dica necesaria para una v\u00edctima de quemaduras hace que su seguro alcance r\u00e1pidamente sus l\u00edmites m\u00e1ximos, haci\u00e9ndoles responsables de la totalidad de los costes del tratamiento.<strong> <\/strong><\/p>\n<h3><strong>C\u00f3mo puede ayudar un abogado experto en lesiones por quemaduras de Colorado<\/strong><\/h3>\n<p>Las v\u00edctimas de lesiones graves por quemaduras pueden verse incapacitadas para volver a trabajar y ganarse la vida, incapaces de hacer frente a sus gastos m\u00e9dicos (por tanto, incapaces de recibir los tratamientos que necesitan), e incluso incapaces de pagar sus gastos mensuales normales. Si te encuentras en esta situaci\u00f3n, puedes sentirte angustiado por tu futuro e inseguro sobre a qui\u00e9n recurrir. El bufete de Dianne Sawaya puede ayudarte en estos momentos dif\u00edciles. Podemos ayudarte a obtener los tratamientos m\u00e9dicos que necesitas, as\u00ed como el dinero que necesitas y mereces de la persona responsable de tu accidente y de tus lesiones por quemaduras. No esperes: <a href=\"https:\/\/dlslawfirm.com\/contact-us\/\">ponte en contacto con<\/a> el bufete de Dianne Sawaya hoy mismo.<strong>   <\/strong><\/p>\n","protected":false},"excerpt":{"rendered":"<p>El trauma a\u00f1adido asociado a las quemaduras sufridas en accidentes de tr\u00e1fico Las lesiones por quemaduras se parecen a otras lesiones en muchos aspectos, pues provocan dolor, traumas y dificultades econ\u00f3micas. Sin embargo, las quemaduras difieren de otras lesiones en un aspecto importante: pueden causar desfiguraciones que pueden durar meses, a\u00f1os o toda la vida&#8230;.<\/p>\n","protected":false},"author":2,"featured_media":7290,"parent":7038,"menu_order":0,"comment_status":"closed","ping_status":"closed","template":"","meta":{"_acf_changed":false,"footnotes":""},"tags":[],"class_list":["post-6873","page","type-page","status-publish","has-post-thumbnail","hentry"],"acf":[],"yoast_head":"<!-- This site is optimized with the Yoast SEO plugin v27.4 - https:\/\/yoast.com\/product\/yoast-seo-wordpress\/ -->\n<title>Lesiones por quemaduras tras un accidente de tr\u00e1fico en Denver, Colorado | \u00a1Consigue ayuda ya!<\/title>\n<meta name=\"description\" content=\"Nuestros abogados especializados en lesiones de Denver pueden ayudarte a conseguir los tratamientos m\u00e9dicos que necesitas, as\u00ed como el dinero que necesitas y mereces. Ponte en contacto con nosotros.\" \/>\n<meta name=\"robots\" content=\"index, follow, max-snippet:-1, max-image-preview:large, max-video-preview:-1\" \/>\n<link rel=\"canonical\" href=\"https:\/\/dlslawfirm.com\/es\/abogados-de-colorado-especializados-en-lesiones-personales\/abogado-de-accidentes-de-coche-en-denver\/lesiones-por-quemaduras-tras-un-accidente-de-trafico\/\" \/>\n<meta property=\"og:locale\" content=\"es_MX\" \/>\n<meta property=\"og:type\" content=\"article\" \/>\n<meta property=\"og:title\" content=\"Lesiones por quemaduras tras un accidente de tr\u00e1fico en Denver, Colorado | \u00a1Consigue ayuda ya!\" \/>\n<meta property=\"og:description\" content=\"Nuestros abogados especializados en lesiones de Denver pueden ayudarte a conseguir los tratamientos m\u00e9dicos que necesitas, as\u00ed como el dinero que necesitas y mereces. Ponte en contacto con nosotros.\" \/>\n<meta property=\"og:url\" content=\"https:\/\/dlslawfirm.com\/es\/abogados-de-colorado-especializados-en-lesiones-personales\/abogado-de-accidentes-de-coche-en-denver\/lesiones-por-quemaduras-tras-un-accidente-de-trafico\/\" \/>\n<meta property=\"og:site_name\" content=\"Law Offices of Dianne Sawaya LLC- En Espanol\" \/>\n<meta property=\"og:image\" content=\"https:\/\/dlslawfirm.com\/es\/wp-content\/uploads\/sites\/2\/2020\/11\/car-accident.jpg\" \/>\n\t<meta property=\"og:image:width\" content=\"1000\" \/>\n\t<meta property=\"og:image:height\" content=\"667\" \/>\n\t<meta property=\"og:image:type\" content=\"image\/jpeg\" \/>\n<meta name=\"twitter:card\" content=\"summary_large_image\" \/>\n<meta name=\"twitter:label1\" content=\"Est. reading time\" \/>\n\t<meta name=\"twitter:data1\" content=\"6 minutos\" \/>\n<script type=\"application\/ld+json\" class=\"yoast-schema-graph\">{\"@context\":\"https:\\\/\\\/schema.org\",\"@graph\":[{\"@type\":\"WebPage\",\"@id\":\"https:\\\/\\\/dlslawfirm.com\\\/es\\\/abogados-de-colorado-especializados-en-lesiones-personales\\\/abogado-de-accidentes-de-coche-en-denver\\\/lesiones-por-quemaduras-tras-un-accidente-de-trafico\\\/\",\"url\":\"https:\\\/\\\/dlslawfirm.com\\\/es\\\/abogados-de-colorado-especializados-en-lesiones-personales\\\/abogado-de-accidentes-de-coche-en-denver\\\/lesiones-por-quemaduras-tras-un-accidente-de-trafico\\\/\",\"name\":\"Lesiones por quemaduras tras un accidente de tr\u00e1fico en Denver, Colorado | \u00a1Consigue ayuda ya!\",\"isPartOf\":{\"@id\":\"https:\\\/\\\/dlslawfirm.com\\\/es\\\/#website\"},\"primaryImageOfPage\":{\"@id\":\"https:\\\/\\\/dlslawfirm.com\\\/es\\\/abogados-de-colorado-especializados-en-lesiones-personales\\\/abogado-de-accidentes-de-coche-en-denver\\\/lesiones-por-quemaduras-tras-un-accidente-de-trafico\\\/#primaryimage\"},\"image\":{\"@id\":\"https:\\\/\\\/dlslawfirm.com\\\/es\\\/abogados-de-colorado-especializados-en-lesiones-personales\\\/abogado-de-accidentes-de-coche-en-denver\\\/lesiones-por-quemaduras-tras-un-accidente-de-trafico\\\/#primaryimage\"},\"thumbnailUrl\":\"https:\\\/\\\/dlslawfirm.com\\\/es\\\/wp-content\\\/uploads\\\/sites\\\/2\\\/2020\\\/11\\\/car-accident.jpg\",\"datePublished\":\"2020-11-11T08:16:42+00:00\",\"description\":\"Nuestros abogados especializados en lesiones de Denver pueden ayudarte a conseguir los tratamientos m\u00e9dicos que necesitas, as\u00ed como el dinero que necesitas y mereces. Ponte en contacto con nosotros.\",\"breadcrumb\":{\"@id\":\"https:\\\/\\\/dlslawfirm.com\\\/es\\\/abogados-de-colorado-especializados-en-lesiones-personales\\\/abogado-de-accidentes-de-coche-en-denver\\\/lesiones-por-quemaduras-tras-un-accidente-de-trafico\\\/#breadcrumb\"},\"inLanguage\":\"es\",\"potentialAction\":[{\"@type\":\"ReadAction\",\"target\":[\"https:\\\/\\\/dlslawfirm.com\\\/es\\\/abogados-de-colorado-especializados-en-lesiones-personales\\\/abogado-de-accidentes-de-coche-en-denver\\\/lesiones-por-quemaduras-tras-un-accidente-de-trafico\\\/\"]}]},{\"@type\":\"ImageObject\",\"inLanguage\":\"es\",\"@id\":\"https:\\\/\\\/dlslawfirm.com\\\/es\\\/abogados-de-colorado-especializados-en-lesiones-personales\\\/abogado-de-accidentes-de-coche-en-denver\\\/lesiones-por-quemaduras-tras-un-accidente-de-trafico\\\/#primaryimage\",\"url\":\"https:\\\/\\\/dlslawfirm.com\\\/es\\\/wp-content\\\/uploads\\\/sites\\\/2\\\/2020\\\/11\\\/car-accident.jpg\",\"contentUrl\":\"https:\\\/\\\/dlslawfirm.com\\\/es\\\/wp-content\\\/uploads\\\/sites\\\/2\\\/2020\\\/11\\\/car-accident.jpg\",\"width\":1000,\"height\":667,\"caption\":\"denver-uber-accident\"},{\"@type\":\"BreadcrumbList\",\"@id\":\"https:\\\/\\\/dlslawfirm.com\\\/es\\\/abogados-de-colorado-especializados-en-lesiones-personales\\\/abogado-de-accidentes-de-coche-en-denver\\\/lesiones-por-quemaduras-tras-un-accidente-de-trafico\\\/#breadcrumb\",\"itemListElement\":[{\"@type\":\"ListItem\",\"position\":1,\"name\":\"Home\",\"item\":\"https:\\\/\\\/dlslawfirm.com\\\/es\\\/\"},{\"@type\":\"ListItem\",\"position\":2,\"name\":\"Abogados de Colorado especializados en lesiones personales\",\"item\":\"https:\\\/\\\/dlslawfirm.com\\\/es\\\/abogados-de-colorado-especializados-en-lesiones-personales\\\/\"},{\"@type\":\"ListItem\",\"position\":3,\"name\":\"Abogado de accidentes de coche en Denver\",\"item\":\"https:\\\/\\\/dlslawfirm.com\\\/es\\\/abogados-de-colorado-especializados-en-lesiones-personales\\\/abogado-de-accidentes-de-coche-en-denver\\\/\"},{\"@type\":\"ListItem\",\"position\":4,\"name\":\"Lesiones por quemaduras tras un accidente de tr\u00e1fico\"}]},{\"@type\":\"WebSite\",\"@id\":\"https:\\\/\\\/dlslawfirm.com\\\/es\\\/#website\",\"url\":\"https:\\\/\\\/dlslawfirm.com\\\/es\\\/\",\"name\":\"Law Offices of Dianne Sawaya LLC- En Espanol\",\"description\":\"\",\"potentialAction\":[{\"@type\":\"SearchAction\",\"target\":{\"@type\":\"EntryPoint\",\"urlTemplate\":\"https:\\\/\\\/dlslawfirm.com\\\/es\\\/?s={search_term_string}\"},\"query-input\":{\"@type\":\"PropertyValueSpecification\",\"valueRequired\":true,\"valueName\":\"search_term_string\"}}],\"inLanguage\":\"es\"}]}<\/script>\n<!-- \/ Yoast SEO plugin. -->","yoast_head_json":{"title":"Lesiones por quemaduras tras un accidente de tr\u00e1fico en Denver, Colorado | \u00a1Consigue ayuda ya!","description":"Nuestros abogados especializados en lesiones de Denver pueden ayudarte a conseguir los tratamientos m\u00e9dicos que necesitas, as\u00ed como el dinero que necesitas y mereces. Ponte en contacto con nosotros.","robots":{"index":"index","follow":"follow","max-snippet":"max-snippet:-1","max-image-preview":"max-image-preview:large","max-video-preview":"max-video-preview:-1"},"canonical":"https:\/\/dlslawfirm.com\/es\/abogados-de-colorado-especializados-en-lesiones-personales\/abogado-de-accidentes-de-coche-en-denver\/lesiones-por-quemaduras-tras-un-accidente-de-trafico\/","og_locale":"es_MX","og_type":"article","og_title":"Lesiones por quemaduras tras un accidente de tr\u00e1fico en Denver, Colorado | \u00a1Consigue ayuda ya!","og_description":"Nuestros abogados especializados en lesiones de Denver pueden ayudarte a conseguir los tratamientos m\u00e9dicos que necesitas, as\u00ed como el dinero que necesitas y mereces. Ponte en contacto con nosotros.","og_url":"https:\/\/dlslawfirm.com\/es\/abogados-de-colorado-especializados-en-lesiones-personales\/abogado-de-accidentes-de-coche-en-denver\/lesiones-por-quemaduras-tras-un-accidente-de-trafico\/","og_site_name":"Law Offices of Dianne Sawaya LLC- En Espanol","og_image":[{"width":1000,"height":667,"url":"https:\/\/dlslawfirm.com\/es\/wp-content\/uploads\/sites\/2\/2020\/11\/car-accident.jpg","type":"image\/jpeg"}],"twitter_card":"summary_large_image","twitter_misc":{"Est. reading time":"6 minutos"},"schema":{"@context":"https:\/\/schema.org","@graph":[{"@type":"WebPage","@id":"https:\/\/dlslawfirm.com\/es\/abogados-de-colorado-especializados-en-lesiones-personales\/abogado-de-accidentes-de-coche-en-denver\/lesiones-por-quemaduras-tras-un-accidente-de-trafico\/","url":"https:\/\/dlslawfirm.com\/es\/abogados-de-colorado-especializados-en-lesiones-personales\/abogado-de-accidentes-de-coche-en-denver\/lesiones-por-quemaduras-tras-un-accidente-de-trafico\/","name":"Lesiones por quemaduras tras un accidente de tr\u00e1fico en Denver, Colorado | \u00a1Consigue ayuda ya!","isPartOf":{"@id":"https:\/\/dlslawfirm.com\/es\/#website"},"primaryImageOfPage":{"@id":"https:\/\/dlslawfirm.com\/es\/abogados-de-colorado-especializados-en-lesiones-personales\/abogado-de-accidentes-de-coche-en-denver\/lesiones-por-quemaduras-tras-un-accidente-de-trafico\/#primaryimage"},"image":{"@id":"https:\/\/dlslawfirm.com\/es\/abogados-de-colorado-especializados-en-lesiones-personales\/abogado-de-accidentes-de-coche-en-denver\/lesiones-por-quemaduras-tras-un-accidente-de-trafico\/#primaryimage"},"thumbnailUrl":"https:\/\/dlslawfirm.com\/es\/wp-content\/uploads\/sites\/2\/2020\/11\/car-accident.jpg","datePublished":"2020-11-11T08:16:42+00:00","description":"Nuestros abogados especializados en lesiones de Denver pueden ayudarte a conseguir los tratamientos m\u00e9dicos que necesitas, as\u00ed como el dinero que necesitas y mereces. Ponte en contacto con nosotros.","breadcrumb":{"@id":"https:\/\/dlslawfirm.com\/es\/abogados-de-colorado-especializados-en-lesiones-personales\/abogado-de-accidentes-de-coche-en-denver\/lesiones-por-quemaduras-tras-un-accidente-de-trafico\/#breadcrumb"},"inLanguage":"es","potentialAction":[{"@type":"ReadAction","target":["https:\/\/dlslawfirm.com\/es\/abogados-de-colorado-especializados-en-lesiones-personales\/abogado-de-accidentes-de-coche-en-denver\/lesiones-por-quemaduras-tras-un-accidente-de-trafico\/"]}]},{"@type":"ImageObject","inLanguage":"es","@id":"https:\/\/dlslawfirm.com\/es\/abogados-de-colorado-especializados-en-lesiones-personales\/abogado-de-accidentes-de-coche-en-denver\/lesiones-por-quemaduras-tras-un-accidente-de-trafico\/#primaryimage","url":"https:\/\/dlslawfirm.com\/es\/wp-content\/uploads\/sites\/2\/2020\/11\/car-accident.jpg","contentUrl":"https:\/\/dlslawfirm.com\/es\/wp-content\/uploads\/sites\/2\/2020\/11\/car-accident.jpg","width":1000,"height":667,"caption":"denver-uber-accident"},{"@type":"BreadcrumbList","@id":"https:\/\/dlslawfirm.com\/es\/abogados-de-colorado-especializados-en-lesiones-personales\/abogado-de-accidentes-de-coche-en-denver\/lesiones-por-quemaduras-tras-un-accidente-de-trafico\/#breadcrumb","itemListElement":[{"@type":"ListItem","position":1,"name":"Home","item":"https:\/\/dlslawfirm.com\/es\/"},{"@type":"ListItem","position":2,"name":"Abogados de Colorado especializados en lesiones personales","item":"https:\/\/dlslawfirm.com\/es\/abogados-de-colorado-especializados-en-lesiones-personales\/"},{"@type":"ListItem","position":3,"name":"Abogado de accidentes de coche en Denver","item":"https:\/\/dlslawfirm.com\/es\/abogados-de-colorado-especializados-en-lesiones-personales\/abogado-de-accidentes-de-coche-en-denver\/"},{"@type":"ListItem","position":4,"name":"Lesiones por quemaduras tras un accidente de tr\u00e1fico"}]},{"@type":"WebSite","@id":"https:\/\/dlslawfirm.com\/es\/#website","url":"https:\/\/dlslawfirm.com\/es\/","name":"Law Offices of Dianne Sawaya LLC- En Espanol","description":"","potentialAction":[{"@type":"SearchAction","target":{"@type":"EntryPoint","urlTemplate":"https:\/\/dlslawfirm.com\/es\/?s={search_term_string}"},"query-input":{"@type":"PropertyValueSpecification","valueRequired":true,"valueName":"search_term_string"}}],"inLanguage":"es"}]}},"_links":{"self":[{"href":"https:\/\/dlslawfirm.com\/es\/wp-json\/wp\/v2\/pages\/6873","targetHints":{"allow":["GET"]}}],"collection":[{"href":"https:\/\/dlslawfirm.com\/es\/wp-json\/wp\/v2\/pages"}],"about":[{"href":"https:\/\/dlslawfirm.com\/es\/wp-json\/wp\/v2\/types\/page"}],"author":[{"embeddable":true,"href":"https:\/\/dlslawfirm.com\/es\/wp-json\/wp\/v2\/users\/2"}],"replies":[{"embeddable":true,"href":"https:\/\/dlslawfirm.com\/es\/wp-json\/wp\/v2\/comments?post=6873"}],"version-history":[{"count":0,"href":"https:\/\/dlslawfirm.com\/es\/wp-json\/wp\/v2\/pages\/6873\/revisions"}],"up":[{"embeddable":true,"href":"https:\/\/dlslawfirm.com\/es\/wp-json\/wp\/v2\/pages\/7038"}],"wp:featuredmedia":[{"embeddable":true,"href":"https:\/\/dlslawfirm.com\/es\/wp-json\/wp\/v2\/media\/7290"}],"wp:attachment":[{"href":"https:\/\/dlslawfirm.com\/es\/wp-json\/wp\/v2\/media?parent=6873"}],"wp:term":[{"taxonomy":"post_tag","embeddable":true,"href":"https:\/\/dlslawfirm.com\/es\/wp-json\/wp\/v2\/tags?post=6873"}],"curies":[{"name":"wp","href":"https:\/\/api.w.org\/{rel}","templated":true}]}}