{"id":6870,"date":"2021-11-23T05:37:04","date_gmt":"2021-11-23T05:37:04","guid":{"rendered":"https:\/\/dlslawfirm.com\/abogado-de-lesiones-personales-en-loveland\/abogado-de-accidentes-de-coche-en-loveland\/"},"modified":"2021-11-23T05:37:04","modified_gmt":"2021-11-23T05:37:04","slug":"abogado-de-accidentes-de-coche-en-loveland","status":"publish","type":"page","link":"https:\/\/dlslawfirm.com\/es\/abogado-de-lesiones-personales-en-loveland\/abogado-de-accidentes-de-coche-en-loveland\/","title":{"rendered":"Abogado de accidentes de coche en Loveland"},"content":{"rendered":"<h2>Abogado de Accidente de Coche en Loveland, Colorado<\/h2>\n<p>Si te has visto implicado en un accidente de coche en Loveland, puede que quedes herido, incapacitado para trabajar e inseguro de qu\u00e9 hacer o ad\u00f3nde acudir. Si te encuentras en esta situaci\u00f3n, puede beneficiarte mucho ponerte en contacto con un <a href=\"https:\/\/dlslawfirm.com\/our-team\/\">abogado de accidentes de coche<\/a> de Loveland, CO. Los accidentes de coche son demasiado frecuentes en el mundo actual.<\/p>\n<p>En 2021, habr\u00e1 aproximadamente <a href=\"https:\/\/hedgescompany.com\/automotive-market-research-statistics\/auto-mailing-lists-and-marketing\/\" target=\"_blank\" rel=\"noopener\">289,5 millones de<\/a> veh\u00edculos matriculados en Estados Unidos. Seg\u00fan <a href=\"https:\/\/www.driverknowledge.com\/car-accident-statistics\/\" target=\"_blank\" rel=\"noopener\">driverknowledge.com<\/a>, cada a\u00f1o se producen aproximadamente seis millones de accidentes de tr\u00e1fico. Alrededor de tres millones de ellas resultan en lesiones y alrededor de dos millones de los lesionados sufrir\u00e1n problemas a largo plazo como consecuencia de sus lesiones.<\/p>\n<p>La <a href=\"https:\/\/dlslawfirm.com\/attorneys\/dianne-sawaya-principal-personal-injury-attorney\/\">abogada Dianne Sawaya<\/a> es una abogada de accidentes de coche de Loveland, CO, que puede ayudarte en estos momentos dif\u00edciles de la mejor manera posible. Dianne y su equipo jur\u00eddico trabajar\u00e1n sin descanso para que recibas una indemnizaci\u00f3n justa por tus lesiones y otros da\u00f1os. Dianne Sawaya sabe que un accidente de coche puede cambiar tu vida en un instante y, en algunos casos, para siempre.<\/p>\n[cta_interior title=&#8221;CTA Interior&#8221;]\n<p>Tienes derecho a una indemnizaci\u00f3n por tus lesiones f\u00edsicas y emocionales, as\u00ed como por los da\u00f1os sufridos por tu veh\u00edculo y algunos otros perjuicios. Las compa\u00f1\u00edas de seguros suelen estar menos interesadas en tu futuro que en sus resultados financieros. Tener a tu lado a una abogada fuerte como Dianne Sawaya puede suponer una gran diferencia en el resultado de tu reclamaci\u00f3n por accidente de tr\u00e1fico.<\/p>\n<h2>\u00bfPor qu\u00e9 elegir a la abogada de accidentes de tr\u00e1fico de Loveland, CO, Dianne Sawaya?<\/h2>\n<p>En el Bufete Jur\u00eddico de Dianne Sawaya, entendemos que tienes opciones cuando decides contratar a un abogado de accidentes de tr\u00e1fico. Porque tienes opciones, nos esforzamos al m\u00e1ximo para asegurarnos de que somos la mejor elecci\u00f3n para ti y para tu futuro.<\/p>\n<p>La abogada Dianne Sawaya trabaja con la compa\u00f1\u00eda de seguros para asegurarse de que cumple la obligaci\u00f3n que tiene contigo de pagar tus lesiones, tu baja laboral, tu dolor y sufrimiento, y mucho m\u00e1s. Dianne es tanto una negociadora muy h\u00e1bil como una dura litigante que nunca dudar\u00e1 en litigar tu caso ante un juez y un jurado.<\/p>\n<p>El equipo jur\u00eddico del bufete de Dianne Sawaya es inteligente, agresivo, compasivo y experto. Despacho Jur\u00eddico de Dianne Sawaya:<\/p>\n<ul>\n<li>Tiene m\u00e1s de 180 opiniones positivas en Google, as\u00ed como miles de clientes satisfechos;<\/li>\n<li>Siempre maximizaremos el acuerdo que necesitas y mereces;<\/li>\n<li>Ofrece siempre una consulta 100% gratuita;<\/li>\n<li>No percibe honorarios si no hay recuperaci\u00f3n, y<\/li>\n<li>Te ayudar\u00e1 a obtener el tratamiento m\u00e9dico que necesitas.<\/li>\n<\/ul>\n<h2>\u00bfCu\u00e1les son las causas t\u00edpicas de los accidentes de tr\u00e1fico?<\/h2>\n<p>Hay muchos factores distintos en los accidentes de tr\u00e1fico. Aunque tu accidente de coche ser\u00e1 \u00fanico en muchos aspectos, es probable que haya sido causado por uno o varios de los siguientes factores:<\/p>\n<ul>\n<li>La <a href=\"https:\/\/dlslawfirm.com\/personal-injury\/car-accidents\/distracted-driving-accidents\/\">conducci\u00f3n distra\u00edda<\/a> ha ascendido r\u00e1pidamente en la lista durante la \u00faltima d\u00e9cada y probablemente sea ahora una de las principales causas de accidentes de tr\u00e1fico. Los estadounidenses son multitarea y esos comportamientos tienden a trasladarse a la conducci\u00f3n. Cuando conduces s\u00f3lo deber\u00edas conducir, pero muchos de nosotros hablamos por tel\u00e9fono, enviamos mensajes de texto, comemos comidas enteras, so\u00f1amos despiertos, nos giramos para ver qu\u00e9 hacen los ni\u00f1os, jugueteamos con los mandos del coche, incluidos la radio y el GPS, hablamos con los pasajeros o miramos lo que pasa al lado de la carretera. Conducir distra\u00eddo es peligroso y puede ser mortal.<\/li>\n<li>La <a href=\"https:\/\/dlslawfirm.com\/personal-injury\/car-accidents\/fatigued-driving-my\/\">conducci\u00f3n fatigada<\/a> tambi\u00e9n es cada vez m\u00e1s frecuente. Como naci\u00f3n, nuestros h\u00e1bitos de sue\u00f1o han disminuido constantemente, y muchos de nosotros pasamos el d\u00eda agotados por la falta de sue\u00f1o. En algunos casos, conducir con fatiga excesiva puede ser tan peligroso como conducir bajo los efectos de las drogas, ya que el conductor tiene reflejos m\u00e1s lentos de lo normal.<\/li>\n<li>La <a href=\"https:\/\/dlslawfirm.com\/personal-injury\/drunk-driving-accident-attorney\/drunk-driving-in-denver-a-danger-to-residents\/\">conducci\u00f3n alterada<\/a> se produce cuando un conductor ha bebido alcohol o ha consumido drogas il\u00edcitas o recetadas que inhiben sus respuestas.<\/li>\n<li>El <a href=\"https:\/\/dlslawfirm.com\/personal-injury\/car-accidents\/speeding-accidents\/\">exceso de velocidad<\/a> es un h\u00e1bito de conducci\u00f3n especialmente peligroso que puede ser un factor en muchos accidentes de tr\u00e1fico: cuanto m\u00e1s r\u00e1pido conduces, m\u00e1s lento es tu tiempo de reacci\u00f3n.<\/li>\n<li>Los comportamientos <a href=\"https:\/\/dlslawfirm.com\/colorado-car-accident-guide\/\">imprudentes al volante<\/a> incluyen entrar y salirse del tr\u00e1fico, cortar el paso a otros conductores, adelantar por detr\u00e1s, rebasar en doble l\u00ednea amarilla y otros comportamientos peligrosos.<\/li>\n<li><a href=\"https:\/\/dlslawfirm.com\/snow-removal-safety-tips\/\">Las inclemencias del<\/a> tiempo pueden crear calzadas resbaladizas, haciendo que los coches resbalen y resbalen. Si te encuentras atrapado en una tormenta de lluvia, hielo, nieve o fuertes vientos, tus probabilidades de sufrir un accidente de tr\u00e1fico aumentan exponencialmente.<\/li>\n<\/ul>\n<h2>\u00bfCu\u00e1l es la lesi\u00f3n m\u00e1s frecuente en los accidentes de tr\u00e1fico?<\/h2>\n<p>Los accidentes de coche en calles muy transitadas de Loveland, como la 1\u00aa calle y North Garfield Avenue, pueden causar lesiones muy diversas. Quiz\u00e1 la lesi\u00f3n m\u00e1s com\u00fan derivada de un accidente de coche (normalmente un <a href=\"https:\/\/dlslawfirm.com\/personal-injury\/car-accidents\/rear-end-collisions\/\">accidente de coche por alcance<\/a>) sea el latigazo cervical. Por desgracia, mucha gente cree que el latigazo cervical no es una lesi\u00f3n real, sino que lo utilizan quienes quieren cobrar una indemnizaci\u00f3n del seguro aunque no se hayan lesionado.<\/p>\n<p>Esto dista mucho de la verdad. El latigazo cervical es una lesi\u00f3n de los tejidos blandos que se produce cuando la cabeza de una persona se mueve hacia atr\u00e1s, y luego hacia delante, con gran fuerza, extendiendo los m\u00fasculos y ligamentos de tu cuello m\u00e1s all\u00e1 de su rango t\u00edpico de movimiento. Las lesiones por latigazo cervical pueden no manifestarse inmediatamente despu\u00e9s del accidente de coche, sino que los s\u00edntomas pueden tardar varios d\u00edas, incluso una semana, en aparecer.<\/p>\n<p><a href=\"https:\/\/dlslawfirm.com\/personal-injury\/car-accidents\/whiplash-injury\/\">El latigazo cervical<\/a> se considera relativamente leve, pero los efectos secundarios y los s\u00edntomas pueden ser graves y durar mucho tiempo. Los s\u00edntomas del latigazo cervical incluyen dolor y rigidez de cuello, dolores de cabeza (sobre todo en la base del cr\u00e1neo), fatiga cr\u00f3nica, visi\u00f3n borrosa, v\u00e9rtigo, dificultad de concentraci\u00f3n, problemas de memoria, insomnio, irritabilidad y zumbidos de o\u00eddos. La tomograf\u00eda computarizada o la resonancia magn\u00e9tica permiten a tu m\u00e9dico evaluar el da\u00f1o o la inflamaci\u00f3n en los tejidos blandos, la m\u00e9dula espinal o los nervios.<\/p>\n<p>Otras lesiones frecuentes en un accidente de coche en Loveland, CO, son hematomas y contusiones, fractura de huesos, lesiones por aplastamiento, quemaduras, lesiones en el cuello y la espalda, lesiones en las rodillas al golpearlas con fuerza contra el salpicadero, da\u00f1os en \u00f3rganos internos, lesi\u00f3n cerebral traum\u00e1tica y lesiones en la m\u00e9dula espinal, que a veces causan paraplejia o tetraplejia.<\/p>\n<h2>\u00bfCu\u00e1les son los da\u00f1os potenciales en una demanda por accidente de coche en Loveland, CO?<\/h2>\n<p>Los da\u00f1os que puedes reclamar tras un accidente de coche en Loveland, CO, depender\u00e1n de la gravedad de tus lesiones, as\u00ed como de las circunstancias que rodearon tu accidente. En general, puedes disponer de las siguientes indemnizaciones por da\u00f1os y perjuicios:<\/p>\n<ul>\n<li>Tienes derecho al reembolso de los gastos m\u00e9dicos que se hayan pagado o se deban, as\u00ed como de los gastos m\u00e9dicos futuros que quepa razonablemente esperar. Estos gastos m\u00e9dicos incluyen:<\/li>\n<li>Gastos de ambulancia<\/li>\n<li>Gastos de urgencias<\/li>\n<li>Terapia f\u00edsica y cognitiva<\/li>\n<li>Gastos m\u00e9dicos<\/li>\n<li>Art\u00edculos m\u00e9dicos necesarios, como muletas, sillas de ruedas, etc.<\/li>\n<li>Medicamentos con receta<\/li>\n<li>Servicios sanitarios a domicilio<\/li>\n<li>Las indemnizaciones por da\u00f1os y perjuicios se conceden por dolor y\/o angustia mental o f\u00edsica. El dolor y el sufrimiento pueden incluir el dolor f\u00edsico real, as\u00ed como da\u00f1os emocionales derivados del incidente, como depresi\u00f3n, ansiedad, estr\u00e9s, insomnio y otros. Si tus lesiones incluyen desfiguraci\u00f3n o incapacidad permanente, tambi\u00e9n puedes tener derecho a indemnizaci\u00f3n por ellas.<\/li>\n<li>Los salarios perdidos est\u00e1n disponibles cuando tus lesiones te han impedido trabajar durante unos d\u00edas o unas semanas. Si tu lesi\u00f3n es tan grave que no podr\u00e1s trabajar durante meses, a\u00f1os o para siempre, tambi\u00e9n puedes tener derecho a futuros salarios perdidos.<\/li>\n<li>Si tus lesiones te han privado de la capacidad de mostrar afecto a tu c\u00f3nyuge, \u00e9ste puede tener derecho a una indemnizaci\u00f3n por p\u00e9rdida de consorcio. Este tipo de indemnizaci\u00f3n s\u00f3lo puede recuperarse cuando obtienes una indemnizaci\u00f3n por tus lesiones.<\/li>\n<li>Tambi\u00e9n tienes derecho a una indemnizaci\u00f3n econ\u00f3mica por los da\u00f1os sufridos por tu veh\u00edculo.<strong> <\/strong><\/li>\n<\/ul>\n<h2>\u00bfCu\u00e1nto tardar\u00e1 el cheque de mi liquidaci\u00f3n?<\/h2>\n<p>Si tu abogado llega a un acuerdo con la compa\u00f1\u00eda de seguros, y t\u00fa apruebas el importe del acuerdo, puedes esperar un cheque de una a seis semanas desde el momento del acuerdo. Si tu reclamaci\u00f3n por accidente de tr\u00e1fico va a juicio, una vez que el juez o el jurado tomen una decisi\u00f3n, puedes esperar tu indemnizaci\u00f3n en las semanas siguientes al acuerdo. Tu indemnizaci\u00f3n puede ser en forma de pago \u00fanico o puede ser una indemnizaci\u00f3n estructurada.<strong> <\/strong><\/p>\n<h2>\u00bfPor qu\u00e9 necesito un abogado de accidentes de coche en Loveland, CO?<\/h2>\n<p>Si te encuentras lesionado tras un accidente de coche y te preguntas si debes contratar a un abogado de accidentes de coche en Loveland, CO, es importante que sepas que:<\/p>\n<ul>\n<li>Tu abogado de accidentes de coche se asegurar\u00e1 de que recibas una indemnizaci\u00f3n si tu vida se ve comprometida como consecuencia de la negligencia de otro.<\/li>\n<li>El objetivo general de tu abogado de accidentes de coche es guiarte a trav\u00e9s del laberinto de informaci\u00f3n y acciones necesarias tras tu accidente.<\/li>\n<li>Las reclamaciones por da\u00f1os personales suelen ser mucho m\u00e1s complejas que las de propiedad, por lo que contar con un abogado fuerte a tu lado es crucial.<\/li>\n<li>Tu abogado de accidentes de coche en Loveland, CO, se asegurar\u00e1 de que tus derechos est\u00e9n protegidos en todo momento, luchando constantemente por ti y por tu futuro.<\/li>\n<\/ul>\n<h2>\u00bfC\u00f3mo puede ayudarte el bufete de Dianne Sawaya con tu reclamaci\u00f3n por accidente de coche en Loveland, CO?<\/h2>\n<p>La abogada Dianne Sawaya y su equipo legal altamente experimentado tomar\u00e1n decisiones educadas y compasivas para ti y tu situaci\u00f3n \u00fanica. Estamos muy familiarizados con los tratamientos m\u00e9dicos necesarios tras un accidente de coche y podemos comunicarnos con tus proveedores m\u00e9dicos (por ejemplo, en el Medical Center of the Rockies, o cualquier otro proveedor) para asegurarnos de que recibes la mejor atenci\u00f3n posible. La abogada Dianne Sawaya utiliza sus amplios conocimientos para explorar todas las opciones en tu nombre, asegur\u00e1ndose siempre de que comprendes perfectamente el proceso de reclamaci\u00f3n.<\/p>\n<p>Queremos que t\u00fa y tu familia pod\u00e1is seguir adelante de la mejor manera posible. La \u00fanica forma de conseguirlo es recibir un acuerdo equitativo que pague los gastos en que hayas incurrido como consecuencia de tu accidente de coche en Loveland, CO. Dianne y su equipo comprenden que \u00e9ste es un momento emotivo para ti, mientras te enfrentas a las secuelas de tu accidente de coche. Te mostramos el mismo cuidado y atenci\u00f3n que dar\u00edamos a nuestros propios seres queridos. <a href=\"https:\/\/dlslawfirm.com\/contact-us\/\">Ponte en contacto con<\/a> el bufete de Dianne Sawaya hoy mismo, estamos a tu disposici\u00f3n 24 horas al d\u00eda, 7 d\u00edas a la semana, y tenemos oficinas en <a href=\"https:\/\/dlslawfirm.com\/loveland-co-office\/\">Loveland<\/a> y Denver.<\/p>\n","protected":false},"excerpt":{"rendered":"<p>Abogado de Accidente de Coche en Loveland, Colorado Si te has visto implicado en un accidente de coche en Loveland, puede que quedes herido, incapacitado para trabajar e inseguro de qu\u00e9 hacer o ad\u00f3nde acudir. Si te encuentras en esta situaci\u00f3n, puede beneficiarte mucho ponerte en contacto con un abogado de accidentes de coche de&#8230;<\/p>\n","protected":false},"author":2,"featured_media":3908,"parent":6860,"menu_order":10,"comment_status":"closed","ping_status":"closed","template":"","meta":{"_acf_changed":false,"footnotes":""},"tags":[],"class_list":["post-6870","page","type-page","status-publish","has-post-thumbnail","hentry"],"acf":[],"yoast_head":"<!-- This site is optimized with the Yoast SEO plugin v27.4 - https:\/\/yoast.com\/product\/yoast-seo-wordpress\/ -->\n<title>Abogado Accidente Coche Loveland | Colorado | 100% Consulta Gratuita<\/title>\n<meta name=\"description\" content=\"Tras un accidente de coche en Loveland, CO nuestros abogados te muestran el mismo cuidado y atenci\u00f3n que dar\u00edamos a nuestros propios seres queridos. Llama hoy mismo.\" \/>\n<meta name=\"robots\" content=\"index, follow, max-snippet:-1, max-image-preview:large, max-video-preview:-1\" \/>\n<link rel=\"canonical\" href=\"https:\/\/dlslawfirm.com\/es\/abogado-de-lesiones-personales-en-loveland\/abogado-de-accidentes-de-coche-en-loveland\/\" \/>\n<meta property=\"og:locale\" content=\"es_MX\" \/>\n<meta property=\"og:type\" content=\"article\" \/>\n<meta property=\"og:title\" content=\"Abogado Accidente Coche Loveland | Colorado | 100% Consulta Gratuita\" \/>\n<meta property=\"og:description\" content=\"Tras un accidente de coche en Loveland, CO nuestros abogados te muestran el mismo cuidado y atenci\u00f3n que dar\u00edamos a nuestros propios seres queridos. Llama hoy mismo.\" \/>\n<meta property=\"og:url\" content=\"https:\/\/dlslawfirm.com\/es\/abogado-de-lesiones-personales-en-loveland\/abogado-de-accidentes-de-coche-en-loveland\/\" \/>\n<meta property=\"og:site_name\" content=\"Law Offices of Dianne Sawaya LLC- En Espanol\" \/>\n<meta property=\"og:image\" content=\"https:\/\/dlslawfirm.com\/es\/wp-content\/uploads\/sites\/2\/2018\/09\/14025900_s.jpg\" \/>\n\t<meta property=\"og:image:width\" content=\"850\" \/>\n\t<meta property=\"og:image:height\" content=\"563\" \/>\n\t<meta property=\"og:image:type\" content=\"image\/jpeg\" \/>\n<meta name=\"twitter:card\" content=\"summary_large_image\" \/>\n<meta name=\"twitter:label1\" content=\"Est. reading time\" \/>\n\t<meta name=\"twitter:data1\" content=\"10 minutos\" \/>\n<script type=\"application\/ld+json\" class=\"yoast-schema-graph\">{\"@context\":\"https:\\\/\\\/schema.org\",\"@graph\":[{\"@type\":\"WebPage\",\"@id\":\"https:\\\/\\\/dlslawfirm.com\\\/es\\\/abogado-de-lesiones-personales-en-loveland\\\/abogado-de-accidentes-de-coche-en-loveland\\\/\",\"url\":\"https:\\\/\\\/dlslawfirm.com\\\/es\\\/abogado-de-lesiones-personales-en-loveland\\\/abogado-de-accidentes-de-coche-en-loveland\\\/\",\"name\":\"Abogado Accidente Coche Loveland | Colorado | 100% Consulta Gratuita\",\"isPartOf\":{\"@id\":\"https:\\\/\\\/dlslawfirm.com\\\/es\\\/#website\"},\"primaryImageOfPage\":{\"@id\":\"https:\\\/\\\/dlslawfirm.com\\\/es\\\/abogado-de-lesiones-personales-en-loveland\\\/abogado-de-accidentes-de-coche-en-loveland\\\/#primaryimage\"},\"image\":{\"@id\":\"https:\\\/\\\/dlslawfirm.com\\\/es\\\/abogado-de-lesiones-personales-en-loveland\\\/abogado-de-accidentes-de-coche-en-loveland\\\/#primaryimage\"},\"thumbnailUrl\":\"https:\\\/\\\/dlslawfirm.com\\\/es\\\/wp-content\\\/uploads\\\/sites\\\/2\\\/2018\\\/09\\\/14025900_s.jpg\",\"datePublished\":\"2021-11-23T05:37:04+00:00\",\"description\":\"Tras un accidente de coche en Loveland, CO nuestros abogados te muestran el mismo cuidado y atenci\u00f3n que dar\u00edamos a nuestros propios seres queridos. Llama hoy mismo.\",\"breadcrumb\":{\"@id\":\"https:\\\/\\\/dlslawfirm.com\\\/es\\\/abogado-de-lesiones-personales-en-loveland\\\/abogado-de-accidentes-de-coche-en-loveland\\\/#breadcrumb\"},\"inLanguage\":\"es\",\"potentialAction\":[{\"@type\":\"ReadAction\",\"target\":[\"https:\\\/\\\/dlslawfirm.com\\\/es\\\/abogado-de-lesiones-personales-en-loveland\\\/abogado-de-accidentes-de-coche-en-loveland\\\/\"]}]},{\"@type\":\"ImageObject\",\"inLanguage\":\"es\",\"@id\":\"https:\\\/\\\/dlslawfirm.com\\\/es\\\/abogado-de-lesiones-personales-en-loveland\\\/abogado-de-accidentes-de-coche-en-loveland\\\/#primaryimage\",\"url\":\"https:\\\/\\\/dlslawfirm.com\\\/es\\\/wp-content\\\/uploads\\\/sites\\\/2\\\/2018\\\/09\\\/14025900_s.jpg\",\"contentUrl\":\"https:\\\/\\\/dlslawfirm.com\\\/es\\\/wp-content\\\/uploads\\\/sites\\\/2\\\/2018\\\/09\\\/14025900_s.jpg\",\"width\":850,\"height\":563},{\"@type\":\"BreadcrumbList\",\"@id\":\"https:\\\/\\\/dlslawfirm.com\\\/es\\\/abogado-de-lesiones-personales-en-loveland\\\/abogado-de-accidentes-de-coche-en-loveland\\\/#breadcrumb\",\"itemListElement\":[{\"@type\":\"ListItem\",\"position\":1,\"name\":\"Home\",\"item\":\"https:\\\/\\\/dlslawfirm.com\\\/es\\\/\"},{\"@type\":\"ListItem\",\"position\":2,\"name\":\"Abogado de lesiones personales en Loveland\",\"item\":\"https:\\\/\\\/dlslawfirm.com\\\/es\\\/abogado-de-lesiones-personales-en-loveland\\\/\"},{\"@type\":\"ListItem\",\"position\":3,\"name\":\"Abogado de accidentes de coche en Loveland\"}]},{\"@type\":\"WebSite\",\"@id\":\"https:\\\/\\\/dlslawfirm.com\\\/es\\\/#website\",\"url\":\"https:\\\/\\\/dlslawfirm.com\\\/es\\\/\",\"name\":\"Law Offices of Dianne Sawaya LLC- En Espanol\",\"description\":\"\",\"potentialAction\":[{\"@type\":\"SearchAction\",\"target\":{\"@type\":\"EntryPoint\",\"urlTemplate\":\"https:\\\/\\\/dlslawfirm.com\\\/es\\\/?s={search_term_string}\"},\"query-input\":{\"@type\":\"PropertyValueSpecification\",\"valueRequired\":true,\"valueName\":\"search_term_string\"}}],\"inLanguage\":\"es\"}]}<\/script>\n<!-- \/ Yoast SEO plugin. -->","yoast_head_json":{"title":"Abogado Accidente Coche Loveland | Colorado | 100% Consulta Gratuita","description":"Tras un accidente de coche en Loveland, CO nuestros abogados te muestran el mismo cuidado y atenci\u00f3n que dar\u00edamos a nuestros propios seres queridos. Llama hoy mismo.","robots":{"index":"index","follow":"follow","max-snippet":"max-snippet:-1","max-image-preview":"max-image-preview:large","max-video-preview":"max-video-preview:-1"},"canonical":"https:\/\/dlslawfirm.com\/es\/abogado-de-lesiones-personales-en-loveland\/abogado-de-accidentes-de-coche-en-loveland\/","og_locale":"es_MX","og_type":"article","og_title":"Abogado Accidente Coche Loveland | Colorado | 100% Consulta Gratuita","og_description":"Tras un accidente de coche en Loveland, CO nuestros abogados te muestran el mismo cuidado y atenci\u00f3n que dar\u00edamos a nuestros propios seres queridos. Llama hoy mismo.","og_url":"https:\/\/dlslawfirm.com\/es\/abogado-de-lesiones-personales-en-loveland\/abogado-de-accidentes-de-coche-en-loveland\/","og_site_name":"Law Offices of Dianne Sawaya LLC- En Espanol","og_image":[{"width":850,"height":563,"url":"https:\/\/dlslawfirm.com\/es\/wp-content\/uploads\/sites\/2\/2018\/09\/14025900_s.jpg","type":"image\/jpeg"}],"twitter_card":"summary_large_image","twitter_misc":{"Est. reading time":"10 minutos"},"schema":{"@context":"https:\/\/schema.org","@graph":[{"@type":"WebPage","@id":"https:\/\/dlslawfirm.com\/es\/abogado-de-lesiones-personales-en-loveland\/abogado-de-accidentes-de-coche-en-loveland\/","url":"https:\/\/dlslawfirm.com\/es\/abogado-de-lesiones-personales-en-loveland\/abogado-de-accidentes-de-coche-en-loveland\/","name":"Abogado Accidente Coche Loveland | Colorado | 100% Consulta Gratuita","isPartOf":{"@id":"https:\/\/dlslawfirm.com\/es\/#website"},"primaryImageOfPage":{"@id":"https:\/\/dlslawfirm.com\/es\/abogado-de-lesiones-personales-en-loveland\/abogado-de-accidentes-de-coche-en-loveland\/#primaryimage"},"image":{"@id":"https:\/\/dlslawfirm.com\/es\/abogado-de-lesiones-personales-en-loveland\/abogado-de-accidentes-de-coche-en-loveland\/#primaryimage"},"thumbnailUrl":"https:\/\/dlslawfirm.com\/es\/wp-content\/uploads\/sites\/2\/2018\/09\/14025900_s.jpg","datePublished":"2021-11-23T05:37:04+00:00","description":"Tras un accidente de coche en Loveland, CO nuestros abogados te muestran el mismo cuidado y atenci\u00f3n que dar\u00edamos a nuestros propios seres queridos. Llama hoy mismo.","breadcrumb":{"@id":"https:\/\/dlslawfirm.com\/es\/abogado-de-lesiones-personales-en-loveland\/abogado-de-accidentes-de-coche-en-loveland\/#breadcrumb"},"inLanguage":"es","potentialAction":[{"@type":"ReadAction","target":["https:\/\/dlslawfirm.com\/es\/abogado-de-lesiones-personales-en-loveland\/abogado-de-accidentes-de-coche-en-loveland\/"]}]},{"@type":"ImageObject","inLanguage":"es","@id":"https:\/\/dlslawfirm.com\/es\/abogado-de-lesiones-personales-en-loveland\/abogado-de-accidentes-de-coche-en-loveland\/#primaryimage","url":"https:\/\/dlslawfirm.com\/es\/wp-content\/uploads\/sites\/2\/2018\/09\/14025900_s.jpg","contentUrl":"https:\/\/dlslawfirm.com\/es\/wp-content\/uploads\/sites\/2\/2018\/09\/14025900_s.jpg","width":850,"height":563},{"@type":"BreadcrumbList","@id":"https:\/\/dlslawfirm.com\/es\/abogado-de-lesiones-personales-en-loveland\/abogado-de-accidentes-de-coche-en-loveland\/#breadcrumb","itemListElement":[{"@type":"ListItem","position":1,"name":"Home","item":"https:\/\/dlslawfirm.com\/es\/"},{"@type":"ListItem","position":2,"name":"Abogado de lesiones personales en Loveland","item":"https:\/\/dlslawfirm.com\/es\/abogado-de-lesiones-personales-en-loveland\/"},{"@type":"ListItem","position":3,"name":"Abogado de accidentes de coche en Loveland"}]},{"@type":"WebSite","@id":"https:\/\/dlslawfirm.com\/es\/#website","url":"https:\/\/dlslawfirm.com\/es\/","name":"Law Offices of Dianne Sawaya LLC- En Espanol","description":"","potentialAction":[{"@type":"SearchAction","target":{"@type":"EntryPoint","urlTemplate":"https:\/\/dlslawfirm.com\/es\/?s={search_term_string}"},"query-input":{"@type":"PropertyValueSpecification","valueRequired":true,"valueName":"search_term_string"}}],"inLanguage":"es"}]}},"_links":{"self":[{"href":"https:\/\/dlslawfirm.com\/es\/wp-json\/wp\/v2\/pages\/6870","targetHints":{"allow":["GET"]}}],"collection":[{"href":"https:\/\/dlslawfirm.com\/es\/wp-json\/wp\/v2\/pages"}],"about":[{"href":"https:\/\/dlslawfirm.com\/es\/wp-json\/wp\/v2\/types\/page"}],"author":[{"embeddable":true,"href":"https:\/\/dlslawfirm.com\/es\/wp-json\/wp\/v2\/users\/2"}],"replies":[{"embeddable":true,"href":"https:\/\/dlslawfirm.com\/es\/wp-json\/wp\/v2\/comments?post=6870"}],"version-history":[{"count":0,"href":"https:\/\/dlslawfirm.com\/es\/wp-json\/wp\/v2\/pages\/6870\/revisions"}],"up":[{"embeddable":true,"href":"https:\/\/dlslawfirm.com\/es\/wp-json\/wp\/v2\/pages\/6860"}],"wp:featuredmedia":[{"embeddable":true,"href":"https:\/\/dlslawfirm.com\/es\/wp-json\/wp\/v2\/media\/3908"}],"wp:attachment":[{"href":"https:\/\/dlslawfirm.com\/es\/wp-json\/wp\/v2\/media?parent=6870"}],"wp:term":[{"taxonomy":"post_tag","embeddable":true,"href":"https:\/\/dlslawfirm.com\/es\/wp-json\/wp\/v2\/tags?post=6870"}],"curies":[{"name":"wp","href":"https:\/\/api.w.org\/{rel}","templated":true}]}}