{"id":6869,"date":"2020-11-11T09:19:26","date_gmt":"2020-11-11T09:19:26","guid":{"rendered":"https:\/\/dlslawfirm.com\/lesion-por-latigazo-cervical-tras-un-accidente-de-trafico\/"},"modified":"2020-11-11T09:19:26","modified_gmt":"2020-11-11T09:19:26","slug":"lesion-por-latigazo-cervical-tras-un-accidente-de-trafico","status":"publish","type":"page","link":"https:\/\/dlslawfirm.com\/es\/abogados-de-colorado-especializados-en-lesiones-personales\/abogado-de-accidentes-de-coche-en-denver\/lesion-por-latigazo-cervical-tras-un-accidente-de-trafico\/","title":{"rendered":"Lesi\u00f3n por latigazo cervical tras un accidente de tr\u00e1fico"},"content":{"rendered":"<h2><strong>Conceptos err\u00f3neos sobre las lesiones por latigazo cervical en accidentes de tr\u00e1fico<\/strong><\/h2>\n<p>Por desgracia, hay muchos mitos y conceptos err\u00f3neos sobre las lesiones por latigazo cervical que pueden influir significativamente en la forma en que los dem\u00e1s reaccionan ante tu lesi\u00f3n por accidente. Aunque una lesi\u00f3n por latigazo cervical puede producirse de diversas formas, los conductores que son golpeados por detr\u00e1s son los que tienen m\u00e1s probabilidades de sufrir una lesi\u00f3n por latigazo cervical; entre las ideas err\u00f3neas sobre estas lesiones por latigazo cervical se incluyen:<\/p>\n<ul>\n<li><strong>Si el coche no est\u00e1 da\u00f1ado, entonces la persona que est\u00e1 dentro est\u00e1 bien<\/strong>. De hecho, una lesi\u00f3n por latigazo cervical puede producirse a velocidades muy bajas -velocidades que no da\u00f1ar\u00e1n el coche, pero que podr\u00edan causar una lesi\u00f3n grave por latigazo cervical-. En general, el factor de riesgo de sufrir un latigazo cervical aumenta a mayor velocidad, pero es importante recordar que los tejidos del cuello son mucho m\u00e1s sensibles que los del exterior del coche.<\/li>\n<li><strong>Si no sientes dolor inmediato, entonces no tienes latigazo cervical.<\/strong>  \u00c9ste es otro mito que no podr\u00eda estar m\u00e1s lejos de la realidad; las lesiones por latigazo cervical pueden presentarse d\u00edas o incluso semanas despu\u00e9s de un accidente de coche. De hecho, la descarga de adrenalina que recibes en un accidente de coche puede enmascarar muchas lesiones diferentes, incluido el latigazo cervical.<\/li>\n<li><strong>Si una radiograf\u00eda no muestra latigazo cervical, entonces no existe latigazo cervical<\/strong>. De nuevo, esto es inequ\u00edvocamente falso. Una radiograf\u00eda no puede mostrar lesiones de los tejidos blandos, aunque puede servir para descartar una lesi\u00f3n de la m\u00e9dula espinal. Un m\u00e9dico puede determinar la existencia de un latigazo cervical mediante una exploraci\u00f3n f\u00edsica, un TAC o una resonancia magn\u00e9tica.<\/li>\n<li><strong>Una vez que ha remitido el dolor inicial,<\/strong><strong>la lesi\u00f3n por latigazo cervical<\/strong><strong>no<\/strong> tiene<strong>repercusiones a largo plazo<\/strong>. Por desgracia, las v\u00edctimas de latigazo cervical pueden sufrir mareos continuos, zumbidos en los o\u00eddos que aparecen y desaparecen, dolor cr\u00f3nico en el cuello y los hombros y, en el caso de las v\u00edctimas de mayor edad, problemas de movilidad debido al v\u00e9rtigo relacionado con el latigazo cervical.<\/li>\n<\/ul>\n[cta_interior title=&#8221;CTA Interior&#8221;]\n<h3><strong>Prevalencia de las lesiones por latigazo cervical asociadas a los accidentes de tr\u00e1fico<\/strong><\/h3>\n<p>Seg\u00fan <a href=\"https:\/\/chirocareflorida.com\/whiplash-statistics#:~:text=More%20than%203%20million%20new,to%2050%20years%20of%20age.\" target=\"_blank\" rel=\"noopener noreferrer\">chirocareflorida.com<\/a>, aunque la mayor\u00eda de las lesiones por latigazo cervical son consecuencia de un accidente de coche, las ca\u00eddas de un caballo o una bicicleta, u otros tipos de lesiones por deportes de contacto tambi\u00e9n pueden provocar una lesi\u00f3n por latigazo cervical. Un <a href=\"https:\/\/www.semanticscholar.org\/paper\/Factors-affecting-employment-after-whiplash-injury.-Gozzard-Bannister\/b22fb8fec631575c39c6e9a40a6308d6ab40958c\" target=\"_blank\" rel=\"noopener noreferrer\">estudio<\/a> descubri\u00f3 que un 7% de las v\u00edctimas de latigazo cervical no pod\u00edan volver a trabajar nunca y que el tiempo medio de baja laboral tras una lesi\u00f3n por latigazo cervical era de casi 8 semanas.<\/p>\n<p>Aunque los aut\u00f3nomos tend\u00edan a reincorporarse al trabajo mucho m\u00e1s r\u00e1pidamente, este grupo era tambi\u00e9n el que ten\u00eda menos probabilidades de recuperarse totalmente de las lesiones por latigazo cervical. Cada a\u00f1o se producen m\u00e1s de tres millones de nuevos casos de latigazo cervical en Estados Unidos, y la mitad de ellos sufren alg\u00fan grado de dolor cr\u00f3nico u otro s\u00edntoma cr\u00f3nico. Como las mujeres suelen tener el cuello m\u00e1s peque\u00f1o, las lesiones por latigazo cervical son casi cinco veces m\u00e1s frecuentes en ellas que en los hombres. Las enfermedades preexistentes, como la artritis, suelen provocar lesiones m\u00e1s graves.<\/p>\n<p>Tres cuartas partes de las v\u00edctimas de latigazo cervical tendr\u00e1n s\u00edntomas que durar\u00e1n seis meses o m\u00e1s, y m\u00e1s del 60 por ciento de quienes sufran lesiones por latigazo cervical necesitar\u00e1n atenci\u00f3n m\u00e9dica a largo plazo. Quiz\u00e1 la estad\u00edstica m\u00e1s desalentadora sea que m\u00e1s de la mitad de quienes han sufrido una lesi\u00f3n por latigazo cervical seguir\u00e1n padeciendo dolor cr\u00f3nico dos d\u00e9cadas despu\u00e9s de la lesi\u00f3n original.<strong> <\/strong><\/p>\n<h3><strong>Comprender las lesiones por latigazo cervical<\/strong><\/h3>\n<p>Cualquier impacto o golpe que haga que la cabeza se sacuda bruscamente hacia delante o hacia atr\u00e1s puede provocar una distensi\u00f3n cervical, ya que la fuerza estira y desgarra los m\u00fasculos y tendones del cuello. Los s\u00edntomas del latigazo cervical pueden ser los siguientes:<\/p>\n<ul>\n<li>Sensibilidad en el cuello<\/li>\n<li>Tensi\u00f3n en el cuello<\/li>\n<li>Disminuci\u00f3n de la amplitud de movimiento del cuello<\/li>\n<li>M\u00fasculos del cuello que se sienten duros o anudados<\/li>\n<li>Dolor que se produce al mover la cabeza de un lado a otro, o hacia delante y hacia atr\u00e1s<\/li>\n<li>Dolor al girarte para mirar por encima del hombro<\/li>\n<li>Dolores de cabeza que comienzan en la base del cr\u00e1neo y se irradian hacia la frente<\/li>\n<\/ul>\n<p>El latigazo cervical causado por un golpe tambi\u00e9n puede provocar una conmoci\u00f3n cerebral, o una lesi\u00f3n cerebral traum\u00e1tica m\u00e1s grave. Siempre debes acudir al m\u00e9dico tras un accidente, aunque creas que est\u00e1s bien. Si tienes un dolor de cabeza que persiste o empeora, tienes dificultad para hablar, est\u00e1s confuso, mareado, con n\u00e1useas o excesivamente somnoliento, busca tratamiento m\u00e9dico inmediatamente.<\/p>\n<h3><strong>C\u00f3mo puede ayudar un m\u00e9dico a las personas con lesiones por latigazo cervical<\/strong><\/h3>\n<p>El tratamiento exacto del latigazo cervical depender\u00e1 de la gravedad de tu lesi\u00f3n, pero tu m\u00e9dico puede prescribirte:<\/p>\n<ul>\n<li>Aplicar hielo en el cuello inmediatamente despu\u00e9s de la lesi\u00f3n, cada 3-4 horas durante 15 minutos durante 2-4 d\u00edas<\/li>\n<li>Tomar analg\u00e9sicos como Tylenol, Advil o Motrin o, en caso de dolor m\u00e1s intenso, analg\u00e9sicos y relajantes musculares con receta.<\/li>\n<li>Utilizar un collar\u00edn cervical para sujetar el cuello (la mayor\u00eda de los m\u00e9dicos no recomiendan el uso a largo plazo de un collar\u00edn cervical, ya que podr\u00eda debilitar los m\u00fasculos del cuello).<\/li>\n<li>Aplicar calor h\u00famedo en el cuello despu\u00e9s de 2-3 d\u00edas de haberlo glaseado primero<\/li>\n<li>Ultrasonidos, masajes, acupuntura o cuidados quiropr\u00e1cticos<\/li>\n<\/ul>\n<h3><strong>C\u00f3mo puede ayudar un abogado experto en lesiones por latigazo cervical de Denver<\/strong><\/h3>\n<p>Quiz\u00e1 incluso m\u00e1s que otras lesiones, tu lesi\u00f3n por latigazo cervical podr\u00eda beneficiarse enormemente de tener a tu lado a un abogado experto en latigazos cervicales de Colorado. Tu abogado conocer\u00e1 a fondo los conceptos err\u00f3neos que rodean a las lesiones por latigazo cervical y sabr\u00e1 cu\u00e1l es la forma m\u00e1s eficaz de negociar un acuerdo justo o de defender tu caso ante un tribunal.<\/p>\n<p>La abogada especializada en latigazos cervicales de Denver, Dianne Sawaya, comprende por lo que est\u00e1s pasando y sabe c\u00f3mo ayudarte a superar el dolor, los gastos m\u00e9dicos e incluso la imposibilidad de volver al trabajo, por tanto, la imposibilidad de pagar tus gastos mensuales normales. La abogada Dianne Sawaya reconoce que has sufrido un accidente que te ha cambiado la vida y luchar\u00e1 denodadamente en tu nombre para conseguir la indemnizaci\u00f3n y la asistencia que t\u00fa y tu familia merec\u00e9is.<\/p>\n<p><a href=\"https:\/\/dlslawfirm.com\/attorneys\/dianne-sawaya-principal-personal-injury-attorney\/\">Dianne Sawaya<\/a> naci\u00f3 y creci\u00f3 en Denver, por lo tanto, tiene una conexi\u00f3n especial con los residentes de Denver que necesitan ayuda tras un accidente. Dianne tiene un conocimiento especialmente profundo de las lesiones, gracias a sus estudios universitarios de premedicina. La abogada Dianne Sawaya ha ejercido la abogac\u00eda durante m\u00e1s de tres d\u00e9cadas, veinte de ellas dedicadas a conseguir acuerdos equitativos por lesiones personales para las v\u00edctimas de accidentes de Denver. Si has sufrido una lesi\u00f3n por latigazo cervical -o cualquier otro tipo de lesi\u00f3n- debido a la negligencia de otro conductor, Dianne quiere ayudarte a superar este dif\u00edcil momento. <a href=\"https:\/\/dlslawfirm.com\/contact-us\/\">Ponte en contacto<\/a> hoy mismo con el bufete de Dianne Sawaya para obtener asistencia jur\u00eddica s\u00f3lida, compasi\u00f3n y ayuda para conseguir los tratamientos que necesitas.<\/p>\n","protected":false},"excerpt":{"rendered":"<p>Conceptos err\u00f3neos sobre las lesiones por latigazo cervical en accidentes de tr\u00e1fico Por desgracia, hay muchos mitos y conceptos err\u00f3neos sobre las lesiones por latigazo cervical que pueden influir significativamente en la forma en que los dem\u00e1s reaccionan ante tu lesi\u00f3n por accidente. Aunque una lesi\u00f3n por latigazo cervical puede producirse de diversas formas, los&#8230;<\/p>\n","protected":false},"author":2,"featured_media":2965,"parent":7038,"menu_order":0,"comment_status":"closed","ping_status":"closed","template":"","meta":{"_acf_changed":false,"footnotes":""},"tags":[],"class_list":["post-6869","page","type-page","status-publish","has-post-thumbnail","hentry"],"acf":[],"yoast_head":"<!-- This site is optimized with the Yoast SEO plugin v27.4 - https:\/\/yoast.com\/product\/yoast-seo-wordpress\/ -->\n<title>Lesi\u00f3n por latigazo cervical tras un accidente de tr\u00e1fico | Pide ayuda a un abogado ya<\/title>\n<meta name=\"description\" content=\"La abogada especializada en latigazos cervicales de Denver, Dianne Sawaya, comprende por lo que est\u00e1s pasando. No pases solo por el proceso de recuperaci\u00f3n, ll\u00e1manos hoy mismo.\" \/>\n<meta name=\"robots\" content=\"index, follow, max-snippet:-1, max-image-preview:large, max-video-preview:-1\" \/>\n<link rel=\"canonical\" href=\"https:\/\/dlslawfirm.com\/es\/abogados-de-colorado-especializados-en-lesiones-personales\/abogado-de-accidentes-de-coche-en-denver\/lesion-por-latigazo-cervical-tras-un-accidente-de-trafico\/\" \/>\n<meta property=\"og:locale\" content=\"es_MX\" \/>\n<meta property=\"og:type\" content=\"article\" \/>\n<meta property=\"og:title\" content=\"Lesi\u00f3n por latigazo cervical tras un accidente de tr\u00e1fico | Pide ayuda a un abogado ya\" \/>\n<meta property=\"og:description\" content=\"La abogada especializada en latigazos cervicales de Denver, Dianne Sawaya, comprende por lo que est\u00e1s pasando. No pases solo por el proceso de recuperaci\u00f3n, ll\u00e1manos hoy mismo.\" \/>\n<meta property=\"og:url\" content=\"https:\/\/dlslawfirm.com\/es\/abogados-de-colorado-especializados-en-lesiones-personales\/abogado-de-accidentes-de-coche-en-denver\/lesion-por-latigazo-cervical-tras-un-accidente-de-trafico\/\" \/>\n<meta property=\"og:site_name\" content=\"Law Offices of Dianne Sawaya LLC- En Espanol\" \/>\n<meta property=\"og:image\" content=\"https:\/\/dlslawfirm.com\/es\/wp-content\/uploads\/sites\/2\/2016\/05\/accidentinjuries.jpg\" \/>\n\t<meta property=\"og:image:width\" content=\"849\" \/>\n\t<meta property=\"og:image:height\" content=\"566\" \/>\n\t<meta property=\"og:image:type\" content=\"image\/jpeg\" \/>\n<meta name=\"twitter:card\" content=\"summary_large_image\" \/>\n<meta name=\"twitter:label1\" content=\"Est. reading time\" \/>\n\t<meta name=\"twitter:data1\" content=\"7 minutos\" \/>\n<script type=\"application\/ld+json\" class=\"yoast-schema-graph\">{\"@context\":\"https:\\\/\\\/schema.org\",\"@graph\":[{\"@type\":\"WebPage\",\"@id\":\"https:\\\/\\\/dlslawfirm.com\\\/es\\\/abogados-de-colorado-especializados-en-lesiones-personales\\\/abogado-de-accidentes-de-coche-en-denver\\\/lesion-por-latigazo-cervical-tras-un-accidente-de-trafico\\\/\",\"url\":\"https:\\\/\\\/dlslawfirm.com\\\/es\\\/abogados-de-colorado-especializados-en-lesiones-personales\\\/abogado-de-accidentes-de-coche-en-denver\\\/lesion-por-latigazo-cervical-tras-un-accidente-de-trafico\\\/\",\"name\":\"Lesi\u00f3n por latigazo cervical tras un accidente de tr\u00e1fico | Pide ayuda a un abogado ya\",\"isPartOf\":{\"@id\":\"https:\\\/\\\/dlslawfirm.com\\\/es\\\/#website\"},\"primaryImageOfPage\":{\"@id\":\"https:\\\/\\\/dlslawfirm.com\\\/es\\\/abogados-de-colorado-especializados-en-lesiones-personales\\\/abogado-de-accidentes-de-coche-en-denver\\\/lesion-por-latigazo-cervical-tras-un-accidente-de-trafico\\\/#primaryimage\"},\"image\":{\"@id\":\"https:\\\/\\\/dlslawfirm.com\\\/es\\\/abogados-de-colorado-especializados-en-lesiones-personales\\\/abogado-de-accidentes-de-coche-en-denver\\\/lesion-por-latigazo-cervical-tras-un-accidente-de-trafico\\\/#primaryimage\"},\"thumbnailUrl\":\"https:\\\/\\\/dlslawfirm.com\\\/es\\\/wp-content\\\/uploads\\\/sites\\\/2\\\/2016\\\/05\\\/accidentinjuries.jpg\",\"datePublished\":\"2020-11-11T09:19:26+00:00\",\"description\":\"La abogada especializada en latigazos cervicales de Denver, Dianne Sawaya, comprende por lo que est\u00e1s pasando. No pases solo por el proceso de recuperaci\u00f3n, ll\u00e1manos hoy mismo.\",\"breadcrumb\":{\"@id\":\"https:\\\/\\\/dlslawfirm.com\\\/es\\\/abogados-de-colorado-especializados-en-lesiones-personales\\\/abogado-de-accidentes-de-coche-en-denver\\\/lesion-por-latigazo-cervical-tras-un-accidente-de-trafico\\\/#breadcrumb\"},\"inLanguage\":\"es\",\"potentialAction\":[{\"@type\":\"ReadAction\",\"target\":[\"https:\\\/\\\/dlslawfirm.com\\\/es\\\/abogados-de-colorado-especializados-en-lesiones-personales\\\/abogado-de-accidentes-de-coche-en-denver\\\/lesion-por-latigazo-cervical-tras-un-accidente-de-trafico\\\/\"]}]},{\"@type\":\"ImageObject\",\"inLanguage\":\"es\",\"@id\":\"https:\\\/\\\/dlslawfirm.com\\\/es\\\/abogados-de-colorado-especializados-en-lesiones-personales\\\/abogado-de-accidentes-de-coche-en-denver\\\/lesion-por-latigazo-cervical-tras-un-accidente-de-trafico\\\/#primaryimage\",\"url\":\"https:\\\/\\\/dlslawfirm.com\\\/es\\\/wp-content\\\/uploads\\\/sites\\\/2\\\/2016\\\/05\\\/accidentinjuries.jpg\",\"contentUrl\":\"https:\\\/\\\/dlslawfirm.com\\\/es\\\/wp-content\\\/uploads\\\/sites\\\/2\\\/2016\\\/05\\\/accidentinjuries.jpg\",\"width\":849,\"height\":566,\"caption\":\"accident injuries\"},{\"@type\":\"BreadcrumbList\",\"@id\":\"https:\\\/\\\/dlslawfirm.com\\\/es\\\/abogados-de-colorado-especializados-en-lesiones-personales\\\/abogado-de-accidentes-de-coche-en-denver\\\/lesion-por-latigazo-cervical-tras-un-accidente-de-trafico\\\/#breadcrumb\",\"itemListElement\":[{\"@type\":\"ListItem\",\"position\":1,\"name\":\"Home\",\"item\":\"https:\\\/\\\/dlslawfirm.com\\\/es\\\/\"},{\"@type\":\"ListItem\",\"position\":2,\"name\":\"Abogados de Colorado especializados en lesiones personales\",\"item\":\"https:\\\/\\\/dlslawfirm.com\\\/es\\\/abogados-de-colorado-especializados-en-lesiones-personales\\\/\"},{\"@type\":\"ListItem\",\"position\":3,\"name\":\"Abogado de accidentes de coche en Denver\",\"item\":\"https:\\\/\\\/dlslawfirm.com\\\/es\\\/abogados-de-colorado-especializados-en-lesiones-personales\\\/abogado-de-accidentes-de-coche-en-denver\\\/\"},{\"@type\":\"ListItem\",\"position\":4,\"name\":\"Lesi\u00f3n por latigazo cervical tras un accidente de tr\u00e1fico\"}]},{\"@type\":\"WebSite\",\"@id\":\"https:\\\/\\\/dlslawfirm.com\\\/es\\\/#website\",\"url\":\"https:\\\/\\\/dlslawfirm.com\\\/es\\\/\",\"name\":\"Law Offices of Dianne Sawaya LLC- En Espanol\",\"description\":\"\",\"potentialAction\":[{\"@type\":\"SearchAction\",\"target\":{\"@type\":\"EntryPoint\",\"urlTemplate\":\"https:\\\/\\\/dlslawfirm.com\\\/es\\\/?s={search_term_string}\"},\"query-input\":{\"@type\":\"PropertyValueSpecification\",\"valueRequired\":true,\"valueName\":\"search_term_string\"}}],\"inLanguage\":\"es\"}]}<\/script>\n<!-- \/ Yoast SEO plugin. -->","yoast_head_json":{"title":"Lesi\u00f3n por latigazo cervical tras un accidente de tr\u00e1fico | Pide ayuda a un abogado ya","description":"La abogada especializada en latigazos cervicales de Denver, Dianne Sawaya, comprende por lo que est\u00e1s pasando. No pases solo por el proceso de recuperaci\u00f3n, ll\u00e1manos hoy mismo.","robots":{"index":"index","follow":"follow","max-snippet":"max-snippet:-1","max-image-preview":"max-image-preview:large","max-video-preview":"max-video-preview:-1"},"canonical":"https:\/\/dlslawfirm.com\/es\/abogados-de-colorado-especializados-en-lesiones-personales\/abogado-de-accidentes-de-coche-en-denver\/lesion-por-latigazo-cervical-tras-un-accidente-de-trafico\/","og_locale":"es_MX","og_type":"article","og_title":"Lesi\u00f3n por latigazo cervical tras un accidente de tr\u00e1fico | Pide ayuda a un abogado ya","og_description":"La abogada especializada en latigazos cervicales de Denver, Dianne Sawaya, comprende por lo que est\u00e1s pasando. No pases solo por el proceso de recuperaci\u00f3n, ll\u00e1manos hoy mismo.","og_url":"https:\/\/dlslawfirm.com\/es\/abogados-de-colorado-especializados-en-lesiones-personales\/abogado-de-accidentes-de-coche-en-denver\/lesion-por-latigazo-cervical-tras-un-accidente-de-trafico\/","og_site_name":"Law Offices of Dianne Sawaya LLC- En Espanol","og_image":[{"width":849,"height":566,"url":"https:\/\/dlslawfirm.com\/es\/wp-content\/uploads\/sites\/2\/2016\/05\/accidentinjuries.jpg","type":"image\/jpeg"}],"twitter_card":"summary_large_image","twitter_misc":{"Est. reading time":"7 minutos"},"schema":{"@context":"https:\/\/schema.org","@graph":[{"@type":"WebPage","@id":"https:\/\/dlslawfirm.com\/es\/abogados-de-colorado-especializados-en-lesiones-personales\/abogado-de-accidentes-de-coche-en-denver\/lesion-por-latigazo-cervical-tras-un-accidente-de-trafico\/","url":"https:\/\/dlslawfirm.com\/es\/abogados-de-colorado-especializados-en-lesiones-personales\/abogado-de-accidentes-de-coche-en-denver\/lesion-por-latigazo-cervical-tras-un-accidente-de-trafico\/","name":"Lesi\u00f3n por latigazo cervical tras un accidente de tr\u00e1fico | Pide ayuda a un abogado ya","isPartOf":{"@id":"https:\/\/dlslawfirm.com\/es\/#website"},"primaryImageOfPage":{"@id":"https:\/\/dlslawfirm.com\/es\/abogados-de-colorado-especializados-en-lesiones-personales\/abogado-de-accidentes-de-coche-en-denver\/lesion-por-latigazo-cervical-tras-un-accidente-de-trafico\/#primaryimage"},"image":{"@id":"https:\/\/dlslawfirm.com\/es\/abogados-de-colorado-especializados-en-lesiones-personales\/abogado-de-accidentes-de-coche-en-denver\/lesion-por-latigazo-cervical-tras-un-accidente-de-trafico\/#primaryimage"},"thumbnailUrl":"https:\/\/dlslawfirm.com\/es\/wp-content\/uploads\/sites\/2\/2016\/05\/accidentinjuries.jpg","datePublished":"2020-11-11T09:19:26+00:00","description":"La abogada especializada en latigazos cervicales de Denver, Dianne Sawaya, comprende por lo que est\u00e1s pasando. No pases solo por el proceso de recuperaci\u00f3n, ll\u00e1manos hoy mismo.","breadcrumb":{"@id":"https:\/\/dlslawfirm.com\/es\/abogados-de-colorado-especializados-en-lesiones-personales\/abogado-de-accidentes-de-coche-en-denver\/lesion-por-latigazo-cervical-tras-un-accidente-de-trafico\/#breadcrumb"},"inLanguage":"es","potentialAction":[{"@type":"ReadAction","target":["https:\/\/dlslawfirm.com\/es\/abogados-de-colorado-especializados-en-lesiones-personales\/abogado-de-accidentes-de-coche-en-denver\/lesion-por-latigazo-cervical-tras-un-accidente-de-trafico\/"]}]},{"@type":"ImageObject","inLanguage":"es","@id":"https:\/\/dlslawfirm.com\/es\/abogados-de-colorado-especializados-en-lesiones-personales\/abogado-de-accidentes-de-coche-en-denver\/lesion-por-latigazo-cervical-tras-un-accidente-de-trafico\/#primaryimage","url":"https:\/\/dlslawfirm.com\/es\/wp-content\/uploads\/sites\/2\/2016\/05\/accidentinjuries.jpg","contentUrl":"https:\/\/dlslawfirm.com\/es\/wp-content\/uploads\/sites\/2\/2016\/05\/accidentinjuries.jpg","width":849,"height":566,"caption":"accident injuries"},{"@type":"BreadcrumbList","@id":"https:\/\/dlslawfirm.com\/es\/abogados-de-colorado-especializados-en-lesiones-personales\/abogado-de-accidentes-de-coche-en-denver\/lesion-por-latigazo-cervical-tras-un-accidente-de-trafico\/#breadcrumb","itemListElement":[{"@type":"ListItem","position":1,"name":"Home","item":"https:\/\/dlslawfirm.com\/es\/"},{"@type":"ListItem","position":2,"name":"Abogados de Colorado especializados en lesiones personales","item":"https:\/\/dlslawfirm.com\/es\/abogados-de-colorado-especializados-en-lesiones-personales\/"},{"@type":"ListItem","position":3,"name":"Abogado de accidentes de coche en Denver","item":"https:\/\/dlslawfirm.com\/es\/abogados-de-colorado-especializados-en-lesiones-personales\/abogado-de-accidentes-de-coche-en-denver\/"},{"@type":"ListItem","position":4,"name":"Lesi\u00f3n por latigazo cervical tras un accidente de tr\u00e1fico"}]},{"@type":"WebSite","@id":"https:\/\/dlslawfirm.com\/es\/#website","url":"https:\/\/dlslawfirm.com\/es\/","name":"Law Offices of Dianne Sawaya LLC- En Espanol","description":"","potentialAction":[{"@type":"SearchAction","target":{"@type":"EntryPoint","urlTemplate":"https:\/\/dlslawfirm.com\/es\/?s={search_term_string}"},"query-input":{"@type":"PropertyValueSpecification","valueRequired":true,"valueName":"search_term_string"}}],"inLanguage":"es"}]}},"_links":{"self":[{"href":"https:\/\/dlslawfirm.com\/es\/wp-json\/wp\/v2\/pages\/6869","targetHints":{"allow":["GET"]}}],"collection":[{"href":"https:\/\/dlslawfirm.com\/es\/wp-json\/wp\/v2\/pages"}],"about":[{"href":"https:\/\/dlslawfirm.com\/es\/wp-json\/wp\/v2\/types\/page"}],"author":[{"embeddable":true,"href":"https:\/\/dlslawfirm.com\/es\/wp-json\/wp\/v2\/users\/2"}],"replies":[{"embeddable":true,"href":"https:\/\/dlslawfirm.com\/es\/wp-json\/wp\/v2\/comments?post=6869"}],"version-history":[{"count":0,"href":"https:\/\/dlslawfirm.com\/es\/wp-json\/wp\/v2\/pages\/6869\/revisions"}],"up":[{"embeddable":true,"href":"https:\/\/dlslawfirm.com\/es\/wp-json\/wp\/v2\/pages\/7038"}],"wp:featuredmedia":[{"embeddable":true,"href":"https:\/\/dlslawfirm.com\/es\/wp-json\/wp\/v2\/media\/2965"}],"wp:attachment":[{"href":"https:\/\/dlslawfirm.com\/es\/wp-json\/wp\/v2\/media?parent=6869"}],"wp:term":[{"taxonomy":"post_tag","embeddable":true,"href":"https:\/\/dlslawfirm.com\/es\/wp-json\/wp\/v2\/tags?post=6869"}],"curies":[{"name":"wp","href":"https:\/\/api.w.org\/{rel}","templated":true}]}}