{"id":6864,"date":"2020-11-17T10:56:45","date_gmt":"2020-11-17T10:56:45","guid":{"rendered":"https:\/\/dlslawfirm.com\/lesion-de-espalda-tras-un-accidente-de-trafico\/"},"modified":"2020-11-17T10:56:45","modified_gmt":"2020-11-17T10:56:45","slug":"lesion-de-espalda-tras-un-accidente-de-trafico","status":"publish","type":"page","link":"https:\/\/dlslawfirm.com\/es\/abogados-de-colorado-especializados-en-lesiones-personales\/abogado-de-accidentes-de-coche-en-denver\/lesion-de-espalda-tras-un-accidente-de-trafico\/","title":{"rendered":"Lesi\u00f3n de espalda tras un accidente de tr\u00e1fico"},"content":{"rendered":"<h2>Abogados de Denver especializados en lesiones de espalda<\/h2>\n<h3><strong>Estad\u00edsticas sobre lesiones de espalda sufridas en accidentes de tr\u00e1fico<\/strong><\/h3>\n<p>Un cirujano de la columna vertebral, citando <a href=\"https:\/\/www.michaelgleibermd.com\/news\/auto-accidents-dangerous-spine\/#:~:text=According%20to%20the%20Mayo%20Clinic,This%20is%20a%20troubling%20statistic.\" target=\"_blank\" rel=\"noopener noreferrer\">estad\u00edsticas de la Cl\u00ednica Mayo<\/a>, afirm\u00f3 que los accidentes de autom\u00f3vil son una de las principales causas de lesiones de espalda, responsables de m\u00e1s del 40 por ciento de las lesiones de espalda y columna vertebral cada a\u00f1o. Aunque la columna vertebral es muy compleja, no est\u00e1 hecha para soportar el impacto de un accidente de autom\u00f3vil. Tanto las lesiones de cuello como las de espalda son lesiones frecuentes asociadas a los accidentes de coche. El impacto repentino de un accidente de autom\u00f3vil puede tensar los ligamentos y m\u00fasculos de la espalda, ejerciendo una fuerza considerable sobre las articulaciones facetarias.<\/p>\n<p>Algunos esguinces musculares pueden curarse solos, pero las lesiones de espalda m\u00e1s graves requerir\u00e1n intervenci\u00f3n m\u00e9dica. Dependiendo de la lesi\u00f3n en la espalda, la lesi\u00f3n puede empeorar si se mueve al individuo. Por eso, pr\u00e1cticamente nunca es buena idea trasladar a una persona herida en un accidente de tr\u00e1fico hasta que lleguen los m\u00e9dicos.<\/p>\n<p>A la mayor\u00eda de la gente le sorprender\u00eda saber que el <a href=\"https:\/\/www.thegoodbody.com\/back-injury-statistics\/\" target=\"_blank\" rel=\"noopener noreferrer\">80%<\/a> de los adultos sufrir\u00e1n alg\u00fan tipo de lesi\u00f3n de espalda a lo largo de su vida. El 5% de las personas que sufren una lesi\u00f3n de espalda, \u00e9sta se convertir\u00e1 en una afecci\u00f3n cr\u00f3nica, debilitante e incluso incapacitante. Hasta un mill\u00f3n de lesiones de espalda se producen en el lugar de trabajo, normalmente por agacharse y levantar peso o caerse desde una altura. De hecho, hasta una de cada cinco lesiones laborales es una lesi\u00f3n de espalda.<strong> <\/strong><\/p>\n[cta_interior title=&#8221;CTA Interior&#8221;]\n<h3><strong>Conceptos err\u00f3neos asociados a las lesiones de espalda<\/strong><\/h3>\n<p>El dolor de espalda puede ser dif\u00edcil de diagnosticar y puede requerir tiempo, experiencia por parte del m\u00e9dico y colaboraci\u00f3n entre profesionales m\u00e9dicos. Una lesi\u00f3n de espalda puede provocar varios problemas de espalda al mismo tiempo, como una hernia discal y una estenosis espinal. Por desgracia, no existe ninguna prueba diagn\u00f3stica que pueda determinar con exactitud el tipo concreto de lesi\u00f3n de espalda, y algunas pruebas diagn\u00f3sticas -como las inyecciones de bloqueo nervioso- pueden dar un resultado falso positivo o falso negativo.<\/p>\n<p>Una combinaci\u00f3n de pruebas cl\u00ednicas, preguntas de un m\u00e9dico capacitado y exploraci\u00f3n m\u00e9dica por imagen puede ayudar a tu m\u00e9dico a diagnosticar con mayor precisi\u00f3n tu lesi\u00f3n de espalda. El dolor no siempre es un buen indicador de la gravedad de una lesi\u00f3n de espalda, porque el dolor es muy subjetivo. Algunas personas son m\u00e1s capaces de soportar el dolor, mientras que otras son mucho menos capaces de hacerlo. Para una persona, un dolor de espalda &#8220;leve&#8221; puede equivaler a un diez en la escala de dolor para otra: severo y abrumador. Una persona que sufre una lesi\u00f3n de autom\u00f3vil puede tener un dolor cr\u00f3nico e intenso y, sin embargo, es posible que el m\u00e9dico no pueda determinar con precisi\u00f3n el origen de ese dolor.<\/p>\n<p>Esto puede hacer que las compa\u00f1\u00edas de seguros se nieguen a pagar el tratamiento de quienes se lesionaron la espalda en un accidente de coche. Adem\u00e1s, en comparaci\u00f3n con otras afecciones m\u00e9dicas, existen relativamente pocos enfoques estandarizados para diagnosticar y tratar las lesiones de espalda. Los especialistas en espalda pueden incluso discrepar en el diagn\u00f3stico y el tratamiento, lo que hace a\u00fan m\u00e1s dif\u00edcil convencer a una compa\u00f1\u00eda de seguros de que pague la lesi\u00f3n de espalda. As\u00ed pues, aunque las lesiones de espalda pueden provocar la incapacidad para volver al trabajo y ganarse la vida e incluso la incapacidad para realizar actividades cotidianas, una persona con una lesi\u00f3n de espalda por un accidente de tr\u00e1fico puede tener la sensaci\u00f3n de que se enfrenta a una ardua batalla para conseguir la indemnizaci\u00f3n que necesita y tiene derecho a recibir.<\/p>\n<h3><strong>Comprender las lesiones de espalda<\/strong><\/h3>\n<p>Las lesiones de espalda derivadas de un accidente de coche suelen requerir tratamientos m\u00e9dicos extensos y costosos. Estas lesiones tambi\u00e9n pueden provocar dolor cr\u00f3nico a largo plazo y sufrimiento emocional. Algunas de las lesiones de espalda m\u00e1s frecuentes derivadas de un accidente de tr\u00e1fico son:<\/p>\n<ul>\n<li>Las fracturas vertebrales son frecuentes cuando el cintur\u00f3n de seguridad del coche no sujeta adecuadamente el cuerpo durante el accidente. Un tipo de fractura vertebral se conoce como fractura por compresi\u00f3n, que causa una peque\u00f1a fisura a lo largo de las v\u00e9rtebras, provocando dolor, as\u00ed como problemas de vejiga, debilidad muscular y entumecimiento. Aunque las fracturas medulares leves pueden curarse solas (con reposo e inmovilizaci\u00f3n), otras pueden requerir intervenci\u00f3n quir\u00fargica. El s\u00edntoma principal de una fractura vertebral es un dolor de espalda de moderado a intenso que empeora con el movimiento, y es importante que una persona con fractura vertebral sea inmovilizada con un collar\u00edn cervical y una tabla dorsal lo antes posible.<\/li>\n<li>Una hernia discal puede producirse cuando la columna vertebral del individuo sufre una fuerza importante durante el accidente de tr\u00e1fico, provocando compresi\u00f3n de los nervios, desplazamiento de los discos, entumecimiento y dolor. En la mayor\u00eda de los casos, una hernia discal se tratar\u00e1 de forma no invasiva: fisioterapia y tratamiento del dolor. Si la lesi\u00f3n de hernia discal es grave y afecta a otras estructuras corporales, puede ser necesaria la cirug\u00eda.<\/li>\n<li>La espondilolistesis provocada por un accidente de tr\u00e1fico puede comprimir los nervios raqu\u00eddeos o el canal raqu\u00eddeo, provocando dificultad para caminar, debilidad, dolor importante y entumecimiento. La espondilolistesis suele tratarse con fisioterapia o cirug\u00eda, dependiendo del alcance de la lesi\u00f3n.<\/li>\n<li>Las lesiones medulares pueden producirse incluso en accidentes de tr\u00e1fico a baja velocidad, cuando la m\u00e9dula espinal se magulla, se corta o se secciona durante el impacto. En algunos casos, puede producirse una par\u00e1lisis permanente.<\/li>\n<\/ul>\n<h3><strong>C\u00f3mo puede ayudar un m\u00e9dico a los lesionados de espalda<\/strong><\/h3>\n<p>Una lesi\u00f3n de espalda derivada de un accidente de coche que sea relativamente leve puede tratarse con reposo, hielo y\/o calor. Generalmente se utiliza hielo inmediatamente despu\u00e9s del accidente durante 1-3 d\u00edas, y despu\u00e9s calor. El m\u00e9dico puede recetarte analg\u00e9sicos de venta libre, como el ibuprofeno, para reducir al m\u00ednimo la hinchaz\u00f3n, o puede recetarte analg\u00e9sicos m\u00e1s fuertes con receta.<\/p>\n<p>Aunque la mayor\u00eda de las personas con una lesi\u00f3n de espalda no est\u00e1n muy dispuestas a moverse mucho, el ejercicio suave puede ayudar a reducir el dolor de espalda tras un accidente de autom\u00f3vil. Caminar varias veces al d\u00eda puede ayudar a mantener la fuerza muscular, mejorando el flujo sangu\u00edneo a la columna vertebral. Un masajista puede recomendarte ejercicios de estiramiento para mantener la flexibilidad y fortalecer los m\u00fasculos de la zona lesionada. Las personas con lesiones de espalda m\u00e1s graves pueden tener que someterse a una operaci\u00f3n de espalda y a fisioterapia a largo plazo.<\/p>\n<h3><strong>C\u00f3mo puede ayudar un abogado experto en lesiones de espalda de Denver  <\/strong><\/h3>\n<p><a href=\"https:\/\/dlslawfirm.com\/personal-injury\/car-accidents\/\">Las lesiones de espalda provocadas por un accidente de<\/a> autom\u00f3vil pueden perturbar gravemente el trabajo y las actividades cotidianas, provocar un dolor importante y cr\u00f3nico y requerir tratamientos y cuidados m\u00e9dicos extensos. Esto no s\u00f3lo puede reducir tu calidad de vida, sino que tambi\u00e9n puede afectar gravemente a tus finanzas. La <a href=\"https:\/\/dlslawfirm.com\/personal-injury\/\">abogada de lesiones personales<\/a> de Denver Dianne Sawaya puede ayudarte a determinar las opciones adecuadas para tu situaci\u00f3n y lesiones concretas. Dianne es nativa de la zona de Denver y cree firmemente que las personas lesionadas por la negligencia de otro merecen el m\u00e1ximo nivel de ayuda que pueda proporcionar. Ponte en contacto hoy mismo con el Bufete de Dianne Sawaya para que te ayuden con tu lesi\u00f3n de espalda.<\/p>\n","protected":false},"excerpt":{"rendered":"<p>Abogados de Denver especializados en lesiones de espalda Estad\u00edsticas sobre lesiones de espalda sufridas en accidentes de tr\u00e1fico Un cirujano de la columna vertebral, citando estad\u00edsticas de la Cl\u00ednica Mayo, afirm\u00f3 que los accidentes de autom\u00f3vil son una de las principales causas de lesiones de espalda, responsables de m\u00e1s del 40 por ciento de las&#8230;<\/p>\n","protected":false},"author":2,"featured_media":7214,"parent":7038,"menu_order":67,"comment_status":"closed","ping_status":"closed","template":"","meta":{"_acf_changed":false,"footnotes":""},"tags":[],"class_list":["post-6864","page","type-page","status-publish","has-post-thumbnail","hentry"],"acf":[],"yoast_head":"<!-- This site is optimized with the Yoast SEO plugin v27.3 - https:\/\/yoast.com\/product\/yoast-seo-wordpress\/ -->\n<title>Lesi\u00f3n en la espalda tras un accidente de tr\u00e1fico | Abogados de Denver especializados en lesiones, disponibles 24 horas al d\u00eda, 7 d\u00edas a la semana<\/title>\n<meta name=\"description\" content=\"La abogada de lesiones personales de Denver Dianne Sawaya puede ayudarte a determinar las opciones adecuadas para tu situaci\u00f3n y lesiones concretas. Llama 24 horas al d\u00eda, 7 d\u00edas a la semana.\" \/>\n<meta name=\"robots\" content=\"index, follow, max-snippet:-1, max-image-preview:large, max-video-preview:-1\" \/>\n<link rel=\"canonical\" href=\"https:\/\/dlslawfirm.com\/es\/abogados-de-colorado-especializados-en-lesiones-personales\/abogado-de-accidentes-de-coche-en-denver\/lesion-de-espalda-tras-un-accidente-de-trafico\/\" \/>\n<meta property=\"og:locale\" content=\"es_MX\" \/>\n<meta property=\"og:type\" content=\"article\" \/>\n<meta property=\"og:title\" content=\"Lesi\u00f3n en la espalda tras un accidente de tr\u00e1fico | Abogados de Denver especializados en lesiones, disponibles 24 horas al d\u00eda, 7 d\u00edas a la semana\" \/>\n<meta property=\"og:description\" content=\"La abogada de lesiones personales de Denver Dianne Sawaya puede ayudarte a determinar las opciones adecuadas para tu situaci\u00f3n y lesiones concretas. Llama 24 horas al d\u00eda, 7 d\u00edas a la semana.\" \/>\n<meta property=\"og:url\" content=\"https:\/\/dlslawfirm.com\/es\/abogados-de-colorado-especializados-en-lesiones-personales\/abogado-de-accidentes-de-coche-en-denver\/lesion-de-espalda-tras-un-accidente-de-trafico\/\" \/>\n<meta property=\"og:site_name\" content=\"Law Offices of Dianne Sawaya LLC- En Espanol\" \/>\n<meta property=\"og:image\" content=\"https:\/\/dlslawfirm.com\/es\/wp-content\/uploads\/sites\/2\/2019\/02\/ache-adult-back-pain-1573823-e1551297942872.jpg\" \/>\n\t<meta property=\"og:image:width\" content=\"1000\" \/>\n\t<meta property=\"og:image:height\" content=\"310\" \/>\n\t<meta property=\"og:image:type\" content=\"image\/jpeg\" \/>\n<meta name=\"twitter:card\" content=\"summary_large_image\" \/>\n<meta name=\"twitter:label1\" content=\"Est. reading time\" \/>\n\t<meta name=\"twitter:data1\" content=\"7 minutos\" \/>\n<script type=\"application\/ld+json\" class=\"yoast-schema-graph\">{\"@context\":\"https:\\\/\\\/schema.org\",\"@graph\":[{\"@type\":\"WebPage\",\"@id\":\"https:\\\/\\\/dlslawfirm.com\\\/es\\\/abogados-de-colorado-especializados-en-lesiones-personales\\\/abogado-de-accidentes-de-coche-en-denver\\\/lesion-de-espalda-tras-un-accidente-de-trafico\\\/\",\"url\":\"https:\\\/\\\/dlslawfirm.com\\\/es\\\/abogados-de-colorado-especializados-en-lesiones-personales\\\/abogado-de-accidentes-de-coche-en-denver\\\/lesion-de-espalda-tras-un-accidente-de-trafico\\\/\",\"name\":\"Lesi\u00f3n en la espalda tras un accidente de tr\u00e1fico | Abogados de Denver especializados en lesiones, disponibles 24 horas al d\u00eda, 7 d\u00edas a la semana\",\"isPartOf\":{\"@id\":\"https:\\\/\\\/dlslawfirm.com\\\/es\\\/#website\"},\"primaryImageOfPage\":{\"@id\":\"https:\\\/\\\/dlslawfirm.com\\\/es\\\/abogados-de-colorado-especializados-en-lesiones-personales\\\/abogado-de-accidentes-de-coche-en-denver\\\/lesion-de-espalda-tras-un-accidente-de-trafico\\\/#primaryimage\"},\"image\":{\"@id\":\"https:\\\/\\\/dlslawfirm.com\\\/es\\\/abogados-de-colorado-especializados-en-lesiones-personales\\\/abogado-de-accidentes-de-coche-en-denver\\\/lesion-de-espalda-tras-un-accidente-de-trafico\\\/#primaryimage\"},\"thumbnailUrl\":\"https:\\\/\\\/dlslawfirm.com\\\/es\\\/wp-content\\\/uploads\\\/sites\\\/2\\\/2019\\\/02\\\/ache-adult-back-pain-1573823-e1551297942872.jpg\",\"datePublished\":\"2020-11-17T10:56:45+00:00\",\"description\":\"La abogada de lesiones personales de Denver Dianne Sawaya puede ayudarte a determinar las opciones adecuadas para tu situaci\u00f3n y lesiones concretas. Llama 24 horas al d\u00eda, 7 d\u00edas a la semana.\",\"breadcrumb\":{\"@id\":\"https:\\\/\\\/dlslawfirm.com\\\/es\\\/abogados-de-colorado-especializados-en-lesiones-personales\\\/abogado-de-accidentes-de-coche-en-denver\\\/lesion-de-espalda-tras-un-accidente-de-trafico\\\/#breadcrumb\"},\"inLanguage\":\"es\",\"potentialAction\":[{\"@type\":\"ReadAction\",\"target\":[\"https:\\\/\\\/dlslawfirm.com\\\/es\\\/abogados-de-colorado-especializados-en-lesiones-personales\\\/abogado-de-accidentes-de-coche-en-denver\\\/lesion-de-espalda-tras-un-accidente-de-trafico\\\/\"]}]},{\"@type\":\"ImageObject\",\"inLanguage\":\"es\",\"@id\":\"https:\\\/\\\/dlslawfirm.com\\\/es\\\/abogados-de-colorado-especializados-en-lesiones-personales\\\/abogado-de-accidentes-de-coche-en-denver\\\/lesion-de-espalda-tras-un-accidente-de-trafico\\\/#primaryimage\",\"url\":\"https:\\\/\\\/dlslawfirm.com\\\/es\\\/wp-content\\\/uploads\\\/sites\\\/2\\\/2019\\\/02\\\/ache-adult-back-pain-1573823-e1551297942872.jpg\",\"contentUrl\":\"https:\\\/\\\/dlslawfirm.com\\\/es\\\/wp-content\\\/uploads\\\/sites\\\/2\\\/2019\\\/02\\\/ache-adult-back-pain-1573823-e1551297942872.jpg\",\"width\":1000,\"height\":310,\"caption\":\"Man with a spine injury\"},{\"@type\":\"BreadcrumbList\",\"@id\":\"https:\\\/\\\/dlslawfirm.com\\\/es\\\/abogados-de-colorado-especializados-en-lesiones-personales\\\/abogado-de-accidentes-de-coche-en-denver\\\/lesion-de-espalda-tras-un-accidente-de-trafico\\\/#breadcrumb\",\"itemListElement\":[{\"@type\":\"ListItem\",\"position\":1,\"name\":\"Home\",\"item\":\"https:\\\/\\\/dlslawfirm.com\\\/es\\\/\"},{\"@type\":\"ListItem\",\"position\":2,\"name\":\"Abogados de Colorado especializados en lesiones personales\",\"item\":\"https:\\\/\\\/dlslawfirm.com\\\/es\\\/abogados-de-colorado-especializados-en-lesiones-personales\\\/\"},{\"@type\":\"ListItem\",\"position\":3,\"name\":\"Abogado de accidentes de coche en Denver\",\"item\":\"https:\\\/\\\/dlslawfirm.com\\\/es\\\/abogados-de-colorado-especializados-en-lesiones-personales\\\/abogado-de-accidentes-de-coche-en-denver\\\/\"},{\"@type\":\"ListItem\",\"position\":4,\"name\":\"Lesi\u00f3n de espalda tras un accidente de tr\u00e1fico\"}]},{\"@type\":\"WebSite\",\"@id\":\"https:\\\/\\\/dlslawfirm.com\\\/es\\\/#website\",\"url\":\"https:\\\/\\\/dlslawfirm.com\\\/es\\\/\",\"name\":\"Law Offices of Dianne Sawaya LLC- En Espanol\",\"description\":\"\",\"potentialAction\":[{\"@type\":\"SearchAction\",\"target\":{\"@type\":\"EntryPoint\",\"urlTemplate\":\"https:\\\/\\\/dlslawfirm.com\\\/es\\\/?s={search_term_string}\"},\"query-input\":{\"@type\":\"PropertyValueSpecification\",\"valueRequired\":true,\"valueName\":\"search_term_string\"}}],\"inLanguage\":\"es\"}]}<\/script>\n<!-- \/ Yoast SEO plugin. -->","yoast_head_json":{"title":"Lesi\u00f3n en la espalda tras un accidente de tr\u00e1fico | Abogados de Denver especializados en lesiones, disponibles 24 horas al d\u00eda, 7 d\u00edas a la semana","description":"La abogada de lesiones personales de Denver Dianne Sawaya puede ayudarte a determinar las opciones adecuadas para tu situaci\u00f3n y lesiones concretas. Llama 24 horas al d\u00eda, 7 d\u00edas a la semana.","robots":{"index":"index","follow":"follow","max-snippet":"max-snippet:-1","max-image-preview":"max-image-preview:large","max-video-preview":"max-video-preview:-1"},"canonical":"https:\/\/dlslawfirm.com\/es\/abogados-de-colorado-especializados-en-lesiones-personales\/abogado-de-accidentes-de-coche-en-denver\/lesion-de-espalda-tras-un-accidente-de-trafico\/","og_locale":"es_MX","og_type":"article","og_title":"Lesi\u00f3n en la espalda tras un accidente de tr\u00e1fico | Abogados de Denver especializados en lesiones, disponibles 24 horas al d\u00eda, 7 d\u00edas a la semana","og_description":"La abogada de lesiones personales de Denver Dianne Sawaya puede ayudarte a determinar las opciones adecuadas para tu situaci\u00f3n y lesiones concretas. Llama 24 horas al d\u00eda, 7 d\u00edas a la semana.","og_url":"https:\/\/dlslawfirm.com\/es\/abogados-de-colorado-especializados-en-lesiones-personales\/abogado-de-accidentes-de-coche-en-denver\/lesion-de-espalda-tras-un-accidente-de-trafico\/","og_site_name":"Law Offices of Dianne Sawaya LLC- En Espanol","og_image":[{"width":1000,"height":310,"url":"https:\/\/dlslawfirm.com\/es\/wp-content\/uploads\/sites\/2\/2019\/02\/ache-adult-back-pain-1573823-e1551297942872.jpg","type":"image\/jpeg"}],"twitter_card":"summary_large_image","twitter_misc":{"Est. reading time":"7 minutos"},"schema":{"@context":"https:\/\/schema.org","@graph":[{"@type":"WebPage","@id":"https:\/\/dlslawfirm.com\/es\/abogados-de-colorado-especializados-en-lesiones-personales\/abogado-de-accidentes-de-coche-en-denver\/lesion-de-espalda-tras-un-accidente-de-trafico\/","url":"https:\/\/dlslawfirm.com\/es\/abogados-de-colorado-especializados-en-lesiones-personales\/abogado-de-accidentes-de-coche-en-denver\/lesion-de-espalda-tras-un-accidente-de-trafico\/","name":"Lesi\u00f3n en la espalda tras un accidente de tr\u00e1fico | Abogados de Denver especializados en lesiones, disponibles 24 horas al d\u00eda, 7 d\u00edas a la semana","isPartOf":{"@id":"https:\/\/dlslawfirm.com\/es\/#website"},"primaryImageOfPage":{"@id":"https:\/\/dlslawfirm.com\/es\/abogados-de-colorado-especializados-en-lesiones-personales\/abogado-de-accidentes-de-coche-en-denver\/lesion-de-espalda-tras-un-accidente-de-trafico\/#primaryimage"},"image":{"@id":"https:\/\/dlslawfirm.com\/es\/abogados-de-colorado-especializados-en-lesiones-personales\/abogado-de-accidentes-de-coche-en-denver\/lesion-de-espalda-tras-un-accidente-de-trafico\/#primaryimage"},"thumbnailUrl":"https:\/\/dlslawfirm.com\/es\/wp-content\/uploads\/sites\/2\/2019\/02\/ache-adult-back-pain-1573823-e1551297942872.jpg","datePublished":"2020-11-17T10:56:45+00:00","description":"La abogada de lesiones personales de Denver Dianne Sawaya puede ayudarte a determinar las opciones adecuadas para tu situaci\u00f3n y lesiones concretas. Llama 24 horas al d\u00eda, 7 d\u00edas a la semana.","breadcrumb":{"@id":"https:\/\/dlslawfirm.com\/es\/abogados-de-colorado-especializados-en-lesiones-personales\/abogado-de-accidentes-de-coche-en-denver\/lesion-de-espalda-tras-un-accidente-de-trafico\/#breadcrumb"},"inLanguage":"es","potentialAction":[{"@type":"ReadAction","target":["https:\/\/dlslawfirm.com\/es\/abogados-de-colorado-especializados-en-lesiones-personales\/abogado-de-accidentes-de-coche-en-denver\/lesion-de-espalda-tras-un-accidente-de-trafico\/"]}]},{"@type":"ImageObject","inLanguage":"es","@id":"https:\/\/dlslawfirm.com\/es\/abogados-de-colorado-especializados-en-lesiones-personales\/abogado-de-accidentes-de-coche-en-denver\/lesion-de-espalda-tras-un-accidente-de-trafico\/#primaryimage","url":"https:\/\/dlslawfirm.com\/es\/wp-content\/uploads\/sites\/2\/2019\/02\/ache-adult-back-pain-1573823-e1551297942872.jpg","contentUrl":"https:\/\/dlslawfirm.com\/es\/wp-content\/uploads\/sites\/2\/2019\/02\/ache-adult-back-pain-1573823-e1551297942872.jpg","width":1000,"height":310,"caption":"Man with a spine injury"},{"@type":"BreadcrumbList","@id":"https:\/\/dlslawfirm.com\/es\/abogados-de-colorado-especializados-en-lesiones-personales\/abogado-de-accidentes-de-coche-en-denver\/lesion-de-espalda-tras-un-accidente-de-trafico\/#breadcrumb","itemListElement":[{"@type":"ListItem","position":1,"name":"Home","item":"https:\/\/dlslawfirm.com\/es\/"},{"@type":"ListItem","position":2,"name":"Abogados de Colorado especializados en lesiones personales","item":"https:\/\/dlslawfirm.com\/es\/abogados-de-colorado-especializados-en-lesiones-personales\/"},{"@type":"ListItem","position":3,"name":"Abogado de accidentes de coche en Denver","item":"https:\/\/dlslawfirm.com\/es\/abogados-de-colorado-especializados-en-lesiones-personales\/abogado-de-accidentes-de-coche-en-denver\/"},{"@type":"ListItem","position":4,"name":"Lesi\u00f3n de espalda tras un accidente de tr\u00e1fico"}]},{"@type":"WebSite","@id":"https:\/\/dlslawfirm.com\/es\/#website","url":"https:\/\/dlslawfirm.com\/es\/","name":"Law Offices of Dianne Sawaya LLC- En Espanol","description":"","potentialAction":[{"@type":"SearchAction","target":{"@type":"EntryPoint","urlTemplate":"https:\/\/dlslawfirm.com\/es\/?s={search_term_string}"},"query-input":{"@type":"PropertyValueSpecification","valueRequired":true,"valueName":"search_term_string"}}],"inLanguage":"es"}]}},"_links":{"self":[{"href":"https:\/\/dlslawfirm.com\/es\/wp-json\/wp\/v2\/pages\/6864","targetHints":{"allow":["GET"]}}],"collection":[{"href":"https:\/\/dlslawfirm.com\/es\/wp-json\/wp\/v2\/pages"}],"about":[{"href":"https:\/\/dlslawfirm.com\/es\/wp-json\/wp\/v2\/types\/page"}],"author":[{"embeddable":true,"href":"https:\/\/dlslawfirm.com\/es\/wp-json\/wp\/v2\/users\/2"}],"replies":[{"embeddable":true,"href":"https:\/\/dlslawfirm.com\/es\/wp-json\/wp\/v2\/comments?post=6864"}],"version-history":[{"count":0,"href":"https:\/\/dlslawfirm.com\/es\/wp-json\/wp\/v2\/pages\/6864\/revisions"}],"up":[{"embeddable":true,"href":"https:\/\/dlslawfirm.com\/es\/wp-json\/wp\/v2\/pages\/7038"}],"wp:featuredmedia":[{"embeddable":true,"href":"https:\/\/dlslawfirm.com\/es\/wp-json\/wp\/v2\/media\/7214"}],"wp:attachment":[{"href":"https:\/\/dlslawfirm.com\/es\/wp-json\/wp\/v2\/media?parent=6864"}],"wp:term":[{"taxonomy":"post_tag","embeddable":true,"href":"https:\/\/dlslawfirm.com\/es\/wp-json\/wp\/v2\/tags?post=6864"}],"curies":[{"name":"wp","href":"https:\/\/api.w.org\/{rel}","templated":true}]}}