{"id":6861,"date":"2020-11-11T08:48:27","date_gmt":"2020-11-11T08:48:27","guid":{"rendered":"https:\/\/dlslawfirm.com\/lesiones-de-rodilla-en-accidentes-de-trafico\/"},"modified":"2020-11-11T08:48:27","modified_gmt":"2020-11-11T08:48:27","slug":"lesiones-de-rodilla-en-accidentes-de-trafico","status":"publish","type":"page","link":"https:\/\/dlslawfirm.com\/es\/abogados-de-colorado-especializados-en-lesiones-personales\/abogado-de-accidentes-de-coche-en-denver\/lesiones-de-rodilla-en-accidentes-de-trafico\/","title":{"rendered":"Lesiones de rodilla en accidentes de tr\u00e1fico"},"content":{"rendered":"<h2><strong>Estad\u00edsticas sobre lesiones de rodilla en accidentes de tr\u00e1fico<\/strong><\/h2>\n<p>Un <a href=\"https:\/\/pubmed.ncbi.nlm.nih.gov\/10994605\/#:~:text=This%20study%20demonstrated%20that%20knee,score%20(AIS)%20of%201.\" target=\"_blank\" rel=\"noopener noreferrer\">estudio<\/a> anterior <a href=\"https:\/\/pubmed.ncbi.nlm.nih.gov\/10994605\/#:~:text=This%20study%20demonstrated%20that%20knee,score%20(AIS)%20of%201.\" target=\"_blank\" rel=\"noopener noreferrer\">del NCBI<\/a> estudi\u00f3 la frecuencia de las lesiones de rodilla por accidentes de tr\u00e1fico, determinando que las lesiones de rodilla constitu\u00edan casi el 10% de todas las lesiones por accidentes de tr\u00e1fico registradas cada a\u00f1o. Muchas de estas lesiones se consideraron de &#8220;baja gravedad&#8221; -laceraciones, abrasiones, contusiones-, sin embargo, algunas eran bastante graves. La mayor\u00eda de las lesiones de rodilla se produjeron tras una colisi\u00f3n frontal, y unas 20 de cada 1000 lesiones de rodilla se clasificaron como &#8220;lesiones graves de rodilla sin fractura&#8221;. En este estudio, las mujeres ten\u00edan m\u00e1s probabilidades de sufrir una lesi\u00f3n grave de rodilla que los hombres; sin embargo, en general, los que sufrieron una lesi\u00f3n grave de rodilla ten\u00edan menos probabilidades de haber llevado puesto el cintur\u00f3n de cadera y diagonal.<\/p>\n<h3><strong>Conceptos err\u00f3neos asociados a las lesiones de rodilla<\/strong><\/h3>\n<p>La rodilla es la articulaci\u00f3n m\u00e1s grande del cuerpo y tiende a ser muy susceptible de lesionarse en un accidente de coche. Muchas personas -y compa\u00f1\u00edas de seguros- tienden a restar importancia a la gravedad de una lesi\u00f3n de rodilla que puede impedir a una persona ir a trabajar, caminar o incluso querer levantarse de la cama cada ma\u00f1ana. En otras palabras, para la persona con la rodilla lesionada, es un gran problema. Al fin y al cabo, utilizamos las rodillas para agacharnos, sentarnos, andar, estar de pie, conducir, correr y todo lo dem\u00e1s.<\/p>\n[cta_interior title=&#8221;CTA Interior&#8221;]\n<p>Cuando la movilidad est\u00e1 muy limitada, tambi\u00e9n lo est\u00e1n las actividades cotidianas, a veces durante muchos meses. Como las lesiones de rodilla rara vez ponen en peligro la vida, las compa\u00f1\u00edas de seguros tienden a descartar la naturaleza potencialmente grave de una lesi\u00f3n de este tipo. Una rotura del LCA o del LCM puede limitar gravemente la capacidad laboral de una persona, afectando pr\u00e1cticamente a todos los aspectos de su vida, pero la compa\u00f1\u00eda de seguros puede hacer todo lo posible por minimizar su responsabilidad o encogerse de hombros calificando la lesi\u00f3n de intrascendente.<strong> <\/strong><\/p>\n<h3><strong>\u00bfC\u00f3mo se producen las lesiones de rodilla en un accidente de tr\u00e1fico?<\/strong><\/h3>\n<p>Cuando un veh\u00edculo colisiona con otro (o cuando un veh\u00edculo colisiona con un objeto fijo), la fuerza de la colisi\u00f3n puede causar estragos en el cuerpo humano. Las rodillas de una persona podr\u00edan golpear el salpicadero con una fuerza considerable, podr\u00edan doblarse con fuerza en el sentido contrario durante un choque, o podr\u00edan recibir un golpe directo en un choque lateral. Los salpicaderos no est\u00e1n pensados para &#8220;ceder&#8221; durante un choque, por lo que las rodillas se ven obligadas a soportar la peor parte del impacto.<\/p>\n<h3><strong>Comprender las lesiones de rodilla derivadas de un accidente de tr\u00e1fico<\/strong><\/h3>\n<p>La lesi\u00f3n exacta de rodilla depender\u00e1 de diversos factores, como la gravedad del impacto, la velocidad de ambos veh\u00edculos, la posici\u00f3n de la persona en el veh\u00edculo y el tipo de veh\u00edculos implicados en la colisi\u00f3n. Una colisi\u00f3n automovil\u00edstica de gran impacto puede dejar a conductores y pasajeros con huesos fracturados o rotos. La r\u00f3tula es el hueso de la rodilla que con m\u00e1s frecuencia se fractura o rompe durante un accidente de tr\u00e1fico, aunque tambi\u00e9n son frecuentes las roturas y fracturas en los extremos de la tibia o el f\u00e9mur. En algunos casos, un hueso puede dislocarse cuando la r\u00f3tula se sale de su sitio, o la tibia o el f\u00e9mur son empujados fuera de su lugar.<\/p>\n<p>Los tendones de la rodilla unen los huesos de la rodilla a los m\u00fasculos de la rodilla. Los desgarros de tend\u00f3n causan dificultad para caminar y doblar la rodilla, ya que puede dar la sensaci\u00f3n de que va a &#8220;ceder&#8221;. Los ligamentos unen los huesos a los huesos; una lesi\u00f3n de ligamentos de la rodilla puede manifestarse por un fuerte &#8220;chasquido&#8221; en el momento de la lesi\u00f3n, la incapacidad de la persona para poner peso en la rodilla, la sensaci\u00f3n de que la articulaci\u00f3n est\u00e1 &#8220;floja&#8221; y, por supuesto, hinchaz\u00f3n y dolor. Aunque un desgarro parcial podr\u00eda curarse por s\u00ed solo -dependiendo de la edad y la salud general de la persona-, los desgarros m\u00e1s graves suelen requerir intervenci\u00f3n quir\u00fargica. Las lesiones del ligamento cruzado anterior (LCA), las lesiones del ligamento cruzado posterior (LCP), las lesiones del ligamento colateral lateral (LCL), las lesiones del ligamento colateral medial (LCM) y la rotura del menisco son lesiones graves de rodilla que suelen producirse en un accidente de tr\u00e1fico.<\/p>\n<h3><strong>C\u00f3mo puede ayudar un m\u00e9dico a los lesionados de rodilla<\/strong><\/h3>\n<p>Si una lesi\u00f3n de rodilla por accidente de tr\u00e1fico es relativamente leve, el m\u00e9dico puede prescribir reposo, hielo, elevaci\u00f3n y analg\u00e9sicos. Si la lesi\u00f3n de rodilla es m\u00e1s grave, puede ser necesaria la cirug\u00eda y\/o la fisioterapia. Los tratamientos necesarios para una lesi\u00f3n de rodilla m\u00e1s grave pueden ser caros. Las personas que no pueden reincorporarse al trabajo tendr\u00e1n que hacer frente no s\u00f3lo a los gastos m\u00e9dicos, sino tambi\u00e9n a la p\u00e9rdida de salarios y a la imposibilidad de pagar incluso los gastos de subsistencia m\u00e1s b\u00e1sicos. Es sumamente importante que quienes sufren una lesi\u00f3n grave de rodilla como consecuencia de un accidente de tr\u00e1fico causado por un conductor negligente puedan recibir el mejor tratamiento m\u00e9dico disponible para minimizar la incapacidad futura causada por la lesi\u00f3n de rodilla.<\/p>\n<h3><strong>C\u00f3mo puede ayudarte un abogado experto en accidentes de tr\u00e1fico de Denver con tu lesi\u00f3n de rodilla<\/strong><\/h3>\n<p>Si has sufrido una lesi\u00f3n de rodilla por un <a href=\"https:\/\/dlslawfirm.com\/personal-injury\/car-accidents\/\">accidente de<\/a> autom\u00f3vil causado por la negligencia de otro, puede resultarte dif\u00edcil convencer a la compa\u00f1\u00eda de seguros de que te tome en serio. Puede que tengas que hacer frente a importantes gastos m\u00e9dicos, as\u00ed como a salarios perdidos, y no sepas a qui\u00e9n acudir. La abogada de Denver Dianne Sawaya puede ayudarte en estos momentos dif\u00edciles. Dianne es alguien en quien realmente puedes confiar para que haga lo correcto para ti, para tu familia y para tu futuro.<\/p>\n<p>En el Bufete de Dianne Sawaya sabemos que un accidente de tr\u00e1fico en Colorado puede cambiar tu vida para siempre. Si tu accidente es consecuencia de un conductor negligente, esa persona es responsable de las lesiones que sufras en el accidente, incluidas las de rodilla. Entendemos que es probable que la compa\u00f1\u00eda de seguros se muestre lo menos servicial posible, dej\u00e1ndote con la duda de c\u00f3mo pagar\u00e1s tus facturas m\u00e9dicas, c\u00f3mo seguir\u00e1s recibiendo el tratamiento m\u00e9dico que necesitas y c\u00f3mo pagar\u00e1s tus facturas mensuales normales si no puedes trabajar.<\/p>\n<p><a href=\"https:\/\/dlslawfirm.com\/attorneys\/dianne-sawaya-principal-personal-injury-attorney\/\">Dianne Sawaya<\/a> ha pasado su vida en la zona de Denver y se ha propuesto ayudar a los residentes de Denver a obtener lo que necesitan y merecen tras un accidente. Gracias a sus estudios universitarios de medicina, Dianne tambi\u00e9n tiene un conocimiento m\u00e1s profundo de las cuestiones m\u00e9dicas que la mayor\u00eda de los abogados. Dianne trabajar\u00e1 duro en tu nombre para asegurarse de que recibes los tratamientos y la indemnizaci\u00f3n a la que tienes derecho: <a href=\"https:\/\/dlslawfirm.com\/contact-us\/\">\u00a1ponte en contacto con<\/a> el bufete de Dianne Sawaya hoy mismo!<\/p>\n","protected":false},"excerpt":{"rendered":"<p>Estad\u00edsticas sobre lesiones de rodilla en accidentes de tr\u00e1fico Un estudio anterior del NCBI estudi\u00f3 la frecuencia de las lesiones de rodilla por accidentes de tr\u00e1fico, determinando que las lesiones de rodilla constitu\u00edan casi el 10% de todas las lesiones por accidentes de tr\u00e1fico registradas cada a\u00f1o. Muchas de estas lesiones se consideraron de &#8220;baja&#8230;<\/p>\n","protected":false},"author":2,"featured_media":7285,"parent":7038,"menu_order":0,"comment_status":"closed","ping_status":"closed","template":"","meta":{"_acf_changed":false,"footnotes":""},"tags":[],"class_list":["post-6861","page","type-page","status-publish","has-post-thumbnail","hentry"],"acf":[],"yoast_head":"<!-- This site is optimized with the Yoast SEO plugin v27.4 - https:\/\/yoast.com\/product\/yoast-seo-wordpress\/ -->\n<title>Lesiones de rodilla en accidentes de tr\u00e1fico | Abogado de accidentes de tr\u00e1fico en Denver<\/title>\n<meta name=\"description\" content=\"Si has sufrido una lesi\u00f3n de rodilla por un accidente de autom\u00f3vil causado por la negligencia de otro, debes hablar ahora con un abogado de Denver.\" \/>\n<meta name=\"robots\" content=\"index, follow, max-snippet:-1, max-image-preview:large, max-video-preview:-1\" \/>\n<link rel=\"canonical\" href=\"https:\/\/dlslawfirm.com\/es\/abogados-de-colorado-especializados-en-lesiones-personales\/abogado-de-accidentes-de-coche-en-denver\/lesiones-de-rodilla-en-accidentes-de-trafico\/\" \/>\n<meta property=\"og:locale\" content=\"es_MX\" \/>\n<meta property=\"og:type\" content=\"article\" \/>\n<meta property=\"og:title\" content=\"Lesiones de rodilla en accidentes de tr\u00e1fico | Abogado de accidentes de tr\u00e1fico en Denver\" \/>\n<meta property=\"og:description\" content=\"Si has sufrido una lesi\u00f3n de rodilla por un accidente de autom\u00f3vil causado por la negligencia de otro, debes hablar ahora con un abogado de Denver.\" \/>\n<meta property=\"og:url\" content=\"https:\/\/dlslawfirm.com\/es\/abogados-de-colorado-especializados-en-lesiones-personales\/abogado-de-accidentes-de-coche-en-denver\/lesiones-de-rodilla-en-accidentes-de-trafico\/\" \/>\n<meta property=\"og:site_name\" content=\"Law Offices of Dianne Sawaya LLC- En Espanol\" \/>\n<meta property=\"og:image\" content=\"https:\/\/dlslawfirm.com\/es\/wp-content\/uploads\/sites\/2\/2018\/09\/42784436_m.jpg\" \/>\n\t<meta property=\"og:image:width\" content=\"1067\" \/>\n\t<meta property=\"og:image:height\" content=\"1600\" \/>\n\t<meta property=\"og:image:type\" content=\"image\/jpeg\" \/>\n<meta name=\"twitter:card\" content=\"summary_large_image\" \/>\n<meta name=\"twitter:label1\" content=\"Est. reading time\" \/>\n\t<meta name=\"twitter:data1\" content=\"6 minutos\" \/>\n<script type=\"application\/ld+json\" class=\"yoast-schema-graph\">{\"@context\":\"https:\\\/\\\/schema.org\",\"@graph\":[{\"@type\":\"WebPage\",\"@id\":\"https:\\\/\\\/dlslawfirm.com\\\/es\\\/abogados-de-colorado-especializados-en-lesiones-personales\\\/abogado-de-accidentes-de-coche-en-denver\\\/lesiones-de-rodilla-en-accidentes-de-trafico\\\/\",\"url\":\"https:\\\/\\\/dlslawfirm.com\\\/es\\\/abogados-de-colorado-especializados-en-lesiones-personales\\\/abogado-de-accidentes-de-coche-en-denver\\\/lesiones-de-rodilla-en-accidentes-de-trafico\\\/\",\"name\":\"Lesiones de rodilla en accidentes de tr\u00e1fico | Abogado de accidentes de tr\u00e1fico en Denver\",\"isPartOf\":{\"@id\":\"https:\\\/\\\/dlslawfirm.com\\\/es\\\/#website\"},\"primaryImageOfPage\":{\"@id\":\"https:\\\/\\\/dlslawfirm.com\\\/es\\\/abogados-de-colorado-especializados-en-lesiones-personales\\\/abogado-de-accidentes-de-coche-en-denver\\\/lesiones-de-rodilla-en-accidentes-de-trafico\\\/#primaryimage\"},\"image\":{\"@id\":\"https:\\\/\\\/dlslawfirm.com\\\/es\\\/abogados-de-colorado-especializados-en-lesiones-personales\\\/abogado-de-accidentes-de-coche-en-denver\\\/lesiones-de-rodilla-en-accidentes-de-trafico\\\/#primaryimage\"},\"thumbnailUrl\":\"https:\\\/\\\/dlslawfirm.com\\\/es\\\/wp-content\\\/uploads\\\/sites\\\/2\\\/2018\\\/09\\\/42784436_m.jpg\",\"datePublished\":\"2020-11-11T08:48:27+00:00\",\"description\":\"Si has sufrido una lesi\u00f3n de rodilla por un accidente de autom\u00f3vil causado por la negligencia de otro, debes hablar ahora con un abogado de Denver.\",\"breadcrumb\":{\"@id\":\"https:\\\/\\\/dlslawfirm.com\\\/es\\\/abogados-de-colorado-especializados-en-lesiones-personales\\\/abogado-de-accidentes-de-coche-en-denver\\\/lesiones-de-rodilla-en-accidentes-de-trafico\\\/#breadcrumb\"},\"inLanguage\":\"es\",\"potentialAction\":[{\"@type\":\"ReadAction\",\"target\":[\"https:\\\/\\\/dlslawfirm.com\\\/es\\\/abogados-de-colorado-especializados-en-lesiones-personales\\\/abogado-de-accidentes-de-coche-en-denver\\\/lesiones-de-rodilla-en-accidentes-de-trafico\\\/\"]}]},{\"@type\":\"ImageObject\",\"inLanguage\":\"es\",\"@id\":\"https:\\\/\\\/dlslawfirm.com\\\/es\\\/abogados-de-colorado-especializados-en-lesiones-personales\\\/abogado-de-accidentes-de-coche-en-denver\\\/lesiones-de-rodilla-en-accidentes-de-trafico\\\/#primaryimage\",\"url\":\"https:\\\/\\\/dlslawfirm.com\\\/es\\\/wp-content\\\/uploads\\\/sites\\\/2\\\/2018\\\/09\\\/42784436_m.jpg\",\"contentUrl\":\"https:\\\/\\\/dlslawfirm.com\\\/es\\\/wp-content\\\/uploads\\\/sites\\\/2\\\/2018\\\/09\\\/42784436_m.jpg\",\"width\":1067,\"height\":1600},{\"@type\":\"BreadcrumbList\",\"@id\":\"https:\\\/\\\/dlslawfirm.com\\\/es\\\/abogados-de-colorado-especializados-en-lesiones-personales\\\/abogado-de-accidentes-de-coche-en-denver\\\/lesiones-de-rodilla-en-accidentes-de-trafico\\\/#breadcrumb\",\"itemListElement\":[{\"@type\":\"ListItem\",\"position\":1,\"name\":\"Home\",\"item\":\"https:\\\/\\\/dlslawfirm.com\\\/es\\\/\"},{\"@type\":\"ListItem\",\"position\":2,\"name\":\"Abogados de Colorado especializados en lesiones personales\",\"item\":\"https:\\\/\\\/dlslawfirm.com\\\/es\\\/abogados-de-colorado-especializados-en-lesiones-personales\\\/\"},{\"@type\":\"ListItem\",\"position\":3,\"name\":\"Abogado de accidentes de coche en Denver\",\"item\":\"https:\\\/\\\/dlslawfirm.com\\\/es\\\/abogados-de-colorado-especializados-en-lesiones-personales\\\/abogado-de-accidentes-de-coche-en-denver\\\/\"},{\"@type\":\"ListItem\",\"position\":4,\"name\":\"Lesiones de rodilla en accidentes de tr\u00e1fico\"}]},{\"@type\":\"WebSite\",\"@id\":\"https:\\\/\\\/dlslawfirm.com\\\/es\\\/#website\",\"url\":\"https:\\\/\\\/dlslawfirm.com\\\/es\\\/\",\"name\":\"Law Offices of Dianne Sawaya LLC- En Espanol\",\"description\":\"\",\"potentialAction\":[{\"@type\":\"SearchAction\",\"target\":{\"@type\":\"EntryPoint\",\"urlTemplate\":\"https:\\\/\\\/dlslawfirm.com\\\/es\\\/?s={search_term_string}\"},\"query-input\":{\"@type\":\"PropertyValueSpecification\",\"valueRequired\":true,\"valueName\":\"search_term_string\"}}],\"inLanguage\":\"es\"}]}<\/script>\n<!-- \/ Yoast SEO plugin. -->","yoast_head_json":{"title":"Lesiones de rodilla en accidentes de tr\u00e1fico | Abogado de accidentes de tr\u00e1fico en Denver","description":"Si has sufrido una lesi\u00f3n de rodilla por un accidente de autom\u00f3vil causado por la negligencia de otro, debes hablar ahora con un abogado de Denver.","robots":{"index":"index","follow":"follow","max-snippet":"max-snippet:-1","max-image-preview":"max-image-preview:large","max-video-preview":"max-video-preview:-1"},"canonical":"https:\/\/dlslawfirm.com\/es\/abogados-de-colorado-especializados-en-lesiones-personales\/abogado-de-accidentes-de-coche-en-denver\/lesiones-de-rodilla-en-accidentes-de-trafico\/","og_locale":"es_MX","og_type":"article","og_title":"Lesiones de rodilla en accidentes de tr\u00e1fico | Abogado de accidentes de tr\u00e1fico en Denver","og_description":"Si has sufrido una lesi\u00f3n de rodilla por un accidente de autom\u00f3vil causado por la negligencia de otro, debes hablar ahora con un abogado de Denver.","og_url":"https:\/\/dlslawfirm.com\/es\/abogados-de-colorado-especializados-en-lesiones-personales\/abogado-de-accidentes-de-coche-en-denver\/lesiones-de-rodilla-en-accidentes-de-trafico\/","og_site_name":"Law Offices of Dianne Sawaya LLC- En Espanol","og_image":[{"width":1067,"height":1600,"url":"https:\/\/dlslawfirm.com\/es\/wp-content\/uploads\/sites\/2\/2018\/09\/42784436_m.jpg","type":"image\/jpeg"}],"twitter_card":"summary_large_image","twitter_misc":{"Est. reading time":"6 minutos"},"schema":{"@context":"https:\/\/schema.org","@graph":[{"@type":"WebPage","@id":"https:\/\/dlslawfirm.com\/es\/abogados-de-colorado-especializados-en-lesiones-personales\/abogado-de-accidentes-de-coche-en-denver\/lesiones-de-rodilla-en-accidentes-de-trafico\/","url":"https:\/\/dlslawfirm.com\/es\/abogados-de-colorado-especializados-en-lesiones-personales\/abogado-de-accidentes-de-coche-en-denver\/lesiones-de-rodilla-en-accidentes-de-trafico\/","name":"Lesiones de rodilla en accidentes de tr\u00e1fico | Abogado de accidentes de tr\u00e1fico en Denver","isPartOf":{"@id":"https:\/\/dlslawfirm.com\/es\/#website"},"primaryImageOfPage":{"@id":"https:\/\/dlslawfirm.com\/es\/abogados-de-colorado-especializados-en-lesiones-personales\/abogado-de-accidentes-de-coche-en-denver\/lesiones-de-rodilla-en-accidentes-de-trafico\/#primaryimage"},"image":{"@id":"https:\/\/dlslawfirm.com\/es\/abogados-de-colorado-especializados-en-lesiones-personales\/abogado-de-accidentes-de-coche-en-denver\/lesiones-de-rodilla-en-accidentes-de-trafico\/#primaryimage"},"thumbnailUrl":"https:\/\/dlslawfirm.com\/es\/wp-content\/uploads\/sites\/2\/2018\/09\/42784436_m.jpg","datePublished":"2020-11-11T08:48:27+00:00","description":"Si has sufrido una lesi\u00f3n de rodilla por un accidente de autom\u00f3vil causado por la negligencia de otro, debes hablar ahora con un abogado de Denver.","breadcrumb":{"@id":"https:\/\/dlslawfirm.com\/es\/abogados-de-colorado-especializados-en-lesiones-personales\/abogado-de-accidentes-de-coche-en-denver\/lesiones-de-rodilla-en-accidentes-de-trafico\/#breadcrumb"},"inLanguage":"es","potentialAction":[{"@type":"ReadAction","target":["https:\/\/dlslawfirm.com\/es\/abogados-de-colorado-especializados-en-lesiones-personales\/abogado-de-accidentes-de-coche-en-denver\/lesiones-de-rodilla-en-accidentes-de-trafico\/"]}]},{"@type":"ImageObject","inLanguage":"es","@id":"https:\/\/dlslawfirm.com\/es\/abogados-de-colorado-especializados-en-lesiones-personales\/abogado-de-accidentes-de-coche-en-denver\/lesiones-de-rodilla-en-accidentes-de-trafico\/#primaryimage","url":"https:\/\/dlslawfirm.com\/es\/wp-content\/uploads\/sites\/2\/2018\/09\/42784436_m.jpg","contentUrl":"https:\/\/dlslawfirm.com\/es\/wp-content\/uploads\/sites\/2\/2018\/09\/42784436_m.jpg","width":1067,"height":1600},{"@type":"BreadcrumbList","@id":"https:\/\/dlslawfirm.com\/es\/abogados-de-colorado-especializados-en-lesiones-personales\/abogado-de-accidentes-de-coche-en-denver\/lesiones-de-rodilla-en-accidentes-de-trafico\/#breadcrumb","itemListElement":[{"@type":"ListItem","position":1,"name":"Home","item":"https:\/\/dlslawfirm.com\/es\/"},{"@type":"ListItem","position":2,"name":"Abogados de Colorado especializados en lesiones personales","item":"https:\/\/dlslawfirm.com\/es\/abogados-de-colorado-especializados-en-lesiones-personales\/"},{"@type":"ListItem","position":3,"name":"Abogado de accidentes de coche en Denver","item":"https:\/\/dlslawfirm.com\/es\/abogados-de-colorado-especializados-en-lesiones-personales\/abogado-de-accidentes-de-coche-en-denver\/"},{"@type":"ListItem","position":4,"name":"Lesiones de rodilla en accidentes de tr\u00e1fico"}]},{"@type":"WebSite","@id":"https:\/\/dlslawfirm.com\/es\/#website","url":"https:\/\/dlslawfirm.com\/es\/","name":"Law Offices of Dianne Sawaya LLC- En Espanol","description":"","potentialAction":[{"@type":"SearchAction","target":{"@type":"EntryPoint","urlTemplate":"https:\/\/dlslawfirm.com\/es\/?s={search_term_string}"},"query-input":{"@type":"PropertyValueSpecification","valueRequired":true,"valueName":"search_term_string"}}],"inLanguage":"es"}]}},"_links":{"self":[{"href":"https:\/\/dlslawfirm.com\/es\/wp-json\/wp\/v2\/pages\/6861","targetHints":{"allow":["GET"]}}],"collection":[{"href":"https:\/\/dlslawfirm.com\/es\/wp-json\/wp\/v2\/pages"}],"about":[{"href":"https:\/\/dlslawfirm.com\/es\/wp-json\/wp\/v2\/types\/page"}],"author":[{"embeddable":true,"href":"https:\/\/dlslawfirm.com\/es\/wp-json\/wp\/v2\/users\/2"}],"replies":[{"embeddable":true,"href":"https:\/\/dlslawfirm.com\/es\/wp-json\/wp\/v2\/comments?post=6861"}],"version-history":[{"count":0,"href":"https:\/\/dlslawfirm.com\/es\/wp-json\/wp\/v2\/pages\/6861\/revisions"}],"up":[{"embeddable":true,"href":"https:\/\/dlslawfirm.com\/es\/wp-json\/wp\/v2\/pages\/7038"}],"wp:featuredmedia":[{"embeddable":true,"href":"https:\/\/dlslawfirm.com\/es\/wp-json\/wp\/v2\/media\/7285"}],"wp:attachment":[{"href":"https:\/\/dlslawfirm.com\/es\/wp-json\/wp\/v2\/media?parent=6861"}],"wp:term":[{"taxonomy":"post_tag","embeddable":true,"href":"https:\/\/dlslawfirm.com\/es\/wp-json\/wp\/v2\/tags?post=6861"}],"curies":[{"name":"wp","href":"https:\/\/api.w.org\/{rel}","templated":true}]}}