{"id":6860,"date":"2021-11-24T06:49:28","date_gmt":"2021-11-24T06:49:28","guid":{"rendered":"https:\/\/dlslawfirm.com\/abogado-de-lesiones-personales-en-loveland\/"},"modified":"2021-11-24T06:49:28","modified_gmt":"2021-11-24T06:49:28","slug":"abogado-de-lesiones-personales-en-loveland","status":"publish","type":"page","link":"https:\/\/dlslawfirm.com\/es\/abogado-de-lesiones-personales-en-loveland\/","title":{"rendered":"Abogado de lesiones personales en Loveland"},"content":{"rendered":"<h2>Abogado de Lesiones Personales en Loveland, Colorado<\/h2>\n<p>Si te has lesionado debido a la negligencia de otra persona o entidad, podr\u00edas beneficiarte de hablar con un abogado de lesiones personales de Loveland, CO. Seg\u00fan <a href=\"https:\/\/www.cdc.gov\/nchs\/fastats\/accidental-injury.htm\" target=\"_blank\" rel=\"noopener\">los CDC<\/a>, cada a\u00f1o unos 39,5 millones de personas acuden al m\u00e9dico por una lesi\u00f3n no intencionada, mientras que otros 24,5 millones acuden a urgencias por una lesi\u00f3n no intencionada.<\/p>\n<p>Una lesi\u00f3n no intencionada puede ser una lesi\u00f3n causada por la negligencia de otro, o una lesi\u00f3n sufrida en casa. Se calcula que dos millones de estas lesiones son lo bastante graves como para requerir hospitalizaci\u00f3n, y al menos 162.000 son mortales. La inmensa mayor\u00eda de las demandas por lesiones personales son consecuencia de <a href=\"https:\/\/dlslawfirm.com\/loveland-car-accident-attorney\/\">accidentes de autom\u00f3vil<\/a>, aunque los <a href=\"https:\/\/dlslawfirm.com\/personal-injury\/slip-and-fall-injury-attorney\/\">resbalones y ca\u00eddas\/tropiezos y ca\u00eddas<\/a> son tambi\u00e9n una causa importante de demandas por lesiones personales.<\/p>\n[cta_interior title=&#8221;CTA Interior&#8221;]\n<p><a href=\"https:\/\/www.driverknowledge.com\/car-accident-statistics\/\" target=\"_blank\" rel=\"noopener\">Driverknowledge.com<\/a> calcula que cada a\u00f1o se producen unos 6 millones de accidentes de tr\u00e1fico en Estados Unidos. De esos accidentes, hay unos 3 millones de lesiones, 2 millones de las cuales son lo bastante graves como para causar alg\u00fan nivel de lesi\u00f3n permanente. En 2018, <a href=\"https:\/\/www.cnbc.com\/2018\/02\/22\/medical-errors-third-leading-cause-of-death-in-america.html\" target=\"_blank\" rel=\"noopener\">la CNBC<\/a> inform\u00f3 de que se cree que los errores m\u00e9dicos causan hasta 250.000 muertes al a\u00f1o, lo que los convierte en la tercera causa de muerte en Estados Unidos.<\/p>\n<p><span data-mce-type=\"bookmark\" style=\"width: 0px;overflow: hidden;line-height: 0\" class=\"mce_SELRES_start\"><\/span><\/p>\n<h2>\u00bfPor qu\u00e9 elegir a Dianne Sawaya, abogada de Loveland especializada en lesiones personales?<\/h2>\n<p>Sufrir lesiones graves por causas ajenas a tu voluntad puede ser una experiencia traum\u00e1tica. Puedes quedar con lesiones que tarden semanas, meses o a\u00f1os en curarse, o con una incapacidad permanente. Dependiendo del alcance de tus lesiones, podr\u00edas ser incapaz de volver al trabajo, lo que imposibilitar\u00eda el pago de tus gastos mensuales normales. En el Bufete de Dianne Sawaya, nuestro equipo jur\u00eddico ayuda cada d\u00eda a personas como t\u00fa.<\/p>\n<p>La abogada Dianne Sawaya comprende perfectamente que tienes muchas opciones a la hora de decidirte por un abogado de lesiones personales. Porque tienes opciones, Dianne va sistem\u00e1ticamente mucho m\u00e1s all\u00e1 del servicio &#8220;normal&#8221; que recibes de un abogado de lesiones personales. Dianne y su equipo son compasivos y comprenden que \u00e9ste es un momento muy emotivo para ti. Sencillamente, no encontrar\u00e1s en ning\u00fan otro sitio el nivel de compromiso contigo y con tu familia que ofrece nuestro bufete. Considera lo siguiente:<\/p>\n<ul>\n<li>El bufete de Dianne Sawaya tiene m\u00e1s de 180 opiniones positivas en Google.<\/li>\n<li>Somos inteligentes, agresivos y compasivos.<\/li>\n<li>Maximizaremos la indemnizaci\u00f3n que necesitas y mereces.<\/li>\n<li>Nuestras consultas son siempre 100% gratuitas.<\/li>\n<li>Si no hay recuperaci\u00f3n, no se deben honorarios de abogado.<\/li>\n<li>No s\u00f3lo te ayudamos a conseguir la indemnizaci\u00f3n que mereces, sino tambi\u00e9n el tratamiento m\u00e9dico que necesitas.<\/li>\n<\/ul>\n<p>Cuando necesites un bufete de abogados experto en lesiones personales, esperamos que elijas el Bufete de Dianne Sawaya.<\/p>\n<h2>\u00bfCu\u00e1l es la causa principal de las demandas por lesiones personales?<\/h2>\n<p>Como ya se ha dicho, la mayor\u00eda de las demandas por lesiones personales son consecuencia de accidentes de tr\u00e1fico. Esto es as\u00ed en parte, porque en la mayor\u00eda de los casos en que se produce un accidente de tr\u00e1fico, uno de los conductores, o ambos, cometieron un error de conducci\u00f3n. En Colorado, el conductor con la mayor parte de la culpa sigue siendo responsable de las lesiones causadas. Aunque ese error del conductor no fuera intencionado, la acci\u00f3n segu\u00eda desvi\u00e1ndose de lo que habr\u00eda hecho un conductor razonable, dada la misma situaci\u00f3n. Los conductores pueden estar demasiado fatigados, distra\u00eddos, alterados, conducir de forma temeraria o superar el l\u00edmite de velocidad. Cuando estas conductas provocan un accidente, el otro conductor tiene derecho a presentar una demanda por da\u00f1os personales para pagar los da\u00f1os derivados del accidente.<\/p>\n<h2>\u00bfQu\u00e9 otros tipos de demandas por lesiones personales existen?<\/h2>\n<p>Adem\u00e1s de las demandas por lesiones personales provocadas por <a href=\"https:\/\/dlslawfirm.com\/personal-injury\/loveland-personal-injury-attorney\/loveland-car-accident-attorney\/\">accidentes de autom\u00f3vil<\/a> (incluidos los accidentes de <a href=\"https:\/\/dlslawfirm.com\/loveland-personal-injury-attorney\/loveland-truck-accident-attorney\/\">cami\u00f3n<\/a>, de <a href=\"https:\/\/dlslawfirm.com\/loveland-personal-injury-attorney\/loveland-motorcycle-accident-attorney\/\">motocicleta<\/a>, de bicicleta y de peat\u00f3n), otras causas comunes de demandas por lesiones personales son las siguientes:<\/p>\n<ul>\n<li><a href=\"https:\/\/dlslawfirm.com\/personal-injury\/slip-and-fall-injury-attorney\/\"><br \/>\n  <strong>Reclamaciones por Responsabilidad Patrimonial<\/strong><br \/>\n<\/a> &#8211; Las reclamaciones por responsabilidad del local se producen cuando una persona resulta herida en la propiedad de alguien, ya sea p\u00fablica o privada, debido a una negligencia. Los accidentes por resbalones y ca\u00eddas se consideran reclamaciones por responsabilidad de las instalaciones.<\/li>\n<li><a href=\"https:\/\/dlslawfirm.com\/personal-injury\/\"><br \/>\n  <strong>Negligencia m\u00e9dica<\/strong><br \/>\n<\/a> &#8211; Cuando una persona sufre lesiones porque un profesional m\u00e9dico no ha actuado de la misma manera que lo habr\u00eda hecho otro profesional m\u00e9dico razonable y con formaci\u00f3n similar, dadas las mismas circunstancias, puede haberse producido una negligencia m\u00e9dica.<\/li>\n<li><a href=\"https:\/\/dlslawfirm.com\/personal-injury\/dog-bite-lawyer\/\"><br \/>\n  <strong>Mordeduras de perro o animales agresivos<\/strong><br \/>\n<\/a> &#8211; Cuando un perro muerde a un visitante de la propiedad, hay que hacer muchas determinaciones, como si el visitante era un intruso o fue invitado a entrar en la propiedad. El estado de Colorado impone una responsabilidad objetiva a los propietarios de perros cuando una persona se encuentra legalmente en una propiedad p\u00fablica o privada; el propietario es responsable incluso si el perro nunca mostr\u00f3 tendencias violentas antes de la mordedura o el ataque.<\/li>\n<li><a href=\"https:\/\/dlslawfirm.com\/personal-injury\/product-liability-attorneys\/\"><br \/>\n  <strong>Reclamaciones de responsabilidad por productos defectuosos<\/strong><br \/>\n<\/a> &#8211; Esperamos que los productos que compramos sean seguros. Cuando resulta que no son seguros y han causado lesiones, puede presentarse una demanda de responsabilidad por productos defectuosos.<\/li>\n<li><a href=\"https:\/\/dlslawfirm.com\/personal-injury\/wrongful-death\/\"><br \/>\n  <strong>Muerte por negligencia<\/strong><br \/>\n<\/a> &#8211; Cuando una persona resulta herida por la negligencia de otra y m\u00e1s tarde fallece, una demanda por lesiones personales se convierte en una demanda por homicidio culposo. Los familiares tienen derecho a presentar una demanda por homicidio culposo por gastos funerarios, gastos m\u00e9dicos, salarios futuros perdidos y otras cosas como p\u00e9rdida de consorcio o p\u00e9rdida de orientaci\u00f3n y cuidados.<\/li>\n<li><a href=\"https:\/\/dlslawfirm.com\/personal-injury\/construction-accidents\/\"><br \/>\n  <strong>Accidentes en la construcci\u00f3n<\/strong><br \/>\n<\/a> &#8211; Las obras de construcci\u00f3n son intr\u00ednsecamente peligrosas. Cuando los trabajadores de la construcci\u00f3n sufren lesiones debidas a equipos defectuosos, falta de normas de seguridad, ca\u00edda de secciones de tejados o andamios, u otros tipos de accidentes, pueden presentar una demanda por lesiones personales. Los visitantes de una obra en construcci\u00f3n que sufran lesiones por negligencia tambi\u00e9n pueden presentar una demanda por lesiones personales.<\/li>\n<\/ul>\n<h2>\u00bfC\u00f3mo funcionan las demandas por lesiones personales en Colorado?<\/h2>\n<p>Como no hay dos accidentes exactamente iguales, no hay dos demandas por lesiones personales que sigan exactamente el mismo camino. Dicho esto, hay un cierto orden de pasos que se suelen dar, entre ellos:<\/p>\n<ul>\n<li>Te lesionas por negligencia de otra persona o entidad. Debes demostrar que el demandado te deb\u00eda una obligaci\u00f3n, es decir, que el otro conductor te deb\u00eda la obligaci\u00f3n de conducir con cuidado y obedecer las leyes de tr\u00e1fico. Si exist\u00eda una obligaci\u00f3n, debes demostrar que el demandado la incumpli\u00f3 con sus actos. Si el demandado incumpli\u00f3 su deber de diligencia, debe haber lesiones derivadas de ese incumplimiento. Por \u00faltimo, si todo lo anterior es cierto, debes haber sufrido alg\u00fan tipo de da\u00f1os derivados de tus lesiones, como gastos m\u00e9dicos, da\u00f1os a tu veh\u00edculo, p\u00e9rdida de salario, etc.<\/li>\n<li>A continuaci\u00f3n, tu abogado -tras determinar cu\u00e1l es el total de tus da\u00f1os actuales y futuros- negociar\u00e1 en tu nombre con la compa\u00f1\u00eda de seguros en un intento de conseguir un acuerdo justo. Si est\u00e1s de acuerdo con el importe de la conciliaci\u00f3n, recibir\u00e1s un cheque de conciliaci\u00f3n y el asunto habr\u00e1 terminado.<\/li>\n<li>Si no aceptas el acuerdo, se puede presentar una demanda contra el demandado. Muchas veces se llega a un acuerdo de conciliaci\u00f3n, incluso despu\u00e9s de presentar la demanda, pero antes de que se decida el caso. Si no se llega a un acuerdo, un juez o un jurado decidir\u00e1n el valor de tu demanda.<\/li>\n<\/ul>\n<p>Todos estos pasos pueden beneficiarse enormemente de contar con un abogado experto en lesiones personales del Bufete de Dianne Sawaya. Te explicaremos a fondo el proceso de lesiones personales, respondiendo a todas tus preguntas de forma exhaustiva y comprensible.<\/p>\n<h2>\u00bfQu\u00e9 son los da\u00f1os en una demanda por lesiones personales en Loveland, CO?<\/h2>\n<p>Puede que te preguntes qu\u00e9 da\u00f1os y perjuicios tienes derecho a recibir por tu demanda por lesiones personales en Loveland, CO. Por supuesto, tu indemnizaci\u00f3n depender\u00e1 de la causa de tu accidente, las circunstancias que lo rodearon y el alcance de tus lesiones. En general, existen las siguientes indemnizaciones por da\u00f1os y perjuicios:<\/p>\n<ul>\n<li><strong>Gastos m\u00e9dicos:<\/strong>las facturas m\u00e9dicas contra\u00eddas desde tu accidente son reembolsables, y las facturas m\u00e9dicas que razonablemente puedas esperar contraer tambi\u00e9n se incluyen en los da\u00f1os y perjuicios. Los gastos m\u00e9dicos pueden implicar lesiones de larga duraci\u00f3n o incapacidad permanente. Si tu aseguradora sanitaria ha estado pagando tus facturas m\u00e9dicas relacionadas con el accidente, es posible que tengas que entregar una parte de tu liquidaci\u00f3n como reembolso a la aseguradora.<\/li>\n<li><strong>Salarios<\/strong>perdidos: si no puedes reincorporarte a tu puesto de trabajo durante unos d\u00edas o semanas, tienes derecho a una indemnizaci\u00f3n por salarios perdidos. Si no puedes reincorporarte a tu puesto de trabajo durante meses o a\u00f1os, puedes tener derecho a percibir futuros salarios perdidos.<\/li>\n<li><strong>Dolor y sufrimiento:<\/strong>las facturas m\u00e9dicas y la p\u00e9rdida de ingresos se consideran da\u00f1os econ\u00f3micos, ya que son cuantificables o se les puede asignar f\u00e1cilmente una cifra en d\u00f3lares. Otros da\u00f1os son menos f\u00e1ciles de cuantificar porque son m\u00e1s subjetivos. El dolor y el sufrimiento pueden incluir el dolor f\u00edsico, as\u00ed como la angustia mental sufrida por el accidente, como insomnio, ansiedad, depresi\u00f3n y TEPT.<\/li>\n<li><strong>Da\u00f1os pun<\/strong>itivos: los da\u00f1os <strong>punitivos<\/strong>no son habituales, ya que se conceden cuando el demandado actu\u00f3 maliciosa o deliberadamente. Los da\u00f1os punitivos pretenden castigar al demandado por un comportamiento especialmente atroz.<\/li>\n<li><strong>Discapacidad permanente o desfiguraci\u00f3n  <\/strong><\/li>\n<\/ul>\n<p>La ley de Colorado permite la indemnizaci\u00f3n por todo lo anterior, sin embargo, existe un l\u00edmite en la cantidad recuperable por da\u00f1os no econ\u00f3micos. Colorado limita los da\u00f1os no econ\u00f3micos a 250.000 $, m\u00e1s la inflaci\u00f3n, aunque el tribunal puede aumentar la indemnizaci\u00f3n hasta un m\u00e1ximo de 500.000 $ si encuentra pruebas claras y convincentes. Las demandas por negligencia m\u00e9dica tienen un l\u00edmite de 300.000 $ por da\u00f1os no econ\u00f3micos, con un l\u00edmite total de 1 mill\u00f3n de $. Para los demandantes que han sufrido una discapacidad f\u00edsica permanente, no hay l\u00edmite para las indemnizaciones por da\u00f1o moral.<\/p>\n<h2>\u00bfPor qu\u00e9 necesito un abogado de lesiones personales en Loveland, CO?<\/h2>\n<p>Tener a tu lado a un abogado experto en lesiones personales de Loveland, CO, aumenta enormemente tus posibilidades de conseguir un acuerdo justo. Si tu abogado trata con la compa\u00f1\u00eda de seguros, es una cosa menos que tienes que hacer. Puedes concentrar todos tus esfuerzos en curarte de tus lesiones y rehacer tu vida mientras tu abogado se ocupa de todos los detalles legales, incluida la prescripci\u00f3n, es decir, el plazo que tienes para presentar una demanda por lesiones personales despu\u00e9s de que se produzcan.<strong> <\/strong><\/p>\n<h2>\u00bfC\u00f3mo puede ayudarte el bufete de Dianne Sawaya con tu demanda por lesiones personales en Loveland, CO?<\/h2>\n<p>Contar con un abogado de lesiones personales de Loveland del Bufete de Dianne Sawaya puede suponer una diferencia significativa en el resultado de tu demanda por lesiones personales. La abogada Dianne Sawaya es compasiva, experimentada y muy respetada. Dianne y su equipo de abogados del Bufete de Dianne Sawaya trabajar\u00e1n duro y durante mucho tiempo por ti y por tu familia. Adoptamos un enfoque muy personal del derecho de lesiones, trabajando para ti y tu familia, y no para las compa\u00f1\u00edas de seguros o las grandes empresas. Nos mantenemos en constante comunicaci\u00f3n contigo y con cada uno de nuestros clientes en cada paso del camino mientras luchamos agresivamente por tus derechos y tu futuro. <a href=\"https:\/\/dlslawfirm.com\/loveland-co-office\/\">Ponte en contacto con<\/a> el Bufete de Dianne Sawaya hoy mismo, sin coste ni compromiso.<\/p>\n","protected":false},"excerpt":{"rendered":"<p>Abogado de Lesiones Personales en Loveland, Colorado Si te has lesionado debido a la negligencia de otra persona o entidad, podr\u00edas beneficiarte de hablar con un abogado de lesiones personales de Loveland, CO. Seg\u00fan los CDC, cada a\u00f1o unos 39,5 millones de personas acuden al m\u00e9dico por una lesi\u00f3n no intencionada, mientras que otros 24,5&#8230;<\/p>\n","protected":false},"author":2,"featured_media":7221,"parent":0,"menu_order":17,"comment_status":"closed","ping_status":"closed","template":"","meta":{"_acf_changed":false,"footnotes":""},"tags":[],"class_list":["post-6860","page","type-page","status-publish","has-post-thumbnail","hentry"],"acf":[],"yoast_head":"<!-- This site is optimized with the Yoast SEO plugin v27.4 - https:\/\/yoast.com\/product\/yoast-seo-wordpress\/ -->\n<title>Abogado de lesiones personales de Loveland | Abogados de lesiones de Colorado mejor valorados<\/title>\n<meta name=\"description\" content=\"Adoptamos un enfoque muy personal de la ley de lesiones, trabajando para ti y tu familia, despu\u00e9s de una lesi\u00f3n en Loveland, CO. Llama gratis ahora.\" \/>\n<meta name=\"robots\" content=\"index, follow, max-snippet:-1, max-image-preview:large, max-video-preview:-1\" \/>\n<link rel=\"canonical\" href=\"https:\/\/dlslawfirm.com\/es\/abogado-de-lesiones-personales-en-loveland\/\" \/>\n<meta property=\"og:locale\" content=\"es_MX\" \/>\n<meta property=\"og:type\" content=\"article\" \/>\n<meta property=\"og:title\" content=\"Abogado de lesiones personales de Loveland | Abogados de lesiones de Colorado mejor valorados\" \/>\n<meta property=\"og:description\" content=\"Adoptamos un enfoque muy personal de la ley de lesiones, trabajando para ti y tu familia, despu\u00e9s de una lesi\u00f3n en Loveland, CO. Llama gratis ahora.\" \/>\n<meta property=\"og:url\" content=\"https:\/\/dlslawfirm.com\/es\/abogado-de-lesiones-personales-en-loveland\/\" \/>\n<meta property=\"og:site_name\" content=\"Law Offices of Dianne Sawaya LLC- En Espanol\" \/>\n<meta property=\"og:image\" content=\"https:\/\/dlslawfirm.com\/es\/wp-content\/uploads\/sites\/2\/2022\/06\/loveland.jpg\" \/>\n\t<meta property=\"og:image:width\" content=\"1600\" \/>\n\t<meta property=\"og:image:height\" content=\"639\" \/>\n\t<meta property=\"og:image:type\" content=\"image\/jpeg\" \/>\n<meta name=\"twitter:card\" content=\"summary_large_image\" \/>\n<meta name=\"twitter:label1\" content=\"Est. reading time\" \/>\n\t<meta name=\"twitter:data1\" content=\"10 minutos\" \/>\n<script type=\"application\/ld+json\" class=\"yoast-schema-graph\">{\"@context\":\"https:\\\/\\\/schema.org\",\"@graph\":[{\"@type\":\"WebPage\",\"@id\":\"https:\\\/\\\/dlslawfirm.com\\\/es\\\/abogado-de-lesiones-personales-en-loveland\\\/\",\"url\":\"https:\\\/\\\/dlslawfirm.com\\\/es\\\/abogado-de-lesiones-personales-en-loveland\\\/\",\"name\":\"Abogado de lesiones personales de Loveland | Abogados de lesiones de Colorado mejor valorados\",\"isPartOf\":{\"@id\":\"https:\\\/\\\/dlslawfirm.com\\\/es\\\/#website\"},\"primaryImageOfPage\":{\"@id\":\"https:\\\/\\\/dlslawfirm.com\\\/es\\\/abogado-de-lesiones-personales-en-loveland\\\/#primaryimage\"},\"image\":{\"@id\":\"https:\\\/\\\/dlslawfirm.com\\\/es\\\/abogado-de-lesiones-personales-en-loveland\\\/#primaryimage\"},\"thumbnailUrl\":\"https:\\\/\\\/dlslawfirm.com\\\/es\\\/wp-content\\\/uploads\\\/sites\\\/2\\\/2022\\\/06\\\/loveland.jpg\",\"datePublished\":\"2021-11-24T06:49:28+00:00\",\"description\":\"Adoptamos un enfoque muy personal de la ley de lesiones, trabajando para ti y tu familia, despu\u00e9s de una lesi\u00f3n en Loveland, CO. Llama gratis ahora.\",\"breadcrumb\":{\"@id\":\"https:\\\/\\\/dlslawfirm.com\\\/es\\\/abogado-de-lesiones-personales-en-loveland\\\/#breadcrumb\"},\"inLanguage\":\"es\",\"potentialAction\":[{\"@type\":\"ReadAction\",\"target\":[\"https:\\\/\\\/dlslawfirm.com\\\/es\\\/abogado-de-lesiones-personales-en-loveland\\\/\"]}]},{\"@type\":\"ImageObject\",\"inLanguage\":\"es\",\"@id\":\"https:\\\/\\\/dlslawfirm.com\\\/es\\\/abogado-de-lesiones-personales-en-loveland\\\/#primaryimage\",\"url\":\"https:\\\/\\\/dlslawfirm.com\\\/es\\\/wp-content\\\/uploads\\\/sites\\\/2\\\/2022\\\/06\\\/loveland.jpg\",\"contentUrl\":\"https:\\\/\\\/dlslawfirm.com\\\/es\\\/wp-content\\\/uploads\\\/sites\\\/2\\\/2022\\\/06\\\/loveland.jpg\",\"width\":1600,\"height\":639,\"caption\":\"Snowy Loveland Pass in Loveland, Colorado\"},{\"@type\":\"BreadcrumbList\",\"@id\":\"https:\\\/\\\/dlslawfirm.com\\\/es\\\/abogado-de-lesiones-personales-en-loveland\\\/#breadcrumb\",\"itemListElement\":[{\"@type\":\"ListItem\",\"position\":1,\"name\":\"Home\",\"item\":\"https:\\\/\\\/dlslawfirm.com\\\/es\\\/\"},{\"@type\":\"ListItem\",\"position\":2,\"name\":\"Abogado de lesiones personales en Loveland\"}]},{\"@type\":\"WebSite\",\"@id\":\"https:\\\/\\\/dlslawfirm.com\\\/es\\\/#website\",\"url\":\"https:\\\/\\\/dlslawfirm.com\\\/es\\\/\",\"name\":\"Law Offices of Dianne Sawaya LLC- En Espanol\",\"description\":\"\",\"potentialAction\":[{\"@type\":\"SearchAction\",\"target\":{\"@type\":\"EntryPoint\",\"urlTemplate\":\"https:\\\/\\\/dlslawfirm.com\\\/es\\\/?s={search_term_string}\"},\"query-input\":{\"@type\":\"PropertyValueSpecification\",\"valueRequired\":true,\"valueName\":\"search_term_string\"}}],\"inLanguage\":\"es\"}]}<\/script>\n<!-- \/ Yoast SEO plugin. -->","yoast_head_json":{"title":"Abogado de lesiones personales de Loveland | Abogados de lesiones de Colorado mejor valorados","description":"Adoptamos un enfoque muy personal de la ley de lesiones, trabajando para ti y tu familia, despu\u00e9s de una lesi\u00f3n en Loveland, CO. Llama gratis ahora.","robots":{"index":"index","follow":"follow","max-snippet":"max-snippet:-1","max-image-preview":"max-image-preview:large","max-video-preview":"max-video-preview:-1"},"canonical":"https:\/\/dlslawfirm.com\/es\/abogado-de-lesiones-personales-en-loveland\/","og_locale":"es_MX","og_type":"article","og_title":"Abogado de lesiones personales de Loveland | Abogados de lesiones de Colorado mejor valorados","og_description":"Adoptamos un enfoque muy personal de la ley de lesiones, trabajando para ti y tu familia, despu\u00e9s de una lesi\u00f3n en Loveland, CO. Llama gratis ahora.","og_url":"https:\/\/dlslawfirm.com\/es\/abogado-de-lesiones-personales-en-loveland\/","og_site_name":"Law Offices of Dianne Sawaya LLC- En Espanol","og_image":[{"width":1600,"height":639,"url":"https:\/\/dlslawfirm.com\/es\/wp-content\/uploads\/sites\/2\/2022\/06\/loveland.jpg","type":"image\/jpeg"}],"twitter_card":"summary_large_image","twitter_misc":{"Est. reading time":"10 minutos"},"schema":{"@context":"https:\/\/schema.org","@graph":[{"@type":"WebPage","@id":"https:\/\/dlslawfirm.com\/es\/abogado-de-lesiones-personales-en-loveland\/","url":"https:\/\/dlslawfirm.com\/es\/abogado-de-lesiones-personales-en-loveland\/","name":"Abogado de lesiones personales de Loveland | Abogados de lesiones de Colorado mejor valorados","isPartOf":{"@id":"https:\/\/dlslawfirm.com\/es\/#website"},"primaryImageOfPage":{"@id":"https:\/\/dlslawfirm.com\/es\/abogado-de-lesiones-personales-en-loveland\/#primaryimage"},"image":{"@id":"https:\/\/dlslawfirm.com\/es\/abogado-de-lesiones-personales-en-loveland\/#primaryimage"},"thumbnailUrl":"https:\/\/dlslawfirm.com\/es\/wp-content\/uploads\/sites\/2\/2022\/06\/loveland.jpg","datePublished":"2021-11-24T06:49:28+00:00","description":"Adoptamos un enfoque muy personal de la ley de lesiones, trabajando para ti y tu familia, despu\u00e9s de una lesi\u00f3n en Loveland, CO. Llama gratis ahora.","breadcrumb":{"@id":"https:\/\/dlslawfirm.com\/es\/abogado-de-lesiones-personales-en-loveland\/#breadcrumb"},"inLanguage":"es","potentialAction":[{"@type":"ReadAction","target":["https:\/\/dlslawfirm.com\/es\/abogado-de-lesiones-personales-en-loveland\/"]}]},{"@type":"ImageObject","inLanguage":"es","@id":"https:\/\/dlslawfirm.com\/es\/abogado-de-lesiones-personales-en-loveland\/#primaryimage","url":"https:\/\/dlslawfirm.com\/es\/wp-content\/uploads\/sites\/2\/2022\/06\/loveland.jpg","contentUrl":"https:\/\/dlslawfirm.com\/es\/wp-content\/uploads\/sites\/2\/2022\/06\/loveland.jpg","width":1600,"height":639,"caption":"Snowy Loveland Pass in Loveland, Colorado"},{"@type":"BreadcrumbList","@id":"https:\/\/dlslawfirm.com\/es\/abogado-de-lesiones-personales-en-loveland\/#breadcrumb","itemListElement":[{"@type":"ListItem","position":1,"name":"Home","item":"https:\/\/dlslawfirm.com\/es\/"},{"@type":"ListItem","position":2,"name":"Abogado de lesiones personales en Loveland"}]},{"@type":"WebSite","@id":"https:\/\/dlslawfirm.com\/es\/#website","url":"https:\/\/dlslawfirm.com\/es\/","name":"Law Offices of Dianne Sawaya LLC- En Espanol","description":"","potentialAction":[{"@type":"SearchAction","target":{"@type":"EntryPoint","urlTemplate":"https:\/\/dlslawfirm.com\/es\/?s={search_term_string}"},"query-input":{"@type":"PropertyValueSpecification","valueRequired":true,"valueName":"search_term_string"}}],"inLanguage":"es"}]}},"_links":{"self":[{"href":"https:\/\/dlslawfirm.com\/es\/wp-json\/wp\/v2\/pages\/6860","targetHints":{"allow":["GET"]}}],"collection":[{"href":"https:\/\/dlslawfirm.com\/es\/wp-json\/wp\/v2\/pages"}],"about":[{"href":"https:\/\/dlslawfirm.com\/es\/wp-json\/wp\/v2\/types\/page"}],"author":[{"embeddable":true,"href":"https:\/\/dlslawfirm.com\/es\/wp-json\/wp\/v2\/users\/2"}],"replies":[{"embeddable":true,"href":"https:\/\/dlslawfirm.com\/es\/wp-json\/wp\/v2\/comments?post=6860"}],"version-history":[{"count":0,"href":"https:\/\/dlslawfirm.com\/es\/wp-json\/wp\/v2\/pages\/6860\/revisions"}],"wp:featuredmedia":[{"embeddable":true,"href":"https:\/\/dlslawfirm.com\/es\/wp-json\/wp\/v2\/media\/7221"}],"wp:attachment":[{"href":"https:\/\/dlslawfirm.com\/es\/wp-json\/wp\/v2\/media?parent=6860"}],"wp:term":[{"taxonomy":"post_tag","embeddable":true,"href":"https:\/\/dlslawfirm.com\/es\/wp-json\/wp\/v2\/tags?post=6860"}],"curies":[{"name":"wp","href":"https:\/\/api.w.org\/{rel}","templated":true}]}}