{"id":6856,"date":"2022-03-24T15:01:03","date_gmt":"2022-03-24T15:01:03","guid":{"rendered":"https:\/\/dlslawfirm.com\/politica-de-privacidad\/"},"modified":"2022-03-24T15:01:03","modified_gmt":"2022-03-24T15:01:03","slug":"politica-de-privacidad","status":"publish","type":"page","link":"https:\/\/dlslawfirm.com\/es\/politica-de-privacidad\/","title":{"rendered":"Pol\u00edtica de privacidad"},"content":{"rendered":"<div id=\"articleHeader\">\n<p>Tu privacidad y la seguridad de tu informaci\u00f3n son importantes para el Bufete de Dianne Sawaya. Lo que sigue es una declaraci\u00f3n de nuestra pol\u00edtica de privacidad.<\/p>\n<p><strong>Informaci\u00f3n personal<\/strong><\/p>\n<p>Cualquier informaci\u00f3n que nos proporciones (que no sea a trav\u00e9s de nuestro sitio web &#8211; ver m\u00e1s abajo) es privilegiada y privada. No vendemos, alquilamos ni intercambiamos tus datos con terceros ajenos a nuestra organizaci\u00f3n. Podemos compartir tu informaci\u00f3n con otras partes, pero s\u00f3lo en la cantidad y medida en que sea necesario para representar tus intereses en tu caso, o si nos indicas que compartamos tu informaci\u00f3n con una parte determinada. Las partes con las que podemos compartir tu informaci\u00f3n incluyen, entre otros, proveedores m\u00e9dicos, compa\u00f1\u00edas de seguros, expertos t\u00e9cnicos y similares. Tambi\u00e9n compartiremos tu informaci\u00f3n con quien y cuando nos lo indique un tribunal, y para cumplir las leyes aplicables.<\/p>\n<p><strong>P\u00e1gina web<a title=\"Dianne Sawaya\" href=\"\/\" target=\"_blank\" rel=\"noopener\">(www.dlslawfirm.com)<\/a><\/strong><\/p>\n<p>La informaci\u00f3n que nos proporciones a trav\u00e9s de nuestro sitio web puede no ser segura. Cualquier comunicaci\u00f3n con The Law Offices of Dianne Sawaya a trav\u00e9s del sitio web o por correo electr\u00f3nico no debe considerarse confidencial o privilegiada, ni crea una relaci\u00f3n abogado-cliente. La informaci\u00f3n proporcionada en nuestro sitio web es meramente informativa y no constituye asesoramiento jur\u00eddico. El Bufete de Dianne Sawaya es el \u00fanico responsable del contenido del sitio web.<\/p>\n<p><strong>Ponte en contacto con<\/strong><\/p>\n<p>El Bufete de Dianne Sawaya considera importante mantener informados a nuestros clientes y a otras partes interesadas, y puede ponerse en contacto contigo de vez en cuando para informarte sobre nuestros servicios o sobre cambios en nuestras pol\u00edticas. Este contacto puede adoptar la forma de correo electr\u00f3nico, correo ordinario o tel\u00e9fono. Si te preocupa nuestra pol\u00edtica de privacidad o nuestro cumplimiento de la misma, ponte en contacto con nosotros en el <strong>(303) 758-4777<\/strong>.<\/p>\n<\/div>\n","protected":false},"excerpt":{"rendered":"<p>Tu privacidad y la seguridad de tu informaci\u00f3n son importantes para el Bufete de Dianne Sawaya. Lo que sigue es una declaraci\u00f3n de nuestra pol\u00edtica de privacidad. Informaci\u00f3n personal Cualquier informaci\u00f3n que nos proporciones (que no sea a trav\u00e9s de nuestro sitio web &#8211; ver m\u00e1s abajo) es privilegiada y privada. No vendemos, alquilamos ni&#8230;<\/p>\n","protected":false},"author":2,"featured_media":0,"parent":0,"menu_order":0,"comment_status":"closed","ping_status":"open","template":"","meta":{"_acf_changed":false,"footnotes":""},"tags":[],"class_list":["post-6856","page","type-page","status-publish","hentry"],"acf":[],"yoast_head":"<!-- This site is optimized with the Yoast SEO plugin v27.5 - https:\/\/yoast.com\/product\/yoast-seo-wordpress\/ -->\n<title>Pol\u00edtica de privacidad - Law Offices of Dianne Sawaya LLC- En Espanol<\/title>\n<meta name=\"robots\" content=\"index, follow, max-snippet:-1, max-image-preview:large, max-video-preview:-1\" \/>\n<link rel=\"canonical\" href=\"https:\/\/dlslawfirm.com\/es\/politica-de-privacidad\/\" \/>\n<meta property=\"og:locale\" content=\"es_MX\" \/>\n<meta property=\"og:type\" content=\"article\" \/>\n<meta property=\"og:title\" content=\"Pol\u00edtica de privacidad - Law Offices of Dianne Sawaya LLC- En Espanol\" \/>\n<meta property=\"og:description\" content=\"Tu privacidad y la seguridad de tu informaci\u00f3n son importantes para el Bufete de Dianne Sawaya. Lo que sigue es una declaraci\u00f3n de nuestra pol\u00edtica de privacidad. Informaci\u00f3n personal Cualquier informaci\u00f3n que nos proporciones (que no sea a trav\u00e9s de nuestro sitio web &#8211; ver m\u00e1s abajo) es privilegiada y privada. No vendemos, alquilamos ni...\" \/>\n<meta property=\"og:url\" content=\"https:\/\/dlslawfirm.com\/es\/politica-de-privacidad\/\" \/>\n<meta property=\"og:site_name\" content=\"Law Offices of Dianne Sawaya LLC- En Espanol\" \/>\n<meta name=\"twitter:card\" content=\"summary_large_image\" \/>\n<meta name=\"twitter:label1\" content=\"Est. reading time\" \/>\n\t<meta name=\"twitter:data1\" content=\"2 minutos\" \/>\n<script type=\"application\/ld+json\" class=\"yoast-schema-graph\">{\"@context\":\"https:\\\/\\\/schema.org\",\"@graph\":[{\"@type\":\"WebPage\",\"@id\":\"https:\\\/\\\/dlslawfirm.com\\\/es\\\/politica-de-privacidad\\\/\",\"url\":\"https:\\\/\\\/dlslawfirm.com\\\/es\\\/politica-de-privacidad\\\/\",\"name\":\"Pol\u00edtica de privacidad - Law Offices of Dianne Sawaya LLC- En Espanol\",\"isPartOf\":{\"@id\":\"https:\\\/\\\/dlslawfirm.com\\\/es\\\/#website\"},\"datePublished\":\"2022-03-24T15:01:03+00:00\",\"breadcrumb\":{\"@id\":\"https:\\\/\\\/dlslawfirm.com\\\/es\\\/politica-de-privacidad\\\/#breadcrumb\"},\"inLanguage\":\"es\",\"potentialAction\":[{\"@type\":\"ReadAction\",\"target\":[\"https:\\\/\\\/dlslawfirm.com\\\/es\\\/politica-de-privacidad\\\/\"]}]},{\"@type\":\"BreadcrumbList\",\"@id\":\"https:\\\/\\\/dlslawfirm.com\\\/es\\\/politica-de-privacidad\\\/#breadcrumb\",\"itemListElement\":[{\"@type\":\"ListItem\",\"position\":1,\"name\":\"Home\",\"item\":\"https:\\\/\\\/dlslawfirm.com\\\/es\\\/\"},{\"@type\":\"ListItem\",\"position\":2,\"name\":\"Pol\u00edtica de privacidad\"}]},{\"@type\":\"WebSite\",\"@id\":\"https:\\\/\\\/dlslawfirm.com\\\/es\\\/#website\",\"url\":\"https:\\\/\\\/dlslawfirm.com\\\/es\\\/\",\"name\":\"Law Offices of Dianne Sawaya LLC- En Espanol\",\"description\":\"\",\"potentialAction\":[{\"@type\":\"SearchAction\",\"target\":{\"@type\":\"EntryPoint\",\"urlTemplate\":\"https:\\\/\\\/dlslawfirm.com\\\/es\\\/?s={search_term_string}\"},\"query-input\":{\"@type\":\"PropertyValueSpecification\",\"valueRequired\":true,\"valueName\":\"search_term_string\"}}],\"inLanguage\":\"es\"}]}<\/script>\n<!-- \/ Yoast SEO plugin. -->","yoast_head_json":{"title":"Pol\u00edtica de privacidad - Law Offices of Dianne Sawaya LLC- En Espanol","robots":{"index":"index","follow":"follow","max-snippet":"max-snippet:-1","max-image-preview":"max-image-preview:large","max-video-preview":"max-video-preview:-1"},"canonical":"https:\/\/dlslawfirm.com\/es\/politica-de-privacidad\/","og_locale":"es_MX","og_type":"article","og_title":"Pol\u00edtica de privacidad - Law Offices of Dianne Sawaya LLC- En Espanol","og_description":"Tu privacidad y la seguridad de tu informaci\u00f3n son importantes para el Bufete de Dianne Sawaya. Lo que sigue es una declaraci\u00f3n de nuestra pol\u00edtica de privacidad. Informaci\u00f3n personal Cualquier informaci\u00f3n que nos proporciones (que no sea a trav\u00e9s de nuestro sitio web &#8211; ver m\u00e1s abajo) es privilegiada y privada. No vendemos, alquilamos ni...","og_url":"https:\/\/dlslawfirm.com\/es\/politica-de-privacidad\/","og_site_name":"Law Offices of Dianne Sawaya LLC- En Espanol","twitter_card":"summary_large_image","twitter_misc":{"Est. reading time":"2 minutos"},"schema":{"@context":"https:\/\/schema.org","@graph":[{"@type":"WebPage","@id":"https:\/\/dlslawfirm.com\/es\/politica-de-privacidad\/","url":"https:\/\/dlslawfirm.com\/es\/politica-de-privacidad\/","name":"Pol\u00edtica de privacidad - Law Offices of Dianne Sawaya LLC- En Espanol","isPartOf":{"@id":"https:\/\/dlslawfirm.com\/es\/#website"},"datePublished":"2022-03-24T15:01:03+00:00","breadcrumb":{"@id":"https:\/\/dlslawfirm.com\/es\/politica-de-privacidad\/#breadcrumb"},"inLanguage":"es","potentialAction":[{"@type":"ReadAction","target":["https:\/\/dlslawfirm.com\/es\/politica-de-privacidad\/"]}]},{"@type":"BreadcrumbList","@id":"https:\/\/dlslawfirm.com\/es\/politica-de-privacidad\/#breadcrumb","itemListElement":[{"@type":"ListItem","position":1,"name":"Home","item":"https:\/\/dlslawfirm.com\/es\/"},{"@type":"ListItem","position":2,"name":"Pol\u00edtica de privacidad"}]},{"@type":"WebSite","@id":"https:\/\/dlslawfirm.com\/es\/#website","url":"https:\/\/dlslawfirm.com\/es\/","name":"Law Offices of Dianne Sawaya LLC- En Espanol","description":"","potentialAction":[{"@type":"SearchAction","target":{"@type":"EntryPoint","urlTemplate":"https:\/\/dlslawfirm.com\/es\/?s={search_term_string}"},"query-input":{"@type":"PropertyValueSpecification","valueRequired":true,"valueName":"search_term_string"}}],"inLanguage":"es"}]}},"_links":{"self":[{"href":"https:\/\/dlslawfirm.com\/es\/wp-json\/wp\/v2\/pages\/6856","targetHints":{"allow":["GET"]}}],"collection":[{"href":"https:\/\/dlslawfirm.com\/es\/wp-json\/wp\/v2\/pages"}],"about":[{"href":"https:\/\/dlslawfirm.com\/es\/wp-json\/wp\/v2\/types\/page"}],"author":[{"embeddable":true,"href":"https:\/\/dlslawfirm.com\/es\/wp-json\/wp\/v2\/users\/2"}],"replies":[{"embeddable":true,"href":"https:\/\/dlslawfirm.com\/es\/wp-json\/wp\/v2\/comments?post=6856"}],"version-history":[{"count":0,"href":"https:\/\/dlslawfirm.com\/es\/wp-json\/wp\/v2\/pages\/6856\/revisions"}],"wp:attachment":[{"href":"https:\/\/dlslawfirm.com\/es\/wp-json\/wp\/v2\/media?parent=6856"}],"wp:term":[{"taxonomy":"post_tag","embeddable":true,"href":"https:\/\/dlslawfirm.com\/es\/wp-json\/wp\/v2\/tags?post=6856"}],"curies":[{"name":"wp","href":"https:\/\/api.w.org\/{rel}","templated":true}]}}