{"id":6853,"date":"2022-09-19T16:54:56","date_gmt":"2022-09-19T16:54:56","guid":{"rendered":"https:\/\/dlslawfirm.com\/abogado-de-lesiones-personales-en-littleton-co\/"},"modified":"2022-09-19T16:54:56","modified_gmt":"2022-09-19T16:54:56","slug":"abogado-de-lesiones-personales-en-littleton-co","status":"publish","type":"page","link":"https:\/\/dlslawfirm.com\/es\/abogado-de-lesiones-personales-en-littleton-co\/","title":{"rendered":"Abogado de lesiones personales en Littleton, CO"},"content":{"rendered":"<h2><strong>\u00bfQu\u00e9 es un da\u00f1o corporal?<\/strong><\/h2>\n<p>Sufrir lesiones por causas ajenas a tu voluntad puede hacerte sentir inseguro. Es posible que tengas lesiones graves que requieran tratamientos m\u00e9dicos continuos y que no puedas trabajar y ganarte la vida para ti y tu familia. Una lesi\u00f3n personal se produce cuando una persona sufre da\u00f1os por un accidente o lesi\u00f3n causados por la negligencia de otra persona o entidad. Cuando otra persona puede ser considerada legalmente responsable del accidente, la compa\u00f1\u00eda de seguros de la parte negligente es responsable de pagar los da\u00f1os de la parte lesionada.<\/p>\n<p>Estos da\u00f1os pueden incluir gastos m\u00e9dicos, salarios perdidos, dolor y sufrimiento, y otros da\u00f1os. Una demanda por lesiones personales tiene dos resultados b\u00e1sicos: un acuerdo informal, que se produce en aproximadamente el 90% de las demandas por lesiones personales, o un pleito formal. La abogada Dianne Sawaya puede guiarte a trav\u00e9s del proceso de <a href=\"https:\/\/dlslawfirm.com\/personal-injury\/\">lesiones personales<\/a>, trabajando siempre duro en tu favor para conseguir un acuerdo equitativo.<\/p>\n<h2><strong>\u00bfD\u00f3nde puedo pedir ayuda si he sufrido lesiones personales?<\/strong><\/h2>\n<p>Cuando te has lesionado por causas ajenas a tu voluntad, puedes no estar seguro de qu\u00e9 pasos debes dar para salvaguardar tu salud y tu futuro. Hablar con un abogado experto en lesiones personales de Littleton, del bufete <a href=\"https:\/\/dlslawfirm.com\/attorneys\/\">de Dianne Sawaya<\/a>, puede marcar realmente la diferencia para ti y para tus seres queridos. Nuestro bufete es inteligente, agresivo y compasivo. Tratamos a nuestros clientes con respeto a la vez que nos esforzamos por maximizar su indemnizaci\u00f3n.<\/p>\n<p>Tenemos m\u00e1s de 200 rese\u00f1as positivas en Google y siempre ofrecemos una consulta gratuita y sin compromiso. Si no conseguimos un acuerdo en tu nombre, no nos pagas nada. Igual de importante es el hecho de que te ayudaremos a recibir el tratamiento m\u00e9dico que necesitas para curarte. Entendemos que es un momento dif\u00edcil de tu vida y queremos ayudarte a superarlo de la mejor manera posible.<\/p>\n<h2><strong>Acerca de las lesiones en Littleton, Colorado<\/strong><\/h2>\n<p><a href=\"https:\/\/www.littletongov.org\/\" target=\"_blank\" rel=\"noopener\">Littleton<\/a> es un municipio aut\u00f3nomo situado en los condados de Arapahoe, Douglas y Jefferson, y es la capital del condado de Arapahoe. En 2020, la poblaci\u00f3n de la ciudad era de casi 46.000 habitantes. Si eres v\u00edctima de un accidente de lesiones personales en Littleton, causado por la negligencia de otra persona o entidad, podr\u00eda ser muy beneficioso para ti ponerte en contacto con un abogado experto en lesiones personales de Littleton, CO, del bufete de Dianne Sawaya.<\/p>\n[cta_interior title=&#8221;CTA Interior&#8221;]\n<h2><strong>\u00bfCu\u00e1les son los tipos m\u00e1s comunes de lesiones personales?<\/strong><\/h2>\n<p>Cada vez que un accidente causado por la negligencia de otra persona o entidad provoca lesiones, se conoce como lesi\u00f3n personal. El tipo m\u00e1s com\u00fan de lesiones personales son <a href=\"https:\/\/dlslawfirm.com\/littleton-car-accident-attorney\/\">las lesiones por accidente de autom\u00f3vil<\/a>. Un accidente de tr\u00e1fico suele deberse a que un conductor no act\u00faa de un modo que otra persona razonable considerar\u00eda seguro. Otros tipos comunes de lesiones personales son:<\/p>\n<ul>\n<li>Accidentes por resbal\u00f3n y ca\u00edda-Un accidente por resbal\u00f3n y ca\u00edda puede ocurrir en cualquier parte, pero lo m\u00e1s frecuente es que ocurra en una tienda de comestibles, un comercio, un aparcamiento, alrededor de una piscina, en el hueco de una escalera o en cualquier otro lugar. Los accidentes por resbalones y ca\u00eddas suelen estar causados por un derrame, un escal\u00f3n o barandilla rotos, superficies desiguales, moqueta desgarrada, objetos en el pasillo o un suelo reci\u00e9n fregado. El propietario est\u00e1 obligado a identificar los peligros de resbal\u00f3n y tropiezo, y a tomar medidas para rectificar la situaci\u00f3n, incluida la colocaci\u00f3n de se\u00f1ales de peligro en las zonas donde el peligro no pueda solucionarse inmediatamente. Los accidentes por resbalones y ca\u00eddas se conocen como demandas por responsabilidad de los locales. Aparte de los accidentes por resbalones y ca\u00eddas, otras lesiones sufridas en una propiedad ajena por negligencia entran dentro de las reclamaciones por responsabilidad de los locales.<\/li>\n<li>Las demandas por homicidio culposo se producen cuando una persona ha resultado herida en un accidente personal y m\u00e1s tarde muere a causa de las lesiones. Por ejemplo, si una persona resulta gravemente herida en una obra, y m\u00e1s tarde muere a causa de esas lesiones, su familia podr\u00eda tener derecho a presentar una demanda por homicidio culposo.<\/li>\n<li>Accidentes de responsabilidad por productos defectuosos: los consumidores esperan que los productos que compran y utilizan sean seguros. Por desgracia, no siempre es as\u00ed. Cuando una persona resulta lesionada por un art\u00edculo defectuosamente fabricado o mal dise\u00f1ado, tiene derecho a reclamar una indemnizaci\u00f3n por sus lesiones. Otro tipo de reclamaci\u00f3n de responsabilidad por productos defectuosos se deriva de los defectos de advertencia o etiquetado. Esto significa que el fabricante del producto ten\u00eda la obligaci\u00f3n legal de advertir a los consumidores de un problema potencial, pero no lo hizo.<\/li>\n<\/ul>\n<p>Otros tipos de lesiones personales son los accidentes de navegaci\u00f3n, las mordeduras de animales y perros, las lesiones medulares, otras lesiones catastr\u00f3ficas y la exposici\u00f3n al amianto.<\/p>\n<h2><strong>\u00bfMi demanda por lesiones personales ir\u00e1 a juicio?<\/strong><\/h2>\n<p>Puede que te preguntes si tu demanda <a href=\"https:\/\/dlslawfirm.com\/littleton-co-car-accident-attorney\/\">por lesiones<\/a> personales llegar\u00e1 a los tribunales. Aunque cualquier caso <em>puede <\/em>acabar en los tribunales, la inmensa mayor\u00eda (m\u00e1s del 95 por ciento) de las demandas por lesiones personales se resuelven fuera de los tribunales. Existen dos m\u00e9todos para cobrar da\u00f1os y perjuicios a la parte negligente tras una lesi\u00f3n personal. Tu abogado puede negociar un acuerdo en tu nombre, o si la aseguradora se niega a llegar a un acuerdo justo, se puede presentar una demanda. Una vez alcanzado un acuerdo o una decisi\u00f3n del jurado, t\u00fa -el demandante- debes renunciar a todas las reclamaciones derivadas del siniestro.<\/p>\n<p>Aunque una demanda civil puede proporcionar una mayor indemnizaci\u00f3n por da\u00f1os y perjuicios, un juicio tambi\u00e9n puede ser arriesgado. Los jurados pueden ser dif\u00edciles de calibrar, adem\u00e1s de impredecibles. Cuando ambas partes discrepan sobre la responsabilidad, puede ser dif\u00edcil llegar a un acuerdo, y un juicio puede ser inevitable. Cuando se trata de demandas por lesiones personales, lo m\u00e1s probable es que se llegue a un acuerdo. Las compa\u00f1\u00edas de seguros reservan dinero para pagar las reclamaciones durante el proceso de conciliaci\u00f3n, que se considera mucho m\u00e1s atractivo que jug\u00e1rsela en un juicio con jurado e incurrir en los gastos legales que conlleva un juicio.<\/p>\n<h2><strong>\u00bfQu\u00e9 es el dolor y el sufrimiento y c\u00f3mo se calcula?<\/strong><\/h2>\n<p>El dolor y el sufrimiento tras una lesi\u00f3n personal pueden abarcar el dolor f\u00edsico real resultante de las lesiones, o el dolor mental y emocional y el trauma resultantes del accidente. El dolor mental y emocional es un subproducto de las lesiones corporales y puede incluir cosas como angustia mental, angustia emocional, humillaci\u00f3n, verg\u00fcenza, depresi\u00f3n, trastornos del sue\u00f1o, p\u00e9rdida de apetito, falta de energ\u00eda, ansiedad, p\u00e9rdida de disfrute de la vida, miedo y mucho m\u00e1s. El dolor mental surge al tener que afrontar el dolor f\u00edsico y el trauma del accidente y las lesiones posteriores. El dolor y el sufrimiento mental graves pueden dar lugar a s\u00edntomas de TEPT.<\/p>\n<p>No existen directrices &#8220;inamovibles&#8221; para los jurados a la hora de determinar el dolor y el sufrimiento en una demanda por lesiones personales. Por lo general, los jueces s\u00f3lo dan instrucciones a los jurados para que utilicen el sentido com\u00fan a la hora de determinar el dolor y el sufrimiento, teniendo en cuenta los da\u00f1os econ\u00f3micos, como las facturas m\u00e9dicas, los salarios perdidos y otros gastos, as\u00ed como la gravedad de las lesiones. El valor de una reclamaci\u00f3n por dolor y sufrimiento tambi\u00e9n depender\u00e1 de si tu abogado cree que ser\u00e1s un testigo bueno y cre\u00edble, as\u00ed como:<\/p>\n<ul>\n<li>Si tu testimonio sobre tus lesiones ha sido coherente<\/li>\n<li>Si puede parecer que has exagerado tus reclamaciones por da\u00f1os morales<\/li>\n<li>Si tu historial m\u00e9dico apoya tus alegaciones de dolor y sufrimiento<\/li>\n<li>Si tu diagn\u00f3stico, lesiones y reclamaciones son razonables y tienen sentido para el jurado<\/li>\n<\/ul>\n<p>Los da\u00f1os no econ\u00f3micos suelen superar a los econ\u00f3micos y, aunque los jurados gozan de amplia discrecionalidad a la hora de calcular las indemnizaciones por dolor y sufrimiento, Colorado limita el importe de los da\u00f1os no econ\u00f3micos.<\/p>\n<h2><strong>C\u00f3mo puede ayudar un abogado de lesiones personales de Littleton, CO del bufete de Dianne Sawaya<\/strong><\/h2>\n<p>Cada lesi\u00f3n personal es \u00fanica de alguna manera. Cuando tienes a una abogada de lesiones personales inteligente y agresiva como Dianne Sawaya trabajando con la aseguradora, puedes estar tranquilo sabiendo que Dianne se asegurar\u00e1 de que la aseguradora te pague lo que te mereces. Las compa\u00f1\u00edas de seguros saben muy bien que cuando intentan rebajar el precio a un cliente de Dianne, ella y su equipo no dudar\u00e1n en llevar a juicio la reclamaci\u00f3n por da\u00f1os personales. El bufete de Dianne Sawaya se siente igual de c\u00f3modo negociando un acuerdo que litigando por ti ante un juez y un jurado. <a href=\"https:\/\/dlslawfirm.com\/contact-us\/\">Ponte en contacto con<\/a> un abogado experto en lesiones personales de Littleton, CO, del Bufete de Dianne Sawaya.<\/p>\n","protected":false},"excerpt":{"rendered":"<p>\u00bfQu\u00e9 es un da\u00f1o corporal? Sufrir lesiones por causas ajenas a tu voluntad puede hacerte sentir inseguro. Es posible que tengas lesiones graves que requieran tratamientos m\u00e9dicos continuos y que no puedas trabajar y ganarte la vida para ti y tu familia. Una lesi\u00f3n personal se produce cuando una persona sufre da\u00f1os por un accidente&#8230;<\/p>\n","protected":false},"author":2,"featured_media":4009,"parent":0,"menu_order":0,"comment_status":"closed","ping_status":"closed","template":"","meta":{"_acf_changed":false,"footnotes":""},"tags":[],"class_list":["post-6853","page","type-page","status-publish","has-post-thumbnail","hentry"],"acf":[],"yoast_head":"<!-- This site is optimized with the Yoast SEO plugin v27.4 - https:\/\/yoast.com\/product\/yoast-seo-wordpress\/ -->\n<title>Littleton, CO Abogado de Lesiones Personales | Oficinas de Dianne Sawaya<\/title>\n<meta name=\"description\" content=\"Lesionarse puede complicarte la vida, pero estamos aqu\u00ed para ayudarte. Ponte ahora en contacto gratis con nuestra oficina de abogados de lesiones personales en Littleton, CO.\" \/>\n<meta name=\"robots\" content=\"index, follow, max-snippet:-1, max-image-preview:large, max-video-preview:-1\" \/>\n<link rel=\"canonical\" href=\"https:\/\/dlslawfirm.com\/es\/abogado-de-lesiones-personales-en-littleton-co\/\" \/>\n<meta property=\"og:locale\" content=\"es_MX\" \/>\n<meta property=\"og:type\" content=\"article\" \/>\n<meta property=\"og:title\" content=\"Littleton, CO Abogado de Lesiones Personales | Oficinas de Dianne Sawaya\" \/>\n<meta property=\"og:description\" content=\"Lesionarse puede complicarte la vida, pero estamos aqu\u00ed para ayudarte. Ponte ahora en contacto gratis con nuestra oficina de abogados de lesiones personales en Littleton, CO.\" \/>\n<meta property=\"og:url\" content=\"https:\/\/dlslawfirm.com\/es\/abogado-de-lesiones-personales-en-littleton-co\/\" \/>\n<meta property=\"og:site_name\" content=\"Law Offices of Dianne Sawaya LLC- En Espanol\" \/>\n<meta property=\"og:image\" content=\"https:\/\/dlslawfirm.com\/es\/wp-content\/uploads\/sites\/2\/2019\/02\/bandage-close-up-hands-1571172-e1551296504920.jpg\" \/>\n\t<meta property=\"og:image:width\" content=\"1000\" \/>\n\t<meta property=\"og:image:height\" content=\"520\" \/>\n\t<meta property=\"og:image:type\" content=\"image\/jpeg\" \/>\n<meta name=\"twitter:card\" content=\"summary_large_image\" \/>\n<meta name=\"twitter:label1\" content=\"Est. reading time\" \/>\n\t<meta name=\"twitter:data1\" content=\"8 minutos\" \/>\n<script type=\"application\/ld+json\" class=\"yoast-schema-graph\">{\"@context\":\"https:\\\/\\\/schema.org\",\"@graph\":[{\"@type\":\"WebPage\",\"@id\":\"https:\\\/\\\/dlslawfirm.com\\\/es\\\/abogado-de-lesiones-personales-en-littleton-co\\\/\",\"url\":\"https:\\\/\\\/dlslawfirm.com\\\/es\\\/abogado-de-lesiones-personales-en-littleton-co\\\/\",\"name\":\"Littleton, CO Abogado de Lesiones Personales | Oficinas de Dianne Sawaya\",\"isPartOf\":{\"@id\":\"https:\\\/\\\/dlslawfirm.com\\\/es\\\/#website\"},\"primaryImageOfPage\":{\"@id\":\"https:\\\/\\\/dlslawfirm.com\\\/es\\\/abogado-de-lesiones-personales-en-littleton-co\\\/#primaryimage\"},\"image\":{\"@id\":\"https:\\\/\\\/dlslawfirm.com\\\/es\\\/abogado-de-lesiones-personales-en-littleton-co\\\/#primaryimage\"},\"thumbnailUrl\":\"https:\\\/\\\/dlslawfirm.com\\\/es\\\/wp-content\\\/uploads\\\/sites\\\/2\\\/2019\\\/02\\\/bandage-close-up-hands-1571172-e1551296504920.jpg\",\"datePublished\":\"2022-09-19T16:54:56+00:00\",\"description\":\"Lesionarse puede complicarte la vida, pero estamos aqu\u00ed para ayudarte. Ponte ahora en contacto gratis con nuestra oficina de abogados de lesiones personales en Littleton, CO.\",\"breadcrumb\":{\"@id\":\"https:\\\/\\\/dlslawfirm.com\\\/es\\\/abogado-de-lesiones-personales-en-littleton-co\\\/#breadcrumb\"},\"inLanguage\":\"es\",\"potentialAction\":[{\"@type\":\"ReadAction\",\"target\":[\"https:\\\/\\\/dlslawfirm.com\\\/es\\\/abogado-de-lesiones-personales-en-littleton-co\\\/\"]}]},{\"@type\":\"ImageObject\",\"inLanguage\":\"es\",\"@id\":\"https:\\\/\\\/dlslawfirm.com\\\/es\\\/abogado-de-lesiones-personales-en-littleton-co\\\/#primaryimage\",\"url\":\"https:\\\/\\\/dlslawfirm.com\\\/es\\\/wp-content\\\/uploads\\\/sites\\\/2\\\/2019\\\/02\\\/bandage-close-up-hands-1571172-e1551296504920.jpg\",\"contentUrl\":\"https:\\\/\\\/dlslawfirm.com\\\/es\\\/wp-content\\\/uploads\\\/sites\\\/2\\\/2019\\\/02\\\/bandage-close-up-hands-1571172-e1551296504920.jpg\",\"width\":1000,\"height\":520,\"caption\":\"littleton-co-personal-injury\"},{\"@type\":\"BreadcrumbList\",\"@id\":\"https:\\\/\\\/dlslawfirm.com\\\/es\\\/abogado-de-lesiones-personales-en-littleton-co\\\/#breadcrumb\",\"itemListElement\":[{\"@type\":\"ListItem\",\"position\":1,\"name\":\"Home\",\"item\":\"https:\\\/\\\/dlslawfirm.com\\\/es\\\/\"},{\"@type\":\"ListItem\",\"position\":2,\"name\":\"Abogado de lesiones personales en Littleton, CO\"}]},{\"@type\":\"WebSite\",\"@id\":\"https:\\\/\\\/dlslawfirm.com\\\/es\\\/#website\",\"url\":\"https:\\\/\\\/dlslawfirm.com\\\/es\\\/\",\"name\":\"Law Offices of Dianne Sawaya LLC- En Espanol\",\"description\":\"\",\"potentialAction\":[{\"@type\":\"SearchAction\",\"target\":{\"@type\":\"EntryPoint\",\"urlTemplate\":\"https:\\\/\\\/dlslawfirm.com\\\/es\\\/?s={search_term_string}\"},\"query-input\":{\"@type\":\"PropertyValueSpecification\",\"valueRequired\":true,\"valueName\":\"search_term_string\"}}],\"inLanguage\":\"es\"}]}<\/script>\n<!-- \/ Yoast SEO plugin. -->","yoast_head_json":{"title":"Littleton, CO Abogado de Lesiones Personales | Oficinas de Dianne Sawaya","description":"Lesionarse puede complicarte la vida, pero estamos aqu\u00ed para ayudarte. Ponte ahora en contacto gratis con nuestra oficina de abogados de lesiones personales en Littleton, CO.","robots":{"index":"index","follow":"follow","max-snippet":"max-snippet:-1","max-image-preview":"max-image-preview:large","max-video-preview":"max-video-preview:-1"},"canonical":"https:\/\/dlslawfirm.com\/es\/abogado-de-lesiones-personales-en-littleton-co\/","og_locale":"es_MX","og_type":"article","og_title":"Littleton, CO Abogado de Lesiones Personales | Oficinas de Dianne Sawaya","og_description":"Lesionarse puede complicarte la vida, pero estamos aqu\u00ed para ayudarte. Ponte ahora en contacto gratis con nuestra oficina de abogados de lesiones personales en Littleton, CO.","og_url":"https:\/\/dlslawfirm.com\/es\/abogado-de-lesiones-personales-en-littleton-co\/","og_site_name":"Law Offices of Dianne Sawaya LLC- En Espanol","og_image":[{"width":1000,"height":520,"url":"https:\/\/dlslawfirm.com\/es\/wp-content\/uploads\/sites\/2\/2019\/02\/bandage-close-up-hands-1571172-e1551296504920.jpg","type":"image\/jpeg"}],"twitter_card":"summary_large_image","twitter_misc":{"Est. reading time":"8 minutos"},"schema":{"@context":"https:\/\/schema.org","@graph":[{"@type":"WebPage","@id":"https:\/\/dlslawfirm.com\/es\/abogado-de-lesiones-personales-en-littleton-co\/","url":"https:\/\/dlslawfirm.com\/es\/abogado-de-lesiones-personales-en-littleton-co\/","name":"Littleton, CO Abogado de Lesiones Personales | Oficinas de Dianne Sawaya","isPartOf":{"@id":"https:\/\/dlslawfirm.com\/es\/#website"},"primaryImageOfPage":{"@id":"https:\/\/dlslawfirm.com\/es\/abogado-de-lesiones-personales-en-littleton-co\/#primaryimage"},"image":{"@id":"https:\/\/dlslawfirm.com\/es\/abogado-de-lesiones-personales-en-littleton-co\/#primaryimage"},"thumbnailUrl":"https:\/\/dlslawfirm.com\/es\/wp-content\/uploads\/sites\/2\/2019\/02\/bandage-close-up-hands-1571172-e1551296504920.jpg","datePublished":"2022-09-19T16:54:56+00:00","description":"Lesionarse puede complicarte la vida, pero estamos aqu\u00ed para ayudarte. Ponte ahora en contacto gratis con nuestra oficina de abogados de lesiones personales en Littleton, CO.","breadcrumb":{"@id":"https:\/\/dlslawfirm.com\/es\/abogado-de-lesiones-personales-en-littleton-co\/#breadcrumb"},"inLanguage":"es","potentialAction":[{"@type":"ReadAction","target":["https:\/\/dlslawfirm.com\/es\/abogado-de-lesiones-personales-en-littleton-co\/"]}]},{"@type":"ImageObject","inLanguage":"es","@id":"https:\/\/dlslawfirm.com\/es\/abogado-de-lesiones-personales-en-littleton-co\/#primaryimage","url":"https:\/\/dlslawfirm.com\/es\/wp-content\/uploads\/sites\/2\/2019\/02\/bandage-close-up-hands-1571172-e1551296504920.jpg","contentUrl":"https:\/\/dlslawfirm.com\/es\/wp-content\/uploads\/sites\/2\/2019\/02\/bandage-close-up-hands-1571172-e1551296504920.jpg","width":1000,"height":520,"caption":"littleton-co-personal-injury"},{"@type":"BreadcrumbList","@id":"https:\/\/dlslawfirm.com\/es\/abogado-de-lesiones-personales-en-littleton-co\/#breadcrumb","itemListElement":[{"@type":"ListItem","position":1,"name":"Home","item":"https:\/\/dlslawfirm.com\/es\/"},{"@type":"ListItem","position":2,"name":"Abogado de lesiones personales en Littleton, CO"}]},{"@type":"WebSite","@id":"https:\/\/dlslawfirm.com\/es\/#website","url":"https:\/\/dlslawfirm.com\/es\/","name":"Law Offices of Dianne Sawaya LLC- En Espanol","description":"","potentialAction":[{"@type":"SearchAction","target":{"@type":"EntryPoint","urlTemplate":"https:\/\/dlslawfirm.com\/es\/?s={search_term_string}"},"query-input":{"@type":"PropertyValueSpecification","valueRequired":true,"valueName":"search_term_string"}}],"inLanguage":"es"}]}},"_links":{"self":[{"href":"https:\/\/dlslawfirm.com\/es\/wp-json\/wp\/v2\/pages\/6853","targetHints":{"allow":["GET"]}}],"collection":[{"href":"https:\/\/dlslawfirm.com\/es\/wp-json\/wp\/v2\/pages"}],"about":[{"href":"https:\/\/dlslawfirm.com\/es\/wp-json\/wp\/v2\/types\/page"}],"author":[{"embeddable":true,"href":"https:\/\/dlslawfirm.com\/es\/wp-json\/wp\/v2\/users\/2"}],"replies":[{"embeddable":true,"href":"https:\/\/dlslawfirm.com\/es\/wp-json\/wp\/v2\/comments?post=6853"}],"version-history":[{"count":0,"href":"https:\/\/dlslawfirm.com\/es\/wp-json\/wp\/v2\/pages\/6853\/revisions"}],"wp:featuredmedia":[{"embeddable":true,"href":"https:\/\/dlslawfirm.com\/es\/wp-json\/wp\/v2\/media\/4009"}],"wp:attachment":[{"href":"https:\/\/dlslawfirm.com\/es\/wp-json\/wp\/v2\/media?parent=6853"}],"wp:term":[{"taxonomy":"post_tag","embeddable":true,"href":"https:\/\/dlslawfirm.com\/es\/wp-json\/wp\/v2\/tags?post=6853"}],"curies":[{"name":"wp","href":"https:\/\/api.w.org\/{rel}","templated":true}]}}