{"id":6850,"date":"2022-09-19T16:57:51","date_gmt":"2022-09-19T16:57:51","guid":{"rendered":"https:\/\/dlslawfirm.com\/abogado-de-accidentes-de-coche-en-littleton-co\/"},"modified":"2022-09-19T16:57:51","modified_gmt":"2022-09-19T16:57:51","slug":"abogado-de-accidentes-de-coche-en-littleton-co","status":"publish","type":"page","link":"https:\/\/dlslawfirm.com\/es\/abogado-de-accidentes-de-coche-en-littleton-co\/","title":{"rendered":"Abogado de accidentes de coche en Littleton, CO"},"content":{"rendered":"<h2><strong>\u00bfC\u00f3mo puede afectar a tu vida y a tu futuro un accidente de tr\u00e1fico?<\/strong><\/h2>\n<p>Sup\u00f3n que vas a recoger a tu hijo al colegio. Est\u00e1s circulando legalmente por un sem\u00e1foro en verde cuando, de la nada, un conductor se salta a toda velocidad un sem\u00e1foro en rojo, arrollando tu veh\u00edculo. Lo que empez\u00f3 como un recado rutinario, acaba de convertirse en una pesadilla en potencia. Tus lesiones pueden ser graves, incluso catastr\u00f3ficas, a causa de un accidente de este tipo. Es posible que pases un tiempo considerable en el hospital, y luego te enfrentes a una recuperaci\u00f3n larga y agotadora. Es posible que no puedas volver a trabajar y ganarte la vida. Igual de grave es que puedas tener dolores f\u00edsicos a largo plazo, as\u00ed como traumas emocionales con los que lidiar.<\/p>\n<p>Lo \u00faltimo en lo que quieres pensar ahora es en c\u00f3mo afectar\u00e1 esto a tu futuro econ\u00f3mico, pero no tienes elecci\u00f3n. Lo que necesitas ahora es alguien que se preocupe de verdad por tu futuro. Necesitas un abogado de accidentes de coche en Littleton del <a href=\"https:\/\/dlslawfirm.com\/attorneys\/\">Bufete de Dianne Sawaya<\/a> para que responda a tus preguntas, te explique el proceso y defienda tus derechos, tu salud y tu futuro. Trabajaremos duro para asegurarnos de que recibas una indemnizaci\u00f3n justa de la compa\u00f1\u00eda de seguros, que cubra \u00edntegramente todos tus da\u00f1os.<\/p>\n[cta_interior title=&#8221;CTA Interior&#8221;]\n<h2><strong>C\u00f3mo puede ayudar Dianne Sawaya, abogada de accidentes de tr\u00e1fico en Littleton<\/strong><\/h2>\n<p>Cuando tomas la decisi\u00f3n de contratar al Bufete de Dianne Sawaya, est\u00e1s contratando a un bufete que valora a sus clientes y se esfuerza por alcanzar la excelencia en toda representaci\u00f3n. Tenemos la experiencia necesaria para conseguir un acuerdo completo y justo. Somos un bufete de abogados inteligente, agresivo y compasivo que trabajar\u00e1 duro para maximizar tu indemnizaci\u00f3n, ayud\u00e1ndote a obtener los tratamientos m\u00e9dicos que necesitas para curarte en la medida de lo posible.<\/p>\n<p>Nuestro bufete tiene m\u00e1s de <a href=\"https:\/\/dlslawfirm.com\/results\/personal-injury-client-testimonials\/\">200 rese\u00f1as positivas en Google<\/a> y siempre ofrece una consulta inicial gratuita y sin compromiso. Si no conseguimos un acuerdo en tu nombre, no nos deber\u00e1s nada. La abogada Dianne Sawaya tiene m\u00e1s de dos d\u00e9cadas de experiencia ayudando a residentes de Colorado como t\u00fa a rehacer sus vidas tras un accidente de tr\u00e1fico.<\/p>\n<h2><strong>Sobre Littleton, Colorado  <\/strong><\/h2>\n<p><a href=\"https:\/\/www.littletongov.org\/\" target=\"_blank\" rel=\"noopener\">Littleton<\/a> es la capital del condado de Arapahoe, con una poblaci\u00f3n de unos 45.500 habitantes.<\/p>\n<p>Por muy relajante y bonito que sea Littleton, aqu\u00ed siguen ocurriendo accidentes de tr\u00e1fico. Cuando has sufrido lesiones en un accidente de coche, un abogado de accidentes de coche en Littleton del Bufete de Dianne Sawaya puede ayudarte a superar este momento dif\u00edcil de la mejor manera posible. La abogada Dianne Sawaya luchar\u00e1 por tus derechos y tu futuro en un momento en que necesitas desesperadamente un defensor a tu lado.<\/p>\n<h2><strong>\u00bfEs la fatiga un factor importante en los accidentes de tr\u00e1fico?<\/strong><\/h2>\n<p>La conducci\u00f3n somnolienta, tambi\u00e9n conocida como fatiga del conductor, consiste en conducir un veh\u00edculo de motor sin haber dormido lo suficiente. Somos una naci\u00f3n de personas que parece que nunca duermen lo suficiente, ya sea debido al estr\u00e9s laboral, a ciertos medicamentos, a noches interrumpidas con ni\u00f1os peque\u00f1os o a una mir\u00edada de otras razones. Las personas con falta cr\u00f3nica de sue\u00f1o pueden sentirse agotadas e incapaces de mantenerse despiertas o plenamente concentradas durante el d\u00eda.<\/p>\n<p>Cuando est\u00e1s demasiado fatigado y te pones al volante, puedes tener tiempos de reacci\u00f3n retardados, incapacidad para juzgar distancias y velocidades, falta de juicio, incapacidad para concentrarte y podr\u00edas quedarte dormido al volante. Seg\u00fan Bankrate, la conducci\u00f3n somnolienta es responsable de hasta 100.000 colisiones al a\u00f1o, de las que 1.550 son mortales. Se calcula que la conducci\u00f3n somnolienta contribuye a casi el diez por ciento de todos los accidentes de tr\u00e1fico, pero es probable que la cifra real sea mayor.<\/p>\n<p>Alrededor del 27% de los conductores declaran que conducen tan cansados que les cuesta mantenerse despiertos. Uno de cada 25 conductores admite haberse quedado dormido al volante en los \u00faltimos 60 d\u00edas, y casi la mitad de los que se quedaron dormidos mientras conduc\u00edan lo hicieron en un viaje que dur\u00f3 menos de una hora. La mayor\u00eda de las colisiones por conducci\u00f3n somnolienta se producen entre medianoche y las 6 de la ma\u00f1ana, aunque pueden ocurrir a cualquier hora.<\/p>\n<p>Si has estado despierto durante dieciocho horas seguidas, los efectos son los mismos que si tuvieras una tasa de alcoholemia del 0,05%. Si has estado despierto durante veinticuatro horas seguidas, los efectos son los mismos que si tuvieras una tasa de alcoholemia del 0,10 por ciento, superior al l\u00edmite legal de intoxicaci\u00f3n.<\/p>\n<h2><strong>\u00bfQu\u00e9 debo hacer tras un accidente de tr\u00e1fico en Littleton, CO?<\/strong><\/h2>\n<p>Tras sufrir un accidente de coche en Littleton, lo que hagas inmediatamente despu\u00e9s del accidente puede marcar una diferencia significativa en el resultado de una demanda por lesiones personales. Siempre debes llamar al 911 tras un accidente causado por la negligencia de otra persona o entidad si tus lesiones van m\u00e1s all\u00e1 de peque\u00f1os golpes o magulladuras.<\/p>\n<p>Por desgracia, muchas veces puede que no te des cuenta del todo de la gravedad de tus lesiones hasta m\u00e1s tarde, debido al subid\u00f3n de adrenalina recibido durante el accidente de coche. Siempre es mejor tener un informe policial del accidente para ayudar a determinar qui\u00e9n fue el responsable, del mismo modo que es importante que busques atenci\u00f3n m\u00e9dica inmediata. Otros pasos que debes dar tras tu accidente de coche en Littleton son:<\/p>\n<ul>\n<li>Si est\u00e1s en condiciones m\u00e9dicas, haz fotos del lugar del accidente<\/li>\n<li>Obt\u00e9n informaci\u00f3n de contacto de cualquier testigo del accidente<\/li>\n<li>Una vez que hayas recibido tratamiento m\u00e9dico y est\u00e9s en casa, t\u00f3mate tu tiempo para anotar cualquier informaci\u00f3n relativa al accidente que pueda ayudar potencialmente a tu abogado a elaborar tu demanda.<\/li>\n<li>Llama a tu propia compa\u00f1\u00eda de seguros e inf\u00f3rmales del accidente<\/li>\n<li>Ponte en contacto con un abogado de accidentes de coche en Littleton que pueda hacerse cargo de los aspectos legales de tu reclamaci\u00f3n mientras te tomas el tiempo necesario para curarte de tus lesiones<\/li>\n<\/ul>\n<h2><strong>\u00bfDebo hablar con la compa\u00f1\u00eda de seguros del otro conductor?  <\/strong><\/h2>\n<p>Tras un accidente de coche en Littleton que no haya sido culpa tuya, es posible que la compa\u00f1\u00eda de seguros del conductor culpable se ponga en contacto contigo. <em>No<\/em> suele ser buena idea hablar con la otra compa\u00f1\u00eda de seguros de otra cosa que no sean los da\u00f1os sufridos por tu veh\u00edculo. Lo ideal es que est\u00e9s representado legalmente en este punto, pero si no lo est\u00e1s, hablar con la aseguradora podr\u00eda dar lugar a que tus palabras se sacaran de contexto m\u00e1s adelante, perjudicando tu reclamaci\u00f3n. No tienes ninguna obligaci\u00f3n legal de hablar con la aseguradora del otro conductor.<\/p>\n<p>Su principal objetivo ser\u00e1 conseguir que admitas cierto grado de culpa, disminuyendo as\u00ed su responsabilidad por el accidente. El objetivo secundario ser\u00e1 ofrecerte una cantidad de liquidaci\u00f3n r\u00e1pida antes de que comprendas realmente la magnitud de tus lesiones y da\u00f1os. Esto significa que si te lesionas m\u00e1s de lo que crees o necesitas m\u00e1s tratamiento m\u00e9dico del previsto, no puedes volver atr\u00e1s y pedir m\u00e1s dinero si aceptas la primera oferta de acuerdo. Si la compa\u00f1\u00eda de seguros del conductor culpable sigue llam\u00e1ndote o envi\u00e1ndote correos electr\u00f3nicos, lo mejor que puedes hacer es remitirles a tu abogado de accidentes de coche en Littleton.<\/p>\n<h2><strong>C\u00f3mo puede ayudar un abogado experto en accidentes de tr\u00e1fico en Littleton del bufete de Dianne Sawaya<\/strong><\/h2>\n<p>Estar implicado en un accidente de tr\u00e1fico puede cambiar tu vida en un instante. En un momento est\u00e1s viviendo tu vida: yendo al trabajo, haciendo la compra, dejando a tu hijo en el colegio. Al siguiente, un conductor negligente te embiste, y todo cambia. Te quedas lesionado -quiz\u00e1 gravemente- y posiblemente incapacitado para trabajar. \u00bfAd\u00f3nde te diriges? El Bufete de Dianne Sawaya comprende perfectamente en qu\u00e9 momento de tu vida te encuentras tras un accidente.<\/p>\n<p>Sabemos lo que necesitas, incluida asistencia m\u00e9dica y una indemnizaci\u00f3n justa que cubra tus gastos. Y sabemos que puedes estar (comprensiblemente) enfadado y frustrado con el otro conductor y con una compa\u00f1\u00eda de seguros que parece dar largas. No desesperes: la abogada Dianne Sawaya lleva dos d\u00e9cadas ayudando a gente como t\u00fa. Dianne y su equipo legal altamente cualificado est\u00e1n dispuestos a luchar por ti y por tu futuro. Ponte en <a href=\"https:\/\/dlslawfirm.com\/contact-us\/\">contacto<\/a> hoy mismo con un abogado de accidentes de coche en Littleton del bufete de Dianne Sawaya.<\/p>\n","protected":false},"excerpt":{"rendered":"<p>\u00bfC\u00f3mo puede afectar a tu vida y a tu futuro un accidente de tr\u00e1fico? Sup\u00f3n que vas a recoger a tu hijo al colegio. Est\u00e1s circulando legalmente por un sem\u00e1foro en verde cuando, de la nada, un conductor se salta a toda velocidad un sem\u00e1foro en rojo, arrollando tu veh\u00edculo. Lo que empez\u00f3 como un&#8230;<\/p>\n","protected":false},"author":2,"featured_media":7130,"parent":0,"menu_order":0,"comment_status":"closed","ping_status":"closed","template":"","meta":{"_acf_changed":false,"footnotes":""},"tags":[],"class_list":["post-6850","page","type-page","status-publish","has-post-thumbnail","hentry"],"acf":[],"yoast_head":"<!-- This site is optimized with the Yoast SEO plugin v27.3 - https:\/\/yoast.com\/product\/yoast-seo-wordpress\/ -->\n<title>Abogado de accidentes de coche en Littleton | Law Offices of Dianne Sawaya<\/title>\n<meta name=\"description\" content=\"Nuestros Abogados de Accidentes de Coche en Littleton, CO, pueden ayudarte si eres v\u00edctima de un accidente. No dudes en ponerte en contacto con nuestra oficina hoy mismo.\" \/>\n<meta name=\"robots\" content=\"index, follow, max-snippet:-1, max-image-preview:large, max-video-preview:-1\" \/>\n<link rel=\"canonical\" href=\"https:\/\/dlslawfirm.com\/es\/abogado-de-accidentes-de-coche-en-littleton-co\/\" \/>\n<meta property=\"og:locale\" content=\"es_MX\" \/>\n<meta property=\"og:type\" content=\"article\" \/>\n<meta property=\"og:title\" content=\"Abogado de accidentes de coche en Littleton | Law Offices of Dianne Sawaya\" \/>\n<meta property=\"og:description\" content=\"Nuestros Abogados de Accidentes de Coche en Littleton, CO, pueden ayudarte si eres v\u00edctima de un accidente. No dudes en ponerte en contacto con nuestra oficina hoy mismo.\" \/>\n<meta property=\"og:url\" content=\"https:\/\/dlslawfirm.com\/es\/abogado-de-accidentes-de-coche-en-littleton-co\/\" \/>\n<meta property=\"og:site_name\" content=\"Law Offices of Dianne Sawaya LLC- En Espanol\" \/>\n<meta property=\"og:image\" content=\"https:\/\/dlslawfirm.com\/es\/wp-content\/uploads\/sites\/2\/2022\/06\/car-accident.jpg\" \/>\n\t<meta property=\"og:image:width\" content=\"1280\" \/>\n\t<meta property=\"og:image:height\" content=\"720\" \/>\n\t<meta property=\"og:image:type\" content=\"image\/jpeg\" \/>\n<meta name=\"twitter:card\" content=\"summary_large_image\" \/>\n<meta name=\"twitter:label1\" content=\"Est. reading time\" \/>\n\t<meta name=\"twitter:data1\" content=\"7 minutos\" \/>\n<script type=\"application\/ld+json\" class=\"yoast-schema-graph\">{\"@context\":\"https:\\\/\\\/schema.org\",\"@graph\":[{\"@type\":\"WebPage\",\"@id\":\"https:\\\/\\\/dlslawfirm.com\\\/es\\\/abogado-de-accidentes-de-coche-en-littleton-co\\\/\",\"url\":\"https:\\\/\\\/dlslawfirm.com\\\/es\\\/abogado-de-accidentes-de-coche-en-littleton-co\\\/\",\"name\":\"Abogado de accidentes de coche en Littleton | Law Offices of Dianne Sawaya\",\"isPartOf\":{\"@id\":\"https:\\\/\\\/dlslawfirm.com\\\/es\\\/#website\"},\"primaryImageOfPage\":{\"@id\":\"https:\\\/\\\/dlslawfirm.com\\\/es\\\/abogado-de-accidentes-de-coche-en-littleton-co\\\/#primaryimage\"},\"image\":{\"@id\":\"https:\\\/\\\/dlslawfirm.com\\\/es\\\/abogado-de-accidentes-de-coche-en-littleton-co\\\/#primaryimage\"},\"thumbnailUrl\":\"https:\\\/\\\/dlslawfirm.com\\\/es\\\/wp-content\\\/uploads\\\/sites\\\/2\\\/2022\\\/06\\\/car-accident.jpg\",\"datePublished\":\"2022-09-19T16:57:51+00:00\",\"description\":\"Nuestros Abogados de Accidentes de Coche en Littleton, CO, pueden ayudarte si eres v\u00edctima de un accidente. No dudes en ponerte en contacto con nuestra oficina hoy mismo.\",\"breadcrumb\":{\"@id\":\"https:\\\/\\\/dlslawfirm.com\\\/es\\\/abogado-de-accidentes-de-coche-en-littleton-co\\\/#breadcrumb\"},\"inLanguage\":\"es\",\"potentialAction\":[{\"@type\":\"ReadAction\",\"target\":[\"https:\\\/\\\/dlslawfirm.com\\\/es\\\/abogado-de-accidentes-de-coche-en-littleton-co\\\/\"]}]},{\"@type\":\"ImageObject\",\"inLanguage\":\"es\",\"@id\":\"https:\\\/\\\/dlslawfirm.com\\\/es\\\/abogado-de-accidentes-de-coche-en-littleton-co\\\/#primaryimage\",\"url\":\"https:\\\/\\\/dlslawfirm.com\\\/es\\\/wp-content\\\/uploads\\\/sites\\\/2\\\/2022\\\/06\\\/car-accident.jpg\",\"contentUrl\":\"https:\\\/\\\/dlslawfirm.com\\\/es\\\/wp-content\\\/uploads\\\/sites\\\/2\\\/2022\\\/06\\\/car-accident.jpg\",\"width\":1280,\"height\":720,\"caption\":\"car-accident-attorney\"},{\"@type\":\"BreadcrumbList\",\"@id\":\"https:\\\/\\\/dlslawfirm.com\\\/es\\\/abogado-de-accidentes-de-coche-en-littleton-co\\\/#breadcrumb\",\"itemListElement\":[{\"@type\":\"ListItem\",\"position\":1,\"name\":\"Home\",\"item\":\"https:\\\/\\\/dlslawfirm.com\\\/es\\\/\"},{\"@type\":\"ListItem\",\"position\":2,\"name\":\"Abogado de accidentes de coche en Littleton, CO\"}]},{\"@type\":\"WebSite\",\"@id\":\"https:\\\/\\\/dlslawfirm.com\\\/es\\\/#website\",\"url\":\"https:\\\/\\\/dlslawfirm.com\\\/es\\\/\",\"name\":\"Law Offices of Dianne Sawaya LLC- En Espanol\",\"description\":\"\",\"potentialAction\":[{\"@type\":\"SearchAction\",\"target\":{\"@type\":\"EntryPoint\",\"urlTemplate\":\"https:\\\/\\\/dlslawfirm.com\\\/es\\\/?s={search_term_string}\"},\"query-input\":{\"@type\":\"PropertyValueSpecification\",\"valueRequired\":true,\"valueName\":\"search_term_string\"}}],\"inLanguage\":\"es\"}]}<\/script>\n<!-- \/ Yoast SEO plugin. -->","yoast_head_json":{"title":"Abogado de accidentes de coche en Littleton | Law Offices of Dianne Sawaya","description":"Nuestros Abogados de Accidentes de Coche en Littleton, CO, pueden ayudarte si eres v\u00edctima de un accidente. No dudes en ponerte en contacto con nuestra oficina hoy mismo.","robots":{"index":"index","follow":"follow","max-snippet":"max-snippet:-1","max-image-preview":"max-image-preview:large","max-video-preview":"max-video-preview:-1"},"canonical":"https:\/\/dlslawfirm.com\/es\/abogado-de-accidentes-de-coche-en-littleton-co\/","og_locale":"es_MX","og_type":"article","og_title":"Abogado de accidentes de coche en Littleton | Law Offices of Dianne Sawaya","og_description":"Nuestros Abogados de Accidentes de Coche en Littleton, CO, pueden ayudarte si eres v\u00edctima de un accidente. No dudes en ponerte en contacto con nuestra oficina hoy mismo.","og_url":"https:\/\/dlslawfirm.com\/es\/abogado-de-accidentes-de-coche-en-littleton-co\/","og_site_name":"Law Offices of Dianne Sawaya LLC- En Espanol","og_image":[{"width":1280,"height":720,"url":"https:\/\/dlslawfirm.com\/es\/wp-content\/uploads\/sites\/2\/2022\/06\/car-accident.jpg","type":"image\/jpeg"}],"twitter_card":"summary_large_image","twitter_misc":{"Est. reading time":"7 minutos"},"schema":{"@context":"https:\/\/schema.org","@graph":[{"@type":"WebPage","@id":"https:\/\/dlslawfirm.com\/es\/abogado-de-accidentes-de-coche-en-littleton-co\/","url":"https:\/\/dlslawfirm.com\/es\/abogado-de-accidentes-de-coche-en-littleton-co\/","name":"Abogado de accidentes de coche en Littleton | Law Offices of Dianne Sawaya","isPartOf":{"@id":"https:\/\/dlslawfirm.com\/es\/#website"},"primaryImageOfPage":{"@id":"https:\/\/dlslawfirm.com\/es\/abogado-de-accidentes-de-coche-en-littleton-co\/#primaryimage"},"image":{"@id":"https:\/\/dlslawfirm.com\/es\/abogado-de-accidentes-de-coche-en-littleton-co\/#primaryimage"},"thumbnailUrl":"https:\/\/dlslawfirm.com\/es\/wp-content\/uploads\/sites\/2\/2022\/06\/car-accident.jpg","datePublished":"2022-09-19T16:57:51+00:00","description":"Nuestros Abogados de Accidentes de Coche en Littleton, CO, pueden ayudarte si eres v\u00edctima de un accidente. No dudes en ponerte en contacto con nuestra oficina hoy mismo.","breadcrumb":{"@id":"https:\/\/dlslawfirm.com\/es\/abogado-de-accidentes-de-coche-en-littleton-co\/#breadcrumb"},"inLanguage":"es","potentialAction":[{"@type":"ReadAction","target":["https:\/\/dlslawfirm.com\/es\/abogado-de-accidentes-de-coche-en-littleton-co\/"]}]},{"@type":"ImageObject","inLanguage":"es","@id":"https:\/\/dlslawfirm.com\/es\/abogado-de-accidentes-de-coche-en-littleton-co\/#primaryimage","url":"https:\/\/dlslawfirm.com\/es\/wp-content\/uploads\/sites\/2\/2022\/06\/car-accident.jpg","contentUrl":"https:\/\/dlslawfirm.com\/es\/wp-content\/uploads\/sites\/2\/2022\/06\/car-accident.jpg","width":1280,"height":720,"caption":"car-accident-attorney"},{"@type":"BreadcrumbList","@id":"https:\/\/dlslawfirm.com\/es\/abogado-de-accidentes-de-coche-en-littleton-co\/#breadcrumb","itemListElement":[{"@type":"ListItem","position":1,"name":"Home","item":"https:\/\/dlslawfirm.com\/es\/"},{"@type":"ListItem","position":2,"name":"Abogado de accidentes de coche en Littleton, CO"}]},{"@type":"WebSite","@id":"https:\/\/dlslawfirm.com\/es\/#website","url":"https:\/\/dlslawfirm.com\/es\/","name":"Law Offices of Dianne Sawaya LLC- En Espanol","description":"","potentialAction":[{"@type":"SearchAction","target":{"@type":"EntryPoint","urlTemplate":"https:\/\/dlslawfirm.com\/es\/?s={search_term_string}"},"query-input":{"@type":"PropertyValueSpecification","valueRequired":true,"valueName":"search_term_string"}}],"inLanguage":"es"}]}},"_links":{"self":[{"href":"https:\/\/dlslawfirm.com\/es\/wp-json\/wp\/v2\/pages\/6850","targetHints":{"allow":["GET"]}}],"collection":[{"href":"https:\/\/dlslawfirm.com\/es\/wp-json\/wp\/v2\/pages"}],"about":[{"href":"https:\/\/dlslawfirm.com\/es\/wp-json\/wp\/v2\/types\/page"}],"author":[{"embeddable":true,"href":"https:\/\/dlslawfirm.com\/es\/wp-json\/wp\/v2\/users\/2"}],"replies":[{"embeddable":true,"href":"https:\/\/dlslawfirm.com\/es\/wp-json\/wp\/v2\/comments?post=6850"}],"version-history":[{"count":0,"href":"https:\/\/dlslawfirm.com\/es\/wp-json\/wp\/v2\/pages\/6850\/revisions"}],"wp:featuredmedia":[{"embeddable":true,"href":"https:\/\/dlslawfirm.com\/es\/wp-json\/wp\/v2\/media\/7130"}],"wp:attachment":[{"href":"https:\/\/dlslawfirm.com\/es\/wp-json\/wp\/v2\/media?parent=6850"}],"wp:term":[{"taxonomy":"post_tag","embeddable":true,"href":"https:\/\/dlslawfirm.com\/es\/wp-json\/wp\/v2\/tags?post=6850"}],"curies":[{"name":"wp","href":"https:\/\/api.w.org\/{rel}","templated":true}]}}