{"id":6849,"date":"2022-08-09T12:19:27","date_gmt":"2022-08-09T12:19:27","guid":{"rendered":"https:\/\/dlslawfirm.com\/abogado-de-lesiones-personales-en-brighton\/"},"modified":"2022-08-09T12:19:27","modified_gmt":"2022-08-09T12:19:27","slug":"abogado-de-lesiones-personales-en-brighton","status":"publish","type":"page","link":"https:\/\/dlslawfirm.com\/es\/abogado-de-lesiones-personales-en-brighton\/","title":{"rendered":"Abogado de lesiones personales en Brighton"},"content":{"rendered":"<h2>\u00bfQu\u00e9 es una demanda por lesiones personales y cu\u00e1les son las causas m\u00e1s comunes de lesiones personales?<\/h2>\n<p>Los da\u00f1os personales son un elemento del derecho civil. Cuando sufres lesiones como consecuencia de la negligencia o descuido de otra persona, puedes tener una reclamaci\u00f3n por lesiones personales. Cuando presentas una demanda judicial por da\u00f1os personales, puedes conseguir una indemnizaci\u00f3n por:<\/p>\n<ul>\n<li>Gastos m\u00e9dicos asociados a tus lesiones f\u00edsicas<\/li>\n<li>Gastos m\u00e9dicos futuros relacionados con tus lesiones f\u00edsicas<\/li>\n<li>Costes de rehabilitaci\u00f3n<\/li>\n<li>Salarios perdidos<\/li>\n<li>Futuro lucro cesante<\/li>\n<li>Dolor y sufrimiento<\/li>\n<li>Angustia mental y emocional<\/li>\n<li>P\u00e9rdida del disfrute de la vida<\/li>\n<li>Da\u00f1os materiales<\/li>\n<\/ul>\n<p>Algunas de las reclamaciones por da\u00f1os personales m\u00e1s comunes pueden ser consecuencia de lo siguiente:<\/p>\n<ul>\n<li>Accidentes de tr\u00e1fico<\/li>\n<li>Accidentes de cami\u00f3n<\/li>\n<li>Accidentes de moto<\/li>\n<li>Accidentes de peatones y ciclistas<\/li>\n<li>Accidentes por resbalones y ca\u00eddas<\/li>\n<li>Mordeduras de perro<\/li>\n<li>Accidentes en piscinas<\/li>\n<\/ul>\n<p>Algunos de los aspectos legales de una demanda por lesiones personales pueden incluir la prescripci\u00f3n y la prueba de la responsabilidad. En el estado de Colorado, el plazo de prescripci\u00f3n es de dos a\u00f1os para los da\u00f1os personales y de tres a\u00f1os para los <a href=\"https:\/\/dlslawfirm.com\/brighton-car-accident-attorney\/\">accidentes de tr\u00e1fico<\/a> a partir de la fecha del accidente. Esto significa que debes llegar a un acuerdo o presentar una demanda antes de que prescriba el delito, pues de lo contrario se te podr\u00eda prohibir presentar una demanda.<\/p>\n<p>Hay ciertas excepciones a la ley de prescripci\u00f3n, as\u00ed que aunque creas que has sobrepasado el plazo, habla con tu abogado de lesiones personales de Brighton del bufete de Dianne Sawaya. La responsabilidad debe demostrarse demostrando que el demandado ten\u00eda un deber de diligencia, incumpli\u00f3 ese deber de diligencia y que tus lesiones y da\u00f1os son consecuencia directa de ese incumplimiento del deber de diligencia.<\/p>\n[cta_interior title=&#8221;CTA Interior&#8221;]\n<h2>\u00bfA qui\u00e9n acudir cuando se ha sufrido un da\u00f1o personal?<\/h2>\n<p>Sea cual sea el tipo de lesi\u00f3n que sufras en un accidente en Brighton, es esencial que trabajes con un abogado de lesiones cualificado. Las complejidades asociadas al resarcimiento de da\u00f1os y perjuicios por tus lesiones pueden ser dif\u00edciles de abordar por tu cuenta. Un abogado experimentado del Bufete de Dianne Sawaya est\u00e1 dispuesto a ayudarte <em>ahora mismo<\/em>. La compa\u00f1\u00eda de seguros del demandado conoce bien distintas t\u00e1cticas para asegurarse de pagarte la menor cantidad posible por tus lesiones. La abogada Dianne Sawaya ser\u00e1 una feroz defensora tuya, asegur\u00e1ndose de que obtengas la m\u00e1xima cantidad por tus p\u00e9rdidas.<\/p>\n<p>Dianne comprende lo estresante y lleno de ansiedad que es este momento para ti. Es posible que no puedas volver a trabajar y ganarte la vida, por lo que no podr\u00e1s pagar tus gastos mensuales normales. Es posible que tus facturas m\u00e9dicas aumenten exponencialmente, haci\u00e9ndote preguntar c\u00f3mo podr\u00e1s pagarlas y c\u00f3mo seguir\u00e1s recibiendo la atenci\u00f3n m\u00e9dica que necesitas. Una vez que hayas presentado una demanda por lesiones personales contra la parte negligente, puedes esperar que te indemnicen por tus lesiones y otros da\u00f1os.<\/p>\n<p>Si est\u00e1s dispuesto a tener a un abogado a tu lado que trabaje duro en tu nombre para conseguir un acuerdo completo y justo, tienes que hablar con la abogada Dianne Sawaya. El Bufete de Dianne Sawaya te ofrece lo siguiente:<\/p>\n<ul>\n<li>Nuestro bufete tiene m\u00e1s de 200 rese\u00f1as positivas en Google<\/li>\n<li>La abogada Dianne Sawaya ha dedicado las dos \u00faltimas d\u00e9cadas a conseguir acuerdos justos por lesiones personales para sus clientes<\/li>\n<li>No se te cobran honorarios de abogado a menos que recibas una indemnizaci\u00f3n<\/li>\n<li>Nuestro bufete te ayudar\u00e1 a conseguir los tratamientos m\u00e9dicos que necesitas para mejorar, y la indemnizaci\u00f3n que mereces<\/li>\n<li>Una consulta con el bufete de Dianne Sawaya es siempre 100 por cien gratuita.<\/li>\n<li>Nuestros abogados son compasivos, agresivos y experimentados, y siempre trabajar\u00e1n para conseguir tus mejores intereses<\/li>\n<\/ul>\n<p>Los d\u00edas, semanas y meses que siguen a una lesi\u00f3n personal pueden ser duros. Dianne Sawaya y su experto equipo jur\u00eddico te ayudar\u00e1n a afrontar el futuro y a encarrilar tu vida.<\/p>\n<h2>Sobre Brighton, Colorado<\/h2>\n<p>Brighton es una ciudad municipal con aproximadamente 40.000 habitantes, situada a 20 minutos al noreste del centro de Denver. Brighton ofrece una vida suburbana relajada con f\u00e1cil acceso a los servicios de la gran ciudad. Situado a orillas del r\u00edo South Platte, Brighton tiene unas vistas impresionantes de las monta\u00f1as. A pesar de ser conocido como un suburbio de Denver, Brighton est\u00e1 lleno de atracciones culturales e hist\u00f3ricas. Todos los a\u00f1os, residentes y visitantes esperan con ilusi\u00f3n la Feria del Condado de Adams, en la que se celebra un concurso de lanzamiento de tomates.<\/p>\n<p>Brighton se encuentra en los condados de Adams y Weld y es la capital del condado de Adamas. Brighton debe su nombre a Brighton Beach (Nueva York), fundada en la d\u00e9cada de 1870 como comunidad agr\u00edcola y dep\u00f3sito de trenes. Originalmente llamada Hughes Station, Brighton se constituy\u00f3 en 1887.<\/p>\n<p>En la actualidad, Brighton alberga dos plantas de fabricaci\u00f3n de Vestas, una f\u00e1brica de palas de aerogeneradores y el Prairie Center, un centro comercial de 396 acres. Cerca de Brighton est\u00e1 el Santuario de Animales Salvajes, un refugio de 789 acres para animales rescatados del cautiverio ilegal. El Parque Estatal del Lago Barr, en Brighton, combina el agua con hermosos senderos naturales. Como popular lugar de pesca, el lago tambi\u00e9n est\u00e1 abierto a los navegantes, mientras que los excursionistas disfrutan de los 12 kil\u00f3metros de senderos del parque, incluido un sendero de 8,8 kil\u00f3metros que rodea el lago y que tambi\u00e9n est\u00e1 abierto a ciclistas y jinetes. Como en cualquier ciudad de EE.UU., los residentes de Brighton pueden verse implicados en accidentes que requieran una demanda por lesiones personales.<\/p>\n<h2>\u00bfY si tuve parte de culpa en mi accidente?<\/h2>\n<p>El estado de Colorado es un estado de negligencia comparativa modificada, a menudo conocida como la regla del 50%. Esto significa que, aunque seas responsable del accidente hasta en un 49%, puedes demandar a la otra persona por negligencia. Si ambas partes fueron responsables, al menos parcialmente, del accidente, el tribunal asignar\u00e1 un porcentaje de culpa a cada una. Quien tenga el 50 % o m\u00e1s de culpa en un accidente puede no recibir indemnizaci\u00f3n.<\/p>\n<p>Muchos detalles pueden afectar al porcentaje de culpa asignado a cada parte. Quiz\u00e1 no llevabas puesto el cintur\u00f3n de seguridad, lo que agrav\u00f3 tus lesiones. O quiz\u00e1 alguien se salt\u00f3 un sem\u00e1foro en rojo y te atropell\u00f3, pero t\u00fa superabas el l\u00edmite de velocidad. Si se determina que tienes un 20% de culpa, la cantidad que se te conceda por da\u00f1os y perjuicios se reducir\u00e1 en un 20%.<\/p>\n<h2>\u00bfCu\u00e1nto tardar\u00e1 en resolverse mi demanda por lesiones personales?<\/h2>\n<p>Las demandas por lesiones personales rara vez llegan a juicio. La mayor\u00eda se resuelven tras muchas negociaciones con la compa\u00f1\u00eda de seguros del demandado. En cuanto hayas elegido a un abogado de lesiones personales de Brighton, \u00e9ste podr\u00e1 iniciar inmediatamente las negociaciones con la compa\u00f1\u00eda de seguros. Sencillamente, las aseguradoras respetan m\u00e1s a una v\u00edctima de accidente que est\u00e1 bien representada. En raras ocasiones, si la compa\u00f1\u00eda de seguros no quiere pagarte una cantidad justa de acuerdo, tu abogado puede presentar una demanda y se fijar\u00e1 una fecha para el juicio.<\/p>\n<p>Aun as\u00ed, muchas demandas por lesiones personales que van a juicio llegan a un acuerdo antes de llegar a la sala, o incluso justo antes de que el jurado anuncie su veredicto. Las negociaciones para llegar a un acuerdo pueden durar muchos meses, dependiendo de si la compa\u00f1\u00eda de seguros est\u00e1 dispuesta a aceptar una cantidad justa. Una demanda por lesiones personales que llega a juicio puede durar un a\u00f1o, o incluso m\u00e1s. Los tribunales est\u00e1n saturados y puede llevar mucho tiempo conseguir una cita.<\/p>\n<h2>\u00bfCu\u00e1nto tiempo tardar\u00e9 en recibir mi cheque tras un acuerdo transaccional?<\/h2>\n<p>Una vez que tu abogado de accidentes de Brighton haya negociado un acuerdo justo y completo en tu nombre, y t\u00fa lo hayas firmado, el Bufete de Dianne Sawaya har\u00e1 todo lo posible por hacerte llegar el cheque del acuerdo lo antes posible.<\/p>\n<h2>\u00bfQu\u00e9 es un comunicado de conciliaci\u00f3n?<\/h2>\n<p>Una vez alcanzado un acuerdo transaccional, se te pedir\u00e1 que firmes un documento jur\u00eddicamente vinculante por el que se acuerda poner fin al litigio y desestimar todas las demandas. El formulario de exoneraci\u00f3n de toda reclamaci\u00f3n exime de responsabilidad al demandado y a su aseguradora, lo que significa que, una vez aceptes el acuerdo, no podr\u00e1s emprender m\u00e1s acciones legales. Este formulario tambi\u00e9n puede conocerse como formulario de exenci\u00f3n de responsabilidad.<\/p>\n<p>Se llame como se llame, un formulario de exenci\u00f3n de responsabilidad contendr\u00e1 la identificaci\u00f3n de las partes implicadas, los detalles relacionados con el accidente, tus reclamaciones, los detalles del pago y las leyes y la aplicabilidad del acuerdo. Es poco probable que recibas un cheque hasta que hayas firmado este formulario. Si has tenido un abogado durante toda la reclamaci\u00f3n, se asegurar\u00e1 de que el formulario de exenci\u00f3n de responsabilidad sea correcto. Si no tienes abogado, deber\u00edas buscar asesoramiento legal antes de firmar la exenci\u00f3n. Una vez firmado el formulario de exenci\u00f3n, ya no podr\u00e1s presentar ninguna reclamaci\u00f3n adicional.<\/p>\n<h2>C\u00f3mo puede ayudar un abogado experto en lesiones personales de Brighton del bufete de Dianne Sawaya<\/h2>\n<p>En el Bufete de Dianne Sawaya comprendemos que tu situaci\u00f3n de lesiones personales es \u00fanica. Por eso prestamos una atenci\u00f3n muy personalizada a todos y cada uno de nuestros clientes, y haremos lo mismo contigo. Puedes tener derecho al pago de gastos m\u00e9dicos, salarios actuales y futuros perdidos, dolor y sufrimiento y mucho m\u00e1s.<\/p>\n<p>Cuando tienes a tu lado a un abogado de lesiones personales de Brighton, inteligente, altamente cualificado y con experiencia, del bufete de Dianne Sawaya, puedes estar tranquilo, sabiendo que se ocupan de ti y te protegen. No esperes con la esperanza de que todo salga bien. De hecho, sin un abogado celoso a tu lado, eso es muy poco probable. La abogada Dianne Sawaya est\u00e1 dispuesta a ayudarte ahora mismo. <a href=\"https:\/\/dlslawfirm.com\/contact-us\/\">Ponte en contacto con<\/a> el bufete de Dianne Sawaya hoy mismo.<\/p>\n","protected":false},"excerpt":{"rendered":"<p>\u00bfQu\u00e9 es una demanda por lesiones personales y cu\u00e1les son las causas m\u00e1s comunes de lesiones personales? Los da\u00f1os personales son un elemento del derecho civil. Cuando sufres lesiones como consecuencia de la negligencia o descuido de otra persona, puedes tener una reclamaci\u00f3n por lesiones personales. Cuando presentas una demanda judicial por da\u00f1os personales, puedes&#8230;<\/p>\n","protected":false},"author":2,"featured_media":7231,"parent":0,"menu_order":0,"comment_status":"closed","ping_status":"closed","template":"","meta":{"_acf_changed":false,"footnotes":""},"tags":[],"class_list":["post-6849","page","type-page","status-publish","has-post-thumbnail","hentry"],"acf":[],"yoast_head":"<!-- This site is optimized with the Yoast SEO plugin v27.4 - https:\/\/yoast.com\/product\/yoast-seo-wordpress\/ -->\n<title>Brighton Abogado de Lesiones Personales | Law Offices of Dianne Sawaya<\/title>\n<meta name=\"description\" content=\"Sufrir lesiones por negligencia ajena puede alterar toda tu vida. Ponte en contacto gratis con nuestros abogados de lesiones personales de Brighton, CO.\" \/>\n<meta name=\"robots\" content=\"index, follow, max-snippet:-1, max-image-preview:large, max-video-preview:-1\" \/>\n<link rel=\"canonical\" href=\"https:\/\/dlslawfirm.com\/es\/abogado-de-lesiones-personales-en-brighton\/\" \/>\n<meta property=\"og:locale\" content=\"es_MX\" \/>\n<meta property=\"og:type\" content=\"article\" \/>\n<meta property=\"og:title\" content=\"Brighton Abogado de Lesiones Personales | Law Offices of Dianne Sawaya\" \/>\n<meta property=\"og:description\" content=\"Sufrir lesiones por negligencia ajena puede alterar toda tu vida. Ponte en contacto gratis con nuestros abogados de lesiones personales de Brighton, CO.\" \/>\n<meta property=\"og:url\" content=\"https:\/\/dlslawfirm.com\/es\/abogado-de-lesiones-personales-en-brighton\/\" \/>\n<meta property=\"og:site_name\" content=\"Law Offices of Dianne Sawaya LLC- En Espanol\" \/>\n<meta property=\"og:image\" content=\"https:\/\/dlslawfirm.com\/es\/wp-content\/uploads\/sites\/2\/2022\/06\/pexels-rodnae-productions-6519905.jpg\" \/>\n\t<meta property=\"og:image:width\" content=\"1600\" \/>\n\t<meta property=\"og:image:height\" content=\"779\" \/>\n\t<meta property=\"og:image:type\" content=\"image\/jpeg\" \/>\n<meta name=\"twitter:card\" content=\"summary_large_image\" \/>\n<meta name=\"twitter:label1\" content=\"Est. reading time\" \/>\n\t<meta name=\"twitter:data1\" content=\"9 minutos\" \/>\n<script type=\"application\/ld+json\" class=\"yoast-schema-graph\">{\"@context\":\"https:\\\/\\\/schema.org\",\"@graph\":[{\"@type\":\"WebPage\",\"@id\":\"https:\\\/\\\/dlslawfirm.com\\\/es\\\/abogado-de-lesiones-personales-en-brighton\\\/\",\"url\":\"https:\\\/\\\/dlslawfirm.com\\\/es\\\/abogado-de-lesiones-personales-en-brighton\\\/\",\"name\":\"Brighton Abogado de Lesiones Personales | Law Offices of Dianne Sawaya\",\"isPartOf\":{\"@id\":\"https:\\\/\\\/dlslawfirm.com\\\/es\\\/#website\"},\"primaryImageOfPage\":{\"@id\":\"https:\\\/\\\/dlslawfirm.com\\\/es\\\/abogado-de-lesiones-personales-en-brighton\\\/#primaryimage\"},\"image\":{\"@id\":\"https:\\\/\\\/dlslawfirm.com\\\/es\\\/abogado-de-lesiones-personales-en-brighton\\\/#primaryimage\"},\"thumbnailUrl\":\"https:\\\/\\\/dlslawfirm.com\\\/es\\\/wp-content\\\/uploads\\\/sites\\\/2\\\/2022\\\/06\\\/pexels-rodnae-productions-6519905.jpg\",\"datePublished\":\"2022-08-09T12:19:27+00:00\",\"description\":\"Sufrir lesiones por negligencia ajena puede alterar toda tu vida. Ponte en contacto gratis con nuestros abogados de lesiones personales de Brighton, CO.\",\"breadcrumb\":{\"@id\":\"https:\\\/\\\/dlslawfirm.com\\\/es\\\/abogado-de-lesiones-personales-en-brighton\\\/#breadcrumb\"},\"inLanguage\":\"es\",\"potentialAction\":[{\"@type\":\"ReadAction\",\"target\":[\"https:\\\/\\\/dlslawfirm.com\\\/es\\\/abogado-de-lesiones-personales-en-brighton\\\/\"]}]},{\"@type\":\"ImageObject\",\"inLanguage\":\"es\",\"@id\":\"https:\\\/\\\/dlslawfirm.com\\\/es\\\/abogado-de-lesiones-personales-en-brighton\\\/#primaryimage\",\"url\":\"https:\\\/\\\/dlslawfirm.com\\\/es\\\/wp-content\\\/uploads\\\/sites\\\/2\\\/2022\\\/06\\\/pexels-rodnae-productions-6519905.jpg\",\"contentUrl\":\"https:\\\/\\\/dlslawfirm.com\\\/es\\\/wp-content\\\/uploads\\\/sites\\\/2\\\/2022\\\/06\\\/pexels-rodnae-productions-6519905.jpg\",\"width\":1600,\"height\":779,\"caption\":\"person with bandage on hand\"},{\"@type\":\"BreadcrumbList\",\"@id\":\"https:\\\/\\\/dlslawfirm.com\\\/es\\\/abogado-de-lesiones-personales-en-brighton\\\/#breadcrumb\",\"itemListElement\":[{\"@type\":\"ListItem\",\"position\":1,\"name\":\"Home\",\"item\":\"https:\\\/\\\/dlslawfirm.com\\\/es\\\/\"},{\"@type\":\"ListItem\",\"position\":2,\"name\":\"Abogado de lesiones personales en Brighton\"}]},{\"@type\":\"WebSite\",\"@id\":\"https:\\\/\\\/dlslawfirm.com\\\/es\\\/#website\",\"url\":\"https:\\\/\\\/dlslawfirm.com\\\/es\\\/\",\"name\":\"Law Offices of Dianne Sawaya LLC- En Espanol\",\"description\":\"\",\"potentialAction\":[{\"@type\":\"SearchAction\",\"target\":{\"@type\":\"EntryPoint\",\"urlTemplate\":\"https:\\\/\\\/dlslawfirm.com\\\/es\\\/?s={search_term_string}\"},\"query-input\":{\"@type\":\"PropertyValueSpecification\",\"valueRequired\":true,\"valueName\":\"search_term_string\"}}],\"inLanguage\":\"es\"}]}<\/script>\n<!-- \/ Yoast SEO plugin. -->","yoast_head_json":{"title":"Brighton Abogado de Lesiones Personales | Law Offices of Dianne Sawaya","description":"Sufrir lesiones por negligencia ajena puede alterar toda tu vida. Ponte en contacto gratis con nuestros abogados de lesiones personales de Brighton, CO.","robots":{"index":"index","follow":"follow","max-snippet":"max-snippet:-1","max-image-preview":"max-image-preview:large","max-video-preview":"max-video-preview:-1"},"canonical":"https:\/\/dlslawfirm.com\/es\/abogado-de-lesiones-personales-en-brighton\/","og_locale":"es_MX","og_type":"article","og_title":"Brighton Abogado de Lesiones Personales | Law Offices of Dianne Sawaya","og_description":"Sufrir lesiones por negligencia ajena puede alterar toda tu vida. Ponte en contacto gratis con nuestros abogados de lesiones personales de Brighton, CO.","og_url":"https:\/\/dlslawfirm.com\/es\/abogado-de-lesiones-personales-en-brighton\/","og_site_name":"Law Offices of Dianne Sawaya LLC- En Espanol","og_image":[{"width":1600,"height":779,"url":"https:\/\/dlslawfirm.com\/es\/wp-content\/uploads\/sites\/2\/2022\/06\/pexels-rodnae-productions-6519905.jpg","type":"image\/jpeg"}],"twitter_card":"summary_large_image","twitter_misc":{"Est. reading time":"9 minutos"},"schema":{"@context":"https:\/\/schema.org","@graph":[{"@type":"WebPage","@id":"https:\/\/dlslawfirm.com\/es\/abogado-de-lesiones-personales-en-brighton\/","url":"https:\/\/dlslawfirm.com\/es\/abogado-de-lesiones-personales-en-brighton\/","name":"Brighton Abogado de Lesiones Personales | Law Offices of Dianne Sawaya","isPartOf":{"@id":"https:\/\/dlslawfirm.com\/es\/#website"},"primaryImageOfPage":{"@id":"https:\/\/dlslawfirm.com\/es\/abogado-de-lesiones-personales-en-brighton\/#primaryimage"},"image":{"@id":"https:\/\/dlslawfirm.com\/es\/abogado-de-lesiones-personales-en-brighton\/#primaryimage"},"thumbnailUrl":"https:\/\/dlslawfirm.com\/es\/wp-content\/uploads\/sites\/2\/2022\/06\/pexels-rodnae-productions-6519905.jpg","datePublished":"2022-08-09T12:19:27+00:00","description":"Sufrir lesiones por negligencia ajena puede alterar toda tu vida. Ponte en contacto gratis con nuestros abogados de lesiones personales de Brighton, CO.","breadcrumb":{"@id":"https:\/\/dlslawfirm.com\/es\/abogado-de-lesiones-personales-en-brighton\/#breadcrumb"},"inLanguage":"es","potentialAction":[{"@type":"ReadAction","target":["https:\/\/dlslawfirm.com\/es\/abogado-de-lesiones-personales-en-brighton\/"]}]},{"@type":"ImageObject","inLanguage":"es","@id":"https:\/\/dlslawfirm.com\/es\/abogado-de-lesiones-personales-en-brighton\/#primaryimage","url":"https:\/\/dlslawfirm.com\/es\/wp-content\/uploads\/sites\/2\/2022\/06\/pexels-rodnae-productions-6519905.jpg","contentUrl":"https:\/\/dlslawfirm.com\/es\/wp-content\/uploads\/sites\/2\/2022\/06\/pexels-rodnae-productions-6519905.jpg","width":1600,"height":779,"caption":"person with bandage on hand"},{"@type":"BreadcrumbList","@id":"https:\/\/dlslawfirm.com\/es\/abogado-de-lesiones-personales-en-brighton\/#breadcrumb","itemListElement":[{"@type":"ListItem","position":1,"name":"Home","item":"https:\/\/dlslawfirm.com\/es\/"},{"@type":"ListItem","position":2,"name":"Abogado de lesiones personales en Brighton"}]},{"@type":"WebSite","@id":"https:\/\/dlslawfirm.com\/es\/#website","url":"https:\/\/dlslawfirm.com\/es\/","name":"Law Offices of Dianne Sawaya LLC- En Espanol","description":"","potentialAction":[{"@type":"SearchAction","target":{"@type":"EntryPoint","urlTemplate":"https:\/\/dlslawfirm.com\/es\/?s={search_term_string}"},"query-input":{"@type":"PropertyValueSpecification","valueRequired":true,"valueName":"search_term_string"}}],"inLanguage":"es"}]}},"_links":{"self":[{"href":"https:\/\/dlslawfirm.com\/es\/wp-json\/wp\/v2\/pages\/6849","targetHints":{"allow":["GET"]}}],"collection":[{"href":"https:\/\/dlslawfirm.com\/es\/wp-json\/wp\/v2\/pages"}],"about":[{"href":"https:\/\/dlslawfirm.com\/es\/wp-json\/wp\/v2\/types\/page"}],"author":[{"embeddable":true,"href":"https:\/\/dlslawfirm.com\/es\/wp-json\/wp\/v2\/users\/2"}],"replies":[{"embeddable":true,"href":"https:\/\/dlslawfirm.com\/es\/wp-json\/wp\/v2\/comments?post=6849"}],"version-history":[{"count":0,"href":"https:\/\/dlslawfirm.com\/es\/wp-json\/wp\/v2\/pages\/6849\/revisions"}],"wp:featuredmedia":[{"embeddable":true,"href":"https:\/\/dlslawfirm.com\/es\/wp-json\/wp\/v2\/media\/7231"}],"wp:attachment":[{"href":"https:\/\/dlslawfirm.com\/es\/wp-json\/wp\/v2\/media?parent=6849"}],"wp:term":[{"taxonomy":"post_tag","embeddable":true,"href":"https:\/\/dlslawfirm.com\/es\/wp-json\/wp\/v2\/tags?post=6849"}],"curies":[{"name":"wp","href":"https:\/\/api.w.org\/{rel}","templated":true}]}}