{"id":6846,"date":"2022-09-19T17:31:03","date_gmt":"2022-09-19T17:31:03","guid":{"rendered":"https:\/\/dlslawfirm.com\/abogado-de-accidentes-de-lyft-en-denver\/"},"modified":"2022-09-19T17:31:03","modified_gmt":"2022-09-19T17:31:03","slug":"abogado-de-accidentes-de-lyft-en-denver","status":"publish","type":"page","link":"https:\/\/dlslawfirm.com\/es\/abogados-de-colorado-especializados-en-lesiones-personales\/abogado-de-accidentes-de-coche-en-denver\/abogado-de-accidentes-de-lyft-en-denver\/","title":{"rendered":"Abogado de accidentes de Lyft en Denver"},"content":{"rendered":"<h2>Abogado de accidentes de tr\u00e1fico con Lyft<\/h2>\n<p>T\u00fa y tu c\u00f3nyuge os hab\u00e9is tomado unas vacaciones muy esperadas en Denver. Has disfrutado haciendo senderismo por el Parque Red Rocks y ahora est\u00e1s listo para empaparte del ambiente del coraz\u00f3n de Denver en Larimer Square. Tu conductor de Lyft te recoge en la puerta de tu hotel y te pones en camino. Tu conductor es amable y conduce con seguridad, para que te relajes mientras contemplas las vistas de Denver. De repente, un conductor se salta un sem\u00e1foro en rojo y choca contra el lateral del veh\u00edculo Lyft. Tu preocupaci\u00f3n inmediata es evaluar las lesiones de todos los implicados y buscar tratamiento m\u00e9dico.<\/p>\n<p>Una vez atendidos todos, te das cuenta de que tanto t\u00fa como tu marido ten\u00e9is lesiones graves que pueden requerir baja laboral, as\u00ed como importantes gastos m\u00e9dicos. El conductor de Lyft tambi\u00e9n ha sufrido lesiones. \u00bfQui\u00e9n pagar\u00e1 tus tratamientos m\u00e9dicos? \u00bfDebes querellarte contra el conductor que choc\u00f3 contra tu veh\u00edculo o contra el seguro del conductor de Lyft? \u00bfDebes avisar a tu propia compa\u00f1\u00eda de seguros? Todas estas cuestiones pueden resolverse m\u00e1s r\u00e1pidamente y en tu beneficio si hablas con un abogado experto en accidentes de Lyft en Denver del <a href=\"https:\/\/dlslawfirm.com\/attorneys\/\">Bufete de Dianne Sawaya<\/a>.<\/p>\n[cta_interior title=&#8221;CTA Interior&#8221;]\n<h2><strong>Acerca de Lyft<\/strong><\/h2>\n<p>Con sede en San Francisco, <a href=\"https:\/\/www.lyft.com\/\" target=\"_blank\" rel=\"noopener\">Lyft<\/a> fue creada en el verano de 2012 por John Zimmer y Logan Green, ambos programadores inform\u00e1ticos. Lyft se llamaba inicialmente Zimride, pero cambi\u00f3 el nombre a Lyft en mayo de 2013. Los obst\u00e1culos normativos en la ciudad de Nueva York provocaron alteraciones en el modelo de negocio de Lyft. En 2017, Lyft se expandi\u00f3 a Canad\u00e1. Lyft es ahora la segunda empresa de viajes compartidos m\u00e1s grande de Estados Unidos, despu\u00e9s de Uber, con el 28% de la cuota de mercado.<strong> <\/strong><\/p>\n<h2><strong>Por qu\u00e9 deber\u00edas elegir un abogado de Denver especializado en accidentes de Lyft del bufete de Dianne Sawaya  <\/strong><\/h2>\n<p>Puede que oigas a algunos bufetes decir que &#8220;se preocupan de verdad por los clientes&#8221;. Cuando oigas esas palabras de la abogada Dianne Sawaya, puedes estar seguro de que son 100% ciertas. En el Bufete Jur\u00eddico de Dianne Sawaya, comprendemos que est\u00e1s pasando por un momento dif\u00edcil, y te apoyamos mientras luchamos por la justicia. Protegeremos tus intereses econ\u00f3micos mientras te ayudamos a obtener los tratamientos m\u00e9dicos que necesitas.<\/p>\n<p>Hablaremos contigo para comprender realmente tu vida antes del accidente y poder ayudarte a que te recuperes totalmente y vuelvas a la vida que te gusta. Cuando eliges el Bufete de Dianne Sawaya, has elegido un bufete con una reputaci\u00f3n estelar por hacer lo que hay que hacer para ayudar a los clientes, y ahora a ti. Nuestros abogados son inteligentes, agresivos y compasivos, y ofrecen las siguientes ventajas:<\/p>\n<ul>\n<li>Tenemos m\u00e1s de 200 rese\u00f1as positivas en Google<\/li>\n<li>La indemnizaci\u00f3n que recibas siempre ser\u00e1 m\u00e1xima<\/li>\n<li>Tu consulta es siempre 100% gratuita<\/li>\n<li>Si no conseguimos una indemnizaci\u00f3n en tu nombre, no nos pagas nada<\/li>\n<li>Te ayudaremos a conseguir los tratamientos m\u00e9dicos que necesitas para recuperarte<\/li>\n<li>Con 25 a\u00f1os de experiencia en lesiones personales, puedes estar tranquilo sabiendo que tus derechos est\u00e1n protegidos<\/li>\n<li>Servimos a todo Colorado<\/li>\n<\/ul>\n<h2><strong>\u00bfQu\u00e9 debes hacer inmediatamente despu\u00e9s de un accidente de Lyft?<\/strong><\/h2>\n<p>Igual que har\u00edas con un accidente en tu propio veh\u00edculo, como pasajero de un veh\u00edculo Lyft, debes asegurarte de que se notifica a la polic\u00eda. Siempre es importante disponer de un informe policial a la hora de establecer la responsabilidad por lesiones y otros da\u00f1os. Un informe policial puede ser especialmente \u00fatil para proteger tus derechos legales cuando debas demostrar que -como pasajero- no estabas implicado en la causa real del accidente. Todos los implicados en el accidente de Lyft deben buscar atenci\u00f3n m\u00e9dica inmediatamente, aunque no est\u00e9s seguro de haber sufrido lesiones. Hacer que un profesional m\u00e9dico te examine tras un accidente proteger\u00e1 tus intereses y reforzar\u00e1 tu caso.<\/p>\n<p>Tambi\u00e9n es muy importante documentar el accidente siempre que sea posible. Muchas compa\u00f1\u00edas de seguros -y abogados- utilizan fotos y v\u00eddeos como prueba principal en una reclamaci\u00f3n por accidente de tr\u00e1fico. Si puedes, haz fotos del lugar del accidente, incluyendo a todos los implicados y los veh\u00edculos implicados. Si hubo testigos del accidente, obt\u00e9n informaci\u00f3n de contacto de esos testigos. Una vez que hayan desaparecido, es poco probable que vuelvas a encontrarlas, as\u00ed que es algo que hay que hacer r\u00e1pidamente.<\/p>\n<p>Obt\u00e9n el nombre, los datos de contacto y la informaci\u00f3n sobre el seguro de tu conductor de Lyft y del conductor externo. Haz fotos de las matr\u00edculas, los permisos de conducir y la informaci\u00f3n del seguro de ambos conductores, ya que en este momento no est\u00e1 claro si vas a presentar una demanda contra el conductor de Lyft, contra Lyft o contra el otro conductor. Una vez en casa tras recibir tratamiento m\u00e9dico, denuncia el accidente a tu propia compa\u00f1\u00eda de seguros. Esto es importante en caso de que uno de los conductores no tenga seguro o est\u00e9 infraasegurado, y t\u00fa tengas cobertura de motorista sin seguro o infraasegurado.<\/p>\n<p>Anota todo lo que recuerdes sobre el accidente. Ning\u00fan detalle es demasiado peque\u00f1o y puede resultar extremadamente importante. Por \u00faltimo, ponte en contacto con un abogado experto en accidentes de Lyft en Denver del bufete de Dianne Sawaya. Nuestros abogados expertos en transporte compartido se asegurar\u00e1n de que est\u00e9s totalmente protegido de principio a fin y de que tus da\u00f1os est\u00e9n totalmente cubiertos.<\/p>\n<h2><strong>\u00bfTienen que tener los conductores de Lyft una p\u00f3liza de seguro aparte en Colorado?<\/strong><\/h2>\n<p>En 2014 se aprob\u00f3 en Colorado la legislaci\u00f3n &#8220;Empresas de Redes de Transporte&#8221;, en un intento de garantizar que todos los conductores de veh\u00edculos compartidos est\u00e9n debidamente asegurados. La TNC designa tres categor\u00edas diferentes de responsabilidades de seguro para las TNC y sus conductores:<\/p>\n<ul>\n<li>Cuando el conductor de Lyft no est\u00e1 conectado a la aplicaci\u00f3n, se le considera &#8220;desconectado&#8221;, lo que significa que no est\u00e1 trabajando y Lyft no tiene obligaci\u00f3n de proporcionar cobertura de seguro. Si el conductor tiene un accidente mientras est\u00e1 fuera de l\u00ednea, su propia p\u00f3liza de seguro personal se aplicar\u00e1 a las lesiones y otros da\u00f1os.<\/li>\n<li>Cuando el conductor de Lyft ha recogido a un pasajero y lo est\u00e1 transportando, Lyft o el conductor deben proporcionar una cobertura de responsabilidad civil de 1 mill\u00f3n de d\u00f3lares por suceso.<\/li>\n<\/ul>\n<h2><strong>\u00bfCu\u00e1les son los requisitos de Lyft para los conductores de Lyft de Colorado?<\/strong><\/h2>\n<p>En el estado de Colorado, Lyft exige que el veh\u00edculo del conductor sea de 4 puertas, con 5-8 plazas, de 2007 o m\u00e1s reciente. El conductor de Lyft debe tener un permiso de conducir v\u00e1lido, ser mayor de 25 a\u00f1os y pasar un control de conductores. La investigaci\u00f3n de conductores revisa el historial de conducci\u00f3n y los antecedentes penales del conductor. El conductor tambi\u00e9n debe tener un smartphone que pueda descargar y ejecutar la aplicaci\u00f3n de conductor de Lyft. El coche del conductor debe tener la inspecci\u00f3n t\u00e9cnica de veh\u00edculos de Colorado actualizada y la matr\u00edcula de Colorado en vigor.<\/p>\n<p>El conductor debe presentar una foto de perfil del conductor, una prueba del seguro del veh\u00edculo personal, los permisos y la licencia comercial que sean necesarios, y una Autocertificaci\u00f3n de Aptitud del Conductor de TNC de Colorado. Antes de obtener la aprobaci\u00f3n como conductor de Lyft, el veh\u00edculo del conductor debe pasar una inspecci\u00f3n de veh\u00edculos, y despu\u00e9s debe someterse a la misma inspecci\u00f3n anualmente. El documento de autocertificaci\u00f3n de aptitud del conductor de una TNC de Colorado certifica que el conductor es apto mental y f\u00edsicamente para conducir.<strong> <\/strong><\/p>\n<h2><strong>\u00bfDebes avisar a tu propia compa\u00f1\u00eda de seguros tras un accidente de Lyft en Denver?  <\/strong><\/h2>\n<p>Siempre debes avisar a tu propia compa\u00f1\u00eda de seguros tras un <a href=\"https:\/\/dlslawfirm.com\/personal-injury\/car-accidents\/\">accidente de<\/a> tr\u00e1fico. Aunque es poco probable que tu compa\u00f1\u00eda de seguros tenga que pagar por tus lesiones y otros da\u00f1os, si el conductor culpable no tiene seguro o tiene un seguro insuficiente, tu compa\u00f1\u00eda de seguros podr\u00eda tener que pagar por tus da\u00f1os. Si ambos conductores tuvieron parte de culpa en el accidente, puede que tengas que presentar una reclamaci\u00f3n a ambas compa\u00f1\u00edas de seguros. Si tus da\u00f1os son importantes, es posible que tengas que presentar una reclamaci\u00f3n a Lyft.<\/p>\n<h2><strong>C\u00f3mo obtener la ayuda que necesitas de un abogado de Denver especializado en accidentes de Lyft del bufete de Dianne Sawaya<\/strong><\/h2>\n<p>Si t\u00fa o un ser querido hab\u00e9is sufrido un accidente de coche compartido en Denver, necesit\u00e1is abogados altamente cualificados, agresivos, compasivos y expertos. El Bufete de Dianne Sawaya puede ofrecerte todos esos atributos y m\u00e1s. Representamos a quienes han sufrido lesiones por la negligencia de otro. Representamos celosa y plenamente a cada cliente y haremos lo mismo por ti. Nuestro objetivo es ponerte en el camino de la recuperaci\u00f3n f\u00edsica al tiempo que nos aseguramos de conseguir un acuerdo justo y completo en tu nombre para facilitar tu recuperaci\u00f3n econ\u00f3mica. <a href=\"https:\/\/dlslawfirm.com\/contact-us\/\">Ponte en contacto con<\/a> el Bufete de Dianne Sawaya hoy mismo.<\/p>\n","protected":false},"excerpt":{"rendered":"<p>Abogado de accidentes de tr\u00e1fico con Lyft T\u00fa y tu c\u00f3nyuge os hab\u00e9is tomado unas vacaciones muy esperadas en Denver. Has disfrutado haciendo senderismo por el Parque Red Rocks y ahora est\u00e1s listo para empaparte del ambiente del coraz\u00f3n de Denver en Larimer Square. Tu conductor de Lyft te recoge en la puerta de tu&#8230;<\/p>\n","protected":false},"author":2,"featured_media":157,"parent":7038,"menu_order":0,"comment_status":"closed","ping_status":"closed","template":"","meta":{"_acf_changed":false,"footnotes":""},"tags":[],"class_list":["post-6846","page","type-page","status-publish","has-post-thumbnail","hentry"],"acf":[],"yoast_head":"<!-- This site is optimized with the Yoast SEO plugin v27.3 - https:\/\/yoast.com\/product\/yoast-seo-wordpress\/ -->\n<title>Abogado de accidentes de Lyft en Denver | Despacho Jur\u00eddico de Dianne Sawaya<\/title>\n<meta name=\"description\" content=\"Nuestros Abogados de Accidentes de Lyft en Denver est\u00e1n dispuestos a escucharte y ayudarte en tu momento de necesidad. Ponte en contacto con nuestro bufete para obtener m\u00e1s informaci\u00f3n hoy mismo.\" \/>\n<meta name=\"robots\" content=\"index, follow, max-snippet:-1, max-image-preview:large, max-video-preview:-1\" \/>\n<link rel=\"canonical\" href=\"https:\/\/dlslawfirm.com\/es\/abogados-de-colorado-especializados-en-lesiones-personales\/abogado-de-accidentes-de-coche-en-denver\/abogado-de-accidentes-de-lyft-en-denver\/\" \/>\n<meta property=\"og:locale\" content=\"es_MX\" \/>\n<meta property=\"og:type\" content=\"article\" \/>\n<meta property=\"og:title\" content=\"Abogado de accidentes de Lyft en Denver | Despacho Jur\u00eddico de Dianne Sawaya\" \/>\n<meta property=\"og:description\" content=\"Nuestros Abogados de Accidentes de Lyft en Denver est\u00e1n dispuestos a escucharte y ayudarte en tu momento de necesidad. Ponte en contacto con nuestro bufete para obtener m\u00e1s informaci\u00f3n hoy mismo.\" \/>\n<meta property=\"og:url\" content=\"https:\/\/dlslawfirm.com\/es\/abogados-de-colorado-especializados-en-lesiones-personales\/abogado-de-accidentes-de-coche-en-denver\/abogado-de-accidentes-de-lyft-en-denver\/\" \/>\n<meta property=\"og:site_name\" content=\"Law Offices of Dianne Sawaya LLC- En Espanol\" \/>\n<meta property=\"og:image\" content=\"https:\/\/dlslawfirm.com\/es\/wp-content\/uploads\/sites\/2\/2022\/03\/image-from-rawpixel-id-3279974-jpeg-2.png\" \/>\n\t<meta property=\"og:image:width\" content=\"1280\" \/>\n\t<meta property=\"og:image:height\" content=\"462\" \/>\n\t<meta property=\"og:image:type\" content=\"image\/png\" \/>\n<meta name=\"twitter:card\" content=\"summary_large_image\" \/>\n<meta name=\"twitter:label1\" content=\"Est. reading time\" \/>\n\t<meta name=\"twitter:data1\" content=\"8 minutos\" \/>\n<script type=\"application\/ld+json\" class=\"yoast-schema-graph\">{\"@context\":\"https:\\\/\\\/schema.org\",\"@graph\":[{\"@type\":\"WebPage\",\"@id\":\"https:\\\/\\\/dlslawfirm.com\\\/es\\\/abogados-de-colorado-especializados-en-lesiones-personales\\\/abogado-de-accidentes-de-coche-en-denver\\\/abogado-de-accidentes-de-lyft-en-denver\\\/\",\"url\":\"https:\\\/\\\/dlslawfirm.com\\\/es\\\/abogados-de-colorado-especializados-en-lesiones-personales\\\/abogado-de-accidentes-de-coche-en-denver\\\/abogado-de-accidentes-de-lyft-en-denver\\\/\",\"name\":\"Abogado de accidentes de Lyft en Denver | Despacho Jur\u00eddico de Dianne Sawaya\",\"isPartOf\":{\"@id\":\"https:\\\/\\\/dlslawfirm.com\\\/es\\\/#website\"},\"primaryImageOfPage\":{\"@id\":\"https:\\\/\\\/dlslawfirm.com\\\/es\\\/abogados-de-colorado-especializados-en-lesiones-personales\\\/abogado-de-accidentes-de-coche-en-denver\\\/abogado-de-accidentes-de-lyft-en-denver\\\/#primaryimage\"},\"image\":{\"@id\":\"https:\\\/\\\/dlslawfirm.com\\\/es\\\/abogados-de-colorado-especializados-en-lesiones-personales\\\/abogado-de-accidentes-de-coche-en-denver\\\/abogado-de-accidentes-de-lyft-en-denver\\\/#primaryimage\"},\"thumbnailUrl\":\"https:\\\/\\\/dlslawfirm.com\\\/es\\\/wp-content\\\/uploads\\\/sites\\\/2\\\/2022\\\/03\\\/image-from-rawpixel-id-3279974-jpeg-2.png\",\"datePublished\":\"2022-09-19T17:31:03+00:00\",\"description\":\"Nuestros Abogados de Accidentes de Lyft en Denver est\u00e1n dispuestos a escucharte y ayudarte en tu momento de necesidad. Ponte en contacto con nuestro bufete para obtener m\u00e1s informaci\u00f3n hoy mismo.\",\"breadcrumb\":{\"@id\":\"https:\\\/\\\/dlslawfirm.com\\\/es\\\/abogados-de-colorado-especializados-en-lesiones-personales\\\/abogado-de-accidentes-de-coche-en-denver\\\/abogado-de-accidentes-de-lyft-en-denver\\\/#breadcrumb\"},\"inLanguage\":\"es\",\"potentialAction\":[{\"@type\":\"ReadAction\",\"target\":[\"https:\\\/\\\/dlslawfirm.com\\\/es\\\/abogados-de-colorado-especializados-en-lesiones-personales\\\/abogado-de-accidentes-de-coche-en-denver\\\/abogado-de-accidentes-de-lyft-en-denver\\\/\"]}]},{\"@type\":\"ImageObject\",\"inLanguage\":\"es\",\"@id\":\"https:\\\/\\\/dlslawfirm.com\\\/es\\\/abogados-de-colorado-especializados-en-lesiones-personales\\\/abogado-de-accidentes-de-coche-en-denver\\\/abogado-de-accidentes-de-lyft-en-denver\\\/#primaryimage\",\"url\":\"https:\\\/\\\/dlslawfirm.com\\\/es\\\/wp-content\\\/uploads\\\/sites\\\/2\\\/2022\\\/03\\\/image-from-rawpixel-id-3279974-jpeg-2.png\",\"contentUrl\":\"https:\\\/\\\/dlslawfirm.com\\\/es\\\/wp-content\\\/uploads\\\/sites\\\/2\\\/2022\\\/03\\\/image-from-rawpixel-id-3279974-jpeg-2.png\",\"width\":1280,\"height\":462},{\"@type\":\"BreadcrumbList\",\"@id\":\"https:\\\/\\\/dlslawfirm.com\\\/es\\\/abogados-de-colorado-especializados-en-lesiones-personales\\\/abogado-de-accidentes-de-coche-en-denver\\\/abogado-de-accidentes-de-lyft-en-denver\\\/#breadcrumb\",\"itemListElement\":[{\"@type\":\"ListItem\",\"position\":1,\"name\":\"Home\",\"item\":\"https:\\\/\\\/dlslawfirm.com\\\/es\\\/\"},{\"@type\":\"ListItem\",\"position\":2,\"name\":\"Abogados de Colorado especializados en lesiones personales\",\"item\":\"https:\\\/\\\/dlslawfirm.com\\\/es\\\/abogados-de-colorado-especializados-en-lesiones-personales\\\/\"},{\"@type\":\"ListItem\",\"position\":3,\"name\":\"Abogado de accidentes de coche en Denver\",\"item\":\"https:\\\/\\\/dlslawfirm.com\\\/es\\\/abogados-de-colorado-especializados-en-lesiones-personales\\\/abogado-de-accidentes-de-coche-en-denver\\\/\"},{\"@type\":\"ListItem\",\"position\":4,\"name\":\"Abogado de accidentes de Lyft en Denver\"}]},{\"@type\":\"WebSite\",\"@id\":\"https:\\\/\\\/dlslawfirm.com\\\/es\\\/#website\",\"url\":\"https:\\\/\\\/dlslawfirm.com\\\/es\\\/\",\"name\":\"Law Offices of Dianne Sawaya LLC- En Espanol\",\"description\":\"\",\"potentialAction\":[{\"@type\":\"SearchAction\",\"target\":{\"@type\":\"EntryPoint\",\"urlTemplate\":\"https:\\\/\\\/dlslawfirm.com\\\/es\\\/?s={search_term_string}\"},\"query-input\":{\"@type\":\"PropertyValueSpecification\",\"valueRequired\":true,\"valueName\":\"search_term_string\"}}],\"inLanguage\":\"es\"}]}<\/script>\n<!-- \/ Yoast SEO plugin. -->","yoast_head_json":{"title":"Abogado de accidentes de Lyft en Denver | Despacho Jur\u00eddico de Dianne Sawaya","description":"Nuestros Abogados de Accidentes de Lyft en Denver est\u00e1n dispuestos a escucharte y ayudarte en tu momento de necesidad. Ponte en contacto con nuestro bufete para obtener m\u00e1s informaci\u00f3n hoy mismo.","robots":{"index":"index","follow":"follow","max-snippet":"max-snippet:-1","max-image-preview":"max-image-preview:large","max-video-preview":"max-video-preview:-1"},"canonical":"https:\/\/dlslawfirm.com\/es\/abogados-de-colorado-especializados-en-lesiones-personales\/abogado-de-accidentes-de-coche-en-denver\/abogado-de-accidentes-de-lyft-en-denver\/","og_locale":"es_MX","og_type":"article","og_title":"Abogado de accidentes de Lyft en Denver | Despacho Jur\u00eddico de Dianne Sawaya","og_description":"Nuestros Abogados de Accidentes de Lyft en Denver est\u00e1n dispuestos a escucharte y ayudarte en tu momento de necesidad. Ponte en contacto con nuestro bufete para obtener m\u00e1s informaci\u00f3n hoy mismo.","og_url":"https:\/\/dlslawfirm.com\/es\/abogados-de-colorado-especializados-en-lesiones-personales\/abogado-de-accidentes-de-coche-en-denver\/abogado-de-accidentes-de-lyft-en-denver\/","og_site_name":"Law Offices of Dianne Sawaya LLC- En Espanol","og_image":[{"width":1280,"height":462,"url":"https:\/\/dlslawfirm.com\/es\/wp-content\/uploads\/sites\/2\/2022\/03\/image-from-rawpixel-id-3279974-jpeg-2.png","type":"image\/png"}],"twitter_card":"summary_large_image","twitter_misc":{"Est. reading time":"8 minutos"},"schema":{"@context":"https:\/\/schema.org","@graph":[{"@type":"WebPage","@id":"https:\/\/dlslawfirm.com\/es\/abogados-de-colorado-especializados-en-lesiones-personales\/abogado-de-accidentes-de-coche-en-denver\/abogado-de-accidentes-de-lyft-en-denver\/","url":"https:\/\/dlslawfirm.com\/es\/abogados-de-colorado-especializados-en-lesiones-personales\/abogado-de-accidentes-de-coche-en-denver\/abogado-de-accidentes-de-lyft-en-denver\/","name":"Abogado de accidentes de Lyft en Denver | Despacho Jur\u00eddico de Dianne Sawaya","isPartOf":{"@id":"https:\/\/dlslawfirm.com\/es\/#website"},"primaryImageOfPage":{"@id":"https:\/\/dlslawfirm.com\/es\/abogados-de-colorado-especializados-en-lesiones-personales\/abogado-de-accidentes-de-coche-en-denver\/abogado-de-accidentes-de-lyft-en-denver\/#primaryimage"},"image":{"@id":"https:\/\/dlslawfirm.com\/es\/abogados-de-colorado-especializados-en-lesiones-personales\/abogado-de-accidentes-de-coche-en-denver\/abogado-de-accidentes-de-lyft-en-denver\/#primaryimage"},"thumbnailUrl":"https:\/\/dlslawfirm.com\/es\/wp-content\/uploads\/sites\/2\/2022\/03\/image-from-rawpixel-id-3279974-jpeg-2.png","datePublished":"2022-09-19T17:31:03+00:00","description":"Nuestros Abogados de Accidentes de Lyft en Denver est\u00e1n dispuestos a escucharte y ayudarte en tu momento de necesidad. Ponte en contacto con nuestro bufete para obtener m\u00e1s informaci\u00f3n hoy mismo.","breadcrumb":{"@id":"https:\/\/dlslawfirm.com\/es\/abogados-de-colorado-especializados-en-lesiones-personales\/abogado-de-accidentes-de-coche-en-denver\/abogado-de-accidentes-de-lyft-en-denver\/#breadcrumb"},"inLanguage":"es","potentialAction":[{"@type":"ReadAction","target":["https:\/\/dlslawfirm.com\/es\/abogados-de-colorado-especializados-en-lesiones-personales\/abogado-de-accidentes-de-coche-en-denver\/abogado-de-accidentes-de-lyft-en-denver\/"]}]},{"@type":"ImageObject","inLanguage":"es","@id":"https:\/\/dlslawfirm.com\/es\/abogados-de-colorado-especializados-en-lesiones-personales\/abogado-de-accidentes-de-coche-en-denver\/abogado-de-accidentes-de-lyft-en-denver\/#primaryimage","url":"https:\/\/dlslawfirm.com\/es\/wp-content\/uploads\/sites\/2\/2022\/03\/image-from-rawpixel-id-3279974-jpeg-2.png","contentUrl":"https:\/\/dlslawfirm.com\/es\/wp-content\/uploads\/sites\/2\/2022\/03\/image-from-rawpixel-id-3279974-jpeg-2.png","width":1280,"height":462},{"@type":"BreadcrumbList","@id":"https:\/\/dlslawfirm.com\/es\/abogados-de-colorado-especializados-en-lesiones-personales\/abogado-de-accidentes-de-coche-en-denver\/abogado-de-accidentes-de-lyft-en-denver\/#breadcrumb","itemListElement":[{"@type":"ListItem","position":1,"name":"Home","item":"https:\/\/dlslawfirm.com\/es\/"},{"@type":"ListItem","position":2,"name":"Abogados de Colorado especializados en lesiones personales","item":"https:\/\/dlslawfirm.com\/es\/abogados-de-colorado-especializados-en-lesiones-personales\/"},{"@type":"ListItem","position":3,"name":"Abogado de accidentes de coche en Denver","item":"https:\/\/dlslawfirm.com\/es\/abogados-de-colorado-especializados-en-lesiones-personales\/abogado-de-accidentes-de-coche-en-denver\/"},{"@type":"ListItem","position":4,"name":"Abogado de accidentes de Lyft en Denver"}]},{"@type":"WebSite","@id":"https:\/\/dlslawfirm.com\/es\/#website","url":"https:\/\/dlslawfirm.com\/es\/","name":"Law Offices of Dianne Sawaya LLC- En Espanol","description":"","potentialAction":[{"@type":"SearchAction","target":{"@type":"EntryPoint","urlTemplate":"https:\/\/dlslawfirm.com\/es\/?s={search_term_string}"},"query-input":{"@type":"PropertyValueSpecification","valueRequired":true,"valueName":"search_term_string"}}],"inLanguage":"es"}]}},"_links":{"self":[{"href":"https:\/\/dlslawfirm.com\/es\/wp-json\/wp\/v2\/pages\/6846","targetHints":{"allow":["GET"]}}],"collection":[{"href":"https:\/\/dlslawfirm.com\/es\/wp-json\/wp\/v2\/pages"}],"about":[{"href":"https:\/\/dlslawfirm.com\/es\/wp-json\/wp\/v2\/types\/page"}],"author":[{"embeddable":true,"href":"https:\/\/dlslawfirm.com\/es\/wp-json\/wp\/v2\/users\/2"}],"replies":[{"embeddable":true,"href":"https:\/\/dlslawfirm.com\/es\/wp-json\/wp\/v2\/comments?post=6846"}],"version-history":[{"count":0,"href":"https:\/\/dlslawfirm.com\/es\/wp-json\/wp\/v2\/pages\/6846\/revisions"}],"up":[{"embeddable":true,"href":"https:\/\/dlslawfirm.com\/es\/wp-json\/wp\/v2\/pages\/7038"}],"wp:featuredmedia":[{"embeddable":true,"href":"https:\/\/dlslawfirm.com\/es\/wp-json\/wp\/v2\/media\/157"}],"wp:attachment":[{"href":"https:\/\/dlslawfirm.com\/es\/wp-json\/wp\/v2\/media?parent=6846"}],"wp:term":[{"taxonomy":"post_tag","embeddable":true,"href":"https:\/\/dlslawfirm.com\/es\/wp-json\/wp\/v2\/tags?post=6846"}],"curies":[{"name":"wp","href":"https:\/\/api.w.org\/{rel}","templated":true}]}}