{"id":6841,"date":"2022-08-09T12:52:03","date_gmt":"2022-08-09T12:52:03","guid":{"rendered":"https:\/\/dlslawfirm.com\/abogado-de-accidentes-de-trafico-en-erie\/"},"modified":"2022-08-09T12:52:03","modified_gmt":"2022-08-09T12:52:03","slug":"abogado-de-accidentes-de-trafico-en-erie","status":"publish","type":"page","link":"https:\/\/dlslawfirm.com\/es\/abogado-de-accidentes-de-trafico-en-erie\/","title":{"rendered":"Abogado de accidentes de tr\u00e1fico en Erie"},"content":{"rendered":"<h2>\u00bfQu\u00e9 debo hacer tras un accidente de tr\u00e1fico en Erie, Colorado?<\/h2>\n<p>Si te has visto implicado en un accidente de tr\u00e1fico, puedes estar gravemente herido, quiz\u00e1 incapacitado para trabajar e inseguro de lo que tienes que hacer para proteger tu futuro. Aunque es normal sentirse abrumado, frustrado o incluso enfadado, es importante que hables con un abogado especializado en accidentes de coche en Erie lo antes posible. Cuando tienes de tu lado a un firme defensor legal del Bufete de Dianne Sawaya, el seguro del conductor culpable te respetar\u00e1 m\u00e1s autom\u00e1ticamente. Se te permitir\u00e1 curarte de tus lesiones, mientras tu abogado lucha por una indemnizaci\u00f3n completa y justa.<\/p>\n<p>Nunca se insistir\u00e1 lo suficiente en lo importante que es contar con un abogado de accidentes de tr\u00e1fico en Erie que trabaje en tu nombre tras el accidente. Las compa\u00f1\u00edas de seguros suelen resistirse a pagar lo que vale un siniestro para aumentar sus resultados financieros. De hecho, la mayor\u00eda de las compa\u00f1\u00edas de seguros son expertas en denegar, retrasar y subestimar las reclamaciones. Por desgracia, muchas personas heridas en un accidente de coche est\u00e1n tan desesperadas que aceptan la primera oferta que les hace la compa\u00f1\u00eda de seguros. Puede que no se den cuenta de que la oferta es lamentablemente peque\u00f1a y no cubrir\u00e1 sus lesiones y da\u00f1os, o puede que simplemente no sepan que la cantidad puede negociarse.<\/p>\n<p>Los accidentes de coche son, por desgracia, un hecho de la vida. Aun as\u00ed, no tienes por qu\u00e9 sufrir innecesariamente. Abandonar la carga de intentar convencer a la compa\u00f1\u00eda de seguros de que pague lo que vale tu siniestro puede ser un gran alivio. As\u00ed podr\u00e1s concentrarte en ti, en tu familia y en recuperar la normalidad.<\/p>\n[cta_interior title=&#8221;CTA Interior&#8221;]\n<h2>\u00bfC\u00f3mo puede ayudar un abogado de accidentes de tr\u00e1fico en Erie del bufete de Dianne Sawaya?<\/h2>\n<p>Elegir un abogado de accidentes de tr\u00e1fico en Erie puede parecer una tarea abrumadora en un momento en que ya te sientes al l\u00edmite de tus fuerzas. Necesitas un bufete de abogados muy respetado tanto por los clientes como por otros abogados. El bufete de Dianne Sawaya es ese bufete.<\/p>\n<p><a href=\"https:\/\/dlslawfirm.com\/attorneys\/dianne-sawaya\/\">La abogada Dianne Sawaya<\/a> lleva m\u00e1s de dos d\u00e9cadas ayudando a particulares de Denver y sus alrededores. Dianne nunca duda en enfrentarse a una gran compa\u00f1\u00eda de seguros y luchar por el dinero que necesitas y mereces. Todo el equipo jur\u00eddico de Dianne cree firmemente en una pr\u00e1ctica centrada en el cliente, poniendo siempre al cliente en primer lugar. Despacho Jur\u00eddico de Dianne Sawaya:<\/p>\n<ul>\n<li>Tener m\u00e1s de <a href=\"https:\/\/dlslawfirm.com\/results\/personal-injury-client-testimonials\/\">200 opiniones positivas en Google<\/a><\/li>\n<li>Poner sobre la mesa un equipo jur\u00eddico inteligente, agresivo y compasivo<\/li>\n<li>Maximiza tu liquidaci\u00f3n<\/li>\n<li>Ofrecemos consultas 100% gratuitas<\/li>\n<li>Te ayudar\u00e1 a obtener los tratamientos m\u00e9dicos que necesites<\/li>\n<li>No cobran honorarios a menos que consigan una recuperaci\u00f3n<\/li>\n<\/ul>\n<p>Ll\u00e1manos hoy para una consulta <strong>gratuita<\/strong> y sin compromiso. Te escucharemos y responderemos a todas tus preguntas de forma f\u00e1cil de entender. Te ayudaremos a determinar si tienes derecho a reclamar por accidente de coche y, en caso afirmativo, qu\u00e9 da\u00f1os y perjuicios puedes esperar de una reclamaci\u00f3n.<strong> <\/strong><\/p>\n<h2>Sobre Erie, Colorado<\/h2>\n<p>Erie es una ciudad estatutaria situada en los condados de Boulder y Weld, con una poblaci\u00f3n de unos 31.000 habitantes. Situada al oeste de la I-25, Erie est\u00e1 a unos 35 minutos del aeropuerto internacional de Denver y a unos 20 minutos de Boulder. Antes de la d\u00e9cada de 1870 y del desarrollo de los yacimientos de carb\u00f3n del norte. Los colonos de la zona de Erie eran agricultores o comerciantes. Las diligencias transportaron mercanc\u00edas, correo y pasajeros durante la d\u00e9cada de 1860. La Overland Stage viajaba de Denver a Laramie todos los d\u00edas, siguiendo aproximadamente la misma ruta que la actual autopista 287.<\/p>\n<p>Cuando el ferrocarril lleg\u00f3 a Erie en 1871, mejor\u00f3 el contacto entre pueblos y familias, y la ciudad de Erie se constituy\u00f3 en sociedad en 1874. La mina Briggs se estableci\u00f3 como la primera mina de carb\u00f3n comercial de la zona de Erie. La miner\u00eda del carb\u00f3n fue la industria m\u00e1s importante de Colorado durante el siglo XIX y principios del XX, a medida que la industria del carb\u00f3n de todo el estado se hac\u00eda cada vez m\u00e1s fuerte. De este modo, Erie se convirti\u00f3 en la ciudad carbonera m\u00e1s importante del estado.<\/p>\n<p>Hoy, los residentes disfrutan de la belleza de Erie, junto con su ambiente de pueblo peque\u00f1o. El Santuario de Animales Luvin Arms, junto con la F\u00e1brica de Cerveza Industrial Revolution, son populares entre residentes y turistas. Las Granjas Anderson son un lugar de entretenimiento agr\u00edcola que ofrece mucha diversi\u00f3n familiar. Esto incluye paseos en carro de heno hasta el huerto de calabazas, un laberinto de ma\u00edz, carros de pedales, extracci\u00f3n de gemas y, para los m\u00e1s aventureros, Terror en el Ma\u00edz, un paseo en carro de heno embrujado y una ciudad fantasma. Como ocurre en cualquier pueblo o ciudad, a los habitantes de Erie les ocurren accidentes de coche, y entonces necesitan la ayuda de un abogado experto en accidentes de coche en Erie.<\/p>\n<h2>\u00bfQu\u00e9 lesiones son frecuentes tras un accidente de tr\u00e1fico?<\/h2>\n<p>Aunque las lesiones que sufras en tu accidente de coche ser\u00e1n \u00fanicas para ti y para tu accidente, hay determinadas lesiones que se producen con m\u00e1s frecuencia en los accidentes de coche. Entre ellas est\u00e1n:<\/p>\n<ul>\n<li>Las <strong>lesiones de tejidos blandos<\/strong> son de las m\u00e1s frecuentes en los accidentes de tr\u00e1fico. Las lesiones de los tejidos blandos incluyen <strong>el latigazo cervical<\/strong>, ya que el impacto del accidente hace que tu cuello se mueva de un modo que no estaba previsto, &#8220;saltando&#8221; hacia delante y luego hacia atr\u00e1s violentamente. Los m\u00fasculos y ligamentos se estiran, desgarran y tensan durante un impacto de este tipo. El latigazo cervical es una lesi\u00f3n extremadamente dolorosa que puede causar dolor de cuello, dolor de espalda, dolores de cabeza y m\u00e1s s\u00edntomas durante semanas, incluso meses. Por desgracia, como una lesi\u00f3n de tejidos blandos como el latigazo cervical no aparece necesariamente en las pruebas de imagen, puede ser m\u00e1s dif\u00edcil de probar.<\/li>\n<li><strong>Magulladuras, contusiones, cortes y rasgu\u00f1os<\/strong> son lesiones frecuentes en los accidentes de tr\u00e1fico. Aunque requieren atenci\u00f3n m\u00e9dica, estas lesiones rara vez son graves y suelen curarse en un par de semanas.<\/li>\n<li>Al igual que el latigazo cervical, las <strong>lesiones de cuello y<\/strong> espalda son frecuentes tras un accidente de coche. Pueden producirse <strong>hernias o roturas discales<\/strong>, lesiones graves y dolorosas que pueden limitar tu movilidad. En algunos casos, las lesiones de espalda son m\u00e1s graves, incluidas <strong>lesiones med<\/strong> ulares que pueden provocar paraplejia o tetraplejia.<\/li>\n<li>Los <strong>traumatismos craneoencef\u00e1licos<\/strong>, incluidas las <strong>conmociones cerebrales<\/strong> y los <strong>traumatismos craneoencef\u00e1licos<\/strong> m\u00e1s graves, pueden producirse cuando la cabeza golpea un objeto duro durante la colisi\u00f3n, o cuando la cabeza es perforada por un objeto punzante durante la colisi\u00f3n. Aunque las conmociones cerebrales leves suelen resolverse por s\u00ed solas, las conmociones cerebrales y lesiones cerebrales traum\u00e1ticas m\u00e1s graves pueden causar problemas de salud y discapacidades duraderas e incluso permanentes.<\/li>\n<li>A menudo se producen <strong>fracturas \u00f3seas y lesiones<\/strong> internas tras un accidente de tr\u00e1fico grave. Es importante que te examine un profesional m\u00e9dico, porque puedes no ser consciente de que tienes lesiones internas y hemorragias internas. Aunque los huesos rotos suelen curarse, pueden causar dificultades en el trabajo y la movilidad.<\/li>\n<li>Los <strong>problemas mentales y emocionales, incluido el TEPT,<\/strong> tambi\u00e9n pueden ser consecuencia de accidentes de tr\u00e1fico. Tras un accidente de coche traum\u00e1tico, los implicados pueden tener miedo de conducir o incluso de salir de casa. Pueden tener ansiedad, problemas para dormir o pesadillas.<\/li>\n<\/ul>\n<h2>\u00bfY si tuve parte de culpa en el accidente de tr\u00e1fico?<\/h2>\n<p>En el estado de Colorado, aunque hayas tenido parte de culpa en un accidente de tr\u00e1fico (pero menos del 49% de culpa), puedes presentar una demanda por da\u00f1os y perjuicios contra el otro conductor. Es lo que se conoce como culpa comparativa modificada. Sup\u00f3n que conduces por encima del l\u00edmite de velocidad y otro conductor se salta un sem\u00e1foro en rojo y te atropella. El otro conductor tendr\u00eda la mayor parte de la culpa, pero a ti tambi\u00e9n se te podr\u00eda asignar parte de la culpa.<\/p>\n<p>El porcentaje de culpa que se te asigne reduce tu indemnizaci\u00f3n en esa cantidad. Es importante que lo hables con tu abogado antes de tomar ninguna decisi\u00f3n. Puede resultar que no tengas ninguna culpa y que tengas derecho a la indemnizaci\u00f3n \u00edntegra.<strong> <\/strong><\/p>\n<h2>\u00bfCu\u00e1nto durar\u00e1 mi reclamaci\u00f3n por accidente de tr\u00e1fico y cu\u00e1nto tardar\u00e9 en recibir el cheque?<\/h2>\n<p>Una vez que haya concluido tu tratamiento, tu abogado de accidentes de tr\u00e1fico de Commerce City haya negociado un acuerdo justo y completo en tu nombre y t\u00fa lo hayas firmado, el bufete de Dianne Sawaya har\u00e1 todo lo posible por hacerte llegar el cheque del acuerdo lo antes posible. Estas negociaciones de ida y vuelta suelen durar unos meses hasta que se llega a un acuerdo. Si la compa\u00f1\u00eda de seguros simplemente no acepta un acuerdo justo, tu abogado puede presentar una demanda contra la compa\u00f1\u00eda. Como los juzgados est\u00e1n tan saturados, puede pasar un a\u00f1o o m\u00e1s hasta que te den cita.<\/p>\n<p>A menudo, sin embargo, una vez presentada la demanda, la compa\u00f1\u00eda de seguros est\u00e1 m\u00e1s dispuesta a llegar a un acuerdo porque reconoce que un pleito le costar\u00e1 m\u00e1s. En algunos casos, la compa\u00f1\u00eda de seguros puede incluso llegar a un juicio, s\u00f3lo para llegar a un acuerdo antes del veredicto si cree que el jurado te conceder\u00e1 a\u00fan m\u00e1s. Una vez alcanzado un acuerdo, el bufete de Dianne Sawaya se esforzar\u00e1 al m\u00e1ximo por hacerte llegar el cheque del acuerdo lo antes posible.<strong> <\/strong><\/p>\n<h2>C\u00f3mo puede ayudar un abogado de accidentes de tr\u00e1fico en Erie del bufete de Dianne Sawaya<\/h2>\n<p>Un accidente de coche puede alterar tu vida de muchas formas distintas, a veces para siempre. Sin que sea culpa tuya, de repente te enfrentas a lesiones, p\u00e9rdida de salario, da\u00f1os materiales y dolor y sufrimiento. La compa\u00f1\u00eda de seguros puede estar dando largas, ofreci\u00e9ndote un acuerdo a la baja o deneg\u00e1ndote la reclamaci\u00f3n. La abogada Dianne Sawaya puede ser un recurso inestimable en estos momentos dif\u00edciles. Dianne y su equipo jur\u00eddico trabajar\u00e1n con la compa\u00f1\u00eda de seguros, oblig\u00e1ndoles a cumplir su obligaci\u00f3n de pagar por tus lesiones y otros da\u00f1os. Dianne es a la vez una h\u00e1bil negociadora y una dura litigante que nunca duda en enfrentarse a una gran compa\u00f1\u00eda de seguros, haciendo que te paguen la indemnizaci\u00f3n que mereces. Cuando necesites experiencia en la que puedas confiar, <a href=\"https:\/\/dlslawfirm.com\/contact-us\/\">ponte en contacto<\/a> con el Bufete de Dianne Sawaya.<\/p>\n","protected":false},"excerpt":{"rendered":"<p>\u00bfQu\u00e9 debo hacer tras un accidente de tr\u00e1fico en Erie, Colorado? Si te has visto implicado en un accidente de tr\u00e1fico, puedes estar gravemente herido, quiz\u00e1 incapacitado para trabajar e inseguro de lo que tienes que hacer para proteger tu futuro. Aunque es normal sentirse abrumado, frustrado o incluso enfadado, es importante que hables con&#8230;<\/p>\n","protected":false},"author":2,"featured_media":7326,"parent":0,"menu_order":0,"comment_status":"closed","ping_status":"closed","template":"","meta":{"_acf_changed":false,"footnotes":""},"tags":[],"class_list":["post-6841","page","type-page","status-publish","has-post-thumbnail","hentry"],"acf":[],"yoast_head":"<!-- This site is optimized with the Yoast SEO plugin v27.3 - https:\/\/yoast.com\/product\/yoast-seo-wordpress\/ -->\n<title>Abogado de accidentes de tr\u00e1fico en Erie | Law Offices of Dianne Sawaya<\/title>\n<meta name=\"description\" content=\"Sufrir lesiones por negligencia ajena puede alterar toda tu vida. Ponte ahora en contacto gratis con nuestros abogados de accidentes de tr\u00e1fico en Erie, CO.\" \/>\n<meta name=\"robots\" content=\"index, follow, max-snippet:-1, max-image-preview:large, max-video-preview:-1\" \/>\n<link rel=\"canonical\" href=\"https:\/\/dlslawfirm.com\/es\/abogado-de-accidentes-de-trafico-en-erie\/\" \/>\n<meta property=\"og:locale\" content=\"es_MX\" \/>\n<meta property=\"og:type\" content=\"article\" \/>\n<meta property=\"og:title\" content=\"Abogado de accidentes de tr\u00e1fico en Erie | Law Offices of Dianne Sawaya\" \/>\n<meta property=\"og:description\" content=\"Sufrir lesiones por negligencia ajena puede alterar toda tu vida. Ponte ahora en contacto gratis con nuestros abogados de accidentes de tr\u00e1fico en Erie, CO.\" \/>\n<meta property=\"og:url\" content=\"https:\/\/dlslawfirm.com\/es\/abogado-de-accidentes-de-trafico-en-erie\/\" \/>\n<meta property=\"og:site_name\" content=\"Law Offices of Dianne Sawaya LLC- En Espanol\" \/>\n<meta property=\"og:image\" content=\"https:\/\/dlslawfirm.com\/es\/wp-content\/uploads\/sites\/2\/2018\/12\/the-stopper-2575843_1280.jpg\" \/>\n\t<meta property=\"og:image:width\" content=\"1280\" \/>\n\t<meta property=\"og:image:height\" content=\"847\" \/>\n\t<meta property=\"og:image:type\" content=\"image\/jpeg\" \/>\n<meta name=\"twitter:card\" content=\"summary_large_image\" \/>\n<meta name=\"twitter:label1\" content=\"Est. reading time\" \/>\n\t<meta name=\"twitter:data1\" content=\"9 minutos\" \/>\n<script type=\"application\/ld+json\" class=\"yoast-schema-graph\">{\"@context\":\"https:\\\/\\\/schema.org\",\"@graph\":[{\"@type\":\"WebPage\",\"@id\":\"https:\\\/\\\/dlslawfirm.com\\\/es\\\/abogado-de-accidentes-de-trafico-en-erie\\\/\",\"url\":\"https:\\\/\\\/dlslawfirm.com\\\/es\\\/abogado-de-accidentes-de-trafico-en-erie\\\/\",\"name\":\"Abogado de accidentes de tr\u00e1fico en Erie | Law Offices of Dianne Sawaya\",\"isPartOf\":{\"@id\":\"https:\\\/\\\/dlslawfirm.com\\\/es\\\/#website\"},\"primaryImageOfPage\":{\"@id\":\"https:\\\/\\\/dlslawfirm.com\\\/es\\\/abogado-de-accidentes-de-trafico-en-erie\\\/#primaryimage\"},\"image\":{\"@id\":\"https:\\\/\\\/dlslawfirm.com\\\/es\\\/abogado-de-accidentes-de-trafico-en-erie\\\/#primaryimage\"},\"thumbnailUrl\":\"https:\\\/\\\/dlslawfirm.com\\\/es\\\/wp-content\\\/uploads\\\/sites\\\/2\\\/2018\\\/12\\\/the-stopper-2575843_1280.jpg\",\"datePublished\":\"2022-08-09T12:52:03+00:00\",\"description\":\"Sufrir lesiones por negligencia ajena puede alterar toda tu vida. Ponte ahora en contacto gratis con nuestros abogados de accidentes de tr\u00e1fico en Erie, CO.\",\"breadcrumb\":{\"@id\":\"https:\\\/\\\/dlslawfirm.com\\\/es\\\/abogado-de-accidentes-de-trafico-en-erie\\\/#breadcrumb\"},\"inLanguage\":\"es\",\"potentialAction\":[{\"@type\":\"ReadAction\",\"target\":[\"https:\\\/\\\/dlslawfirm.com\\\/es\\\/abogado-de-accidentes-de-trafico-en-erie\\\/\"]}]},{\"@type\":\"ImageObject\",\"inLanguage\":\"es\",\"@id\":\"https:\\\/\\\/dlslawfirm.com\\\/es\\\/abogado-de-accidentes-de-trafico-en-erie\\\/#primaryimage\",\"url\":\"https:\\\/\\\/dlslawfirm.com\\\/es\\\/wp-content\\\/uploads\\\/sites\\\/2\\\/2018\\\/12\\\/the-stopper-2575843_1280.jpg\",\"contentUrl\":\"https:\\\/\\\/dlslawfirm.com\\\/es\\\/wp-content\\\/uploads\\\/sites\\\/2\\\/2018\\\/12\\\/the-stopper-2575843_1280.jpg\",\"width\":1280,\"height\":847,\"caption\":\"Red Light & Traffic\"},{\"@type\":\"BreadcrumbList\",\"@id\":\"https:\\\/\\\/dlslawfirm.com\\\/es\\\/abogado-de-accidentes-de-trafico-en-erie\\\/#breadcrumb\",\"itemListElement\":[{\"@type\":\"ListItem\",\"position\":1,\"name\":\"Home\",\"item\":\"https:\\\/\\\/dlslawfirm.com\\\/es\\\/\"},{\"@type\":\"ListItem\",\"position\":2,\"name\":\"Abogado de accidentes de tr\u00e1fico en Erie\"}]},{\"@type\":\"WebSite\",\"@id\":\"https:\\\/\\\/dlslawfirm.com\\\/es\\\/#website\",\"url\":\"https:\\\/\\\/dlslawfirm.com\\\/es\\\/\",\"name\":\"Law Offices of Dianne Sawaya LLC- En Espanol\",\"description\":\"\",\"potentialAction\":[{\"@type\":\"SearchAction\",\"target\":{\"@type\":\"EntryPoint\",\"urlTemplate\":\"https:\\\/\\\/dlslawfirm.com\\\/es\\\/?s={search_term_string}\"},\"query-input\":{\"@type\":\"PropertyValueSpecification\",\"valueRequired\":true,\"valueName\":\"search_term_string\"}}],\"inLanguage\":\"es\"}]}<\/script>\n<!-- \/ Yoast SEO plugin. -->","yoast_head_json":{"title":"Abogado de accidentes de tr\u00e1fico en Erie | Law Offices of Dianne Sawaya","description":"Sufrir lesiones por negligencia ajena puede alterar toda tu vida. Ponte ahora en contacto gratis con nuestros abogados de accidentes de tr\u00e1fico en Erie, CO.","robots":{"index":"index","follow":"follow","max-snippet":"max-snippet:-1","max-image-preview":"max-image-preview:large","max-video-preview":"max-video-preview:-1"},"canonical":"https:\/\/dlslawfirm.com\/es\/abogado-de-accidentes-de-trafico-en-erie\/","og_locale":"es_MX","og_type":"article","og_title":"Abogado de accidentes de tr\u00e1fico en Erie | Law Offices of Dianne Sawaya","og_description":"Sufrir lesiones por negligencia ajena puede alterar toda tu vida. Ponte ahora en contacto gratis con nuestros abogados de accidentes de tr\u00e1fico en Erie, CO.","og_url":"https:\/\/dlslawfirm.com\/es\/abogado-de-accidentes-de-trafico-en-erie\/","og_site_name":"Law Offices of Dianne Sawaya LLC- En Espanol","og_image":[{"width":1280,"height":847,"url":"https:\/\/dlslawfirm.com\/es\/wp-content\/uploads\/sites\/2\/2018\/12\/the-stopper-2575843_1280.jpg","type":"image\/jpeg"}],"twitter_card":"summary_large_image","twitter_misc":{"Est. reading time":"9 minutos"},"schema":{"@context":"https:\/\/schema.org","@graph":[{"@type":"WebPage","@id":"https:\/\/dlslawfirm.com\/es\/abogado-de-accidentes-de-trafico-en-erie\/","url":"https:\/\/dlslawfirm.com\/es\/abogado-de-accidentes-de-trafico-en-erie\/","name":"Abogado de accidentes de tr\u00e1fico en Erie | Law Offices of Dianne Sawaya","isPartOf":{"@id":"https:\/\/dlslawfirm.com\/es\/#website"},"primaryImageOfPage":{"@id":"https:\/\/dlslawfirm.com\/es\/abogado-de-accidentes-de-trafico-en-erie\/#primaryimage"},"image":{"@id":"https:\/\/dlslawfirm.com\/es\/abogado-de-accidentes-de-trafico-en-erie\/#primaryimage"},"thumbnailUrl":"https:\/\/dlslawfirm.com\/es\/wp-content\/uploads\/sites\/2\/2018\/12\/the-stopper-2575843_1280.jpg","datePublished":"2022-08-09T12:52:03+00:00","description":"Sufrir lesiones por negligencia ajena puede alterar toda tu vida. Ponte ahora en contacto gratis con nuestros abogados de accidentes de tr\u00e1fico en Erie, CO.","breadcrumb":{"@id":"https:\/\/dlslawfirm.com\/es\/abogado-de-accidentes-de-trafico-en-erie\/#breadcrumb"},"inLanguage":"es","potentialAction":[{"@type":"ReadAction","target":["https:\/\/dlslawfirm.com\/es\/abogado-de-accidentes-de-trafico-en-erie\/"]}]},{"@type":"ImageObject","inLanguage":"es","@id":"https:\/\/dlslawfirm.com\/es\/abogado-de-accidentes-de-trafico-en-erie\/#primaryimage","url":"https:\/\/dlslawfirm.com\/es\/wp-content\/uploads\/sites\/2\/2018\/12\/the-stopper-2575843_1280.jpg","contentUrl":"https:\/\/dlslawfirm.com\/es\/wp-content\/uploads\/sites\/2\/2018\/12\/the-stopper-2575843_1280.jpg","width":1280,"height":847,"caption":"Red Light & Traffic"},{"@type":"BreadcrumbList","@id":"https:\/\/dlslawfirm.com\/es\/abogado-de-accidentes-de-trafico-en-erie\/#breadcrumb","itemListElement":[{"@type":"ListItem","position":1,"name":"Home","item":"https:\/\/dlslawfirm.com\/es\/"},{"@type":"ListItem","position":2,"name":"Abogado de accidentes de tr\u00e1fico en Erie"}]},{"@type":"WebSite","@id":"https:\/\/dlslawfirm.com\/es\/#website","url":"https:\/\/dlslawfirm.com\/es\/","name":"Law Offices of Dianne Sawaya LLC- En Espanol","description":"","potentialAction":[{"@type":"SearchAction","target":{"@type":"EntryPoint","urlTemplate":"https:\/\/dlslawfirm.com\/es\/?s={search_term_string}"},"query-input":{"@type":"PropertyValueSpecification","valueRequired":true,"valueName":"search_term_string"}}],"inLanguage":"es"}]}},"_links":{"self":[{"href":"https:\/\/dlslawfirm.com\/es\/wp-json\/wp\/v2\/pages\/6841","targetHints":{"allow":["GET"]}}],"collection":[{"href":"https:\/\/dlslawfirm.com\/es\/wp-json\/wp\/v2\/pages"}],"about":[{"href":"https:\/\/dlslawfirm.com\/es\/wp-json\/wp\/v2\/types\/page"}],"author":[{"embeddable":true,"href":"https:\/\/dlslawfirm.com\/es\/wp-json\/wp\/v2\/users\/2"}],"replies":[{"embeddable":true,"href":"https:\/\/dlslawfirm.com\/es\/wp-json\/wp\/v2\/comments?post=6841"}],"version-history":[{"count":0,"href":"https:\/\/dlslawfirm.com\/es\/wp-json\/wp\/v2\/pages\/6841\/revisions"}],"wp:featuredmedia":[{"embeddable":true,"href":"https:\/\/dlslawfirm.com\/es\/wp-json\/wp\/v2\/media\/7326"}],"wp:attachment":[{"href":"https:\/\/dlslawfirm.com\/es\/wp-json\/wp\/v2\/media?parent=6841"}],"wp:term":[{"taxonomy":"post_tag","embeddable":true,"href":"https:\/\/dlslawfirm.com\/es\/wp-json\/wp\/v2\/tags?post=6841"}],"curies":[{"name":"wp","href":"https:\/\/api.w.org\/{rel}","templated":true}]}}