{"id":6838,"date":"2022-03-14T07:32:25","date_gmt":"2022-03-14T07:32:25","guid":{"rendered":"https:\/\/dlslawfirm.com\/greeley-abogado-de-accidente-de-coche\/"},"modified":"2022-03-14T07:32:25","modified_gmt":"2022-03-14T07:32:25","slug":"greeley-abogado-de-accidente-de-coche","status":"publish","type":"page","link":"https:\/\/dlslawfirm.com\/es\/abogado-de-lesiones-personales-en-greeley\/greeley-abogado-de-accidente-de-coche\/","title":{"rendered":"Greeley Abogado de Accidente de Coche"},"content":{"rendered":"<h2>Abogado de Accidente de Coche en Greeley, CO<\/h2>\n<p>Si te has visto implicado recientemente en un accidente de tr\u00e1fico que no ha sido culpa tuya. Es posible que tengas lesiones por el accidente, incluso lesiones graves que te hayan dejado incapacitado para trabajar. Podr\u00edas encontrarte inseguro sobre d\u00f3nde acudir o qu\u00e9 hacer. Tus lesiones podr\u00edan requerir tratamientos m\u00e9dicos continuados y tal vez te preguntes c\u00f3mo pagar\u00e1s esos tratamientos o terapias de rehabilitaci\u00f3n. Si no puedes trabajar, puede que veas c\u00f3mo tus facturas mensuales habituales quedan impagadas. Podr\u00edas beneficiarte significativamente de hablar con un abogado de Greeley especializado en accidentes de tr\u00e1fico del Bufete de Dianne Sawaya.<\/p>\n<p>Seg\u00fan el <a href=\"https:\/\/www.codot.gov\/safety\/safetydata\/colorado-problem-identification-id-reports\/2019-problem-id-report#:~:text=As%20a%20result%2C%20the%20number,the%20number%20of%20fatal%20crashes.&amp;text=Colorado's%20motor%20vehicle%20fatality%20rate,per%20100%2C000%20Colorado%20residents%20died.\" target=\"_blank\" rel=\"noopener\">Departamento de Transportes de Colorado<\/a>, en 2017 se produjeron 118.842 accidentes de tr\u00e1fico en el estado de Colorado. De esos accidentes, hubo casi 3.000 lesiones graves, es decir, lesiones que requieren baja laboral y tienen s\u00edntomas y consecuencias a largo plazo. En todo el pa\u00eds se producen unos <a href=\"https:\/\/www.driverknowledge.com\/car-accident-statistics\/\" target=\"_blank\" rel=\"noopener\">seis millones de<\/a> accidentes de tr\u00e1fico al a\u00f1o. Cuando acabas lesionado, posiblemente incapacitado para trabajar, tras un accidente de tr\u00e1fico que no ha sido culpa tuya, es normal sentirse ansioso, estresado, frustrado, incluso enfadado.<\/p>\n[cta_interior title=&#8221;CTA Interior&#8221;]\n<p>Cuando tu futuro parece sombr\u00edo, la abogada de Greeley especializada en accidentes de tr\u00e1fico <a href=\"https:\/\/dlslawfirm.com\/attorneys\/dianne-sawaya-principal-personal-injury-attorney\/\">Dianne Sawaya<\/a> puede ayudarte. Dianne y su equipo legal trabajar\u00e1n sin descanso para que recibas la mejor indemnizaci\u00f3n posible de la compa\u00f1\u00eda de seguros de la parte culpable. Dianne Sawaya sabe lo profundamente que puede cambiar tu vida un accidente de coche, a veces durante un periodo relativamente breve y a veces para toda la vida. Dianne cree en tu derecho a una indemnizaci\u00f3n justa por tus lesiones f\u00edsicas y emocionales, as\u00ed como por otros da\u00f1os y perjuicios. Es una apuesta segura que la compa\u00f1\u00eda de seguros tiene poco inter\u00e9s en tus lesiones o en c\u00f3mo afectan a tu vida. Cuando tienes a tu lado a un abogado de Greeley experto en accidentes de tr\u00e1fico, es casi seguro que tu demanda por accidente de tr\u00e1fico tendr\u00e1 un resultado mucho m\u00e1s positivo.<\/p>\n<h2>\u00bfPor qu\u00e9 elegir a Dianne Sawaya, abogada de Greeley, CO, especializada en accidentes de tr\u00e1fico?<\/h2>\n<p>La abogada Dianne Sawaya entiende que tienes opciones cuando est\u00e1s dispuesto a contratar a un abogado experto en lesiones personales. Por ello, Dianne y todo su equipo jur\u00eddico trabajan incansablemente para que tu confianza en nuestro bufete est\u00e9 garantizada. Nuestro objetivo es asegurarnos de que la compa\u00f1\u00eda de seguros cumpla su obligaci\u00f3n de pagar por tus lesiones (actuales y futuras), tu tiempo de baja laboral (actual y futuro), tu dolor y sufrimiento, y cualquier otro da\u00f1o sufrido.<\/p>\n<p>Aunque siempre intentaremos negociar el mejor acuerdo posible, si la compa\u00f1\u00eda de seguros se niega a pagar lo que vale tu reclamaci\u00f3n, somos litigantes agresivos y expertos que no dudar\u00e1n en llevar tu caso a juicio. Creemos que debes acudir al Bufete de Dianne Sawaya por las siguientes razones:<\/p>\n<ul>\n<li>Hemos recibido m\u00e1s de 200 <a href=\"https:\/\/dlslawfirm.com\/testimonials\/\">rese\u00f1as<\/a> positivas en Google <a href=\"https:\/\/dlslawfirm.com\/testimonials\/\">de clientes satisfechos<\/a>;<\/li>\n<li>Siempre trabajaremos duro para maximizar la indemnizaci\u00f3n que necesitas y mereces;<\/li>\n<li>Nuestra consulta es siempre 100% gratuita;<\/li>\n<li>Si no recibes ninguna recuperaci\u00f3n, no nos pagas nada, y<\/li>\n<li>Nos aseguraremos de que recibas el tratamiento que necesitas y la indemnizaci\u00f3n que mereces.<\/li>\n<\/ul>\n<p>Dianne Sawaya siente compasi\u00f3n por tu situaci\u00f3n y tus lesiones. Trabajar\u00e1 para conseguir una indemnizaci\u00f3n por los salarios perdidos, los gastos m\u00e9dicos, el dolor y el sufrimiento, y cualquier otro da\u00f1o relacionado con tu accidente de coche.<\/p>\n<h2>\u00bfRealmente necesito un abogado de accidentes de coche en Greeley, CO?<\/h2>\n<p>Puede que te preguntes si necesitas un abogado de accidentes de coche tras tu colisi\u00f3n. Despu\u00e9s de todo, \u00bfno puedes negociar por tu cuenta con la compa\u00f1\u00eda de seguros del conductor culpable? Si negocias por tu cuenta, es muy poco probable que la compa\u00f1\u00eda de seguros te tome muy en serio. Es casi seguro que intentar\u00e1n &#8220;rebajarte&#8221; con una oferta de acuerdo que probablemente no cubra totalmente tus da\u00f1os.<\/p>\n<p>Adem\u00e1s, hay muchas cosas que intervienen en una <a href=\"https:\/\/dlslawfirm.com\/greeley-personal-injury-attorney\/\">demanda por lesiones<\/a> personales que el ciudadano medio simplemente desconoce. Existe un plazo de prescripci\u00f3n, es decir, el tiempo de que dispones para presentar una reclamaci\u00f3n. Pocas personas tienen la experiencia necesaria para determinar con exactitud el valor real de sus lesiones, salarios perdidos y dolor y sufrimiento; los abogados expertos en lesiones personales, como Dianne Sawaya, <em>s\u00ed la tienen<\/em>. Pocas personas est\u00e1n preparadas para garantizar la plena protecci\u00f3n de sus derechos a lo largo del proceso, y cuando se dan cuenta de un error, ya es demasiado tarde.<\/p>\n<p>Si tu caso llega a juicio, pr\u00e1cticamente ning\u00fan profano se sentir\u00eda c\u00f3modo -y tendr\u00eda los conocimientos jur\u00eddicos necesarios- para defender su caso ante un jurado y un juez. Por \u00faltimo, necesitas tiempo para curarte de tus lesiones sin tener el estr\u00e9s a\u00f1adido de tratar con una compa\u00f1\u00eda de seguros que evitar\u00e1 pagar una cantidad justa si es posible. Definitivamente debes contratar a un abogado de lesiones personales si alguna de las siguientes situaciones es cierta:<\/p>\n<ul>\n<li>Recibiste cualquier nivel de lesi\u00f3n como consecuencia del accidente de coche;<\/li>\n<li>Has necesitado tratamiento m\u00e9dico;<\/li>\n<li>Necesitar\u00e1s tratamiento m\u00e9dico continuado;<\/li>\n<li>Tu accidente te causar\u00e1 baja laboral;<\/li>\n<li>Hay discrepancias sobre qu\u00e9 conductor es culpable;<\/li>\n<li>El otro conductor no tiene seguro de autom\u00f3vil o tiene un seguro insuficiente;<\/li>\n<li>Tienes un trauma emocional o dolor y sufrimiento como consecuencia del accidente y de tus lesiones por el accidente, o;<\/li>\n<li>Hay v\u00edctimas mortales como consecuencia del accidente de tr\u00e1fico.<\/li>\n<\/ul>\n<p>La abogada Dianne Sawaya puede quitarte el estr\u00e9s de lidiar con las secuelas de un accidente de coche, dej\u00e1ndote tiempo para rehacer tu vida.<\/p>\n<h2>\u00bfCu\u00e1les son las leyes de Colorado sobre negligencia en accidentes de tr\u00e1fico?<\/h2>\n<p>Algunos estados se rigen por la negligencia comparativa, mientras que otros utilizan la negligencia contributiva a la hora de determinar los da\u00f1os y perjuicios de los implicados en un accidente de coche. En virtud de la negligencia comparativa, una v\u00edctima de accidente que haya tenido alg\u00fan papel en el accidente seguir\u00e1 cobrando por sus lesiones, aunque una cantidad reducida.<\/p>\n<p>En virtud de la negligencia contribuyente, una persona incluso ligeramente responsable del accidente no puede recuperar ninguna indemnizaci\u00f3n por da\u00f1os y perjuicios. Por ejemplo, supongamos que un conductor se salta un sem\u00e1foro en rojo y atropella al otro, que superaba el l\u00edmite de velocidad. En caso de negligencia concurrente, ninguno de los dos conductores podr\u00eda reclamar nada al otro.<\/p>\n<p>En cambio, en la negligencia comparativa se determina qu\u00e9 porcentaje de culpa tiene cada conductor. Utilizando el mismo ejemplo, al conductor anterior que se salt\u00f3 un sem\u00e1foro en rojo se le podr\u00eda asignar el 90% de la culpa del accidente, mientras que al otro conductor se le asignar\u00eda el 10%. Si el conductor menos responsable presenta una demanda por da\u00f1os y perjuicios y se le conceden 100.000 $, esa indemnizaci\u00f3n se reducir\u00eda un 10%, por lo que s\u00f3lo recibir\u00eda 90.000 $.<\/p>\n<p>El estado de Colorado se rige por leyes de negligencia comparativa modificada: los estados que siguen leyes de negligencia comparativa son de negligencia comparativa &#8220;pura&#8221; o de negligencia comparativa &#8220;modificada&#8221;. Seg\u00fan la negligencia comparativa &#8220;pura&#8221;, aunque un conductor tenga el 99% de la culpa del accidente, tiene derecho a recibir el 1% de indemnizaci\u00f3n por da\u00f1os y perjuicios.<\/p>\n<p>En virtud de la negligencia comparativa modificada, todo conductor cuya responsabilidad se determine en un 50% o m\u00e1s pierde el derecho a recibir una indemnizaci\u00f3n por sus lesiones. As\u00ed, si se determinara que uno de los conductores fue responsable del 49% del accidente de coche, seguir\u00eda teniendo derecho a casi la mitad de la indemnizaci\u00f3n concedida.<\/p>\n<h2>\u00bfCu\u00e1les son las causas principales de los accidentes de tr\u00e1fico?<\/h2>\n<p>Cada accidente de <a href=\"https:\/\/dlslawfirm.com\/9-common-causes-car-accidents-need-know\/\">coche<\/a> es \u00fanico de alguna manera, pero hay algunas <a href=\"https:\/\/dlslawfirm.com\/9-common-causes-car-accidents-need-know\/\">causas comunes de los accidentes de coche<\/a>, como las siguientes:<\/p>\n<ul>\n<li>Conducci\u00f3n distra\u00edda<\/li>\n<li>Conducir con fatiga excesiva<\/li>\n<li>Conducci\u00f3n bajo los efectos del alcohol<\/li>\n<li>Superar el l\u00edmite de velocidad<\/li>\n<li>Conducci\u00f3n temeraria<\/li>\n<li>Conducci\u00f3n temeraria<\/li>\n<li>Mal tiempo<\/li>\n<li>Peligros de la carretera<\/li>\n<li>Accidentes causados por piezas de autom\u00f3vil defectuosas<\/li>\n<\/ul>\n<p>&nbsp;<\/p>\n[cta_interior title=&#8221;CTA Interior&#8221;]\n<p>&nbsp;<\/p>\n<h2>\u00bfQu\u00e9 da\u00f1os y perjuicios podr\u00edas recibir tras tu accidente de tr\u00e1fico en Greeley?<\/h2>\n<p>Por supuesto, tus da\u00f1os depender\u00e1n de los hechos y circunstancias que rodearon tu accidente de coche en Greeley. En general, puedes disponer de las siguientes indemnizaciones por da\u00f1os y perjuicios:<\/p>\n<ul>\n<li>Reembolso de los gastos m\u00e9dicos hasta la fecha<\/li>\n<li>Pago de gastos m\u00e9dicos futuros estimados<\/li>\n<li>Reembolso de salarios perdidos<\/li>\n<li>Pago de futuros salarios perdidos<\/li>\n<li>Pago por dolor y sufrimiento<\/li>\n<li>Reembolso de los da\u00f1os causados a tu veh\u00edculo<\/li>\n<li>Da\u00f1os punitivos si el conductor culpable actu\u00f3 de forma maliciosa o deliberada<\/li>\n<\/ul>\n<h2>\u00bfC\u00f3mo puede ayudarte el bufete de Dianne Sawaya con tu reclamaci\u00f3n por accidente de coche en Greeley, CO?<\/h2>\n<p>El Bufete de Dianne Sawaya pone a tu disposici\u00f3n profesionales jur\u00eddicos con gran experiencia que tomar\u00e1n decisiones s\u00f3lidas en tu nombre para conseguir el mejor acuerdo posible. Podemos comunicarnos con tus proveedores m\u00e9dicos para asegurarnos de que recibes la mejor atenci\u00f3n posible y de que seguir\u00e1s recibi\u00e9ndola en el futuro. La abogada Dianne Sawaya tiene amplios conocimientos sobre los accidentes de coche en Greeley. Este conocimiento, unido a su experiencia, le permite explorar todas las opciones disponibles para ti y tu futuro.<\/p>\n<p>La abogada Dianne Sawaya quiere asegurarse de que t\u00fa y tu familia pod\u00e1is seguir adelante con vuestras vidas tras un accidente de tr\u00e1fico en Greeley. Entiende perfectamente que, a menos que recibas el tratamiento m\u00e9dico que necesitas y todos tus gastos relacionados con el accidente de coche est\u00e9n totalmente cubiertos, no podr\u00e1s volver a encarrilar tu vida de forma significativa. El equipo jur\u00eddico del Bufete de Dianne Sawaya se asegurar\u00e1 de que recibas el mismo cuidado y atenci\u00f3n que dar\u00edamos a nuestros propios seres queridos. <a href=\"https:\/\/dlslawfirm.com\/contact-us\/\">Ponte en contacto con<\/a> nuestras oficinas hoy mismo para una <strong>consulta gratuita<\/strong>.<\/p>\n","protected":false},"excerpt":{"rendered":"<p>Abogado de Accidente de Coche en Greeley, CO Si te has visto implicado recientemente en un accidente de tr\u00e1fico que no ha sido culpa tuya. Es posible que tengas lesiones por el accidente, incluso lesiones graves que te hayan dejado incapacitado para trabajar. Podr\u00edas encontrarte inseguro sobre d\u00f3nde acudir o qu\u00e9 hacer. Tus lesiones podr\u00edan&#8230;<\/p>\n","protected":false},"author":2,"featured_media":7308,"parent":6857,"menu_order":1,"comment_status":"closed","ping_status":"closed","template":"","meta":{"_acf_changed":false,"footnotes":""},"tags":[],"class_list":["post-6838","page","type-page","status-publish","has-post-thumbnail","hentry"],"acf":[],"yoast_head":"<!-- This site is optimized with the Yoast SEO plugin v27.3 - https:\/\/yoast.com\/product\/yoast-seo-wordpress\/ -->\n<title>Greeley Abogado de Accidente de Coche - Law Offices of Dianne Sawaya LLC- En Espanol<\/title>\n<meta name=\"description\" content=\"Nuestros abogados de accidentes de coche quieren asegurarse de que puedas seguir adelante con tu vida despu\u00e9s de un accidente de coche en Greeley, CO. Contacta 24 horas al d\u00eda, 7 d\u00edas a la semana.\" \/>\n<meta name=\"robots\" content=\"index, follow, max-snippet:-1, max-image-preview:large, max-video-preview:-1\" \/>\n<link rel=\"canonical\" href=\"https:\/\/dlslawfirm.com\/es\/abogado-de-lesiones-personales-en-greeley\/greeley-abogado-de-accidente-de-coche\/\" \/>\n<meta property=\"og:locale\" content=\"es_MX\" \/>\n<meta property=\"og:type\" content=\"article\" \/>\n<meta property=\"og:title\" content=\"Greeley Abogado de Accidente de Coche - Law Offices of Dianne Sawaya LLC- En Espanol\" \/>\n<meta property=\"og:description\" content=\"Nuestros abogados de accidentes de coche quieren asegurarse de que puedas seguir adelante con tu vida despu\u00e9s de un accidente de coche en Greeley, CO. Contacta 24 horas al d\u00eda, 7 d\u00edas a la semana.\" \/>\n<meta property=\"og:url\" content=\"https:\/\/dlslawfirm.com\/es\/abogado-de-lesiones-personales-en-greeley\/greeley-abogado-de-accidente-de-coche\/\" \/>\n<meta property=\"og:site_name\" content=\"Law Offices of Dianne Sawaya LLC- En Espanol\" \/>\n<meta property=\"og:image\" content=\"https:\/\/dlslawfirm.com\/es\/wp-content\/uploads\/sites\/2\/2018\/09\/road-2875845_1280.jpg\" \/>\n\t<meta property=\"og:image:width\" content=\"1280\" \/>\n\t<meta property=\"og:image:height\" content=\"960\" \/>\n\t<meta property=\"og:image:type\" content=\"image\/jpeg\" \/>\n<meta name=\"twitter:card\" content=\"summary_large_image\" \/>\n<meta name=\"twitter:label1\" content=\"Est. reading time\" \/>\n\t<meta name=\"twitter:data1\" content=\"9 minutos\" \/>\n<script type=\"application\/ld+json\" class=\"yoast-schema-graph\">{\"@context\":\"https:\\\/\\\/schema.org\",\"@graph\":[{\"@type\":\"WebPage\",\"@id\":\"https:\\\/\\\/dlslawfirm.com\\\/es\\\/abogado-de-lesiones-personales-en-greeley\\\/greeley-abogado-de-accidente-de-coche\\\/\",\"url\":\"https:\\\/\\\/dlslawfirm.com\\\/es\\\/abogado-de-lesiones-personales-en-greeley\\\/greeley-abogado-de-accidente-de-coche\\\/\",\"name\":\"Greeley Abogado de Accidente de Coche - Law Offices of Dianne Sawaya LLC- En Espanol\",\"isPartOf\":{\"@id\":\"https:\\\/\\\/dlslawfirm.com\\\/es\\\/#website\"},\"primaryImageOfPage\":{\"@id\":\"https:\\\/\\\/dlslawfirm.com\\\/es\\\/abogado-de-lesiones-personales-en-greeley\\\/greeley-abogado-de-accidente-de-coche\\\/#primaryimage\"},\"image\":{\"@id\":\"https:\\\/\\\/dlslawfirm.com\\\/es\\\/abogado-de-lesiones-personales-en-greeley\\\/greeley-abogado-de-accidente-de-coche\\\/#primaryimage\"},\"thumbnailUrl\":\"https:\\\/\\\/dlslawfirm.com\\\/es\\\/wp-content\\\/uploads\\\/sites\\\/2\\\/2018\\\/09\\\/road-2875845_1280.jpg\",\"datePublished\":\"2022-03-14T07:32:25+00:00\",\"description\":\"Nuestros abogados de accidentes de coche quieren asegurarse de que puedas seguir adelante con tu vida despu\u00e9s de un accidente de coche en Greeley, CO. Contacta 24 horas al d\u00eda, 7 d\u00edas a la semana.\",\"breadcrumb\":{\"@id\":\"https:\\\/\\\/dlslawfirm.com\\\/es\\\/abogado-de-lesiones-personales-en-greeley\\\/greeley-abogado-de-accidente-de-coche\\\/#breadcrumb\"},\"inLanguage\":\"es\",\"potentialAction\":[{\"@type\":\"ReadAction\",\"target\":[\"https:\\\/\\\/dlslawfirm.com\\\/es\\\/abogado-de-lesiones-personales-en-greeley\\\/greeley-abogado-de-accidente-de-coche\\\/\"]}]},{\"@type\":\"ImageObject\",\"inLanguage\":\"es\",\"@id\":\"https:\\\/\\\/dlslawfirm.com\\\/es\\\/abogado-de-lesiones-personales-en-greeley\\\/greeley-abogado-de-accidente-de-coche\\\/#primaryimage\",\"url\":\"https:\\\/\\\/dlslawfirm.com\\\/es\\\/wp-content\\\/uploads\\\/sites\\\/2\\\/2018\\\/09\\\/road-2875845_1280.jpg\",\"contentUrl\":\"https:\\\/\\\/dlslawfirm.com\\\/es\\\/wp-content\\\/uploads\\\/sites\\\/2\\\/2018\\\/09\\\/road-2875845_1280.jpg\",\"width\":1280,\"height\":960,\"caption\":\"wandering road\"},{\"@type\":\"BreadcrumbList\",\"@id\":\"https:\\\/\\\/dlslawfirm.com\\\/es\\\/abogado-de-lesiones-personales-en-greeley\\\/greeley-abogado-de-accidente-de-coche\\\/#breadcrumb\",\"itemListElement\":[{\"@type\":\"ListItem\",\"position\":1,\"name\":\"Home\",\"item\":\"https:\\\/\\\/dlslawfirm.com\\\/es\\\/\"},{\"@type\":\"ListItem\",\"position\":2,\"name\":\"Abogado de lesiones personales en Greeley\",\"item\":\"https:\\\/\\\/dlslawfirm.com\\\/es\\\/abogado-de-lesiones-personales-en-greeley\\\/\"},{\"@type\":\"ListItem\",\"position\":3,\"name\":\"Greeley Abogado de Accidente de Coche\"}]},{\"@type\":\"WebSite\",\"@id\":\"https:\\\/\\\/dlslawfirm.com\\\/es\\\/#website\",\"url\":\"https:\\\/\\\/dlslawfirm.com\\\/es\\\/\",\"name\":\"Law Offices of Dianne Sawaya LLC- En Espanol\",\"description\":\"\",\"potentialAction\":[{\"@type\":\"SearchAction\",\"target\":{\"@type\":\"EntryPoint\",\"urlTemplate\":\"https:\\\/\\\/dlslawfirm.com\\\/es\\\/?s={search_term_string}\"},\"query-input\":{\"@type\":\"PropertyValueSpecification\",\"valueRequired\":true,\"valueName\":\"search_term_string\"}}],\"inLanguage\":\"es\"}]}<\/script>\n<!-- \/ Yoast SEO plugin. -->","yoast_head_json":{"title":"Greeley Abogado de Accidente de Coche - Law Offices of Dianne Sawaya LLC- En Espanol","description":"Nuestros abogados de accidentes de coche quieren asegurarse de que puedas seguir adelante con tu vida despu\u00e9s de un accidente de coche en Greeley, CO. Contacta 24 horas al d\u00eda, 7 d\u00edas a la semana.","robots":{"index":"index","follow":"follow","max-snippet":"max-snippet:-1","max-image-preview":"max-image-preview:large","max-video-preview":"max-video-preview:-1"},"canonical":"https:\/\/dlslawfirm.com\/es\/abogado-de-lesiones-personales-en-greeley\/greeley-abogado-de-accidente-de-coche\/","og_locale":"es_MX","og_type":"article","og_title":"Greeley Abogado de Accidente de Coche - Law Offices of Dianne Sawaya LLC- En Espanol","og_description":"Nuestros abogados de accidentes de coche quieren asegurarse de que puedas seguir adelante con tu vida despu\u00e9s de un accidente de coche en Greeley, CO. Contacta 24 horas al d\u00eda, 7 d\u00edas a la semana.","og_url":"https:\/\/dlslawfirm.com\/es\/abogado-de-lesiones-personales-en-greeley\/greeley-abogado-de-accidente-de-coche\/","og_site_name":"Law Offices of Dianne Sawaya LLC- En Espanol","og_image":[{"width":1280,"height":960,"url":"https:\/\/dlslawfirm.com\/es\/wp-content\/uploads\/sites\/2\/2018\/09\/road-2875845_1280.jpg","type":"image\/jpeg"}],"twitter_card":"summary_large_image","twitter_misc":{"Est. reading time":"9 minutos"},"schema":{"@context":"https:\/\/schema.org","@graph":[{"@type":"WebPage","@id":"https:\/\/dlslawfirm.com\/es\/abogado-de-lesiones-personales-en-greeley\/greeley-abogado-de-accidente-de-coche\/","url":"https:\/\/dlslawfirm.com\/es\/abogado-de-lesiones-personales-en-greeley\/greeley-abogado-de-accidente-de-coche\/","name":"Greeley Abogado de Accidente de Coche - Law Offices of Dianne Sawaya LLC- En Espanol","isPartOf":{"@id":"https:\/\/dlslawfirm.com\/es\/#website"},"primaryImageOfPage":{"@id":"https:\/\/dlslawfirm.com\/es\/abogado-de-lesiones-personales-en-greeley\/greeley-abogado-de-accidente-de-coche\/#primaryimage"},"image":{"@id":"https:\/\/dlslawfirm.com\/es\/abogado-de-lesiones-personales-en-greeley\/greeley-abogado-de-accidente-de-coche\/#primaryimage"},"thumbnailUrl":"https:\/\/dlslawfirm.com\/es\/wp-content\/uploads\/sites\/2\/2018\/09\/road-2875845_1280.jpg","datePublished":"2022-03-14T07:32:25+00:00","description":"Nuestros abogados de accidentes de coche quieren asegurarse de que puedas seguir adelante con tu vida despu\u00e9s de un accidente de coche en Greeley, CO. Contacta 24 horas al d\u00eda, 7 d\u00edas a la semana.","breadcrumb":{"@id":"https:\/\/dlslawfirm.com\/es\/abogado-de-lesiones-personales-en-greeley\/greeley-abogado-de-accidente-de-coche\/#breadcrumb"},"inLanguage":"es","potentialAction":[{"@type":"ReadAction","target":["https:\/\/dlslawfirm.com\/es\/abogado-de-lesiones-personales-en-greeley\/greeley-abogado-de-accidente-de-coche\/"]}]},{"@type":"ImageObject","inLanguage":"es","@id":"https:\/\/dlslawfirm.com\/es\/abogado-de-lesiones-personales-en-greeley\/greeley-abogado-de-accidente-de-coche\/#primaryimage","url":"https:\/\/dlslawfirm.com\/es\/wp-content\/uploads\/sites\/2\/2018\/09\/road-2875845_1280.jpg","contentUrl":"https:\/\/dlslawfirm.com\/es\/wp-content\/uploads\/sites\/2\/2018\/09\/road-2875845_1280.jpg","width":1280,"height":960,"caption":"wandering road"},{"@type":"BreadcrumbList","@id":"https:\/\/dlslawfirm.com\/es\/abogado-de-lesiones-personales-en-greeley\/greeley-abogado-de-accidente-de-coche\/#breadcrumb","itemListElement":[{"@type":"ListItem","position":1,"name":"Home","item":"https:\/\/dlslawfirm.com\/es\/"},{"@type":"ListItem","position":2,"name":"Abogado de lesiones personales en Greeley","item":"https:\/\/dlslawfirm.com\/es\/abogado-de-lesiones-personales-en-greeley\/"},{"@type":"ListItem","position":3,"name":"Greeley Abogado de Accidente de Coche"}]},{"@type":"WebSite","@id":"https:\/\/dlslawfirm.com\/es\/#website","url":"https:\/\/dlslawfirm.com\/es\/","name":"Law Offices of Dianne Sawaya LLC- En Espanol","description":"","potentialAction":[{"@type":"SearchAction","target":{"@type":"EntryPoint","urlTemplate":"https:\/\/dlslawfirm.com\/es\/?s={search_term_string}"},"query-input":{"@type":"PropertyValueSpecification","valueRequired":true,"valueName":"search_term_string"}}],"inLanguage":"es"}]}},"_links":{"self":[{"href":"https:\/\/dlslawfirm.com\/es\/wp-json\/wp\/v2\/pages\/6838","targetHints":{"allow":["GET"]}}],"collection":[{"href":"https:\/\/dlslawfirm.com\/es\/wp-json\/wp\/v2\/pages"}],"about":[{"href":"https:\/\/dlslawfirm.com\/es\/wp-json\/wp\/v2\/types\/page"}],"author":[{"embeddable":true,"href":"https:\/\/dlslawfirm.com\/es\/wp-json\/wp\/v2\/users\/2"}],"replies":[{"embeddable":true,"href":"https:\/\/dlslawfirm.com\/es\/wp-json\/wp\/v2\/comments?post=6838"}],"version-history":[{"count":0,"href":"https:\/\/dlslawfirm.com\/es\/wp-json\/wp\/v2\/pages\/6838\/revisions"}],"up":[{"embeddable":true,"href":"https:\/\/dlslawfirm.com\/es\/wp-json\/wp\/v2\/pages\/6857"}],"wp:featuredmedia":[{"embeddable":true,"href":"https:\/\/dlslawfirm.com\/es\/wp-json\/wp\/v2\/media\/7308"}],"wp:attachment":[{"href":"https:\/\/dlslawfirm.com\/es\/wp-json\/wp\/v2\/media?parent=6838"}],"wp:term":[{"taxonomy":"post_tag","embeddable":true,"href":"https:\/\/dlslawfirm.com\/es\/wp-json\/wp\/v2\/tags?post=6838"}],"curies":[{"name":"wp","href":"https:\/\/api.w.org\/{rel}","templated":true}]}}