{"id":6834,"date":"2022-09-22T16:08:39","date_gmt":"2022-09-22T16:08:39","guid":{"rendered":"https:\/\/dlslawfirm.com\/abogado-de-lesiones-personales-en-fort-collins\/"},"modified":"2022-09-22T16:08:39","modified_gmt":"2022-09-22T16:08:39","slug":"abogado-de-lesiones-personales-en-fort-collins","status":"publish","type":"page","link":"https:\/\/dlslawfirm.com\/es\/abogado-de-lesiones-personales-en-fort-collins\/","title":{"rendered":"Abogado de lesiones personales en Fort Collins"},"content":{"rendered":"<h2><strong>Cuando una lesi\u00f3n perturba tu vida<\/strong><\/h2>\n<p>Sufrir lesiones en un accidente causado por la negligencia de otra persona o entidad puede alterar tu vida de muchas maneras. Puede que ya no seas capaz de vivir tu vida como lo has hecho en el pasado, y como todav\u00eda quieres hacerlo. Consultar a un abogado de lesiones personales de Fort Collins del <a href=\"https:\/\/dlslawfirm.com\/attorneys\/\">Bufete de Dianne Sawaya<\/a> es el primer paso hacia la recuperaci\u00f3n. Tus lesiones pueden afectar a tu capacidad para hacer tu trabajo, con la consiguiente p\u00e9rdida de ingresos y dificultades econ\u00f3micas. Estas p\u00e9rdidas econ\u00f3micas pueden ser dif\u00edciles de recuperar, dej\u00e1ndote inseguro sobre tu futuro.<\/p>\n<p>Tus relaciones tambi\u00e9n pueden cambiar a consecuencia de tus lesiones. Tus lesiones y las limitaciones que imponen no s\u00f3lo son frustrantes para ti, sino que tambi\u00e9n pueden serlo para tus seres queridos. Puede que te encuentres incapaz de participar a nivel social y emocional como lo hac\u00edas antes de tu accidente y lesiones. Tus lesiones pueden ser tan graves que te dejen postrado en cama y no puedas llevar el estilo de vida activo que ten\u00edas antes del accidente.<\/p>\n<p>Muchas personas que han sufrido lesiones personales devastadoras se encuentran deprimidas y ansiosas, e incluso pueden sufrir TEPT. Tu abogado de lesiones personales tendr\u00e1 en cuenta todas estas cuestiones a la hora de determinar el valor de tu reclamaci\u00f3n, y luego luchar\u00e1 por una indemnizaci\u00f3n justa y completa. El Bufete de Dianne Sawaya sabe que necesitas una indemnizaci\u00f3n econ\u00f3mica para recuperarte de tus lesiones, pero que tambi\u00e9n necesitas m\u00e1s. Podemos ayudarte a encontrar los recursos que necesitas para encaminarte hacia la recuperaci\u00f3n.<\/p>\n[cta_interior title=&#8221;CTA Interior&#8221;]\n<h2><strong>\u00bfD\u00f3nde puedo pedir ayuda si he sufrido lesiones personales?<\/strong><\/h2>\n<p>Cuando necesites asistencia experimentada y altamente cualificada tras un accidente con lesiones personales, necesitas al Bufete de Dianne Sawaya. La abogada Dianne Sawaya y su equipo jur\u00eddico est\u00e1n dispuestos a ayudarte en este dif\u00edcil momento de tu vida. Ofrecemos un servicio altamente personalizado a todos y cada uno de nuestros clientes. Comprendemos perfectamente que no s\u00f3lo tu salud f\u00edsica y mental se ha visto alterada, sino que tu salud financiera tambi\u00e9n puede estar muy tambaleante debido a tu accidente. En el Bufete de Dianne Sawaya, ofrecemos lo siguiente a nuestros clientes:<\/p>\n<ul>\n<li>Representaci\u00f3n inteligente, agresiva y compasiva<\/li>\n<li>M\u00e1s de 200 rese\u00f1as positivas en Google<\/li>\n<li>Sin recuperaci\u00f3n, sin honorarios de abogado<\/li>\n<li>Consultas 100% gratuitas, siempre<\/li>\n<li>Asistencia para conseguirte los tratamientos m\u00e9dicos que necesitas para tu recuperaci\u00f3n<\/li>\n<li>Un compromiso para maximizar tu acuerdo<\/li>\n<\/ul>\n<p>La abogada Dianne Sawaya lleva m\u00e1s de dos d\u00e9cadas ayudando a personas que se encuentran en la misma situaci\u00f3n. Las personas que han sufrido un accidente con lesiones por causas ajenas a su voluntad pueden beneficiarse de tener a su lado, de principio a fin, a un firme defensor legal del Bufete Jur\u00eddico de Dianne Sawaya.<\/p>\n<h2><strong>Sobre Fort Collins, Colorado<\/strong><\/h2>\n<p><a href=\"https:\/\/www.fcgov.com\/\" target=\"_blank\" rel=\"noopener\">Fort Collins<\/a> es un municipio aut\u00f3nomo con una poblaci\u00f3n de unos 170.000 habitantes, lo que la convierte en la cuarta ciudad m\u00e1s poblada del estado de Colorado. Fort Collins est\u00e1 situado en el r\u00edo Cache La Poudre, a unos 56 kil\u00f3metros al norte de Denver. Como ciudad universitaria de tama\u00f1o medio, Fort Collins es sede de la Universidad Estatal de Colorado y del campus Larimer del Front Range Community College.<\/p>\n<p>El crecimiento de la ciudad de Fort Collins -como el de todas las ciudades- ha provocado m\u00e1s lesiones, incluidas las derivadas de <a href=\"https:\/\/dlslawfirm.com\/fort-collins-personal-injury-attorney\/fort-collins-dog-bite-attorney\/\">mordeduras de perro<\/a>, accidentes <a href=\"https:\/\/dlslawfirm.com\/fort-collins-personal-injury-attorney\/fort-collins-truck-accident-attorney\/\">de semirremolque<\/a>, accidentes de <a href=\"https:\/\/dlslawfirm.com\/fort-collins-personal-injury-attorney\/fort-collins-motorcycle-accident-attorney\/\">motocicleta<\/a> y <a href=\"https:\/\/dlslawfirm.com\/fort-collins-car-accident-attorney\/\">accidentes de coche<\/a>. Las lesiones personales pueden afectar a cualquier persona en cualquier lugar de Estados Unidos. Si eres v\u00edctima de una lesi\u00f3n personal, causada por la negligencia de otro individuo o entidad, la abogada de lesiones personales de Fort Collins, Dianne Sawaya, puede ayudarte a recuperar tu vida.<\/p>\n<h2><strong>\u00bfNecesito realmente un abogado de lesiones personales en Fort Collins si he sufrido lesiones?<\/strong><\/h2>\n<p>Si te has visto implicado en un accidente en Fort Collins causado por una parte negligente y que te ha dejado lesionado, quiz\u00e1 te preguntes si necesitas un abogado de lesiones personales en Fort Collins. Aunque (legalmente) puedes representarte a ti mismo en una demanda por lesiones personales, esa decisi\u00f3n tiene sus inconvenientes. Y lo que es m\u00e1s importante, las compa\u00f1\u00edas de seguros har\u00e1n todo lo que est\u00e9 en su mano para pagarte menos de lo que vale tu reclamaci\u00f3n si te representas a ti mismo. Tambi\u00e9n podr\u00edas decir inadvertidamente algo a un perito de seguros que podr\u00eda perjudicar tu reclamaci\u00f3n, o podr\u00edas no ser consciente de lo que vale realmente tu reclamaci\u00f3n. Las razones para contar con un abogado experto en lesiones personales de Fort Collins del bufete de Dianne Sawaya son muchas, entre ellas:<\/p>\n<ul>\n<li>Tu abogado de lesiones personales sabe c\u00f3mo demostrar claramente que el accidente se debi\u00f3 a la negligencia de otra persona o entidad.<\/li>\n<li>Si tus lesiones son graves, y tal vez requieran meses o m\u00e1s de baja laboral, tu abogado de lesiones personales sabr\u00e1 determinar con precisi\u00f3n lo que te corresponde por gastos m\u00e9dicos futuros y salarios futuros perdidos.<\/li>\n<li>Has intentado tramitar tu propia reclamaci\u00f3n y la compa\u00f1\u00eda de seguros te la ha denegado de plano, te ha ofrecido una cantidad baja o est\u00e1 retrasando el pago. Cualquiera de estas cuestiones requiere los servicios de un abogado experto en lesiones personales de Fort Collins.<\/li>\n<li>La compa\u00f1\u00eda de seguros simplemente se niega a negociar contigo. Las compa\u00f1\u00edas de seguros se ganan el respeto inmediato de un cliente bien representado. Es mucho menos probable que se nieguen a negociar cuando tienes un fuerte defensor legal de tu lado. Adem\u00e1s, la mayor\u00eda de las personas que est\u00e1n representadas legalmente reciben una indemnizaci\u00f3n mucho mayor.<\/li>\n<li>Has dejado pasar mucho tiempo tras el accidente y acabas de darte cuenta de que tus lesiones son m\u00e1s graves de lo que pensabas. Si es as\u00ed, sin duda necesitas un abogado de lesiones personales que pueda determinar si a\u00fan est\u00e1s dentro de los plazos de prescripci\u00f3n y, a continuaci\u00f3n, presentar una demanda por lesiones personales en tu nombre.<\/li>\n<\/ul>\n<h2><strong>\u00bfCu\u00e1nto tardar\u00e1 en resolverse mi demanda por lesiones personales?<\/strong><\/h2>\n<p>La respuesta a esta pregunta depende de los hechos y circunstancias que rodean tu reclamaci\u00f3n. El plazo de prescripci\u00f3n de un accidente de tr\u00e1fico en Colorado es de 3 a\u00f1os, pero la mayor\u00eda de los casos se resuelven antes de ese plazo. Si la compa\u00f1\u00eda de seguros se niega a negociar o no paga una cantidad razonable por tu reclamaci\u00f3n, tu abogado puede presentar una demanda contra la aseguradora. Si tu demanda va a juicio, puedes tardar entre uno y dos a\u00f1os en llegar a un acuerdo, aunque el caso puede resolverse en cualquier momento, hasta que llegue el momento del veredicto del jurado o del juez.<\/p>\n<h2><strong>\u00bfCu\u00e1nto tiempo despu\u00e9s de que se resuelva mi demanda por lesiones personales recibir\u00e9 el pago?<\/strong><\/h2>\n<p>Una vez que tu abogado de accidentes de Fort Collins haya negociado un acuerdo justo y completo en tu nombre, y t\u00fa lo hayas firmado, el Bufete de Dianne Sawaya har\u00e1 todo lo posible por hacerte llegar el cheque del acuerdo lo antes posible.<\/p>\n<h2><strong>C\u00f3mo puede ayudar un abogado de lesiones personales de Fort Collins del bufete de Dianne Sawaya<\/strong><\/h2>\n<p>Si t\u00fa o un ser querido hab\u00e9is resultado heridos en un accidente en Fort Collins sin tener culpa alguna, necesit\u00e1is ayuda, y la necesit\u00e1is r\u00e1pidamente. Un abogado de lesiones personales de Fort Collins del Bufete Jur\u00eddico de Dianne Sawaya est\u00e1 dispuesto a ayudarte en el proceso de principio a fin. Entendemos que la mayor\u00eda de la gente no tiene ni idea de c\u00f3mo proceder en una reclamaci\u00f3n por da\u00f1os personales.<\/p>\n<p>Tambi\u00e9n sabemos que necesitas y mereces una indemnizaci\u00f3n que cubra \u00edntegramente tus lesiones, adem\u00e1s de tu dolor y sufrimiento y cualquier otro da\u00f1o que puedas haber sufrido. Representamos a quienes han sufrido lesiones por la negligencia de otra persona o entidad, y tambi\u00e9n te representaremos a ti agresivamente. Para iniciar tu camino hacia la recuperaci\u00f3n, <a href=\"https:\/\/dlslawfirm.com\/contact-us\/\">ponte en contacto con<\/a> el Bufete de Dianne Sawaya.<\/p>\n","protected":false},"excerpt":{"rendered":"<p>Cuando una lesi\u00f3n perturba tu vida Sufrir lesiones en un accidente causado por la negligencia de otra persona o entidad puede alterar tu vida de muchas maneras. Puede que ya no seas capaz de vivir tu vida como lo has hecho en el pasado, y como todav\u00eda quieres hacerlo. Consultar a un abogado de lesiones&#8230;<\/p>\n","protected":false},"author":2,"featured_media":6469,"parent":0,"menu_order":0,"comment_status":"closed","ping_status":"closed","template":"","meta":{"_acf_changed":false,"footnotes":""},"tags":[],"class_list":["post-6834","page","type-page","status-publish","has-post-thumbnail","hentry"],"acf":[],"yoast_head":"<!-- This site is optimized with the Yoast SEO plugin v27.3 - https:\/\/yoast.com\/product\/yoast-seo-wordpress\/ -->\n<title>Abogado de lesiones personales en Fort Collins | Despacho de Dianne Sawaya<\/title>\n<meta name=\"description\" content=\"Las lesiones pueden hacer descarrilar tu vida. El Bufete Jur\u00eddico de Dianne Sawaya te ayuda a encarrilarlo. Ponte en contacto con nosotros hoy mismo.\" \/>\n<meta name=\"robots\" content=\"index, follow, max-snippet:-1, max-image-preview:large, max-video-preview:-1\" \/>\n<link rel=\"canonical\" href=\"https:\/\/dlslawfirm.com\/es\/abogado-de-lesiones-personales-en-fort-collins\/\" \/>\n<meta property=\"og:locale\" content=\"es_MX\" \/>\n<meta property=\"og:type\" content=\"article\" \/>\n<meta property=\"og:title\" content=\"Abogado de lesiones personales en Fort Collins | Despacho de Dianne Sawaya\" \/>\n<meta property=\"og:description\" content=\"Las lesiones pueden hacer descarrilar tu vida. El Bufete Jur\u00eddico de Dianne Sawaya te ayuda a encarrilarlo. Ponte en contacto con nosotros hoy mismo.\" \/>\n<meta property=\"og:url\" content=\"https:\/\/dlslawfirm.com\/es\/abogado-de-lesiones-personales-en-fort-collins\/\" \/>\n<meta property=\"og:site_name\" content=\"Law Offices of Dianne Sawaya LLC- En Espanol\" \/>\n<meta name=\"twitter:card\" content=\"summary_large_image\" \/>\n<meta name=\"twitter:label1\" content=\"Est. reading time\" \/>\n\t<meta name=\"twitter:data1\" content=\"7 minutos\" \/>\n<script type=\"application\/ld+json\" class=\"yoast-schema-graph\">{\"@context\":\"https:\\\/\\\/schema.org\",\"@graph\":[{\"@type\":\"WebPage\",\"@id\":\"https:\\\/\\\/dlslawfirm.com\\\/es\\\/abogado-de-lesiones-personales-en-fort-collins\\\/\",\"url\":\"https:\\\/\\\/dlslawfirm.com\\\/es\\\/abogado-de-lesiones-personales-en-fort-collins\\\/\",\"name\":\"Abogado de lesiones personales en Fort Collins | Despacho de Dianne Sawaya\",\"isPartOf\":{\"@id\":\"https:\\\/\\\/dlslawfirm.com\\\/es\\\/#website\"},\"primaryImageOfPage\":{\"@id\":\"https:\\\/\\\/dlslawfirm.com\\\/es\\\/abogado-de-lesiones-personales-en-fort-collins\\\/#primaryimage\"},\"image\":{\"@id\":\"https:\\\/\\\/dlslawfirm.com\\\/es\\\/abogado-de-lesiones-personales-en-fort-collins\\\/#primaryimage\"},\"thumbnailUrl\":\"\",\"datePublished\":\"2022-09-22T16:08:39+00:00\",\"description\":\"Las lesiones pueden hacer descarrilar tu vida. El Bufete Jur\u00eddico de Dianne Sawaya te ayuda a encarrilarlo. Ponte en contacto con nosotros hoy mismo.\",\"breadcrumb\":{\"@id\":\"https:\\\/\\\/dlslawfirm.com\\\/es\\\/abogado-de-lesiones-personales-en-fort-collins\\\/#breadcrumb\"},\"inLanguage\":\"es\",\"potentialAction\":[{\"@type\":\"ReadAction\",\"target\":[\"https:\\\/\\\/dlslawfirm.com\\\/es\\\/abogado-de-lesiones-personales-en-fort-collins\\\/\"]}]},{\"@type\":\"ImageObject\",\"inLanguage\":\"es\",\"@id\":\"https:\\\/\\\/dlslawfirm.com\\\/es\\\/abogado-de-lesiones-personales-en-fort-collins\\\/#primaryimage\",\"url\":\"\",\"contentUrl\":\"\"},{\"@type\":\"BreadcrumbList\",\"@id\":\"https:\\\/\\\/dlslawfirm.com\\\/es\\\/abogado-de-lesiones-personales-en-fort-collins\\\/#breadcrumb\",\"itemListElement\":[{\"@type\":\"ListItem\",\"position\":1,\"name\":\"Home\",\"item\":\"https:\\\/\\\/dlslawfirm.com\\\/es\\\/\"},{\"@type\":\"ListItem\",\"position\":2,\"name\":\"Abogado de lesiones personales en Fort Collins\"}]},{\"@type\":\"WebSite\",\"@id\":\"https:\\\/\\\/dlslawfirm.com\\\/es\\\/#website\",\"url\":\"https:\\\/\\\/dlslawfirm.com\\\/es\\\/\",\"name\":\"Law Offices of Dianne Sawaya LLC- En Espanol\",\"description\":\"\",\"potentialAction\":[{\"@type\":\"SearchAction\",\"target\":{\"@type\":\"EntryPoint\",\"urlTemplate\":\"https:\\\/\\\/dlslawfirm.com\\\/es\\\/?s={search_term_string}\"},\"query-input\":{\"@type\":\"PropertyValueSpecification\",\"valueRequired\":true,\"valueName\":\"search_term_string\"}}],\"inLanguage\":\"es\"}]}<\/script>\n<!-- \/ Yoast SEO plugin. -->","yoast_head_json":{"title":"Abogado de lesiones personales en Fort Collins | Despacho de Dianne Sawaya","description":"Las lesiones pueden hacer descarrilar tu vida. El Bufete Jur\u00eddico de Dianne Sawaya te ayuda a encarrilarlo. Ponte en contacto con nosotros hoy mismo.","robots":{"index":"index","follow":"follow","max-snippet":"max-snippet:-1","max-image-preview":"max-image-preview:large","max-video-preview":"max-video-preview:-1"},"canonical":"https:\/\/dlslawfirm.com\/es\/abogado-de-lesiones-personales-en-fort-collins\/","og_locale":"es_MX","og_type":"article","og_title":"Abogado de lesiones personales en Fort Collins | Despacho de Dianne Sawaya","og_description":"Las lesiones pueden hacer descarrilar tu vida. El Bufete Jur\u00eddico de Dianne Sawaya te ayuda a encarrilarlo. Ponte en contacto con nosotros hoy mismo.","og_url":"https:\/\/dlslawfirm.com\/es\/abogado-de-lesiones-personales-en-fort-collins\/","og_site_name":"Law Offices of Dianne Sawaya LLC- En Espanol","twitter_card":"summary_large_image","twitter_misc":{"Est. reading time":"7 minutos"},"schema":{"@context":"https:\/\/schema.org","@graph":[{"@type":"WebPage","@id":"https:\/\/dlslawfirm.com\/es\/abogado-de-lesiones-personales-en-fort-collins\/","url":"https:\/\/dlslawfirm.com\/es\/abogado-de-lesiones-personales-en-fort-collins\/","name":"Abogado de lesiones personales en Fort Collins | Despacho de Dianne Sawaya","isPartOf":{"@id":"https:\/\/dlslawfirm.com\/es\/#website"},"primaryImageOfPage":{"@id":"https:\/\/dlslawfirm.com\/es\/abogado-de-lesiones-personales-en-fort-collins\/#primaryimage"},"image":{"@id":"https:\/\/dlslawfirm.com\/es\/abogado-de-lesiones-personales-en-fort-collins\/#primaryimage"},"thumbnailUrl":"","datePublished":"2022-09-22T16:08:39+00:00","description":"Las lesiones pueden hacer descarrilar tu vida. El Bufete Jur\u00eddico de Dianne Sawaya te ayuda a encarrilarlo. Ponte en contacto con nosotros hoy mismo.","breadcrumb":{"@id":"https:\/\/dlslawfirm.com\/es\/abogado-de-lesiones-personales-en-fort-collins\/#breadcrumb"},"inLanguage":"es","potentialAction":[{"@type":"ReadAction","target":["https:\/\/dlslawfirm.com\/es\/abogado-de-lesiones-personales-en-fort-collins\/"]}]},{"@type":"ImageObject","inLanguage":"es","@id":"https:\/\/dlslawfirm.com\/es\/abogado-de-lesiones-personales-en-fort-collins\/#primaryimage","url":"","contentUrl":""},{"@type":"BreadcrumbList","@id":"https:\/\/dlslawfirm.com\/es\/abogado-de-lesiones-personales-en-fort-collins\/#breadcrumb","itemListElement":[{"@type":"ListItem","position":1,"name":"Home","item":"https:\/\/dlslawfirm.com\/es\/"},{"@type":"ListItem","position":2,"name":"Abogado de lesiones personales en Fort Collins"}]},{"@type":"WebSite","@id":"https:\/\/dlslawfirm.com\/es\/#website","url":"https:\/\/dlslawfirm.com\/es\/","name":"Law Offices of Dianne Sawaya LLC- En Espanol","description":"","potentialAction":[{"@type":"SearchAction","target":{"@type":"EntryPoint","urlTemplate":"https:\/\/dlslawfirm.com\/es\/?s={search_term_string}"},"query-input":{"@type":"PropertyValueSpecification","valueRequired":true,"valueName":"search_term_string"}}],"inLanguage":"es"}]}},"_links":{"self":[{"href":"https:\/\/dlslawfirm.com\/es\/wp-json\/wp\/v2\/pages\/6834","targetHints":{"allow":["GET"]}}],"collection":[{"href":"https:\/\/dlslawfirm.com\/es\/wp-json\/wp\/v2\/pages"}],"about":[{"href":"https:\/\/dlslawfirm.com\/es\/wp-json\/wp\/v2\/types\/page"}],"author":[{"embeddable":true,"href":"https:\/\/dlslawfirm.com\/es\/wp-json\/wp\/v2\/users\/2"}],"replies":[{"embeddable":true,"href":"https:\/\/dlslawfirm.com\/es\/wp-json\/wp\/v2\/comments?post=6834"}],"version-history":[{"count":0,"href":"https:\/\/dlslawfirm.com\/es\/wp-json\/wp\/v2\/pages\/6834\/revisions"}],"wp:featuredmedia":[{"embeddable":true,"href":"https:\/\/dlslawfirm.com\/es\/wp-json\/"}],"wp:attachment":[{"href":"https:\/\/dlslawfirm.com\/es\/wp-json\/wp\/v2\/media?parent=6834"}],"wp:term":[{"taxonomy":"post_tag","embeddable":true,"href":"https:\/\/dlslawfirm.com\/es\/wp-json\/wp\/v2\/tags?post=6834"}],"curies":[{"name":"wp","href":"https:\/\/api.w.org\/{rel}","templated":true}]}}