{"id":6831,"date":"2023-06-11T22:09:56","date_gmt":"2023-06-11T22:09:56","guid":{"rendered":"https:\/\/dlslawfirm.com\/abogado-de-accidentes-de-camion-en-colorado-springs\/"},"modified":"2023-06-11T22:09:56","modified_gmt":"2023-06-11T22:09:56","slug":"abogado-de-accidentes-de-camion-en-colorado-springs","status":"publish","type":"page","link":"https:\/\/dlslawfirm.com\/es\/abogado-de-lesiones-personales-en-colorado-springs\/abogado-de-accidentes-de-camion-en-colorado-springs\/","title":{"rendered":"Abogado de accidentes de cami\u00f3n en Colorado Springs"},"content":{"rendered":"<h2>Abogado de accidentes de semirremolque al servicio de Colorado Springs<\/h2>\n<p><span style=\"font-weight: 400\">Te atropell\u00f3 un camionero que estaba cansado, distra\u00eddo o conduc\u00eda de forma temeraria. Tienes importantes facturas m\u00e9dicas, tiempo perdido en el trabajo y dolor cr\u00f3nico. Esperas que la compa\u00f1\u00eda de seguros de la empresa de camiones cubra tus p\u00e9rdidas. Eso no puede ocurrir sin la orientaci\u00f3n y el apoyo jur\u00eddicos de un abogado de Colorado Springs especializado en accidentes de cami\u00f3n.<\/span><\/p>\n<p><span style=\"font-weight: 400\">En el Bufete Jur\u00eddico de Dianne Sawaya, trabajamos agresivamente para proteger los derechos de nuestros clientes despu\u00e9s de que sufran p\u00e9rdidas tr\u00e1gicas por la negligencia de camioneros. Con m\u00e1s de 25 a\u00f1os de experiencia trabajando estrechamente con v\u00edctimas de accidentes de cami\u00f3n, podemos decirte que tener un abogado a tu lado es fundamental para proteger tus derechos y garantizar una indemnizaci\u00f3n legal justa por tus p\u00e9rdidas.<\/span><\/p>\n<p><span style=\"font-weight: 400\">Deja que aboguemos por ti. Tu consulta inicial es siempre totalmente gratuita. Deja que te ayudemos a determinar si est\u00e1s recibiendo una indemnizaci\u00f3n justa, o si la compa\u00f1\u00eda de seguros te est\u00e1 subcotizando. No pagas nada por nuestros servicios a menos que te ayudemos a conseguir una indemnizaci\u00f3n por tu accidente.<\/span><\/p>\n<p><span style=\"font-weight: 400\">Somos abogados inteligentes, agresivos, pero compasivos. Queremos que te cures y recibas la atenci\u00f3n m\u00e9dica y de salud mental que necesitas. No tardes en ponerte en contacto con nuestros abogados especialistas en accidentes de cami\u00f3n de Colorado Springs para saber m\u00e1s sobre tus derechos legales.<\/span><\/p>\n[cta_interior title=&#8221;CTA Interior&#8221;]\n<h2>Por qu\u00e9 necesitas un abogado de accidentes de cami\u00f3n<\/h2>\n<p><a href=\"https:\/\/leg.colorado.gov\/sites\/default\/files\/images\/olls\/crs2016-title-13.pdf\" target=\"_blank\" rel=\"noopener\"><span style=\"font-weight: 400\">Leyes sobre da\u00f1os personales en Colorado<\/span><\/a><span style=\"font-weight: 400\">  parecen dejar claro que el responsable de los perjuicios sufridos por las v\u00edctimas debe responder de las p\u00e9rdidas econ\u00f3micas que cause. Sin embargo, aunque esto es lo que establece la ley, muchos de nuestros clientes afirman que no se les ofrece ni siquiera una fracci\u00f3n de la deuda m\u00e9dica que tienen y luchan con repercusiones a largo plazo sin un camino a seguir. Deja que te ayudemos a evitarlo.<\/span><\/p>\n<p><span style=\"font-weight: 400\">Contratar a un abogado de Colorado Springs especializado en accidentes de cami\u00f3n garantiza que:<\/span><\/p>\n<ul>\n<li style=\"font-weight: 400\"><span style=\"font-weight: 400\">Te informas de las indemnizaciones econ\u00f3micas disponibles en tu caso.<\/span><\/li>\n<li style=\"font-weight: 400\"><span style=\"font-weight: 400\">Dispones de un poderoso negociador para apoyarte en este proceso legal.<\/span><\/li>\n<li style=\"font-weight: 400\"><span style=\"font-weight: 400\">Nunca tendr\u00e1s que tratar con peritos de seguros insistentes, groseros o incluso agresivos.<\/span><\/li>\n<li style=\"font-weight: 400\"><span style=\"font-weight: 400\">Te aseguras de que tus derechos permanezcan protegidos.<\/span><\/li>\n<li style=\"font-weight: 400\"><span style=\"font-weight: 400\">Alguien que se preocupa est\u00e1 luchando para representarte.<\/span><\/li>\n<\/ul>\n<p><span style=\"font-weight: 400\">Necesitas un abogado de accidentes de cami\u00f3n porque la compa\u00f1\u00eda de seguros de la empresa de camiones tiene uno, y tienen un historial de ser muy agresivos a la hora de reducir lo que pagan. Perm\u00edtenos preservar tus derechos y asegurarnos de que recibes una indemnizaci\u00f3n justa.<\/span><\/p>\n<h2>Lesiones comunes en accidentes de cami\u00f3n<\/h2>\n<p><span style=\"font-weight: 400\">En nuestros m\u00e1s de 25 a\u00f1os de experiencia, hemos visto a muchas personas sufrir p\u00e9rdidas incre\u00edbles por accidentes de cami\u00f3n. Esas lesiones pueden ir desde:<\/span><\/p>\n<ul>\n<li style=\"font-weight: 400\"><span style=\"font-weight: 400\">Huesos fracturados<\/span><\/li>\n<li style=\"font-weight: 400\"><span style=\"font-weight: 400\">Lesiones cerebrales traum\u00e1ticas<\/span><\/li>\n<li style=\"font-weight: 400\"><span style=\"font-weight: 400\">Lesiones de cuello y hombro<\/span><\/li>\n<li style=\"font-weight: 400\"><span style=\"font-weight: 400\">Quemaduras<\/span><\/li>\n<li style=\"font-weight: 400\"><span style=\"font-weight: 400\">Lesiones medulares<\/span><\/li>\n<li style=\"font-weight: 400\"><span style=\"font-weight: 400\">Desfiguraci\u00f3n  <\/span><\/li>\n<li style=\"font-weight: 400\"><span style=\"font-weight: 400\">P\u00e9rdida de miembros<\/span><\/li>\n<li style=\"font-weight: 400\"><span style=\"font-weight: 400\">Muerte<\/span><\/li>\n<\/ul>\n<p><span style=\"font-weight: 400\">Los camiones pesan entre 20 y 30 veces m\u00e1s que un coche. Deja que nuestros abogados de accidentes de cami\u00f3n de Colorado Springs te ayuden a evitar conformarte con una indemnizaci\u00f3n menor de la que te corresponde.<\/span><\/p>\n<h2>\u00bfQu\u00e9 hace \u00fanicos a los accidentes de cami\u00f3n?<\/h2>\n<p><span style=\"font-weight: 400\">\u00bfSab\u00edas que los camioneros pueden conducir hasta 11 horas seguidas sin tener que hacer una pausa larga? Est\u00e1n distra\u00eddos, cansados y sobrecargados de trabajo. Las empresas de transporte pueden hacer la vista gorda a la hora de asegurarse de que los conductores hacen pausas o descansan lo suficiente entre turnos. Adem\u00e1s, es muy frecuente que los conductores de camiones circulen a gran velocidad, lo que significa que, cuando chocan contra otro veh\u00edculo, los da\u00f1os suelen ser importantes.<\/span><\/p>\n<p><span style=\"font-weight: 400\">Los accidentes de cami\u00f3n son \u00fanicos por varias razones:<\/span><\/p>\n<ul>\n<li style=\"font-weight: 400\"><span style=\"font-weight: 400\">El da\u00f1o suele ser grave<\/span> <span style=\"font-weight: 400\">y permanente.<\/span><\/li>\n<li style=\"font-weight: 400\"><span style=\"font-weight: 400\">Tienen compa\u00f1\u00edas de seguros y abogados muy poderosos trabajando para reducir sus reclamaciones.<\/span><\/li>\n<li style=\"font-weight: 400\"><span style=\"font-weight: 400\">No siempre es s\u00f3lo el camionero el responsable. Podr\u00eda ser la empresa de camiones la que no apoy\u00f3 al conductor o el fabricante de ruedas de calidad inferior el causante del accidente.<\/span><\/li>\n<\/ul>\n<p><span style=\"font-weight: 400\">Nuestro abogado de accidentes de cami\u00f3n de Colorado Springs ha visto compa\u00f1\u00edas de seguros que tratan a las v\u00edctimas como si fueran culpables. Deja que aboguemos por ti a lo largo de este proceso legal. Los abogados del bufete de Dianne Sawaya est\u00e1n a tu disposici\u00f3n para hablar contigo. Somos profesionales compasivos que se preocupan por la recuperaci\u00f3n de nuestros clientes, y somos agresivos a la hora de conseguir una indemnizaci\u00f3n completa por sus p\u00e9rdidas.<\/span><\/p>\n<h2>Responsabilizar a la empresa de camiones<\/h2>\n<p><span style=\"font-weight: 400\">En muchos casos, es la empresa de camiones, no s\u00f3lo el conductor, la que pone en peligro a las personas. En 2020, la  <\/span><a href=\"https:\/\/www.iihs.org\/topics\/fatality-statistics\/detail\/large-trucks\"><span style=\"font-weight: 400\">IIHS<\/span><\/a><span style=\"font-weight: 400\">  inform\u00f3 de que m\u00e1s de 4.010 personas murieron como consecuencia de accidentes de cami\u00f3n &#8211; casi el 97% de ellas eran las personas que iban en el coche, no en el cami\u00f3n. Creemos que las empresas de transporte por carretera deben hacer m\u00e1s para minimizar estos riesgos, riesgos que destrozan vidas y destruyen futuros.<\/span><\/p>\n<p><span style=\"font-weight: 400\">Ponte en contacto con nuestros abogados inteligentes, agresivos y compasivos para obtener un apoyo excepcional en tu caso. Estamos orgullosos de ofrecer una comunicaci\u00f3n excepcional y un o\u00eddo atento. Llama ahora a nuestro equipo para una consulta gratuita, estamos disponibles 24 horas al d\u00eda, 7 d\u00edas a la semana.<\/span><\/p>\n<h2>Preguntas frecuentes sobre accidentes de cami\u00f3n<\/h2>\n<h3>Necesito pagar mis facturas m\u00e9dicas, \u00bfdebo llegar a un acuerdo?<\/h3>\n<p><span style=\"font-weight: 400\">No resuelvas tu caso de lesiones personales sin hablar antes con nuestros abogados de accidentes de cami\u00f3n de Colorado Springs. Perm\u00edtenos ayudarte a determinar si recibes una indemnizaci\u00f3n completa y justa por tus p\u00e9rdidas. Podemos ayudarte a trabajar con empresas de facturaci\u00f3n m\u00e9dica para navegar por este proceso.<\/span><\/p>\n<h3>A\u00fan no he presentado mi caso de accidente de cami\u00f3n. \u00bfTengo tiempo?<\/h3>\n<p><a href=\"https:\/\/leg.colorado.gov\/sites\/default\/files\/r19-1326_statutes_of_repose_and_limitations_interested_persons.pdf\" target=\"_blank\" rel=\"noopener\"><span style=\"font-weight: 400\">Prescripci\u00f3n en Colorado<\/span><\/a><span style=\"font-weight: 400\">  para las reclamaciones por da\u00f1os personales es de 3 a\u00f1os a partir de la fecha del siniestro. No esperes tanto para contratar a un abogado. Siempre es mejor contratar a un abogado al principio del proceso para promover el mejor resultado global.  <\/span><\/p>\n<h2>Contacta ahora con el bufete de Dianne Sawaya<\/h2>\n<p><span style=\"font-weight: 400\">Estamos aqu\u00ed para ayudarte. Nuestros abogados de accidentes de cami\u00f3n de Colorado Springs pueden proporcionarte el apoyo que necesitas.<\/span><\/p>\n<ul>\n<li style=\"font-weight: 400\"><span style=\"font-weight: 400\">Tenemos m\u00e1s de 200 rese\u00f1as positivas en Google: lee los testimonios de nuestros clientes para comprobar la diferencia que marcamos.<\/span><\/li>\n<li style=\"font-weight: 400\"><span style=\"font-weight: 400\">Maximizaremos la indemnizaci\u00f3n que necesitas y mereces.<\/span><\/li>\n<li style=\"font-weight: 400\"><span style=\"font-weight: 400\">No s\u00f3lo te ayudamos a obtener el tratamiento m\u00e9dico que necesitas, sino que te conseguimos la indemnizaci\u00f3n que mereces, fomentando tu recuperaci\u00f3n ahora y tambi\u00e9n en el futuro.<\/span><\/li>\n<li style=\"font-weight: 400\"><span style=\"font-weight: 400\">Trabajamos duro mediante negociaciones y litigios, cuando es necesario, para conseguir tu acuerdo.  <\/span><\/li>\n<li style=\"font-weight: 400\"><span style=\"font-weight: 400\">No nos debes nada si no conseguimos llegar a un acuerdo en tu nombre.<\/span><\/li>\n<\/ul>\n<p><span style=\"font-weight: 400\"><a href=\"https:\/\/dlslawfirm.com\/contact-us\/\">Concierta<\/a> ahora <a href=\"https:\/\/dlslawfirm.com\/contact-us\/\">una consulta<\/a> gratuita con el Bufete de Dianne Sawaya. Deja que te orientemos para conseguir la ayuda econ\u00f3mica que necesitas tras sufrir lesiones en un accidente de cami\u00f3n.  <\/span><\/p>\n","protected":false},"excerpt":{"rendered":"<p>Abogado de accidentes de semirremolque al servicio de Colorado Springs Te atropell\u00f3 un camionero que estaba cansado, distra\u00eddo o conduc\u00eda de forma temeraria. Tienes importantes facturas m\u00e9dicas, tiempo perdido en el trabajo y dolor cr\u00f3nico. Esperas que la compa\u00f1\u00eda de seguros de la empresa de camiones cubra tus p\u00e9rdidas. Eso no puede ocurrir sin la&#8230;<\/p>\n","protected":false},"author":2,"featured_media":7217,"parent":6863,"menu_order":0,"comment_status":"closed","ping_status":"closed","template":"","meta":{"_acf_changed":false,"footnotes":""},"tags":[],"class_list":["post-6831","page","type-page","status-publish","has-post-thumbnail","hentry"],"acf":[],"yoast_head":"<!-- This site is optimized with the Yoast SEO plugin v27.3 - https:\/\/yoast.com\/product\/yoast-seo-wordpress\/ -->\n<title>Abogado de accidentes de cami\u00f3n en Colorado Springs | Consulta gratuita 24\/7<\/title>\n<meta name=\"description\" content=\"Si te ha atropellado un semirremolque, puede que est\u00e9s herido y necesites ayuda para pagar tus facturas. Ponte en contacto hoy mismo con nuestro abogado especializado en accidentes de cami\u00f3n en Colorado Springs.\" \/>\n<meta name=\"robots\" content=\"index, follow, max-snippet:-1, max-image-preview:large, max-video-preview:-1\" \/>\n<link rel=\"canonical\" href=\"https:\/\/dlslawfirm.com\/es\/abogado-de-lesiones-personales-en-colorado-springs\/abogado-de-accidentes-de-camion-en-colorado-springs\/\" \/>\n<meta property=\"og:locale\" content=\"es_MX\" \/>\n<meta property=\"og:type\" content=\"article\" \/>\n<meta property=\"og:title\" content=\"Abogado de accidentes de cami\u00f3n en Colorado Springs | Consulta gratuita 24\/7\" \/>\n<meta property=\"og:description\" content=\"Si te ha atropellado un semirremolque, puede que est\u00e9s herido y necesites ayuda para pagar tus facturas. Ponte en contacto hoy mismo con nuestro abogado especializado en accidentes de cami\u00f3n en Colorado Springs.\" \/>\n<meta property=\"og:url\" content=\"https:\/\/dlslawfirm.com\/es\/abogado-de-lesiones-personales-en-colorado-springs\/abogado-de-accidentes-de-camion-en-colorado-springs\/\" \/>\n<meta property=\"og:site_name\" content=\"Law Offices of Dianne Sawaya LLC- En Espanol\" \/>\n<meta property=\"og:image\" content=\"https:\/\/dlslawfirm.com\/es\/wp-content\/uploads\/sites\/2\/2022\/06\/truck-accident.jpg\" \/>\n\t<meta property=\"og:image:width\" content=\"1600\" \/>\n\t<meta property=\"og:image:height\" content=\"1067\" \/>\n\t<meta property=\"og:image:type\" content=\"image\/jpeg\" \/>\n<meta name=\"twitter:card\" content=\"summary_large_image\" \/>\n<meta name=\"twitter:label1\" content=\"Est. reading time\" \/>\n\t<meta name=\"twitter:data1\" content=\"6 minutos\" \/>\n<script type=\"application\/ld+json\" class=\"yoast-schema-graph\">{\"@context\":\"https:\\\/\\\/schema.org\",\"@graph\":[{\"@type\":\"WebPage\",\"@id\":\"https:\\\/\\\/dlslawfirm.com\\\/es\\\/abogado-de-lesiones-personales-en-colorado-springs\\\/abogado-de-accidentes-de-camion-en-colorado-springs\\\/\",\"url\":\"https:\\\/\\\/dlslawfirm.com\\\/es\\\/abogado-de-lesiones-personales-en-colorado-springs\\\/abogado-de-accidentes-de-camion-en-colorado-springs\\\/\",\"name\":\"Abogado de accidentes de cami\u00f3n en Colorado Springs | Consulta gratuita 24\\\/7\",\"isPartOf\":{\"@id\":\"https:\\\/\\\/dlslawfirm.com\\\/es\\\/#website\"},\"primaryImageOfPage\":{\"@id\":\"https:\\\/\\\/dlslawfirm.com\\\/es\\\/abogado-de-lesiones-personales-en-colorado-springs\\\/abogado-de-accidentes-de-camion-en-colorado-springs\\\/#primaryimage\"},\"image\":{\"@id\":\"https:\\\/\\\/dlslawfirm.com\\\/es\\\/abogado-de-lesiones-personales-en-colorado-springs\\\/abogado-de-accidentes-de-camion-en-colorado-springs\\\/#primaryimage\"},\"thumbnailUrl\":\"https:\\\/\\\/dlslawfirm.com\\\/es\\\/wp-content\\\/uploads\\\/sites\\\/2\\\/2022\\\/06\\\/truck-accident.jpg\",\"datePublished\":\"2023-06-11T22:09:56+00:00\",\"description\":\"Si te ha atropellado un semirremolque, puede que est\u00e9s herido y necesites ayuda para pagar tus facturas. Ponte en contacto hoy mismo con nuestro abogado especializado en accidentes de cami\u00f3n en Colorado Springs.\",\"breadcrumb\":{\"@id\":\"https:\\\/\\\/dlslawfirm.com\\\/es\\\/abogado-de-lesiones-personales-en-colorado-springs\\\/abogado-de-accidentes-de-camion-en-colorado-springs\\\/#breadcrumb\"},\"inLanguage\":\"es\",\"potentialAction\":[{\"@type\":\"ReadAction\",\"target\":[\"https:\\\/\\\/dlslawfirm.com\\\/es\\\/abogado-de-lesiones-personales-en-colorado-springs\\\/abogado-de-accidentes-de-camion-en-colorado-springs\\\/\"]}]},{\"@type\":\"ImageObject\",\"inLanguage\":\"es\",\"@id\":\"https:\\\/\\\/dlslawfirm.com\\\/es\\\/abogado-de-lesiones-personales-en-colorado-springs\\\/abogado-de-accidentes-de-camion-en-colorado-springs\\\/#primaryimage\",\"url\":\"https:\\\/\\\/dlslawfirm.com\\\/es\\\/wp-content\\\/uploads\\\/sites\\\/2\\\/2022\\\/06\\\/truck-accident.jpg\",\"contentUrl\":\"https:\\\/\\\/dlslawfirm.com\\\/es\\\/wp-content\\\/uploads\\\/sites\\\/2\\\/2022\\\/06\\\/truck-accident.jpg\",\"width\":1600,\"height\":1067,\"caption\":\"Semi-truck accident\"},{\"@type\":\"BreadcrumbList\",\"@id\":\"https:\\\/\\\/dlslawfirm.com\\\/es\\\/abogado-de-lesiones-personales-en-colorado-springs\\\/abogado-de-accidentes-de-camion-en-colorado-springs\\\/#breadcrumb\",\"itemListElement\":[{\"@type\":\"ListItem\",\"position\":1,\"name\":\"Home\",\"item\":\"https:\\\/\\\/dlslawfirm.com\\\/es\\\/\"},{\"@type\":\"ListItem\",\"position\":2,\"name\":\"Abogado de lesiones personales en Colorado Springs\",\"item\":\"https:\\\/\\\/dlslawfirm.com\\\/es\\\/abogado-de-lesiones-personales-en-colorado-springs\\\/\"},{\"@type\":\"ListItem\",\"position\":3,\"name\":\"Abogado de accidentes de cami\u00f3n en Colorado Springs\"}]},{\"@type\":\"WebSite\",\"@id\":\"https:\\\/\\\/dlslawfirm.com\\\/es\\\/#website\",\"url\":\"https:\\\/\\\/dlslawfirm.com\\\/es\\\/\",\"name\":\"Law Offices of Dianne Sawaya LLC- En Espanol\",\"description\":\"\",\"potentialAction\":[{\"@type\":\"SearchAction\",\"target\":{\"@type\":\"EntryPoint\",\"urlTemplate\":\"https:\\\/\\\/dlslawfirm.com\\\/es\\\/?s={search_term_string}\"},\"query-input\":{\"@type\":\"PropertyValueSpecification\",\"valueRequired\":true,\"valueName\":\"search_term_string\"}}],\"inLanguage\":\"es\"}]}<\/script>\n<!-- \/ Yoast SEO plugin. -->","yoast_head_json":{"title":"Abogado de accidentes de cami\u00f3n en Colorado Springs | Consulta gratuita 24\/7","description":"Si te ha atropellado un semirremolque, puede que est\u00e9s herido y necesites ayuda para pagar tus facturas. Ponte en contacto hoy mismo con nuestro abogado especializado en accidentes de cami\u00f3n en Colorado Springs.","robots":{"index":"index","follow":"follow","max-snippet":"max-snippet:-1","max-image-preview":"max-image-preview:large","max-video-preview":"max-video-preview:-1"},"canonical":"https:\/\/dlslawfirm.com\/es\/abogado-de-lesiones-personales-en-colorado-springs\/abogado-de-accidentes-de-camion-en-colorado-springs\/","og_locale":"es_MX","og_type":"article","og_title":"Abogado de accidentes de cami\u00f3n en Colorado Springs | Consulta gratuita 24\/7","og_description":"Si te ha atropellado un semirremolque, puede que est\u00e9s herido y necesites ayuda para pagar tus facturas. Ponte en contacto hoy mismo con nuestro abogado especializado en accidentes de cami\u00f3n en Colorado Springs.","og_url":"https:\/\/dlslawfirm.com\/es\/abogado-de-lesiones-personales-en-colorado-springs\/abogado-de-accidentes-de-camion-en-colorado-springs\/","og_site_name":"Law Offices of Dianne Sawaya LLC- En Espanol","og_image":[{"width":1600,"height":1067,"url":"https:\/\/dlslawfirm.com\/es\/wp-content\/uploads\/sites\/2\/2022\/06\/truck-accident.jpg","type":"image\/jpeg"}],"twitter_card":"summary_large_image","twitter_misc":{"Est. reading time":"6 minutos"},"schema":{"@context":"https:\/\/schema.org","@graph":[{"@type":"WebPage","@id":"https:\/\/dlslawfirm.com\/es\/abogado-de-lesiones-personales-en-colorado-springs\/abogado-de-accidentes-de-camion-en-colorado-springs\/","url":"https:\/\/dlslawfirm.com\/es\/abogado-de-lesiones-personales-en-colorado-springs\/abogado-de-accidentes-de-camion-en-colorado-springs\/","name":"Abogado de accidentes de cami\u00f3n en Colorado Springs | Consulta gratuita 24\/7","isPartOf":{"@id":"https:\/\/dlslawfirm.com\/es\/#website"},"primaryImageOfPage":{"@id":"https:\/\/dlslawfirm.com\/es\/abogado-de-lesiones-personales-en-colorado-springs\/abogado-de-accidentes-de-camion-en-colorado-springs\/#primaryimage"},"image":{"@id":"https:\/\/dlslawfirm.com\/es\/abogado-de-lesiones-personales-en-colorado-springs\/abogado-de-accidentes-de-camion-en-colorado-springs\/#primaryimage"},"thumbnailUrl":"https:\/\/dlslawfirm.com\/es\/wp-content\/uploads\/sites\/2\/2022\/06\/truck-accident.jpg","datePublished":"2023-06-11T22:09:56+00:00","description":"Si te ha atropellado un semirremolque, puede que est\u00e9s herido y necesites ayuda para pagar tus facturas. Ponte en contacto hoy mismo con nuestro abogado especializado en accidentes de cami\u00f3n en Colorado Springs.","breadcrumb":{"@id":"https:\/\/dlslawfirm.com\/es\/abogado-de-lesiones-personales-en-colorado-springs\/abogado-de-accidentes-de-camion-en-colorado-springs\/#breadcrumb"},"inLanguage":"es","potentialAction":[{"@type":"ReadAction","target":["https:\/\/dlslawfirm.com\/es\/abogado-de-lesiones-personales-en-colorado-springs\/abogado-de-accidentes-de-camion-en-colorado-springs\/"]}]},{"@type":"ImageObject","inLanguage":"es","@id":"https:\/\/dlslawfirm.com\/es\/abogado-de-lesiones-personales-en-colorado-springs\/abogado-de-accidentes-de-camion-en-colorado-springs\/#primaryimage","url":"https:\/\/dlslawfirm.com\/es\/wp-content\/uploads\/sites\/2\/2022\/06\/truck-accident.jpg","contentUrl":"https:\/\/dlslawfirm.com\/es\/wp-content\/uploads\/sites\/2\/2022\/06\/truck-accident.jpg","width":1600,"height":1067,"caption":"Semi-truck accident"},{"@type":"BreadcrumbList","@id":"https:\/\/dlslawfirm.com\/es\/abogado-de-lesiones-personales-en-colorado-springs\/abogado-de-accidentes-de-camion-en-colorado-springs\/#breadcrumb","itemListElement":[{"@type":"ListItem","position":1,"name":"Home","item":"https:\/\/dlslawfirm.com\/es\/"},{"@type":"ListItem","position":2,"name":"Abogado de lesiones personales en Colorado Springs","item":"https:\/\/dlslawfirm.com\/es\/abogado-de-lesiones-personales-en-colorado-springs\/"},{"@type":"ListItem","position":3,"name":"Abogado de accidentes de cami\u00f3n en Colorado Springs"}]},{"@type":"WebSite","@id":"https:\/\/dlslawfirm.com\/es\/#website","url":"https:\/\/dlslawfirm.com\/es\/","name":"Law Offices of Dianne Sawaya LLC- En Espanol","description":"","potentialAction":[{"@type":"SearchAction","target":{"@type":"EntryPoint","urlTemplate":"https:\/\/dlslawfirm.com\/es\/?s={search_term_string}"},"query-input":{"@type":"PropertyValueSpecification","valueRequired":true,"valueName":"search_term_string"}}],"inLanguage":"es"}]}},"_links":{"self":[{"href":"https:\/\/dlslawfirm.com\/es\/wp-json\/wp\/v2\/pages\/6831","targetHints":{"allow":["GET"]}}],"collection":[{"href":"https:\/\/dlslawfirm.com\/es\/wp-json\/wp\/v2\/pages"}],"about":[{"href":"https:\/\/dlslawfirm.com\/es\/wp-json\/wp\/v2\/types\/page"}],"author":[{"embeddable":true,"href":"https:\/\/dlslawfirm.com\/es\/wp-json\/wp\/v2\/users\/2"}],"replies":[{"embeddable":true,"href":"https:\/\/dlslawfirm.com\/es\/wp-json\/wp\/v2\/comments?post=6831"}],"version-history":[{"count":0,"href":"https:\/\/dlslawfirm.com\/es\/wp-json\/wp\/v2\/pages\/6831\/revisions"}],"up":[{"embeddable":true,"href":"https:\/\/dlslawfirm.com\/es\/wp-json\/wp\/v2\/pages\/6863"}],"wp:featuredmedia":[{"embeddable":true,"href":"https:\/\/dlslawfirm.com\/es\/wp-json\/wp\/v2\/media\/7217"}],"wp:attachment":[{"href":"https:\/\/dlslawfirm.com\/es\/wp-json\/wp\/v2\/media?parent=6831"}],"wp:term":[{"taxonomy":"post_tag","embeddable":true,"href":"https:\/\/dlslawfirm.com\/es\/wp-json\/wp\/v2\/tags?post=6831"}],"curies":[{"name":"wp","href":"https:\/\/api.w.org\/{rel}","templated":true}]}}