{"id":6830,"date":"2022-10-13T19:36:55","date_gmt":"2022-10-13T19:36:55","guid":{"rendered":"https:\/\/dlslawfirm.com\/abogado-de-lesiones-personales-en-castle-rock\/"},"modified":"2022-10-13T19:36:55","modified_gmt":"2022-10-13T19:36:55","slug":"abogado-de-lesiones-personales-en-castle-rock","status":"publish","type":"page","link":"https:\/\/dlslawfirm.com\/es\/abogado-de-lesiones-personales-en-castle-rock\/","title":{"rendered":"Abogado de lesiones personales en Castle Rock"},"content":{"rendered":"<h2>\u00bfQu\u00e9 es una lesi\u00f3n personal y cu\u00e1les son los tipos m\u00e1s comunes?<\/h2>\n<p>Una lesi\u00f3n personal es el resultado de un accidente causado por la negligencia de otra persona o entidad. El tipo m\u00e1s com\u00fan de lesiones personales son los accidentes de coche, cami\u00f3n, motocicleta, bicicleta y peat\u00f3n. Otros tipos de demandas por lesiones personales se refieren a productos de consumo defectuosos o mal dise\u00f1ados, mordeduras de perro, accidentes de navegaci\u00f3n y accidentes ocurridos en piscinas, parques tem\u00e1ticos y parques acu\u00e1ticos.<\/p>\n<p>Estar implicado en un accidente con lesiones personales en Castle Rock puede causarte una gran angustia mientras intentas hacer frente a los traumas econ\u00f3micos, m\u00e9dicos y emocionales derivados de tu accidente. Mientras te enfrentas al dolor f\u00edsico y posiblemente a la incapacidad de hacer las tareas cotidianas que antes hac\u00edas, tambi\u00e9n puedes tener que afrontar problemas emocionales. Puede ser dif\u00edcil predecir los efectos secundarios emocionales a largo plazo de una lesi\u00f3n causada por la negligencia de otro.<\/p>\n<p>Algunas personas experimentan estr\u00e9s extremo, ansiedad, ataques de p\u00e1nico, depresi\u00f3n e ira. Otros pueden experimentar humillaci\u00f3n, soledad o verg\u00fcenza como consecuencia de la desfiguraci\u00f3n f\u00edsica. Seg\u00fan el alcance de tus lesiones f\u00edsicas, tambi\u00e9n puedes experimentar miedo, soledad, cambios de humor, fatiga cr\u00f3nica y p\u00e9rdida de apetito.<\/p>\n<p>Puedes incluso revivir el accidente a trav\u00e9s de flashbacks o pesadillas, haciendo que te a\u00edsles retray\u00e9ndote socialmente. Si te encuentras en esta situaci\u00f3n, contar con un abogado fuerte puede marcar realmente la diferencia en el resultado de tu demanda por lesiones personales. Un abogado experto en lesiones personales de Castle Rock del bufete de Dianne Sawaya velar\u00e1 por ti, tu familia, tu salud y tu futuro.<\/p>\n[cta_interior title=&#8221;CTA Interior&#8221;]\n<h2>\u00bfD\u00f3nde puedo pedir ayuda si he sufrido lesiones personales?<\/h2>\n<p>Cuando eliges a un <a href=\"https:\/\/dlslawfirm.com\/attorneys\/\">abogado de lesiones personales<\/a> de Castle Rock del bufete de Dianne Sawaya, eliges a un bufete que se compromete a maximizar tu indemnizaci\u00f3n. Adem\u00e1s, nosotros:<\/p>\n<ul>\n<li>Tener m\u00e1s de 200 rese\u00f1as positivas en Google<\/li>\n<li>Son inteligentes, agresivos y compasivos<\/li>\n<li>Ofrece una consulta 100% gratuita, siempre<\/li>\n<li>No cobramos honorarios si no conseguimos una indemnizaci\u00f3n para ti<\/li>\n<li>Te ayudar\u00e1 a recibir los tratamientos m\u00e9dicos que necesitas para mejorar<\/li>\n<\/ul>\n<h2>Sobre Castle Rock, Colorado<\/h2>\n<p><a href=\"https:\/\/www.crgov.com\/\" target=\"_blank\" rel=\"noopener\">Castle Rock<\/a> es una ciudad aut\u00f3noma y la capital del condado de Douglas, Colorado. En 2020, la poblaci\u00f3n de Castle Rock era de unos 73.000 habitantes, un 52% m\u00e1s que en el censo de 2010.<\/p>\n<p>Los habitantes de Castle Rock, como los de cualquier ciudad o pueblo, pueden sufrir un accidente personal que les cause lesiones graves. Si has sufrido lesiones como consecuencia de la negligencia de otra persona o entidad, puedes tener una reclamaci\u00f3n v\u00e1lida por lesiones personales. Un abogado de lesiones personales de Castle Rock del bufete de Dianne Sawaya ha ayudado a cientos de personas como t\u00fa. Creemos en tu futuro y nos aseguraremos de que tus derechos est\u00e9n protegidos mientras luchamos por un acuerdo justo en tu nombre.<strong> <\/strong><\/p>\n<h2><strong>\u00bfCu\u00e1nto vale mi demanda por lesiones personales?<\/strong><\/h2>\n<p>Para calcular el valor de tu reclamaci\u00f3n ser\u00e1 necesario revisar los da\u00f1os que has sufrido como consecuencia de tus lesiones personales. Una vez que tengas una idea aproximada de tus da\u00f1os, un abogado del Bufete Jur\u00eddico de Dianne Sawaya determinar\u00e1 su valor utilizando m\u00e1s de 2 d\u00e9cadas de experiencia. Los da\u00f1os econ\u00f3micos incluyen los salarios perdidos, los gastos m\u00e9dicos y cualquier otro da\u00f1o que lleve aparejada una cuant\u00eda econ\u00f3mica. Los da\u00f1os econ\u00f3micos tambi\u00e9n se conocen como da\u00f1os especiales. Cualquier da\u00f1o que hayas sufrido como consecuencia de tu lesi\u00f3n personal y que tenga una cuant\u00eda real en d\u00f3lares es un da\u00f1o econ\u00f3mico.<\/p>\n<p>Los da\u00f1os no econ\u00f3micos son m\u00e1s subjetivos y, por tanto, menos f\u00e1ciles de cuantificar. Esto significa que puede ser m\u00e1s dif\u00edcil demostrar los da\u00f1os no econ\u00f3micos porque el jurado s\u00f3lo tiene tu palabra sobre tu nivel de dolor o sufrimiento emocional. Tu abogado puede traer a expertos que testifiquen sobre las muchas formas en que tu dolor y sufrimiento han cambiado tu capacidad para hacer las cosas que hac\u00edas antes del accidente.<strong> <\/strong><\/p>\n<h2><strong>\u00bfY si soy parcialmente culpable de mis lesiones?<\/strong><\/h2>\n<p>El estado de Colorado funciona con &#8220;negligencia comparativa modificada&#8221;. Esto significa que el demandante en el accidente puede haber sido parcialmente responsable del accidente. El jurado determinar\u00e1 el grado de culpa de cada parte, y luego se ajustar\u00e1 la indemnizaci\u00f3n por da\u00f1os y perjuicios en funci\u00f3n del porcentaje de culpa. En virtud de la negligencia comparativa modificada, si el demandante es responsable en un 50% o m\u00e1s de sus propias lesiones, no podr\u00e1 reclamar indemnizaci\u00f3n alguna.<\/p>\n<p>Si el demandante tiene un 49% o menos de culpa, a\u00fan puede reclamar da\u00f1os y perjuicios al demandado, pero la indemnizaci\u00f3n se ajustar\u00e1 a la baja en funci\u00f3n del porcentaje de culpa asignado al demandante. Como ejemplo, supongamos que la negligencia del demandado hizo que el demandante resbalara y se cayera en una tienda de comestibles. En el momento de la ca\u00edda, el demandante estaba mirando su tel\u00e9fono y no prestaba atenci\u00f3n al vertido en el suelo. Un jurado puede reducir la indemnizaci\u00f3n del demandante en un 10% o en la cantidad que decida.  <strong> <\/strong><\/p>\n<h2><strong>\u00bfCu\u00e1nto tiempo tiene una compa\u00f1\u00eda de seguros de Colorado para resolver una demanda por lesiones personales?<\/strong><\/h2>\n<p>El demandante en una demanda por lesiones personales dispone de tres a\u00f1os en caso de accidente de autom\u00f3vil y de dos a\u00f1os en caso de accidente en el que no est\u00e9 implicado un autom\u00f3vil, seg\u00fan la ley de prescripci\u00f3n de Colorado, para presentar una demanda por da\u00f1os y perjuicios. Las compa\u00f1\u00edas de seguros no tienen un calendario concreto para resolver las reclamaciones, pero la ley exige que lo hagan con &#8220;razonable prontitud&#8221;.<\/p>\n<p>Como demandante en una demanda por lesiones personales, tienes derecho a un acuerdo eficaz. Si crees que tu compa\u00f1\u00eda de seguros infringe la ley o act\u00faa de forma poco \u00e9tica, puedes presentar una demanda por mala fe. Una demanda por mala fe puede dar lugar a una indemnizaci\u00f3n por el acuerdo original junto con penalizaciones e intereses a\u00f1adidos.<strong> <\/strong><\/p>\n<h2><strong>\u00bfCu\u00e1nto cuesta un abogado de lesiones personales en Castle Rock?<\/strong><\/h2>\n<p>Cuando hayas sufrido lesiones graves por negligencia ajena y contrates a un abogado de lesiones personales de Castle Rock, no tendr\u00e1s que pagar por adelantado los honorarios y gastos legales. Los abogados de lesiones personales trabajan a cambio de un porcentaje de tu eventual indemnizaci\u00f3n. Tu abogado de lesiones personales no cobra a menos que se llegue a un acuerdo. Normalmente, ir a juicio aumentar\u00e1 el porcentaje que recibe el abogado. La preparaci\u00f3n de un juicio requiere investigar la jurisprudencia pertinente, preparar y presentar escritos jur\u00eddicos, asistir a vistas judiciales y tomar declaraciones.<\/p>\n<p>Todas estas tareas llevan mucho tiempo y tambi\u00e9n cuestan dinero al abogado. Firmar\u00e1s la tarifa de contingencia presentada por tu abogado, para que no haya sorpresas cuando se resuelva tu reclamaci\u00f3n. Los demandantes representados legalmente pr\u00e1cticamente siempre reciben un importe de conciliaci\u00f3n significativamente mayor que los que se representan a s\u00ed mismos.  <strong> <\/strong><\/p>\n<h2><strong>C\u00f3mo puede ayudar un abogado de lesiones personales de Castle Rock del bufete de Dianne Sawaya<\/strong><\/h2>\n<p>La abogada Dianne Sawaya y su equipo jur\u00eddico se dedican a presentar tu demanda por lesiones personales de la mejor manera posible para garantizar un acuerdo justo. Dianne tiene m\u00e1s de dos d\u00e9cadas de experiencia en reclamaciones por da\u00f1os personales. Esta amplia experiencia garantiza que recibir\u00e1s una investigaci\u00f3n exhaustiva de tu accidente y un reembolso justo por los da\u00f1os sufridos. Nos esforzaremos para que puedas reincorporarte a tu rutina diaria lo antes posible. Tu accidente es algo que probablemente nunca olvidar\u00e1s, pero tu futuro puede ser mucho m\u00e1s brillante si <a href=\"https:\/\/dlslawfirm.com\/contact-us\/\">te pones en contacto<\/a> con el Bufete de Dianne Sawaya.<\/p>\n","protected":false},"excerpt":{"rendered":"<p>\u00bfQu\u00e9 es una lesi\u00f3n personal y cu\u00e1les son los tipos m\u00e1s comunes? Una lesi\u00f3n personal es el resultado de un accidente causado por la negligencia de otra persona o entidad. El tipo m\u00e1s com\u00fan de lesiones personales son los accidentes de coche, cami\u00f3n, motocicleta, bicicleta y peat\u00f3n. Otros tipos de demandas por lesiones personales se&#8230;<\/p>\n","protected":false},"author":2,"featured_media":7265,"parent":0,"menu_order":0,"comment_status":"closed","ping_status":"closed","template":"","meta":{"_acf_changed":false,"footnotes":""},"tags":[],"class_list":["post-6830","page","type-page","status-publish","has-post-thumbnail","hentry"],"acf":[],"yoast_head":"<!-- This site is optimized with the Yoast SEO plugin v27.3 - https:\/\/yoast.com\/product\/yoast-seo-wordpress\/ -->\n<title>Castle Rock Abogado de Lesiones Personales | Despacho de Dianne L. Sawaya<\/title>\n<meta name=\"description\" content=\"Sufrir lesiones por negligencia ajena puede alterar toda tu vida. Ponte en contacto gratis con nuestros abogados de lesiones personales de Castle Rock.\" \/>\n<meta name=\"robots\" content=\"index, follow, max-snippet:-1, max-image-preview:large, max-video-preview:-1\" \/>\n<link rel=\"canonical\" href=\"https:\/\/dlslawfirm.com\/es\/abogado-de-lesiones-personales-en-castle-rock\/\" \/>\n<meta property=\"og:locale\" content=\"es_MX\" \/>\n<meta property=\"og:type\" content=\"article\" \/>\n<meta property=\"og:title\" content=\"Castle Rock Abogado de Lesiones Personales | Despacho de Dianne L. Sawaya\" \/>\n<meta property=\"og:description\" content=\"Sufrir lesiones por negligencia ajena puede alterar toda tu vida. Ponte en contacto gratis con nuestros abogados de lesiones personales de Castle Rock.\" \/>\n<meta property=\"og:url\" content=\"https:\/\/dlslawfirm.com\/es\/abogado-de-lesiones-personales-en-castle-rock\/\" \/>\n<meta property=\"og:site_name\" content=\"Law Offices of Dianne Sawaya LLC- En Espanol\" \/>\n<meta property=\"og:image\" content=\"https:\/\/dlslawfirm.com\/es\/wp-content\/uploads\/sites\/2\/2022\/06\/pexels-kindel-media-7298881.jpg\" \/>\n\t<meta property=\"og:image:width\" content=\"1600\" \/>\n\t<meta property=\"og:image:height\" content=\"901\" \/>\n\t<meta property=\"og:image:type\" content=\"image\/jpeg\" \/>\n<meta name=\"twitter:card\" content=\"summary_large_image\" \/>\n<meta name=\"twitter:label1\" content=\"Est. reading time\" \/>\n\t<meta name=\"twitter:data1\" content=\"7 minutos\" \/>\n<script type=\"application\/ld+json\" class=\"yoast-schema-graph\">{\"@context\":\"https:\\\/\\\/schema.org\",\"@graph\":[{\"@type\":\"WebPage\",\"@id\":\"https:\\\/\\\/dlslawfirm.com\\\/es\\\/abogado-de-lesiones-personales-en-castle-rock\\\/\",\"url\":\"https:\\\/\\\/dlslawfirm.com\\\/es\\\/abogado-de-lesiones-personales-en-castle-rock\\\/\",\"name\":\"Castle Rock Abogado de Lesiones Personales | Despacho de Dianne L. Sawaya\",\"isPartOf\":{\"@id\":\"https:\\\/\\\/dlslawfirm.com\\\/es\\\/#website\"},\"primaryImageOfPage\":{\"@id\":\"https:\\\/\\\/dlslawfirm.com\\\/es\\\/abogado-de-lesiones-personales-en-castle-rock\\\/#primaryimage\"},\"image\":{\"@id\":\"https:\\\/\\\/dlslawfirm.com\\\/es\\\/abogado-de-lesiones-personales-en-castle-rock\\\/#primaryimage\"},\"thumbnailUrl\":\"https:\\\/\\\/dlslawfirm.com\\\/es\\\/wp-content\\\/uploads\\\/sites\\\/2\\\/2022\\\/06\\\/pexels-kindel-media-7298881.jpg\",\"datePublished\":\"2022-10-13T19:36:55+00:00\",\"description\":\"Sufrir lesiones por negligencia ajena puede alterar toda tu vida. Ponte en contacto gratis con nuestros abogados de lesiones personales de Castle Rock.\",\"breadcrumb\":{\"@id\":\"https:\\\/\\\/dlslawfirm.com\\\/es\\\/abogado-de-lesiones-personales-en-castle-rock\\\/#breadcrumb\"},\"inLanguage\":\"es\",\"potentialAction\":[{\"@type\":\"ReadAction\",\"target\":[\"https:\\\/\\\/dlslawfirm.com\\\/es\\\/abogado-de-lesiones-personales-en-castle-rock\\\/\"]}]},{\"@type\":\"ImageObject\",\"inLanguage\":\"es\",\"@id\":\"https:\\\/\\\/dlslawfirm.com\\\/es\\\/abogado-de-lesiones-personales-en-castle-rock\\\/#primaryimage\",\"url\":\"https:\\\/\\\/dlslawfirm.com\\\/es\\\/wp-content\\\/uploads\\\/sites\\\/2\\\/2022\\\/06\\\/pexels-kindel-media-7298881.jpg\",\"contentUrl\":\"https:\\\/\\\/dlslawfirm.com\\\/es\\\/wp-content\\\/uploads\\\/sites\\\/2\\\/2022\\\/06\\\/pexels-kindel-media-7298881.jpg\",\"width\":1600,\"height\":901,\"caption\":\"person holding back of head\"},{\"@type\":\"BreadcrumbList\",\"@id\":\"https:\\\/\\\/dlslawfirm.com\\\/es\\\/abogado-de-lesiones-personales-en-castle-rock\\\/#breadcrumb\",\"itemListElement\":[{\"@type\":\"ListItem\",\"position\":1,\"name\":\"Home\",\"item\":\"https:\\\/\\\/dlslawfirm.com\\\/es\\\/\"},{\"@type\":\"ListItem\",\"position\":2,\"name\":\"Abogado de lesiones personales en Castle Rock\"}]},{\"@type\":\"WebSite\",\"@id\":\"https:\\\/\\\/dlslawfirm.com\\\/es\\\/#website\",\"url\":\"https:\\\/\\\/dlslawfirm.com\\\/es\\\/\",\"name\":\"Law Offices of Dianne Sawaya LLC- En Espanol\",\"description\":\"\",\"potentialAction\":[{\"@type\":\"SearchAction\",\"target\":{\"@type\":\"EntryPoint\",\"urlTemplate\":\"https:\\\/\\\/dlslawfirm.com\\\/es\\\/?s={search_term_string}\"},\"query-input\":{\"@type\":\"PropertyValueSpecification\",\"valueRequired\":true,\"valueName\":\"search_term_string\"}}],\"inLanguage\":\"es\"}]}<\/script>\n<!-- \/ Yoast SEO plugin. -->","yoast_head_json":{"title":"Castle Rock Abogado de Lesiones Personales | Despacho de Dianne L. Sawaya","description":"Sufrir lesiones por negligencia ajena puede alterar toda tu vida. Ponte en contacto gratis con nuestros abogados de lesiones personales de Castle Rock.","robots":{"index":"index","follow":"follow","max-snippet":"max-snippet:-1","max-image-preview":"max-image-preview:large","max-video-preview":"max-video-preview:-1"},"canonical":"https:\/\/dlslawfirm.com\/es\/abogado-de-lesiones-personales-en-castle-rock\/","og_locale":"es_MX","og_type":"article","og_title":"Castle Rock Abogado de Lesiones Personales | Despacho de Dianne L. Sawaya","og_description":"Sufrir lesiones por negligencia ajena puede alterar toda tu vida. Ponte en contacto gratis con nuestros abogados de lesiones personales de Castle Rock.","og_url":"https:\/\/dlslawfirm.com\/es\/abogado-de-lesiones-personales-en-castle-rock\/","og_site_name":"Law Offices of Dianne Sawaya LLC- En Espanol","og_image":[{"width":1600,"height":901,"url":"https:\/\/dlslawfirm.com\/es\/wp-content\/uploads\/sites\/2\/2022\/06\/pexels-kindel-media-7298881.jpg","type":"image\/jpeg"}],"twitter_card":"summary_large_image","twitter_misc":{"Est. reading time":"7 minutos"},"schema":{"@context":"https:\/\/schema.org","@graph":[{"@type":"WebPage","@id":"https:\/\/dlslawfirm.com\/es\/abogado-de-lesiones-personales-en-castle-rock\/","url":"https:\/\/dlslawfirm.com\/es\/abogado-de-lesiones-personales-en-castle-rock\/","name":"Castle Rock Abogado de Lesiones Personales | Despacho de Dianne L. Sawaya","isPartOf":{"@id":"https:\/\/dlslawfirm.com\/es\/#website"},"primaryImageOfPage":{"@id":"https:\/\/dlslawfirm.com\/es\/abogado-de-lesiones-personales-en-castle-rock\/#primaryimage"},"image":{"@id":"https:\/\/dlslawfirm.com\/es\/abogado-de-lesiones-personales-en-castle-rock\/#primaryimage"},"thumbnailUrl":"https:\/\/dlslawfirm.com\/es\/wp-content\/uploads\/sites\/2\/2022\/06\/pexels-kindel-media-7298881.jpg","datePublished":"2022-10-13T19:36:55+00:00","description":"Sufrir lesiones por negligencia ajena puede alterar toda tu vida. Ponte en contacto gratis con nuestros abogados de lesiones personales de Castle Rock.","breadcrumb":{"@id":"https:\/\/dlslawfirm.com\/es\/abogado-de-lesiones-personales-en-castle-rock\/#breadcrumb"},"inLanguage":"es","potentialAction":[{"@type":"ReadAction","target":["https:\/\/dlslawfirm.com\/es\/abogado-de-lesiones-personales-en-castle-rock\/"]}]},{"@type":"ImageObject","inLanguage":"es","@id":"https:\/\/dlslawfirm.com\/es\/abogado-de-lesiones-personales-en-castle-rock\/#primaryimage","url":"https:\/\/dlslawfirm.com\/es\/wp-content\/uploads\/sites\/2\/2022\/06\/pexels-kindel-media-7298881.jpg","contentUrl":"https:\/\/dlslawfirm.com\/es\/wp-content\/uploads\/sites\/2\/2022\/06\/pexels-kindel-media-7298881.jpg","width":1600,"height":901,"caption":"person holding back of head"},{"@type":"BreadcrumbList","@id":"https:\/\/dlslawfirm.com\/es\/abogado-de-lesiones-personales-en-castle-rock\/#breadcrumb","itemListElement":[{"@type":"ListItem","position":1,"name":"Home","item":"https:\/\/dlslawfirm.com\/es\/"},{"@type":"ListItem","position":2,"name":"Abogado de lesiones personales en Castle Rock"}]},{"@type":"WebSite","@id":"https:\/\/dlslawfirm.com\/es\/#website","url":"https:\/\/dlslawfirm.com\/es\/","name":"Law Offices of Dianne Sawaya LLC- En Espanol","description":"","potentialAction":[{"@type":"SearchAction","target":{"@type":"EntryPoint","urlTemplate":"https:\/\/dlslawfirm.com\/es\/?s={search_term_string}"},"query-input":{"@type":"PropertyValueSpecification","valueRequired":true,"valueName":"search_term_string"}}],"inLanguage":"es"}]}},"_links":{"self":[{"href":"https:\/\/dlslawfirm.com\/es\/wp-json\/wp\/v2\/pages\/6830","targetHints":{"allow":["GET"]}}],"collection":[{"href":"https:\/\/dlslawfirm.com\/es\/wp-json\/wp\/v2\/pages"}],"about":[{"href":"https:\/\/dlslawfirm.com\/es\/wp-json\/wp\/v2\/types\/page"}],"author":[{"embeddable":true,"href":"https:\/\/dlslawfirm.com\/es\/wp-json\/wp\/v2\/users\/2"}],"replies":[{"embeddable":true,"href":"https:\/\/dlslawfirm.com\/es\/wp-json\/wp\/v2\/comments?post=6830"}],"version-history":[{"count":0,"href":"https:\/\/dlslawfirm.com\/es\/wp-json\/wp\/v2\/pages\/6830\/revisions"}],"wp:featuredmedia":[{"embeddable":true,"href":"https:\/\/dlslawfirm.com\/es\/wp-json\/wp\/v2\/media\/7265"}],"wp:attachment":[{"href":"https:\/\/dlslawfirm.com\/es\/wp-json\/wp\/v2\/media?parent=6830"}],"wp:term":[{"taxonomy":"post_tag","embeddable":true,"href":"https:\/\/dlslawfirm.com\/es\/wp-json\/wp\/v2\/tags?post=6830"}],"curies":[{"name":"wp","href":"https:\/\/api.w.org\/{rel}","templated":true}]}}