{"id":6828,"date":"2023-06-11T22:17:44","date_gmt":"2023-06-11T22:17:44","guid":{"rendered":"https:\/\/dlslawfirm.com\/abogado-de-accidentes-de-camion-en-aurora\/"},"modified":"2023-06-11T22:17:44","modified_gmt":"2023-06-11T22:17:44","slug":"abogado-de-accidentes-de-camion-en-aurora","status":"publish","type":"page","link":"https:\/\/dlslawfirm.com\/es\/abogado-de-lesiones-personales-en-aurora\/abogado-de-accidentes-de-camion-en-aurora\/","title":{"rendered":"Abogado de accidentes de cami\u00f3n en Aurora"},"content":{"rendered":"<h2>Abogado de accidentes de semirremolque al servicio de Aurora, CO<\/h2>\n<p><span style=\"font-weight: 400\">Si te has visto implicado en un accidente con un cami\u00f3n, es posible que tengas complicaciones m\u00e9dicas, facturas y dolor cr\u00f3nico. Puedes tener derecho a una indemnizaci\u00f3n econ\u00f3mica por tus p\u00e9rdidas si las ha causado otra persona. Trabajar con un abogado especializado en accidentes de cami\u00f3n en Aurora puede ayudarte a minimizar tus p\u00e9rdidas y a asegurarte de que recibes la indemnizaci\u00f3n completa que te corresponde. El Bufete Jur\u00eddico de Dianne Sawaya abogar\u00e1 por ti, proporcion\u00e1ndote la orientaci\u00f3n y el apoyo que necesitas cuando te enfrentes a estas dif\u00edciles batallas legales.<\/span><\/p>\n<p><a href=\"https:\/\/leg.colorado.gov\/sites\/default\/files\/images\/olls\/crs2016-title-13.pdf\" target=\"_blank\" rel=\"noopener\"><span style=\"font-weight: 400\">La ley de Colorado establece<\/span><\/a><span style=\"font-weight: 400\">  que una persona puede ser considerada responsable de las p\u00e9rdidas econ\u00f3micas de otra parte si causa esos da\u00f1os. Cuando se trata de este tipo de lesiones personales, los da\u00f1os pueden ser importantes. Sin duda, nuestros abogados especialistas en accidentes de cami\u00f3n pueden ayudarte a conseguir la indemnizaci\u00f3n que mereces y a luchar para proteger tus derechos.<\/span><\/p>\n<p><span style=\"font-weight: 400\">La consulta inicial no tiene coste alguno. Tampoco nos deber\u00e1s nada si no te ayudamos a obtener una indemnizaci\u00f3n por tus p\u00e9rdidas. Ponte en contacto con el bufete de Dianne Sawaya hoy mismo para saber c\u00f3mo podemos ayudarte.<\/span><\/p>\n[cta_interior title=&#8221;CTA Interior&#8221;]\n<h2>Por qu\u00e9 necesitas un abogado de accidentes de cami\u00f3n<\/h2>\n<p><span style=\"font-weight: 400\">Un cami\u00f3n puede pesar 80.000 libras. Avanzar a gran velocidad hacia ti o desviarse hacia tu carril puede causar lesiones importantes y catastr\u00f3ficas. Por desgracia, este tipo de incidentes no son infrecuentes en Colorado.  <\/span><\/p>\n<p><span style=\"font-weight: 400\">En <\/span><a href=\"https:\/\/www.iihs.org\/topics\/fatality-statistics\/detail\/large-trucks\" target=\"_blank\" rel=\"noopener\"><br \/>\n  <span style=\"font-weight: 400\">Instituto de Seguros para la Seguridad en Carretera<\/span><br \/>\n<\/a><span style=\"font-weight: 400\">  comparte que, en 2020, 4.014 personas murieron en accidentes relacionados con camiones en Estados Unidos. Alrededor del 97% de los fallecidos en estos accidentes eran pasajeros de los veh\u00edculos. Muchos miles m\u00e1s sufrieron lesiones que les cambiaron la vida, a menudo cambiando su futuro y limitando su capacidad para disfrutar de la vida, trabajar en el mismo empleo o conducir un autom\u00f3vil.<\/span><\/p>\n<p><span style=\"font-weight: 400\">Contratar a un abogado experto en accidentes de cami\u00f3n es una de las cosas m\u00e1s importantes que puedes hacer si has resultado herido por un cami\u00f3n. Hay varias razones para ello:<\/span><\/p>\n<ul>\n<li style=\"font-weight: 400\"><span style=\"font-weight: 400\">Los camioneros suelen tener compa\u00f1\u00edas de seguros que trabajan para defenderlos. Eso significa a menudo que est\u00e1n trabajando para resolver tu caso, pag\u00e1ndote menos de lo que te deben.<\/span><\/li>\n<li style=\"font-weight: 400\"><span style=\"font-weight: 400\">Muchos accidentes de cami\u00f3n provocan complicaciones de salud a largo plazo. Si resuelves tu caso demasiado pronto o no reclamas todas tus p\u00e9rdidas, acabar\u00e1s perdiendo dinero que se te debe.<\/span><\/li>\n<li style=\"font-weight: 400\"><span style=\"font-weight: 400\">Los peritos del seguro se esforzar\u00e1n para que declares que tuviste parte de culpa, e incluso pueden intentar alegar que tus lesiones se deben a enfermedades preexistentes. Evita estos riesgos haciendo que un abogado trabaje para ti.  <\/span><\/li>\n<\/ul>\n<p><span style=\"font-weight: 400\">El Bufete de Dianne Sawaya reconoce tus riesgos. Al mismo tiempo, somos profesionales compasivos que nos esforzamos por colaborar estrechamente con nuestros clientes para garantizar que se satisfagan sus necesidades. Queremos que recibas la atenci\u00f3n m\u00e9dica que necesitas. Lucharemos agresivamente para defenderte en ese esfuerzo.<\/span><\/p>\n<h2>Lesiones comunes en accidentes de cami\u00f3n<\/h2>\n<p><span style=\"font-weight: 400\">El tipo de lesiones sufridas en accidentes de cami\u00f3n depende del lugar y tipo de impacto, del tipo de veh\u00edculo y de tu posici\u00f3n en el coche. La velocidad y la fuerza influyen en lo que te ocurre. Algunas de las lesiones m\u00e1s comunes por accidentes de cami\u00f3n que vemos son las siguientes:<\/span><\/p>\n<ul>\n<li style=\"font-weight: 400\"><span style=\"font-weight: 400\">Lesiones de espalda y cuello<\/span><\/li>\n<li style=\"font-weight: 400\"><span style=\"font-weight: 400\">Laceraciones  <\/span><\/li>\n<li style=\"font-weight: 400\"><span style=\"font-weight: 400\">Huesos rotos<\/span><\/li>\n<li style=\"font-weight: 400\"><span style=\"font-weight: 400\">Lesiones cerebrales traum\u00e1ticas<\/span><\/li>\n<li style=\"font-weight: 400\"><span style=\"font-weight: 400\">Lesiones medulares  <\/span><\/li>\n<li style=\"font-weight: 400\"><span style=\"font-weight: 400\">Quemaduras  <\/span><\/li>\n<\/ul>\n<p><span style=\"font-weight: 400\">Cuando trabajes con nuestros abogados especialistas en accidentes de cami\u00f3n en Aurora, te ayudaremos a determinar todas las p\u00e9rdidas relacionadas con tus lesiones, incluidos los gastos derivados de la atenci\u00f3n m\u00e9dica de urgencia, las intervenciones quir\u00fargicas, la atenci\u00f3n de especialistas y la rehabilitaci\u00f3n a largo plazo.  <\/span><\/p>\n<h2>\u00bfQu\u00e9 hace \u00fanicos a los accidentes de cami\u00f3n?<\/h2>\n<p><span style=\"font-weight: 400\">Es m\u00e1s probable que un accidente de cami\u00f3n cause da\u00f1os importantes y permanentes a una persona, simplemente por la intensidad y la fuerza del accidente. Estos veh\u00edculos pueden pesar entre 20 y 30 veces m\u00e1s que un coche de un solo pasajero. Tambi\u00e9n son m\u00e1s altos y tienen m\u00e1s distancia al suelo, lo que puede significar que los veh\u00edculos se deslicen bajo ellos, causando p\u00e9rdidas m\u00e1s importantes.<\/span><\/p>\n<p><span style=\"font-weight: 400\">Los accidentes de cami\u00f3n tambi\u00e9n tienen la particularidad de que las compa\u00f1\u00edas de seguros son muy h\u00e1biles a la hora de reducir las indemnizaciones pagadas por estos siniestros. Saben c\u00f3mo trabajar para que admitas errores o disminuyas la culpa.  <\/span><\/p>\n<p><span style=\"font-weight: 400\">Deja que el bufete de Dianne Sawaya te defienda. Permite que nuestros 25 a\u00f1os de experiencia se pongan a trabajar, protegiendo tu derecho a una indemnizaci\u00f3n tras haber sufrido p\u00e9rdidas.<\/span><\/p>\n<h2>Responsabilizar a la empresa de camiones<\/h2>\n<p><span style=\"font-weight: 400\">Nuestro objetivo en el Bufete de Dianne Sawaya es responsabilizar al camionero, a la empresa de transportes e incluso al fabricante del veh\u00edculo de los da\u00f1os y p\u00e9rdidas que te hayan causado. Creemos que tienes derecho a recibir una indemnizaci\u00f3n justa y que cubra todas tus p\u00e9rdidas, incluidas las f\u00edsicas, emocionales y econ\u00f3micas.  <\/span><\/p>\n<h2>Preguntas frecuentes sobre accidentes de cami\u00f3n<\/h2>\n<h3>\u00bfPor qu\u00e9 se producen los accidentes de cami\u00f3n?<\/h3>\n<p><span style=\"font-weight: 400\">Conductores distra\u00eddos, camioneros cansados, manejo y destreza deficientes, mal tiempo y equipos o mantenimiento defectuosos en los camiones son algunas de las razones m\u00e1s comunes por las que se producen accidentes de cami\u00f3n.<\/span><\/p>\n<h3>\u00bfQu\u00e9 ocurre si tengo algo de culpa en el accidente de cami\u00f3n?<\/h3>\n<p><span style=\"font-weight: 400\">Hay muchas situaciones en las que puedes ser parcialmente culpable de un accidente de cami\u00f3n, pero eso no significa que no se te deba una indemnizaci\u00f3n por tus p\u00e9rdidas. Si has sufrido lesiones en un accidente, debes consultar inmediatamente a un abogado experto en accidentes de cami\u00f3n en Aurora.<\/span><\/p>\n<h2>Contacta ahora con el bufete de Dianne Sawaya<\/h2>\n<p><span style=\"font-weight: 400\">Consigue un abogado experto en accidentes de cami\u00f3n en Aurora dedicado a ayudarte. Somos profesionales compasivos que quieren ayudarte, pero luchamos agresivamente para proteger tu capacidad de recibir una indemnizaci\u00f3n justa. Nos importa tu futuro. Comprendemos tu situaci\u00f3n.<\/span><\/p>\n<p><span style=\"font-weight: 400\">Y lo que es m\u00e1s importante, nos esforzaremos para que recibas la indemnizaci\u00f3n que se te debe. No queremos que tengas que tratar con compa\u00f1\u00edas de seguros. Siempre que es posible, negociamos el mejor acuerdo posible para ti, pero tambi\u00e9n acudiremos a los tribunales cuando sea necesario hacerlo.<\/span><\/p>\n<p><span style=\"font-weight: 400\"><a href=\"https:\/\/dlslawfirm.com\/contact-us\/\">Concierta<\/a> hoy mismo <a href=\"https:\/\/dlslawfirm.com\/contact-us\/\">una consulta gratuita<\/a> con el bufete de Dianne Sawaya. Hablemos de lo que te ha ocurrido y de c\u00f3mo pueden ayudarte nuestros abogados de accidentes de cami\u00f3n en Aurora. No pagar\u00e1s nada por hablar con nuestro equipo, y estamos disponibles 24 horas al d\u00eda, 7 d\u00edas a la semana, para ayudarte.<\/span><\/p>\n","protected":false},"excerpt":{"rendered":"<p>Abogado de accidentes de semirremolque al servicio de Aurora, CO Si te has visto implicado en un accidente con un cami\u00f3n, es posible que tengas complicaciones m\u00e9dicas, facturas y dolor cr\u00f3nico. Puedes tener derecho a una indemnizaci\u00f3n econ\u00f3mica por tus p\u00e9rdidas si las ha causado otra persona. Trabajar con un abogado especializado en accidentes de&#8230;<\/p>\n","protected":false},"author":2,"featured_media":7313,"parent":6886,"menu_order":0,"comment_status":"closed","ping_status":"closed","template":"","meta":{"_acf_changed":false,"footnotes":""},"tags":[],"class_list":["post-6828","page","type-page","status-publish","has-post-thumbnail","hentry"],"acf":[],"yoast_head":"<!-- This site is optimized with the Yoast SEO plugin v27.4 - https:\/\/yoast.com\/product\/yoast-seo-wordpress\/ -->\n<title>Abogado Accidente Cami\u00f3n Aurora | Consulta Gratuita 24\/7 | Llama Ahora<\/title>\n<meta name=\"description\" content=\"\u00bfAtropellado por un semirremolque en Aurora? Puede que necesites el servicio experimentado de un abogado de accidentes de cami\u00f3n en Aurora de DLS. Ponte en contacto con nosotros hoy mismo.\" \/>\n<meta name=\"robots\" content=\"index, follow, max-snippet:-1, max-image-preview:large, max-video-preview:-1\" \/>\n<link rel=\"canonical\" href=\"https:\/\/dlslawfirm.com\/es\/abogado-de-lesiones-personales-en-aurora\/abogado-de-accidentes-de-camion-en-aurora\/\" \/>\n<meta property=\"og:locale\" content=\"es_MX\" \/>\n<meta property=\"og:type\" content=\"article\" \/>\n<meta property=\"og:title\" content=\"Abogado Accidente Cami\u00f3n Aurora | Consulta Gratuita 24\/7 | Llama Ahora\" \/>\n<meta property=\"og:description\" content=\"\u00bfAtropellado por un semirremolque en Aurora? Puede que necesites el servicio experimentado de un abogado de accidentes de cami\u00f3n en Aurora de DLS. Ponte en contacto con nosotros hoy mismo.\" \/>\n<meta property=\"og:url\" content=\"https:\/\/dlslawfirm.com\/es\/abogado-de-lesiones-personales-en-aurora\/abogado-de-accidentes-de-camion-en-aurora\/\" \/>\n<meta property=\"og:site_name\" content=\"Law Offices of Dianne Sawaya LLC- En Espanol\" \/>\n<meta property=\"og:image\" content=\"https:\/\/dlslawfirm.com\/es\/wp-content\/uploads\/sites\/2\/2016\/12\/Semi-Truck.jpg\" \/>\n\t<meta property=\"og:image:width\" content=\"640\" \/>\n\t<meta property=\"og:image:height\" content=\"480\" \/>\n\t<meta property=\"og:image:type\" content=\"image\/jpeg\" \/>\n<meta name=\"twitter:card\" content=\"summary_large_image\" \/>\n<meta name=\"twitter:label1\" content=\"Est. reading time\" \/>\n\t<meta name=\"twitter:data1\" content=\"6 minutos\" \/>\n<script type=\"application\/ld+json\" class=\"yoast-schema-graph\">{\"@context\":\"https:\\\/\\\/schema.org\",\"@graph\":[{\"@type\":\"WebPage\",\"@id\":\"https:\\\/\\\/dlslawfirm.com\\\/es\\\/abogado-de-lesiones-personales-en-aurora\\\/abogado-de-accidentes-de-camion-en-aurora\\\/\",\"url\":\"https:\\\/\\\/dlslawfirm.com\\\/es\\\/abogado-de-lesiones-personales-en-aurora\\\/abogado-de-accidentes-de-camion-en-aurora\\\/\",\"name\":\"Abogado Accidente Cami\u00f3n Aurora | Consulta Gratuita 24\\\/7 | Llama Ahora\",\"isPartOf\":{\"@id\":\"https:\\\/\\\/dlslawfirm.com\\\/es\\\/#website\"},\"primaryImageOfPage\":{\"@id\":\"https:\\\/\\\/dlslawfirm.com\\\/es\\\/abogado-de-lesiones-personales-en-aurora\\\/abogado-de-accidentes-de-camion-en-aurora\\\/#primaryimage\"},\"image\":{\"@id\":\"https:\\\/\\\/dlslawfirm.com\\\/es\\\/abogado-de-lesiones-personales-en-aurora\\\/abogado-de-accidentes-de-camion-en-aurora\\\/#primaryimage\"},\"thumbnailUrl\":\"https:\\\/\\\/dlslawfirm.com\\\/es\\\/wp-content\\\/uploads\\\/sites\\\/2\\\/2016\\\/12\\\/Semi-Truck.jpg\",\"datePublished\":\"2023-06-11T22:17:44+00:00\",\"description\":\"\u00bfAtropellado por un semirremolque en Aurora? Puede que necesites el servicio experimentado de un abogado de accidentes de cami\u00f3n en Aurora de DLS. Ponte en contacto con nosotros hoy mismo.\",\"breadcrumb\":{\"@id\":\"https:\\\/\\\/dlslawfirm.com\\\/es\\\/abogado-de-lesiones-personales-en-aurora\\\/abogado-de-accidentes-de-camion-en-aurora\\\/#breadcrumb\"},\"inLanguage\":\"es\",\"potentialAction\":[{\"@type\":\"ReadAction\",\"target\":[\"https:\\\/\\\/dlslawfirm.com\\\/es\\\/abogado-de-lesiones-personales-en-aurora\\\/abogado-de-accidentes-de-camion-en-aurora\\\/\"]}]},{\"@type\":\"ImageObject\",\"inLanguage\":\"es\",\"@id\":\"https:\\\/\\\/dlslawfirm.com\\\/es\\\/abogado-de-lesiones-personales-en-aurora\\\/abogado-de-accidentes-de-camion-en-aurora\\\/#primaryimage\",\"url\":\"https:\\\/\\\/dlslawfirm.com\\\/es\\\/wp-content\\\/uploads\\\/sites\\\/2\\\/2016\\\/12\\\/Semi-Truck.jpg\",\"contentUrl\":\"https:\\\/\\\/dlslawfirm.com\\\/es\\\/wp-content\\\/uploads\\\/sites\\\/2\\\/2016\\\/12\\\/Semi-Truck.jpg\",\"width\":640,\"height\":480,\"caption\":\"Semi-Truck in Denver, CO\"},{\"@type\":\"BreadcrumbList\",\"@id\":\"https:\\\/\\\/dlslawfirm.com\\\/es\\\/abogado-de-lesiones-personales-en-aurora\\\/abogado-de-accidentes-de-camion-en-aurora\\\/#breadcrumb\",\"itemListElement\":[{\"@type\":\"ListItem\",\"position\":1,\"name\":\"Home\",\"item\":\"https:\\\/\\\/dlslawfirm.com\\\/es\\\/\"},{\"@type\":\"ListItem\",\"position\":2,\"name\":\"Abogado de lesiones personales en Aurora\",\"item\":\"https:\\\/\\\/dlslawfirm.com\\\/es\\\/abogado-de-lesiones-personales-en-aurora\\\/\"},{\"@type\":\"ListItem\",\"position\":3,\"name\":\"Abogado de accidentes de cami\u00f3n en Aurora\"}]},{\"@type\":\"WebSite\",\"@id\":\"https:\\\/\\\/dlslawfirm.com\\\/es\\\/#website\",\"url\":\"https:\\\/\\\/dlslawfirm.com\\\/es\\\/\",\"name\":\"Law Offices of Dianne Sawaya LLC- En Espanol\",\"description\":\"\",\"potentialAction\":[{\"@type\":\"SearchAction\",\"target\":{\"@type\":\"EntryPoint\",\"urlTemplate\":\"https:\\\/\\\/dlslawfirm.com\\\/es\\\/?s={search_term_string}\"},\"query-input\":{\"@type\":\"PropertyValueSpecification\",\"valueRequired\":true,\"valueName\":\"search_term_string\"}}],\"inLanguage\":\"es\"}]}<\/script>\n<!-- \/ Yoast SEO plugin. -->","yoast_head_json":{"title":"Abogado Accidente Cami\u00f3n Aurora | Consulta Gratuita 24\/7 | Llama Ahora","description":"\u00bfAtropellado por un semirremolque en Aurora? Puede que necesites el servicio experimentado de un abogado de accidentes de cami\u00f3n en Aurora de DLS. Ponte en contacto con nosotros hoy mismo.","robots":{"index":"index","follow":"follow","max-snippet":"max-snippet:-1","max-image-preview":"max-image-preview:large","max-video-preview":"max-video-preview:-1"},"canonical":"https:\/\/dlslawfirm.com\/es\/abogado-de-lesiones-personales-en-aurora\/abogado-de-accidentes-de-camion-en-aurora\/","og_locale":"es_MX","og_type":"article","og_title":"Abogado Accidente Cami\u00f3n Aurora | Consulta Gratuita 24\/7 | Llama Ahora","og_description":"\u00bfAtropellado por un semirremolque en Aurora? Puede que necesites el servicio experimentado de un abogado de accidentes de cami\u00f3n en Aurora de DLS. Ponte en contacto con nosotros hoy mismo.","og_url":"https:\/\/dlslawfirm.com\/es\/abogado-de-lesiones-personales-en-aurora\/abogado-de-accidentes-de-camion-en-aurora\/","og_site_name":"Law Offices of Dianne Sawaya LLC- En Espanol","og_image":[{"width":640,"height":480,"url":"https:\/\/dlslawfirm.com\/es\/wp-content\/uploads\/sites\/2\/2016\/12\/Semi-Truck.jpg","type":"image\/jpeg"}],"twitter_card":"summary_large_image","twitter_misc":{"Est. reading time":"6 minutos"},"schema":{"@context":"https:\/\/schema.org","@graph":[{"@type":"WebPage","@id":"https:\/\/dlslawfirm.com\/es\/abogado-de-lesiones-personales-en-aurora\/abogado-de-accidentes-de-camion-en-aurora\/","url":"https:\/\/dlslawfirm.com\/es\/abogado-de-lesiones-personales-en-aurora\/abogado-de-accidentes-de-camion-en-aurora\/","name":"Abogado Accidente Cami\u00f3n Aurora | Consulta Gratuita 24\/7 | Llama Ahora","isPartOf":{"@id":"https:\/\/dlslawfirm.com\/es\/#website"},"primaryImageOfPage":{"@id":"https:\/\/dlslawfirm.com\/es\/abogado-de-lesiones-personales-en-aurora\/abogado-de-accidentes-de-camion-en-aurora\/#primaryimage"},"image":{"@id":"https:\/\/dlslawfirm.com\/es\/abogado-de-lesiones-personales-en-aurora\/abogado-de-accidentes-de-camion-en-aurora\/#primaryimage"},"thumbnailUrl":"https:\/\/dlslawfirm.com\/es\/wp-content\/uploads\/sites\/2\/2016\/12\/Semi-Truck.jpg","datePublished":"2023-06-11T22:17:44+00:00","description":"\u00bfAtropellado por un semirremolque en Aurora? Puede que necesites el servicio experimentado de un abogado de accidentes de cami\u00f3n en Aurora de DLS. Ponte en contacto con nosotros hoy mismo.","breadcrumb":{"@id":"https:\/\/dlslawfirm.com\/es\/abogado-de-lesiones-personales-en-aurora\/abogado-de-accidentes-de-camion-en-aurora\/#breadcrumb"},"inLanguage":"es","potentialAction":[{"@type":"ReadAction","target":["https:\/\/dlslawfirm.com\/es\/abogado-de-lesiones-personales-en-aurora\/abogado-de-accidentes-de-camion-en-aurora\/"]}]},{"@type":"ImageObject","inLanguage":"es","@id":"https:\/\/dlslawfirm.com\/es\/abogado-de-lesiones-personales-en-aurora\/abogado-de-accidentes-de-camion-en-aurora\/#primaryimage","url":"https:\/\/dlslawfirm.com\/es\/wp-content\/uploads\/sites\/2\/2016\/12\/Semi-Truck.jpg","contentUrl":"https:\/\/dlslawfirm.com\/es\/wp-content\/uploads\/sites\/2\/2016\/12\/Semi-Truck.jpg","width":640,"height":480,"caption":"Semi-Truck in Denver, CO"},{"@type":"BreadcrumbList","@id":"https:\/\/dlslawfirm.com\/es\/abogado-de-lesiones-personales-en-aurora\/abogado-de-accidentes-de-camion-en-aurora\/#breadcrumb","itemListElement":[{"@type":"ListItem","position":1,"name":"Home","item":"https:\/\/dlslawfirm.com\/es\/"},{"@type":"ListItem","position":2,"name":"Abogado de lesiones personales en Aurora","item":"https:\/\/dlslawfirm.com\/es\/abogado-de-lesiones-personales-en-aurora\/"},{"@type":"ListItem","position":3,"name":"Abogado de accidentes de cami\u00f3n en Aurora"}]},{"@type":"WebSite","@id":"https:\/\/dlslawfirm.com\/es\/#website","url":"https:\/\/dlslawfirm.com\/es\/","name":"Law Offices of Dianne Sawaya LLC- En Espanol","description":"","potentialAction":[{"@type":"SearchAction","target":{"@type":"EntryPoint","urlTemplate":"https:\/\/dlslawfirm.com\/es\/?s={search_term_string}"},"query-input":{"@type":"PropertyValueSpecification","valueRequired":true,"valueName":"search_term_string"}}],"inLanguage":"es"}]}},"_links":{"self":[{"href":"https:\/\/dlslawfirm.com\/es\/wp-json\/wp\/v2\/pages\/6828","targetHints":{"allow":["GET"]}}],"collection":[{"href":"https:\/\/dlslawfirm.com\/es\/wp-json\/wp\/v2\/pages"}],"about":[{"href":"https:\/\/dlslawfirm.com\/es\/wp-json\/wp\/v2\/types\/page"}],"author":[{"embeddable":true,"href":"https:\/\/dlslawfirm.com\/es\/wp-json\/wp\/v2\/users\/2"}],"replies":[{"embeddable":true,"href":"https:\/\/dlslawfirm.com\/es\/wp-json\/wp\/v2\/comments?post=6828"}],"version-history":[{"count":0,"href":"https:\/\/dlslawfirm.com\/es\/wp-json\/wp\/v2\/pages\/6828\/revisions"}],"up":[{"embeddable":true,"href":"https:\/\/dlslawfirm.com\/es\/wp-json\/wp\/v2\/pages\/6886"}],"wp:featuredmedia":[{"embeddable":true,"href":"https:\/\/dlslawfirm.com\/es\/wp-json\/wp\/v2\/media\/7313"}],"wp:attachment":[{"href":"https:\/\/dlslawfirm.com\/es\/wp-json\/wp\/v2\/media?parent=6828"}],"wp:term":[{"taxonomy":"post_tag","embeddable":true,"href":"https:\/\/dlslawfirm.com\/es\/wp-json\/wp\/v2\/tags?post=6828"}],"curies":[{"name":"wp","href":"https:\/\/api.w.org\/{rel}","templated":true}]}}