{"id":6825,"date":"2023-06-11T22:34:28","date_gmt":"2023-06-11T22:34:28","guid":{"rendered":"https:\/\/dlslawfirm.com\/abogado-de-accidentes-de-moto-en-aurora\/"},"modified":"2023-06-11T22:34:28","modified_gmt":"2023-06-11T22:34:28","slug":"abogado-de-accidentes-de-moto-en-aurora","status":"publish","type":"page","link":"https:\/\/dlslawfirm.com\/es\/abogado-de-lesiones-personales-en-aurora\/abogado-de-accidentes-de-moto-en-aurora\/","title":{"rendered":"Abogado de accidentes de moto en Aurora"},"content":{"rendered":"<h2>Abogado de accidentes de moto al servicio de Aurora, CO<\/h2>\n<p><span style=\"font-weight: 400\">Si te has lesionado mientras conduc\u00edas, y otra persona caus\u00f3 tu accidente, puede que te corresponda una indemnizaci\u00f3n por tus p\u00e9rdidas. Un accidente de moto puede ser devastador y crear limitaciones a largo plazo para la salud y el bienestar. Incluso puede poner tu vida en peligro. En The Law Offices of Dianne Sawaya LLC, reconocemos las necesidades de los clientes de obtener una indemnizaci\u00f3n justa y completa por esas p\u00e9rdidas. Cuando trabajas con uno de nuestros abogados especialistas en accidentes de moto, obtienes apoyo y orientaci\u00f3n personalizados durante todo el proceso legal.<\/span><\/p>\n<p><span style=\"font-weight: 400\">Te recomendamos encarecidamente que cuentes con un abogado que te defienda tras un accidente de moto. No nos debes nada si no conseguimos llegar a un acuerdo por ti. Ofrecemos consultas iniciales 100% gratuitas para hablar de tu caso y estamos a tu disposici\u00f3n 24 horas al d\u00eda, 7 d\u00edas a la semana.<\/span><\/p>\n<p><a href=\"https:\/\/leg.colorado.gov\/sites\/default\/files\/images\/olls\/crs2016-title-13.pdf\" target=\"_blank\" rel=\"noopener\"><span style=\"font-weight: 400\">Ley de Colorado<\/span><\/a><span style=\"font-weight: 400\">  establece que si otra persona te causa p\u00e9rdidas por su comportamiento negligente, puedes tener derecho a una indemnizaci\u00f3n. Esto conlleva todas las p\u00e9rdidas que tengas, incluidas las facturas m\u00e9dicas, los procedimientos m\u00e9dicos de urgencia, el tiempo perdido en el trabajo, el dolor y el sufrimiento, la rehabilitaci\u00f3n a largo plazo y el tratamiento de salud mental. Deja que uno de nuestros abogados especializados en accidentes de moto te ayude a determinar cu\u00e1les son tus p\u00e9rdidas.<\/span><\/p>\n[cta_interior title=&#8221;CTA Interior&#8221;]\n<h2>Por qu\u00e9 necesitas un abogado de accidentes de moto<\/h2>\n<p><span style=\"font-weight: 400\">En <\/span><a href=\"https:\/\/www.codot.gov\/safety\/motorcycle\" target=\"_blank\" rel=\"noopener\"><br \/>\n  <span style=\"font-weight: 400\">Departamento de Transportes de Colorado<\/span><br \/>\n<\/a><span style=\"font-weight: 400\">  afirma que, en 2020, los accidentes de moto representaron s\u00f3lo el 3% de los accidentes en las carreteras del estado, pero fueron responsables del 22% de todas las v\u00edctimas mortales. Estos accidentes suelen ser devastadores, causan lesiones graves, p\u00e9rdidas catastr\u00f3ficas a largo plazo y la muerte. Debido a estas p\u00e9rdidas potenciales, te recomendamos encarecidamente que tengas a tu lado a un abogado experto en accidentes de moto durante toda tu batalla legal.<\/span><\/p>\n<p><span style=\"font-weight: 400\">Necesitas un abogado de accidentes de moto que pueda<\/span><\/p>\n<ul>\n<li style=\"font-weight: 400\"><span style=\"font-weight: 400\">Aseg\u00farate de que reconoces todas las p\u00e9rdidas potenciales que has sufrido<\/span><\/li>\n<li style=\"font-weight: 400\"><span style=\"font-weight: 400\">Abogar por ti ante la compa\u00f1\u00eda de seguros<\/span><\/li>\n<li style=\"font-weight: 400\"><span style=\"font-weight: 400\">Lucha contra las liquidaciones iniciales bajas  <\/span><\/li>\n<li style=\"font-weight: 400\"><span style=\"font-weight: 400\">Acude a los tribunales para defender tu derecho a indemnizaci\u00f3n si es necesario<\/span><\/li>\n<li style=\"font-weight: 400\"><span style=\"font-weight: 400\">Protegerte de reclamaciones y errores  <\/span><\/li>\n<\/ul>\n<p><span style=\"font-weight: 400\">En The Law Offices of Dianne Sawaya LLC, te ayudamos a recuperarte de este acontecimiento traum\u00e1tico. Eso incluye lo f\u00edsico, pero tambi\u00e9n lo emocional y lo econ\u00f3mico. Hay muchos pasos que debes dar en estos asuntos legales, y a menudo pueden dar lugar a complejas batallas legales a largo plazo. Con la ayuda de un abogado de Aurora experto en accidentes de moto, puedes estar seguro de acudir a cualquier tribunal si es necesario.<\/span><\/p>\n<h2>Lesiones comunes en accidentes de moto<\/h2>\n<p><span style=\"font-weight: 400\">En <\/span><a href=\"https:\/\/www.iii.org\/fact-statistic\/facts-statistics-motorcycle-crashes\" target=\"_blank\" rel=\"noopener\"><br \/>\n  <span style=\"font-weight: 400\">Instituto de Informaci\u00f3n sobre Seguros<\/span><br \/>\n<\/a><span style=\"font-weight: 400\">  comparte que 5.579 personas murieron como consecuencia de un accidente de moto en EE.UU. en 2020. Adem\u00e1s, 83.000 personas sufrieron lesiones importantes a causa de esos accidentes. Algunas de las lesiones m\u00e1s comunes de los accidentes de moto son:<\/span><\/p>\n<ul>\n<li style=\"font-weight: 400\"><span style=\"font-weight: 400\">Fracturas \u00f3seas y accidentes por aplastamiento<\/span><\/li>\n<li style=\"font-weight: 400\"><span style=\"font-weight: 400\">Fracturas y desfiguraciones faciales<\/span><\/li>\n<li style=\"font-weight: 400\"><span style=\"font-weight: 400\">Quemaduras  <\/span><\/li>\n<li style=\"font-weight: 400\"><span style=\"font-weight: 400\">Rozaduras<\/span><\/li>\n<li style=\"font-weight: 400\"><span style=\"font-weight: 400\">Lesiones medulares<\/span><\/li>\n<li style=\"font-weight: 400\"><span style=\"font-weight: 400\">Amputaci\u00f3n o p\u00e9rdida de uso de una extremidad<\/span><\/li>\n<li style=\"font-weight: 400\"><span style=\"font-weight: 400\">Par\u00e1lisis  <\/span><\/li>\n<li style=\"font-weight: 400\"><span style=\"font-weight: 400\">Lesiones cerebrales traum\u00e1ticas<\/span><\/li>\n<li style=\"font-weight: 400\"><span style=\"font-weight: 400\">Muerte<\/span><\/li>\n<\/ul>\n<p><span style=\"font-weight: 400\">Muchas personas necesitan atenci\u00f3n m\u00e9dica de urgencia, cirug\u00eda, estancias hospitalarias prolongadas, control de infecciones y rehabilitaci\u00f3n. Algunos necesitan aprender a andar de nuevo. La mayor\u00eda necesitar\u00e1 ayuda para gestionar la carga emocional de este tipo de incidentes. Es posible que algunas personas no puedan volver al trabajo o sufran un dolor importante y cr\u00f3nico de forma continuada.<\/span><\/p>\n<p><span style=\"font-weight: 400\">Contar con un abogado especialista en accidentes de moto es una de las decisiones m\u00e1s importantes que puedes tomar para asegurarte de recibir una indemnizaci\u00f3n por todas las p\u00e9rdidas sufridas.<\/span><\/p>\n<h2>\u00bfQu\u00e9 hace \u00fanicos a los accidentes de moto?<\/h2>\n<p><span style=\"font-weight: 400\">Los conductores de motocicletas corren un riesgo muy alto de sufrir lesiones graves. A menudo se trata de lesiones catastr\u00f3ficas, muchas de las cuales son permanentes y tienen repercusiones duraderas en la movilidad, la salud, el bienestar y la calidad de vida. A diferencia de un accidente de coche, estos conductores no est\u00e1n protegidos por un exterior duro, cinturones de seguridad y airbags. La recuperaci\u00f3n suele durar mucho tiempo y requiere atenci\u00f3n m\u00e9dica continuada mucho despu\u00e9s de salir del hospital.  <\/span><\/p>\n<h2>Accidentes de moto y compa\u00f1\u00edas de seguros<\/h2>\n<p><span style=\"font-weight: 400\">Trabajar con un abogado de accidentes de moto en Aurora bien cualificado de The Law Offices of Dianne Sawaya LLC te permite obtener el nivel de atenci\u00f3n y apoyo que necesitas, incluida la colaboraci\u00f3n con la compa\u00f1\u00eda de seguros. Abogamos por ti de muchas maneras:<\/span><\/p>\n<ul>\n<li style=\"font-weight: 400\"><span style=\"font-weight: 400\">Proporcionamos una atenci\u00f3n compasiva a nuestros clientes y nos preocupamos por tu recuperaci\u00f3n a largo plazo.<\/span><\/li>\n<li style=\"font-weight: 400\"><span style=\"font-weight: 400\">Puedes esperar que negociemos en tu nombre para asegurarnos de que recibes la indemnizaci\u00f3n que se te debe.<\/span><\/li>\n<li style=\"font-weight: 400\"><span style=\"font-weight: 400\">Nuestros abogados expertos en accidentes de moto se asegurar\u00e1n de que no te conformes con una indemnizaci\u00f3n baja cuando se te debe m\u00e1s.  <\/span><\/li>\n<\/ul>\n<p><span style=\"font-weight: 400\">En todas las situaciones, las compa\u00f1\u00edas de seguros quieren resolver el caso por la cantidad m\u00e1s baja posible. Muchos motoristas no cuentan con un abogado que les represente para asegurarse de que el perito del seguro no intenta perjudicarles. Nuestro abogado especializado en accidentes de moto gestionar\u00e1 todas las comunicaciones contigo y con la compa\u00f1\u00eda de seguros y negociar\u00e1 un acuerdo justo. Cuando sea necesario, litigaremos para ayudarte a obtener la indemnizaci\u00f3n que se te debe.<\/span><\/p>\n<h2>Preguntas frecuentes sobre accidentes de moto<\/h2>\n<h3>\u00bfCu\u00e1nto tiempo despu\u00e9s de un accidente de moto puedo presentar una reclamaci\u00f3n?<\/h3>\n<p><span style=\"font-weight: 400\">En Colorado, existe un plazo de tres a\u00f1os denominado prescripci\u00f3n. Resolver o archivar tu caso antes es esencial. Si sufres lesiones, no tardes en ponerte en contacto con un abogado para que te apoye en el avance de tu caso: no esperes hasta el \u00faltimo momento.<\/span><\/p>\n<h3>Necesito pagar mis facturas m\u00e9dicas. \u00bfDebo llegar a un acuerdo en mi caso de accidente de moto?<\/h3>\n<p><span style=\"font-weight: 400\">Muchos motoristas se encuentran en esta situaci\u00f3n, pero no resuelvas tu siniestro demasiado pronto o por menos de lo que se te debe. Trabajar con uno de nuestros abogados de accidentes de moto en Aurora puede ayudarte a no tener que preocuparte por pagar tus facturas m\u00e9dicas antes de recibir tu indemnizaci\u00f3n. Abogaremos por ti a lo largo de este proceso legal para asegurarnos de que recibes la atenci\u00f3n m\u00e9dica que necesitas.<\/span><\/p>\n<h2>Contacta ahora con el bufete de Dianne Sawaya<\/h2>\n<p><span style=\"font-weight: 400\">Ponte en contacto hoy mismo con uno de nuestros abogados especializados en accidentes de moto para que te ayude a navegar por las complejidades de este tipo de casos de lesiones personales. El Bufete de Dianne Sawaya se compromete a permanecer a tu lado en estos momentos dif\u00edciles. Entre las razones para trabajar con nuestro equipo jur\u00eddico est\u00e1n:<\/span><\/p>\n<ul>\n<li style=\"font-weight: 400\"><span style=\"font-weight: 400\">Somos abogados muy respetados, con m\u00e1s de 200 rese\u00f1as positivas en Google de nuestros clientes.  <\/span><\/li>\n<li style=\"font-weight: 400\"><span style=\"font-weight: 400\">No nos debes nada si no te ayudamos a obtener la indemnizaci\u00f3n que te corresponde.<\/span><\/li>\n<li style=\"font-weight: 400\"><span style=\"font-weight: 400\">Somos compasivos con lo que est\u00e1s afrontando y agresivos en la b\u00fasqueda de una indemnizaci\u00f3n completa por tus lesiones.  <\/span><\/li>\n<\/ul>\n<p><span style=\"font-weight: 400\">Permite que nuestro equipo jur\u00eddico te proporcione la orientaci\u00f3n que necesitas. <a href=\"https:\/\/dlslawfirm.com\/contact-us\/\">Ponte en contacto con<\/a> nosotros ahora para una consulta gratuita y hablar de tu caso.<\/span><\/p>\n","protected":false},"excerpt":{"rendered":"<p>Abogado de accidentes de moto al servicio de Aurora, CO Si te has lesionado mientras conduc\u00edas, y otra persona caus\u00f3 tu accidente, puede que te corresponda una indemnizaci\u00f3n por tus p\u00e9rdidas. Un accidente de moto puede ser devastador y crear limitaciones a largo plazo para la salud y el bienestar. Incluso puede poner tu vida&#8230;<\/p>\n","protected":false},"author":2,"featured_media":2962,"parent":6886,"menu_order":0,"comment_status":"closed","ping_status":"closed","template":"","meta":{"_acf_changed":false,"footnotes":""},"tags":[],"class_list":["post-6825","page","type-page","status-publish","has-post-thumbnail","hentry"],"acf":[],"yoast_head":"<!-- This site is optimized with the Yoast SEO plugin v27.3 - https:\/\/yoast.com\/product\/yoast-seo-wordpress\/ -->\n<title>Abogado Accidente Moto Aurora | Consulta Gratuita 24\/7<\/title>\n<meta name=\"description\" content=\"Si has tenido un accidente de moto, puedes tener derecho a una indemnizaci\u00f3n. Ponte en contacto hoy mismo con un abogado de DLS especializado en accidentes de moto en Aurora.\" \/>\n<meta name=\"robots\" content=\"index, follow, max-snippet:-1, max-image-preview:large, max-video-preview:-1\" \/>\n<link rel=\"canonical\" href=\"https:\/\/dlslawfirm.com\/es\/abogado-de-lesiones-personales-en-aurora\/abogado-de-accidentes-de-moto-en-aurora\/\" \/>\n<meta property=\"og:locale\" content=\"es_MX\" \/>\n<meta property=\"og:type\" content=\"article\" \/>\n<meta property=\"og:title\" content=\"Abogado Accidente Moto Aurora | Consulta Gratuita 24\/7\" \/>\n<meta property=\"og:description\" content=\"Si has tenido un accidente de moto, puedes tener derecho a una indemnizaci\u00f3n. Ponte en contacto hoy mismo con un abogado de DLS especializado en accidentes de moto en Aurora.\" \/>\n<meta property=\"og:url\" content=\"https:\/\/dlslawfirm.com\/es\/abogado-de-lesiones-personales-en-aurora\/abogado-de-accidentes-de-moto-en-aurora\/\" \/>\n<meta property=\"og:site_name\" content=\"Law Offices of Dianne Sawaya LLC- En Espanol\" \/>\n<meta property=\"og:image\" content=\"https:\/\/dlslawfirm.com\/es\/wp-content\/uploads\/sites\/2\/2016\/05\/motorcyclelaws.jpg\" \/>\n\t<meta property=\"og:image:width\" content=\"849\" \/>\n\t<meta property=\"og:image:height\" content=\"566\" \/>\n\t<meta property=\"og:image:type\" content=\"image\/jpeg\" \/>\n<meta name=\"twitter:card\" content=\"summary_large_image\" \/>\n<meta name=\"twitter:label1\" content=\"Est. reading time\" \/>\n\t<meta name=\"twitter:data1\" content=\"6 minutos\" \/>\n<script type=\"application\/ld+json\" class=\"yoast-schema-graph\">{\"@context\":\"https:\\\/\\\/schema.org\",\"@graph\":[{\"@type\":\"WebPage\",\"@id\":\"https:\\\/\\\/dlslawfirm.com\\\/es\\\/abogado-de-lesiones-personales-en-aurora\\\/abogado-de-accidentes-de-moto-en-aurora\\\/\",\"url\":\"https:\\\/\\\/dlslawfirm.com\\\/es\\\/abogado-de-lesiones-personales-en-aurora\\\/abogado-de-accidentes-de-moto-en-aurora\\\/\",\"name\":\"Abogado Accidente Moto Aurora | Consulta Gratuita 24\\\/7\",\"isPartOf\":{\"@id\":\"https:\\\/\\\/dlslawfirm.com\\\/es\\\/#website\"},\"primaryImageOfPage\":{\"@id\":\"https:\\\/\\\/dlslawfirm.com\\\/es\\\/abogado-de-lesiones-personales-en-aurora\\\/abogado-de-accidentes-de-moto-en-aurora\\\/#primaryimage\"},\"image\":{\"@id\":\"https:\\\/\\\/dlslawfirm.com\\\/es\\\/abogado-de-lesiones-personales-en-aurora\\\/abogado-de-accidentes-de-moto-en-aurora\\\/#primaryimage\"},\"thumbnailUrl\":\"https:\\\/\\\/dlslawfirm.com\\\/es\\\/wp-content\\\/uploads\\\/sites\\\/2\\\/2016\\\/05\\\/motorcyclelaws.jpg\",\"datePublished\":\"2023-06-11T22:34:28+00:00\",\"description\":\"Si has tenido un accidente de moto, puedes tener derecho a una indemnizaci\u00f3n. Ponte en contacto hoy mismo con un abogado de DLS especializado en accidentes de moto en Aurora.\",\"breadcrumb\":{\"@id\":\"https:\\\/\\\/dlslawfirm.com\\\/es\\\/abogado-de-lesiones-personales-en-aurora\\\/abogado-de-accidentes-de-moto-en-aurora\\\/#breadcrumb\"},\"inLanguage\":\"es\",\"potentialAction\":[{\"@type\":\"ReadAction\",\"target\":[\"https:\\\/\\\/dlslawfirm.com\\\/es\\\/abogado-de-lesiones-personales-en-aurora\\\/abogado-de-accidentes-de-moto-en-aurora\\\/\"]}]},{\"@type\":\"ImageObject\",\"inLanguage\":\"es\",\"@id\":\"https:\\\/\\\/dlslawfirm.com\\\/es\\\/abogado-de-lesiones-personales-en-aurora\\\/abogado-de-accidentes-de-moto-en-aurora\\\/#primaryimage\",\"url\":\"https:\\\/\\\/dlslawfirm.com\\\/es\\\/wp-content\\\/uploads\\\/sites\\\/2\\\/2016\\\/05\\\/motorcyclelaws.jpg\",\"contentUrl\":\"https:\\\/\\\/dlslawfirm.com\\\/es\\\/wp-content\\\/uploads\\\/sites\\\/2\\\/2016\\\/05\\\/motorcyclelaws.jpg\",\"width\":849,\"height\":566,\"caption\":\"motorcycle laws\"},{\"@type\":\"BreadcrumbList\",\"@id\":\"https:\\\/\\\/dlslawfirm.com\\\/es\\\/abogado-de-lesiones-personales-en-aurora\\\/abogado-de-accidentes-de-moto-en-aurora\\\/#breadcrumb\",\"itemListElement\":[{\"@type\":\"ListItem\",\"position\":1,\"name\":\"Home\",\"item\":\"https:\\\/\\\/dlslawfirm.com\\\/es\\\/\"},{\"@type\":\"ListItem\",\"position\":2,\"name\":\"Abogado de lesiones personales en Aurora\",\"item\":\"https:\\\/\\\/dlslawfirm.com\\\/es\\\/abogado-de-lesiones-personales-en-aurora\\\/\"},{\"@type\":\"ListItem\",\"position\":3,\"name\":\"Abogado de accidentes de moto en Aurora\"}]},{\"@type\":\"WebSite\",\"@id\":\"https:\\\/\\\/dlslawfirm.com\\\/es\\\/#website\",\"url\":\"https:\\\/\\\/dlslawfirm.com\\\/es\\\/\",\"name\":\"Law Offices of Dianne Sawaya LLC- En Espanol\",\"description\":\"\",\"potentialAction\":[{\"@type\":\"SearchAction\",\"target\":{\"@type\":\"EntryPoint\",\"urlTemplate\":\"https:\\\/\\\/dlslawfirm.com\\\/es\\\/?s={search_term_string}\"},\"query-input\":{\"@type\":\"PropertyValueSpecification\",\"valueRequired\":true,\"valueName\":\"search_term_string\"}}],\"inLanguage\":\"es\"}]}<\/script>\n<!-- \/ Yoast SEO plugin. -->","yoast_head_json":{"title":"Abogado Accidente Moto Aurora | Consulta Gratuita 24\/7","description":"Si has tenido un accidente de moto, puedes tener derecho a una indemnizaci\u00f3n. Ponte en contacto hoy mismo con un abogado de DLS especializado en accidentes de moto en Aurora.","robots":{"index":"index","follow":"follow","max-snippet":"max-snippet:-1","max-image-preview":"max-image-preview:large","max-video-preview":"max-video-preview:-1"},"canonical":"https:\/\/dlslawfirm.com\/es\/abogado-de-lesiones-personales-en-aurora\/abogado-de-accidentes-de-moto-en-aurora\/","og_locale":"es_MX","og_type":"article","og_title":"Abogado Accidente Moto Aurora | Consulta Gratuita 24\/7","og_description":"Si has tenido un accidente de moto, puedes tener derecho a una indemnizaci\u00f3n. Ponte en contacto hoy mismo con un abogado de DLS especializado en accidentes de moto en Aurora.","og_url":"https:\/\/dlslawfirm.com\/es\/abogado-de-lesiones-personales-en-aurora\/abogado-de-accidentes-de-moto-en-aurora\/","og_site_name":"Law Offices of Dianne Sawaya LLC- En Espanol","og_image":[{"width":849,"height":566,"url":"https:\/\/dlslawfirm.com\/es\/wp-content\/uploads\/sites\/2\/2016\/05\/motorcyclelaws.jpg","type":"image\/jpeg"}],"twitter_card":"summary_large_image","twitter_misc":{"Est. reading time":"6 minutos"},"schema":{"@context":"https:\/\/schema.org","@graph":[{"@type":"WebPage","@id":"https:\/\/dlslawfirm.com\/es\/abogado-de-lesiones-personales-en-aurora\/abogado-de-accidentes-de-moto-en-aurora\/","url":"https:\/\/dlslawfirm.com\/es\/abogado-de-lesiones-personales-en-aurora\/abogado-de-accidentes-de-moto-en-aurora\/","name":"Abogado Accidente Moto Aurora | Consulta Gratuita 24\/7","isPartOf":{"@id":"https:\/\/dlslawfirm.com\/es\/#website"},"primaryImageOfPage":{"@id":"https:\/\/dlslawfirm.com\/es\/abogado-de-lesiones-personales-en-aurora\/abogado-de-accidentes-de-moto-en-aurora\/#primaryimage"},"image":{"@id":"https:\/\/dlslawfirm.com\/es\/abogado-de-lesiones-personales-en-aurora\/abogado-de-accidentes-de-moto-en-aurora\/#primaryimage"},"thumbnailUrl":"https:\/\/dlslawfirm.com\/es\/wp-content\/uploads\/sites\/2\/2016\/05\/motorcyclelaws.jpg","datePublished":"2023-06-11T22:34:28+00:00","description":"Si has tenido un accidente de moto, puedes tener derecho a una indemnizaci\u00f3n. Ponte en contacto hoy mismo con un abogado de DLS especializado en accidentes de moto en Aurora.","breadcrumb":{"@id":"https:\/\/dlslawfirm.com\/es\/abogado-de-lesiones-personales-en-aurora\/abogado-de-accidentes-de-moto-en-aurora\/#breadcrumb"},"inLanguage":"es","potentialAction":[{"@type":"ReadAction","target":["https:\/\/dlslawfirm.com\/es\/abogado-de-lesiones-personales-en-aurora\/abogado-de-accidentes-de-moto-en-aurora\/"]}]},{"@type":"ImageObject","inLanguage":"es","@id":"https:\/\/dlslawfirm.com\/es\/abogado-de-lesiones-personales-en-aurora\/abogado-de-accidentes-de-moto-en-aurora\/#primaryimage","url":"https:\/\/dlslawfirm.com\/es\/wp-content\/uploads\/sites\/2\/2016\/05\/motorcyclelaws.jpg","contentUrl":"https:\/\/dlslawfirm.com\/es\/wp-content\/uploads\/sites\/2\/2016\/05\/motorcyclelaws.jpg","width":849,"height":566,"caption":"motorcycle laws"},{"@type":"BreadcrumbList","@id":"https:\/\/dlslawfirm.com\/es\/abogado-de-lesiones-personales-en-aurora\/abogado-de-accidentes-de-moto-en-aurora\/#breadcrumb","itemListElement":[{"@type":"ListItem","position":1,"name":"Home","item":"https:\/\/dlslawfirm.com\/es\/"},{"@type":"ListItem","position":2,"name":"Abogado de lesiones personales en Aurora","item":"https:\/\/dlslawfirm.com\/es\/abogado-de-lesiones-personales-en-aurora\/"},{"@type":"ListItem","position":3,"name":"Abogado de accidentes de moto en Aurora"}]},{"@type":"WebSite","@id":"https:\/\/dlslawfirm.com\/es\/#website","url":"https:\/\/dlslawfirm.com\/es\/","name":"Law Offices of Dianne Sawaya LLC- En Espanol","description":"","potentialAction":[{"@type":"SearchAction","target":{"@type":"EntryPoint","urlTemplate":"https:\/\/dlslawfirm.com\/es\/?s={search_term_string}"},"query-input":{"@type":"PropertyValueSpecification","valueRequired":true,"valueName":"search_term_string"}}],"inLanguage":"es"}]}},"_links":{"self":[{"href":"https:\/\/dlslawfirm.com\/es\/wp-json\/wp\/v2\/pages\/6825","targetHints":{"allow":["GET"]}}],"collection":[{"href":"https:\/\/dlslawfirm.com\/es\/wp-json\/wp\/v2\/pages"}],"about":[{"href":"https:\/\/dlslawfirm.com\/es\/wp-json\/wp\/v2\/types\/page"}],"author":[{"embeddable":true,"href":"https:\/\/dlslawfirm.com\/es\/wp-json\/wp\/v2\/users\/2"}],"replies":[{"embeddable":true,"href":"https:\/\/dlslawfirm.com\/es\/wp-json\/wp\/v2\/comments?post=6825"}],"version-history":[{"count":0,"href":"https:\/\/dlslawfirm.com\/es\/wp-json\/wp\/v2\/pages\/6825\/revisions"}],"up":[{"embeddable":true,"href":"https:\/\/dlslawfirm.com\/es\/wp-json\/wp\/v2\/pages\/6886"}],"wp:featuredmedia":[{"embeddable":true,"href":"https:\/\/dlslawfirm.com\/es\/wp-json\/wp\/v2\/media\/2962"}],"wp:attachment":[{"href":"https:\/\/dlslawfirm.com\/es\/wp-json\/wp\/v2\/media?parent=6825"}],"wp:term":[{"taxonomy":"post_tag","embeddable":true,"href":"https:\/\/dlslawfirm.com\/es\/wp-json\/wp\/v2\/tags?post=6825"}],"curies":[{"name":"wp","href":"https:\/\/api.w.org\/{rel}","templated":true}]}}