{"id":6823,"date":"2023-06-15T16:48:14","date_gmt":"2023-06-15T16:48:14","guid":{"rendered":"https:\/\/dlslawfirm.com\/abogado-de-accidentes-de-moto-en-loveland\/"},"modified":"2023-06-15T16:48:14","modified_gmt":"2023-06-15T16:48:14","slug":"abogado-de-accidentes-de-moto-en-loveland","status":"publish","type":"page","link":"https:\/\/dlslawfirm.com\/es\/abogado-de-lesiones-personales-en-loveland\/abogado-de-accidentes-de-moto-en-loveland\/","title":{"rendered":"Abogado de accidentes de moto en Loveland"},"content":{"rendered":"<h2>Abogado de Accidente de Motocicleta en Loveland, CO<\/h2>\n<p>Un accidente de moto puede ser uno de los momentos m\u00e1s aterradores de tu vida. Puede que te sientas incapaz de controlar lo que te est\u00e1 ocurriendo, s\u00f3lo para encontrarte en la necesidad de atenci\u00f3n m\u00e9dica que te salve la vida. Si te has visto implicado en un accidente de moto, el Bufete de Dianne Sawaya est\u00e1 preparado para defenderte y ayudarte a recibir la indemnizaci\u00f3n \u00edntegra que te corresponde. Nuestros abogados de accidentes de moto en Loveland est\u00e1n comprometidos, son de confianza y tienen experiencia, y tambi\u00e9n somos compasivos con tus circunstancias.<\/p>\n<p>En Colorado, hab\u00eda  <a href=\"https:\/\/www.codot.gov\/safety\/motorcycle\" target=\"_blank\" rel=\"noopener\">136 motoristas muertos en 2022<\/a>y representan el 22% de todas las muertes relacionadas con el tr\u00e1fico (aunque los accidentes con motocicletas s\u00f3lo suponen alrededor del 3% de todos los incidentes con veh\u00edculos). Piensa en lo preocupante que puede ser esto cuando est\u00e1s luchando contra una recuperaci\u00f3n a largo plazo y una pila de facturas m\u00e9dicas que sigue creciendo.<\/p>\n<p>Miles de personas resultan heridas en accidentes de moto cada a\u00f1o en todo el pa\u00eds. Muchos no reciben la indemnizaci\u00f3n \u00edntegra que se les debe, y muchos tambi\u00e9n sufren complicaciones a largo plazo para la salud, el bienestar emocional y la calidad de vida en general. Deja que aboguemos por ti.<\/p>\n<p>En el Bufete de Dianne Sawaya nunca se cobra por una consulta. Ponte en contacto con nosotros 24 horas al d\u00eda, 7 d\u00edas a la semana, para iniciar el proceso de recuperaci\u00f3n.<\/p>\n[cta_interior title=&#8221;CTA Interior&#8221;]\n<h2>Por qu\u00e9 necesitas un abogado de accidentes de moto<\/h2>\n<p>Es bastante habitual que los motoristas se enfrenten a estigmas y falsas alegaciones de su propia culpabilidad cuando sufren accidentes graves con coches o camiones. En muchas situaciones, estos accidentes pueden suponer p\u00e9rdidas de miles de d\u00f3lares. Sin embargo, las compa\u00f1\u00edas de seguros suelen ofrecer pagar s\u00f3lo la menor cantidad posible.<\/p>\n<p>Trabajar con un abogado de accidentes de moto en Loveland garantiza que tus derechos permanezcan protegidos de forma constante. Sin un abogado a tu lado, puedes enfrentarte a numerosas dificultades:<\/p>\n<ul>\n<li>Las compa\u00f1\u00edas de seguros intentan llegar a un acuerdo por menos de lo que deben.<\/li>\n<li>Falta de acceso a la atenci\u00f3n m\u00e9dica y emocional que necesitas.<\/li>\n<li>Presi\u00f3n para que resuelvas tu siniestro demasiado pronto, limitando tu cobertura.<\/li>\n<li>El estigma en un juicio a menudo hace que t\u00fa, la v\u00edctima, te sientas culpable.<\/li>\n<li>Las importantes p\u00e9rdidas econ\u00f3micas a largo plazo son dif\u00edciles de calcular.<\/li>\n<\/ul>\n<p>El bufete de Dianne Sawaya se compromete a ayudarte a obtener una indemnizaci\u00f3n completa por lo que se te debe. Trabajamos con compasi\u00f3n para defender y proteger los derechos de nuestros clientes, al tiempo que ejercemos una presi\u00f3n agresiva sobre las compa\u00f1\u00edas de seguros y otras entidades cuando es necesario. Tener un abogado significa tener un defensor de confianza que quiere que obtengas la indemnizaci\u00f3n \u00edntegra que se te debe.<\/p>\n<h2>Lesiones comunes en un accidente de moto<\/h2>\n<p>En EE.UU., m\u00e1s de 83.000 personas sufrieron lesiones importantes por accidentes de moto en 2020, seg\u00fan el <a href=\"https:\/\/www.iii.org\/fact-statistic\/facts-statistics-motorcycle-crashes\" target=\"_blank\" rel=\"noopener\">Instituto de Informaci\u00f3n sobre Seguros<\/a>. Aunque muchas de estas personas sufrieron lesiones importantes y complicaciones para la salud que les cambiaron la vida, tambi\u00e9n es importante reconocer a quienes sufrieron a\u00fan m\u00e1s. En 2020, 5.579 personas murieron por este tipo de accidentes.<\/p>\n<p>Algunos de los accidentes m\u00e1s comunes de los conductores de motocicletas son:<\/p>\n<ul>\n<li>Rozaduras<\/li>\n<li>Lesiones cerebrales traum\u00e1ticas<\/li>\n<li>Lesiones por aplastamiento<\/li>\n<li>Huesos rotos<\/li>\n<li>Lesiones medulares<\/li>\n<li>Laceraciones y fallo de \u00f3rganos internos<\/li>\n<li>Desfiguraci\u00f3n y amputaciones<\/li>\n<\/ul>\n<p>Algunas personas llegan a sufrir consecuencias a largo plazo, como par\u00e1lisis, infecciones, p\u00e9rdida de calidad de vida y traumatismos. Toda situaci\u00f3n es muy dif\u00edcil, y toda situaci\u00f3n merece el apoyo integral de un abogado de accidentes de moto de confianza.<\/p>\n<h2>\u00bfQu\u00e9 hace \u00fanicos a los accidentes de moto?<\/h2>\n<p>Con m\u00e1s de 25 a\u00f1os de experiencia, hemos visto algunos de los accidentes y lesiones m\u00e1s espantosos que sufren los motoristas. A diferencia del conductor de un coche, no hay cintur\u00f3n de seguridad, airbag ni carrocer\u00eda protectora que te proteja del impacto y la fuerza de un veh\u00edculo de 4.000 libras que se desplaza a gran velocidad. Esto suele provocar p\u00e9rdidas permanentes y a largo plazo, incluida la incapacidad para caminar, trabajar, disfrutar de aficiones y gestionar el trauma emocional del suceso.<\/p>\n<p>Nuestros abogados de accidentes de moto en Loveland reconocen la necesidad de un apoyo legal agresivo en estos casos, porque la p\u00e9rdida econ\u00f3mica puede ser muy impactante y a largo plazo. El Bufete de Dianne Sawaya est\u00e1 formado por profesionales de confianza que luchan incansablemente para ayudarte a obtener la indemnizaci\u00f3n que te deben.<\/p>\n<h2>Accidentes de moto y compa\u00f1\u00edas de seguros<\/h2>\n<p>Presentar una reclamaci\u00f3n a una compa\u00f1\u00eda de seguros despu\u00e9s de un accidente puede parecer sencillo. El proceso no tiene por qu\u00e9 ser complejo, el problema viene de lo que pueda hacer la compa\u00f1\u00eda de seguros. Hemos visto innumerables situaciones en las que las compa\u00f1\u00edas de seguros intentan:<\/p>\n<ul>\n<li>Pagar menos de lo que se debe<\/li>\n<li>Resolver los siniestros con demasiada rapidez sin que se evidencie el cuadro m\u00e9dico completo<\/li>\n<li>Negarse a pagar la atenci\u00f3n y el apoyo emocional<\/li>\n<li>Limitar los beneficios a largo plazo incluso cuando las personas tienen cambios cognitivos, par\u00e1lisis a largo plazo y numerosas complicaciones de salud<\/li>\n<li>Intentar culpar al motorista de las lesiones que no ha causado<\/li>\n<\/ul>\n<p>Evita todo esto. Deja que aboguemos por ti. Nuestros abogados de accidentes de moto en Loveland se ocupar\u00e1n de las compa\u00f1\u00edas de seguros y sus demandas. Somos muy compasivos con tu dif\u00edcil situaci\u00f3n, pero tambi\u00e9n muy dedicados a trabajar con nuestros clientes para entablar negociaciones agresivas y litigar cuando sea necesario.<\/p>\n<h2>Preguntas frecuentes sobre accidentes de moto<\/h2>\n<h3>\u00bfQui\u00e9n paga mis lesiones tras un accidente de moto?<\/h3>\n<p><a href=\"https:\/\/leg.colorado.gov\/sites\/default\/files\/images\/olls\/crs2016-title-13.pdf\" target=\"_blank\" rel=\"noopener\">Las leyes de Colorado<\/a> dejan claro que la persona responsable del accidente debe cubrir las p\u00e9rdidas de los dem\u00e1s. Esto suele significar que la compa\u00f1\u00eda de seguros del otro conductor es responsable de pagarte hasta la cantidad de cobertura requerida. En algunos casos, puede que tambi\u00e9n tengas que reclamar una indemnizaci\u00f3n adicional.<\/p>\n<h3>Necesito dinero ahora y no puedo esperar a un acuerdo. \u00bfQu\u00e9 hago?<\/h3>\n<p>Liquidar demasiado pronto puede suponer que pierdas fondos clave que se te deben. Cuando trabajas con nuestro abogado, podemos orientarte para que tomes las mejores decisiones para tu futuro financiero y tus objetivos a largo plazo. Deja que te ayudemos a conseguir la indemnizaci\u00f3n que mereces, promoviendo tu bienestar a corto y largo plazo.<\/p>\n<h2>Contacta ahora con el bufete de Dianne Sawaya<\/h2>\n<p>Conf\u00eda en nuestros abogados especialistas en accidentes de moto de Loveland para que te gu\u00eden en esta situaci\u00f3n legal.<\/p>\n<ul>\n<li>Tenemos m\u00e1s de 200 rese\u00f1as positivas en Google que demuestran nuestra dedicaci\u00f3n a nuestros clientes.<\/li>\n<li>Puedes obtener la atenci\u00f3n m\u00e9dica, emocional y mental que necesitas: lucharemos por ello.<\/li>\n<li>Nunca nos pagas por una consulta. S\u00f3lo cobramos si ganamos tu caso.<\/li>\n<\/ul>\n<p>En el Bufete de Dianne Sawaya nos dedicamos a nuestros clientes. Deja que aboguemos por ti, nivelando el terreno de juego y capacit\u00e1ndote para obtener la indemnizaci\u00f3n \u00edntegra que se te debe. <a href=\"https:\/\/dlslawfirm.com\/contact-us\/\">Ponte en contacto con<\/a> nosotros 24 horas al d\u00eda, 7 d\u00edas a la semana, para tu consulta inicial gratuita y la revisi\u00f3n de tu caso.<\/p>\n","protected":false},"excerpt":{"rendered":"<p>Abogado de Accidente de Motocicleta en Loveland, CO Un accidente de moto puede ser uno de los momentos m\u00e1s aterradores de tu vida. Puede que te sientas incapaz de controlar lo que te est\u00e1 ocurriendo, s\u00f3lo para encontrarte en la necesidad de atenci\u00f3n m\u00e9dica que te salve la vida. Si te has visto implicado en&#8230;<\/p>\n","protected":false},"author":2,"featured_media":7213,"parent":6860,"menu_order":0,"comment_status":"closed","ping_status":"closed","template":"","meta":{"_acf_changed":false,"footnotes":""},"tags":[],"class_list":["post-6823","page","type-page","status-publish","has-post-thumbnail","hentry"],"acf":[],"yoast_head":"<!-- This site is optimized with the Yoast SEO plugin v27.4 - https:\/\/yoast.com\/product\/yoast-seo-wordpress\/ -->\n<title>Abogado de accidentes de moto en Loveland | Consulta gratuita 24\/7<\/title>\n<meta name=\"description\" content=\"Si has sufrido un accidente de moto en Loveland, puede que necesites la ayuda de un abogado de accidentes de moto en Loveland de DLS. Ll\u00e1manos.\" \/>\n<meta name=\"robots\" content=\"index, follow, max-snippet:-1, max-image-preview:large, max-video-preview:-1\" \/>\n<link rel=\"canonical\" href=\"https:\/\/dlslawfirm.com\/es\/abogado-de-lesiones-personales-en-loveland\/abogado-de-accidentes-de-moto-en-loveland\/\" \/>\n<meta property=\"og:locale\" content=\"es_MX\" \/>\n<meta property=\"og:type\" content=\"article\" \/>\n<meta property=\"og:title\" content=\"Abogado de accidentes de moto en Loveland | Consulta gratuita 24\/7\" \/>\n<meta property=\"og:description\" content=\"Si has sufrido un accidente de moto en Loveland, puede que necesites la ayuda de un abogado de accidentes de moto en Loveland de DLS. Ll\u00e1manos.\" \/>\n<meta property=\"og:url\" content=\"https:\/\/dlslawfirm.com\/es\/abogado-de-lesiones-personales-en-loveland\/abogado-de-accidentes-de-moto-en-loveland\/\" \/>\n<meta property=\"og:site_name\" content=\"Law Offices of Dianne Sawaya LLC- En Espanol\" \/>\n<meta property=\"og:image\" content=\"https:\/\/dlslawfirm.com\/es\/wp-content\/uploads\/sites\/2\/2019\/01\/motorcycle-1041070_1920-2.jpg\" \/>\n\t<meta property=\"og:image:width\" content=\"1600\" \/>\n\t<meta property=\"og:image:height\" content=\"812\" \/>\n\t<meta property=\"og:image:type\" content=\"image\/jpeg\" \/>\n<meta name=\"twitter:card\" content=\"summary_large_image\" \/>\n<meta name=\"twitter:label1\" content=\"Est. reading time\" \/>\n\t<meta name=\"twitter:data1\" content=\"6 minutos\" \/>\n<script type=\"application\/ld+json\" class=\"yoast-schema-graph\">{\"@context\":\"https:\\\/\\\/schema.org\",\"@graph\":[{\"@type\":\"WebPage\",\"@id\":\"https:\\\/\\\/dlslawfirm.com\\\/es\\\/abogado-de-lesiones-personales-en-loveland\\\/abogado-de-accidentes-de-moto-en-loveland\\\/\",\"url\":\"https:\\\/\\\/dlslawfirm.com\\\/es\\\/abogado-de-lesiones-personales-en-loveland\\\/abogado-de-accidentes-de-moto-en-loveland\\\/\",\"name\":\"Abogado de accidentes de moto en Loveland | Consulta gratuita 24\\\/7\",\"isPartOf\":{\"@id\":\"https:\\\/\\\/dlslawfirm.com\\\/es\\\/#website\"},\"primaryImageOfPage\":{\"@id\":\"https:\\\/\\\/dlslawfirm.com\\\/es\\\/abogado-de-lesiones-personales-en-loveland\\\/abogado-de-accidentes-de-moto-en-loveland\\\/#primaryimage\"},\"image\":{\"@id\":\"https:\\\/\\\/dlslawfirm.com\\\/es\\\/abogado-de-lesiones-personales-en-loveland\\\/abogado-de-accidentes-de-moto-en-loveland\\\/#primaryimage\"},\"thumbnailUrl\":\"https:\\\/\\\/dlslawfirm.com\\\/es\\\/wp-content\\\/uploads\\\/sites\\\/2\\\/2019\\\/01\\\/motorcycle-1041070_1920-2.jpg\",\"datePublished\":\"2023-06-15T16:48:14+00:00\",\"description\":\"Si has sufrido un accidente de moto en Loveland, puede que necesites la ayuda de un abogado de accidentes de moto en Loveland de DLS. Ll\u00e1manos.\",\"breadcrumb\":{\"@id\":\"https:\\\/\\\/dlslawfirm.com\\\/es\\\/abogado-de-lesiones-personales-en-loveland\\\/abogado-de-accidentes-de-moto-en-loveland\\\/#breadcrumb\"},\"inLanguage\":\"es\",\"potentialAction\":[{\"@type\":\"ReadAction\",\"target\":[\"https:\\\/\\\/dlslawfirm.com\\\/es\\\/abogado-de-lesiones-personales-en-loveland\\\/abogado-de-accidentes-de-moto-en-loveland\\\/\"]}]},{\"@type\":\"ImageObject\",\"inLanguage\":\"es\",\"@id\":\"https:\\\/\\\/dlslawfirm.com\\\/es\\\/abogado-de-lesiones-personales-en-loveland\\\/abogado-de-accidentes-de-moto-en-loveland\\\/#primaryimage\",\"url\":\"https:\\\/\\\/dlslawfirm.com\\\/es\\\/wp-content\\\/uploads\\\/sites\\\/2\\\/2019\\\/01\\\/motorcycle-1041070_1920-2.jpg\",\"contentUrl\":\"https:\\\/\\\/dlslawfirm.com\\\/es\\\/wp-content\\\/uploads\\\/sites\\\/2\\\/2019\\\/01\\\/motorcycle-1041070_1920-2.jpg\",\"width\":1600,\"height\":812,\"caption\":\"Denver Motorcycle Accident Lawyers\"},{\"@type\":\"BreadcrumbList\",\"@id\":\"https:\\\/\\\/dlslawfirm.com\\\/es\\\/abogado-de-lesiones-personales-en-loveland\\\/abogado-de-accidentes-de-moto-en-loveland\\\/#breadcrumb\",\"itemListElement\":[{\"@type\":\"ListItem\",\"position\":1,\"name\":\"Home\",\"item\":\"https:\\\/\\\/dlslawfirm.com\\\/es\\\/\"},{\"@type\":\"ListItem\",\"position\":2,\"name\":\"Abogado de lesiones personales en Loveland\",\"item\":\"https:\\\/\\\/dlslawfirm.com\\\/es\\\/abogado-de-lesiones-personales-en-loveland\\\/\"},{\"@type\":\"ListItem\",\"position\":3,\"name\":\"Abogado de accidentes de moto en Loveland\"}]},{\"@type\":\"WebSite\",\"@id\":\"https:\\\/\\\/dlslawfirm.com\\\/es\\\/#website\",\"url\":\"https:\\\/\\\/dlslawfirm.com\\\/es\\\/\",\"name\":\"Law Offices of Dianne Sawaya LLC- En Espanol\",\"description\":\"\",\"potentialAction\":[{\"@type\":\"SearchAction\",\"target\":{\"@type\":\"EntryPoint\",\"urlTemplate\":\"https:\\\/\\\/dlslawfirm.com\\\/es\\\/?s={search_term_string}\"},\"query-input\":{\"@type\":\"PropertyValueSpecification\",\"valueRequired\":true,\"valueName\":\"search_term_string\"}}],\"inLanguage\":\"es\"}]}<\/script>\n<!-- \/ Yoast SEO plugin. -->","yoast_head_json":{"title":"Abogado de accidentes de moto en Loveland | Consulta gratuita 24\/7","description":"Si has sufrido un accidente de moto en Loveland, puede que necesites la ayuda de un abogado de accidentes de moto en Loveland de DLS. Ll\u00e1manos.","robots":{"index":"index","follow":"follow","max-snippet":"max-snippet:-1","max-image-preview":"max-image-preview:large","max-video-preview":"max-video-preview:-1"},"canonical":"https:\/\/dlslawfirm.com\/es\/abogado-de-lesiones-personales-en-loveland\/abogado-de-accidentes-de-moto-en-loveland\/","og_locale":"es_MX","og_type":"article","og_title":"Abogado de accidentes de moto en Loveland | Consulta gratuita 24\/7","og_description":"Si has sufrido un accidente de moto en Loveland, puede que necesites la ayuda de un abogado de accidentes de moto en Loveland de DLS. Ll\u00e1manos.","og_url":"https:\/\/dlslawfirm.com\/es\/abogado-de-lesiones-personales-en-loveland\/abogado-de-accidentes-de-moto-en-loveland\/","og_site_name":"Law Offices of Dianne Sawaya LLC- En Espanol","og_image":[{"width":1600,"height":812,"url":"https:\/\/dlslawfirm.com\/es\/wp-content\/uploads\/sites\/2\/2019\/01\/motorcycle-1041070_1920-2.jpg","type":"image\/jpeg"}],"twitter_card":"summary_large_image","twitter_misc":{"Est. reading time":"6 minutos"},"schema":{"@context":"https:\/\/schema.org","@graph":[{"@type":"WebPage","@id":"https:\/\/dlslawfirm.com\/es\/abogado-de-lesiones-personales-en-loveland\/abogado-de-accidentes-de-moto-en-loveland\/","url":"https:\/\/dlslawfirm.com\/es\/abogado-de-lesiones-personales-en-loveland\/abogado-de-accidentes-de-moto-en-loveland\/","name":"Abogado de accidentes de moto en Loveland | Consulta gratuita 24\/7","isPartOf":{"@id":"https:\/\/dlslawfirm.com\/es\/#website"},"primaryImageOfPage":{"@id":"https:\/\/dlslawfirm.com\/es\/abogado-de-lesiones-personales-en-loveland\/abogado-de-accidentes-de-moto-en-loveland\/#primaryimage"},"image":{"@id":"https:\/\/dlslawfirm.com\/es\/abogado-de-lesiones-personales-en-loveland\/abogado-de-accidentes-de-moto-en-loveland\/#primaryimage"},"thumbnailUrl":"https:\/\/dlslawfirm.com\/es\/wp-content\/uploads\/sites\/2\/2019\/01\/motorcycle-1041070_1920-2.jpg","datePublished":"2023-06-15T16:48:14+00:00","description":"Si has sufrido un accidente de moto en Loveland, puede que necesites la ayuda de un abogado de accidentes de moto en Loveland de DLS. Ll\u00e1manos.","breadcrumb":{"@id":"https:\/\/dlslawfirm.com\/es\/abogado-de-lesiones-personales-en-loveland\/abogado-de-accidentes-de-moto-en-loveland\/#breadcrumb"},"inLanguage":"es","potentialAction":[{"@type":"ReadAction","target":["https:\/\/dlslawfirm.com\/es\/abogado-de-lesiones-personales-en-loveland\/abogado-de-accidentes-de-moto-en-loveland\/"]}]},{"@type":"ImageObject","inLanguage":"es","@id":"https:\/\/dlslawfirm.com\/es\/abogado-de-lesiones-personales-en-loveland\/abogado-de-accidentes-de-moto-en-loveland\/#primaryimage","url":"https:\/\/dlslawfirm.com\/es\/wp-content\/uploads\/sites\/2\/2019\/01\/motorcycle-1041070_1920-2.jpg","contentUrl":"https:\/\/dlslawfirm.com\/es\/wp-content\/uploads\/sites\/2\/2019\/01\/motorcycle-1041070_1920-2.jpg","width":1600,"height":812,"caption":"Denver Motorcycle Accident Lawyers"},{"@type":"BreadcrumbList","@id":"https:\/\/dlslawfirm.com\/es\/abogado-de-lesiones-personales-en-loveland\/abogado-de-accidentes-de-moto-en-loveland\/#breadcrumb","itemListElement":[{"@type":"ListItem","position":1,"name":"Home","item":"https:\/\/dlslawfirm.com\/es\/"},{"@type":"ListItem","position":2,"name":"Abogado de lesiones personales en Loveland","item":"https:\/\/dlslawfirm.com\/es\/abogado-de-lesiones-personales-en-loveland\/"},{"@type":"ListItem","position":3,"name":"Abogado de accidentes de moto en Loveland"}]},{"@type":"WebSite","@id":"https:\/\/dlslawfirm.com\/es\/#website","url":"https:\/\/dlslawfirm.com\/es\/","name":"Law Offices of Dianne Sawaya LLC- En Espanol","description":"","potentialAction":[{"@type":"SearchAction","target":{"@type":"EntryPoint","urlTemplate":"https:\/\/dlslawfirm.com\/es\/?s={search_term_string}"},"query-input":{"@type":"PropertyValueSpecification","valueRequired":true,"valueName":"search_term_string"}}],"inLanguage":"es"}]}},"_links":{"self":[{"href":"https:\/\/dlslawfirm.com\/es\/wp-json\/wp\/v2\/pages\/6823","targetHints":{"allow":["GET"]}}],"collection":[{"href":"https:\/\/dlslawfirm.com\/es\/wp-json\/wp\/v2\/pages"}],"about":[{"href":"https:\/\/dlslawfirm.com\/es\/wp-json\/wp\/v2\/types\/page"}],"author":[{"embeddable":true,"href":"https:\/\/dlslawfirm.com\/es\/wp-json\/wp\/v2\/users\/2"}],"replies":[{"embeddable":true,"href":"https:\/\/dlslawfirm.com\/es\/wp-json\/wp\/v2\/comments?post=6823"}],"version-history":[{"count":0,"href":"https:\/\/dlslawfirm.com\/es\/wp-json\/wp\/v2\/pages\/6823\/revisions"}],"up":[{"embeddable":true,"href":"https:\/\/dlslawfirm.com\/es\/wp-json\/wp\/v2\/pages\/6860"}],"wp:featuredmedia":[{"embeddable":true,"href":"https:\/\/dlslawfirm.com\/es\/wp-json\/wp\/v2\/media\/7213"}],"wp:attachment":[{"href":"https:\/\/dlslawfirm.com\/es\/wp-json\/wp\/v2\/media?parent=6823"}],"wp:term":[{"taxonomy":"post_tag","embeddable":true,"href":"https:\/\/dlslawfirm.com\/es\/wp-json\/wp\/v2\/tags?post=6823"}],"curies":[{"name":"wp","href":"https:\/\/api.w.org\/{rel}","templated":true}]}}