{"id":6822,"date":"2022-09-22T15:52:02","date_gmt":"2022-09-22T15:52:02","guid":{"rendered":"https:\/\/dlslawfirm.com\/abogado-de-accidentes-de-coche-en-parker\/"},"modified":"2022-09-22T15:52:02","modified_gmt":"2022-09-22T15:52:02","slug":"abogado-de-accidentes-de-coche-en-parker","status":"publish","type":"page","link":"https:\/\/dlslawfirm.com\/es\/abogado-de-accidentes-de-coche-en-parker\/","title":{"rendered":"Abogado de accidentes de coche en Parker"},"content":{"rendered":"<h2><strong>\u00bfC\u00f3mo puede afectar a tu vida y a tu futuro un accidente de tr\u00e1fico?<\/strong><\/h2>\n<p>Tras un accidente de coche en Parker, puedes sufrir lesiones f\u00edsicas y emocionales a corto o largo plazo. Las lesiones de corta duraci\u00f3n, aunque no son tan graves como las de larga duraci\u00f3n, pueden ser dolorosas, impedirte trabajar y ocasionarte elevados gastos m\u00e9dicos. Las lesiones f\u00edsicas y emocionales a largo plazo sufridas en una colisi\u00f3n de autom\u00f3vil pueden perseguirte durante meses, a\u00f1os o el resto de tu vida.<\/p>\n<p>Lesiones tan graves como las <a href=\"https:\/\/dlslawfirm.com\/personal-injury\/brain-injury\/\">lesiones cerebrales traum\u00e1ticas<\/a>, las <a href=\"https:\/\/dlslawfirm.com\/personal-injury\/spinal-cord-injury-attorney\/\">lesiones med<\/a>ulares, <a href=\"https:\/\/dlslawfirm.com\/personal-injury\/burn-injury-lawyers\/\">las lesiones por quemaduras<\/a> u otras lesiones que causan cicatrices o desfiguraciones permanentes pueden alterar el curso de tu vida. Contar con un abogado experto en accidentes de tr\u00e1fico en Parker del Bufete de Dianne Sawaya puede marcar la diferencia. Dianne se preocupa de verdad por sus clientes, ya que lleva dos d\u00e9cadas dedic\u00e1ndose a ayudar a quienes han sufrido lesiones y no saben qu\u00e9 hacer.<\/p>\n[cta_interior title=&#8221;CTA Interior&#8221;]\n<h2><strong>Dianne Sawaya, abogada de accidentes de tr\u00e1fico en Parker, puede ayudarte a recuperar tu vida<\/strong><\/h2>\n<p>La abogada <a href=\"https:\/\/dlslawfirm.com\/attorneys\/dianne-sawaya\/\">Dianne Sawaya<\/a> est\u00e1 dispuesta a trabajar para ti, negociando con la compa\u00f1\u00eda de seguros y asegur\u00e1ndose de que cumplan su obligaci\u00f3n de pagar por tus lesiones, salarios perdidos y dolor y sufrimiento. Dianne es tanto una negociadora muy h\u00e1bil como una s\u00f3lida litigante cuyo bufete nunca dudar\u00e1 en entrar en un tribunal en tu nombre. En el Bufete de Dianne Sawaya nos comprometemos a que recibas una indemnizaci\u00f3n justa tras tu accidente de tr\u00e1fico. Elegir el Bufete de Dianne Sawaya te proporciona las siguientes ventajas:<\/p>\n<ul>\n<li>Somos defensores inteligentes, agresivos y compasivos<\/li>\n<li>Nuestro objetivo es maximizar tu indemnizaci\u00f3n<\/li>\n<li>La empresa tiene m\u00e1s de 200 rese\u00f1as positivas en Google<\/li>\n<li>Siempre recibes una consulta gratuita<\/li>\n<li>Si no recuperamos nada en tu nombre, no nos pagas nada<\/li>\n<li>Te ayudaremos a obtener el tratamiento m\u00e9dico que necesitas y mereces<\/li>\n<\/ul>\n<h2><strong>Acerca de los accidentes de coche en Parker, Colorado  <\/strong><\/h2>\n<p><a href=\"https:\/\/www.parkeronline.org\/\" target=\"_blank\" rel=\"noopener\">Parker, Colorado<\/a>, es un municipio aut\u00f3nomo del condado de Douglas, con una poblaci\u00f3n aproximada de 59.000 habitantes. Parker es una &#8220;ciudad de cercan\u00edas&#8221; en el extremo sur del \u00e1rea metropolitana de Denver. Parker creci\u00f3 r\u00e1pidamente desde principios de los 90 hasta mediados de los 2000, lo que hizo m\u00e1s probable que se produjeran accidentes de tr\u00e1fico en la ciudad. Si te has visto implicado en un accidente de coche, podr\u00eda ser beneficioso hablar con un abogado de accidentes de coche en Parker del Bufete de Dianne Sawaya.<\/p>\n<h2><strong>\u00bfQu\u00e9 factores son m\u00e1s frecuentes en los accidentes de tr\u00e1fico?<\/strong><\/h2>\n<p>Aunque un accidente de coche puede deberse a muchas causas, hay algunos factores que son m\u00e1s frecuentes en los accidentes de coche. La conducci\u00f3n distra\u00edda ha ascendido r\u00e1pidamente en la lista en los \u00faltimos a\u00f1os, gracias en parte al uso del tel\u00e9fono m\u00f3vil. Los conductores que env\u00edan mensajes de texto, los leen o incluso hablan por el m\u00f3vil no prestan toda su atenci\u00f3n a la carretera ni a los dem\u00e1s conductores.<\/p>\n<p>Esto les hace m\u00e1s propensos a verse implicados en un accidente de tr\u00e1fico. Otras formas de conducci\u00f3n distra\u00edda son comer mientras se conduce, juguetear con los mandos de la radio, los controles del GPS y otros mandos del coche, darse la vuelta para coger un juguete o un biber\u00f3n para los ni\u00f1os del asiento trasero y so\u00f1ar despierto. Otros factores que aumentan el n\u00famero de colisiones automovil\u00edsticas son:<\/p>\n<ul>\n<li>Conducci\u00f3n fatigada<\/li>\n<li>Conducir bajo los efectos del alcohol<\/li>\n<li>Mal tiempo<\/li>\n<li>Conducci\u00f3n temeraria e imprudente<\/li>\n<li>Superar el l\u00edmite de velocidad<\/li>\n<li>Saltarse las se\u00f1ales de stop o los sem\u00e1foros<\/li>\n<li>Ignorar las se\u00f1ales de ceda el paso<\/li>\n<li>Hacer giros indebidos<\/li>\n<\/ul>\n<p>Si tu accidente fue causado por un conductor negligente, descuidado o imprudente, mereces una indemnizaci\u00f3n completa por tus da\u00f1os. Puede que tengas una pila de gastos m\u00e9dicos cada vez mayor y no puedas volver a trabajar y ganarte la vida. Se trata de asuntos serios que requieren un abogado especialista en accidentes de tr\u00e1fico en Parker del Bufete de Dianne Sawaya.<\/p>\n<h2><strong>\u00bfCausa grave de accidente de tr\u00e1fico ir pegado al coche?<\/strong><\/h2>\n<p>Ir a rebufo significa que un coche circula demasiado cerca del que le precede. Si no est\u00e1s seguro de las normas para ir detr\u00e1s, siempre debes tener una distancia de tres segundos (en condiciones normales de conducci\u00f3n) entre t\u00fa y el coche que te precede. Puedes calcular el n\u00famero de segundos eligiendo un punto est\u00e1tico en el arc\u00e9n de la carretera, como una se\u00f1al de l\u00edmite de velocidad. Empieza a contar cuando la parte trasera del veh\u00edculo que tienes delante pase por el punto elegido hasta llegar al mismo punto. Alternativamente, mant\u00e9n una distancia de un coche entre t\u00fa y el coche que te precede por cada 10 mph.<\/p>\n<p>Si vas a toda velocidad por la interestatal a 110 km\/h, deber\u00eda haber al menos siete metros de coche de distancia entre t\u00fa y el coche que te precede, es decir, aproximadamente 30 metros, 4 metros (la longitud media de un coche) x 7 (para 110 km\/h) = 30 metros. Si utilizas la regla de los 3 segundos, ten en cuenta que debe ser de al menos 4 segundos para los camiones grandes, debido a su menor distancia de frenado. Las inclemencias del tiempo requieren al menos seis segundos entre t\u00fa y el coche que te precede.<\/p>\n<p>Ir por detr\u00e1s es una de las principales causas de colisi\u00f3n, ya que alrededor del <a href=\"https:\/\/insurify.com\/insights\/states-with-the-most-tailgating-violations\/\">33%<\/a> de todos los accidentes de tr\u00e1fico se producen por alcance. Aproximadamente 14 de cada 10.000 conductores en Estados Unidos han recibido una citaci\u00f3n previa por ir pegados a la cola. Para determinar qu\u00e9 estados son los peores para los que van pegados a la cola, se examin\u00f3 el n\u00famero de conductores a los que se hab\u00eda expedido una citaci\u00f3n por ir pegados a la cola. Idaho es el peor estado para hacer tailgating, mientras que Colorado entr\u00f3 en el top ten de los peores estados para hacer tailgating en el n\u00famero 10.<\/p>\n<h2><strong>\u00bfQu\u00e9 tipo de indemnizaci\u00f3n puedo esperar tras un accidente de tr\u00e1fico en Parker, CO?<\/strong><\/h2>\n<p>Tu acuerdo exacto ser\u00e1 tan \u00fanico como tu accidente de coche. Los hechos y circunstancias que rodean tu accidente de coche en Parker determinar\u00e1n tu indemnizaci\u00f3n, m\u00e1s concretamente, la gravedad de tus lesiones y el tiempo que esas lesiones te impedir\u00e1n trabajar. Si tus lesiones incluyen una lesi\u00f3n cerebral o una lesi\u00f3n medular, tu indemnizaci\u00f3n ser\u00e1 mucho mayor que si el resultado de tu accidente de coche fue una mu\u00f1eca rota y una contusi\u00f3n.<\/p>\n<p>Tienes derecho a recibir da\u00f1os econ\u00f3micos por gastos m\u00e9dicos, salarios perdidos y cualquier otro da\u00f1o que tenga un valor monetario espec\u00edfico. Los da\u00f1os por dolor y sufrimiento entran dentro de los da\u00f1os no econ\u00f3micos porque pueden ser dif\u00edciles de cuantificar y dependen de la opini\u00f3n subjetiva de la v\u00edctima lesionada. Tu abogado de accidentes de coche en Parker determinar\u00e1 el valor de tu reclamaci\u00f3n y luchar\u00e1 agresivamente por esa cantidad.<\/p>\n<h2><strong>\u00bfY si no llevaba puesto el cintur\u00f3n de seguridad? \u00bfPuedo reclamar da\u00f1os y perjuicios?<\/strong><\/h2>\n<p>Aunque no llevaras puesto el cintur\u00f3n de seguridad, puedes demandar por da\u00f1os econ\u00f3micos al conductor negligente y culpable.<\/p>\n<h2><strong>\u00bfY si tuve parte de culpa, puedo reclamar da\u00f1os y perjuicios?<\/strong><\/h2>\n<p>Como Colorado funciona con negligencia comparativa modificada, esto significa que si el demandante es responsable del accidente en m\u00e1s de un 49%, no puede demandar por da\u00f1os y perjuicios. Sin embargo, si el demandante es responsable del accidente en un 49% o menos, su indemnizaci\u00f3n se reducir\u00e1 en funci\u00f3n del porcentaje de culpa asignado.<strong> <\/strong><\/p>\n<h2><strong>C\u00f3mo puede ayudar un abogado experto en accidentes de tr\u00e1fico en Parker del bufete de Dianne Sawaya<\/strong><\/h2>\n<p>Tal vez tu vida se haya visto completamente trastornada por un accidente de coche de Parker. Tienes lesiones graves que requerir\u00e1n un nivel importante de intervenciones m\u00e9dicas y es probable que faltes al trabajo durante mucho tiempo. Por supuesto, esta situaci\u00f3n te deja ansioso y estresado. Es bueno saber que tienes opciones en un momento as\u00ed.<\/p>\n<p>Un abogado de accidentes de coche en Parker del Bufete de Dianne Sawaya puede darte el respiro que necesitas. Tendr\u00e1s tiempo para curarte mientras Dianne lucha por tu futuro. Cuando eliges el Bufete Jur\u00eddico de Dianne Sawaya, tienes la tranquilidad de saber que cuentas con un abogado fuerte que realmente se preocupa por ti y por tu salud. <a href=\"https:\/\/dlslawfirm.com\/contact-us\/\">Ponte en contacto con<\/a> el bufete de Dianne Sawaya hoy mismo.<\/p>\n","protected":false},"excerpt":{"rendered":"<p>\u00bfC\u00f3mo puede afectar a tu vida y a tu futuro un accidente de tr\u00e1fico? Tras un accidente de coche en Parker, puedes sufrir lesiones f\u00edsicas y emocionales a corto o largo plazo. Las lesiones de corta duraci\u00f3n, aunque no son tan graves como las de larga duraci\u00f3n, pueden ser dolorosas, impedirte trabajar y ocasionarte elevados&#8230;<\/p>\n","protected":false},"author":2,"featured_media":7319,"parent":0,"menu_order":0,"comment_status":"closed","ping_status":"closed","template":"","meta":{"_acf_changed":false,"footnotes":""},"tags":[],"class_list":["post-6822","page","type-page","status-publish","has-post-thumbnail","hentry"],"acf":[],"yoast_head":"<!-- This site is optimized with the Yoast SEO plugin v27.4 - https:\/\/yoast.com\/product\/yoast-seo-wordpress\/ -->\n<title>Abogado de Accidentes de Coche en Parker | Despacho Jur\u00eddico de Dianne Sawaya<\/title>\n<meta name=\"description\" content=\"Si necesitas un Abogado de Accidentes de Coche en Parker CO, ponte en contacto con el Bufete de Dianne Sawaya. Lucharemos por ti.\" \/>\n<meta name=\"robots\" content=\"index, follow, max-snippet:-1, max-image-preview:large, max-video-preview:-1\" \/>\n<link rel=\"canonical\" href=\"https:\/\/dlslawfirm.com\/es\/abogado-de-accidentes-de-coche-en-parker\/\" \/>\n<meta property=\"og:locale\" content=\"es_MX\" \/>\n<meta property=\"og:type\" content=\"article\" \/>\n<meta property=\"og:title\" content=\"Abogado de Accidentes de Coche en Parker | Despacho Jur\u00eddico de Dianne Sawaya\" \/>\n<meta property=\"og:description\" content=\"Si necesitas un Abogado de Accidentes de Coche en Parker CO, ponte en contacto con el Bufete de Dianne Sawaya. Lucharemos por ti.\" \/>\n<meta property=\"og:url\" content=\"https:\/\/dlslawfirm.com\/es\/abogado-de-accidentes-de-coche-en-parker\/\" \/>\n<meta property=\"og:site_name\" content=\"Law Offices of Dianne Sawaya LLC- En Espanol\" \/>\n<meta property=\"og:image\" content=\"https:\/\/dlslawfirm.com\/es\/wp-content\/uploads\/sites\/2\/2022\/06\/colorado-small.jpg\" \/>\n\t<meta property=\"og:image:width\" content=\"600\" \/>\n\t<meta property=\"og:image:height\" content=\"400\" \/>\n\t<meta property=\"og:image:type\" content=\"image\/jpeg\" \/>\n<meta name=\"twitter:card\" content=\"summary_large_image\" \/>\n<meta name=\"twitter:label1\" content=\"Est. reading time\" \/>\n\t<meta name=\"twitter:data1\" content=\"7 minutos\" \/>\n<script type=\"application\/ld+json\" class=\"yoast-schema-graph\">{\"@context\":\"https:\\\/\\\/schema.org\",\"@graph\":[{\"@type\":\"WebPage\",\"@id\":\"https:\\\/\\\/dlslawfirm.com\\\/es\\\/abogado-de-accidentes-de-coche-en-parker\\\/\",\"url\":\"https:\\\/\\\/dlslawfirm.com\\\/es\\\/abogado-de-accidentes-de-coche-en-parker\\\/\",\"name\":\"Abogado de Accidentes de Coche en Parker | Despacho Jur\u00eddico de Dianne Sawaya\",\"isPartOf\":{\"@id\":\"https:\\\/\\\/dlslawfirm.com\\\/es\\\/#website\"},\"primaryImageOfPage\":{\"@id\":\"https:\\\/\\\/dlslawfirm.com\\\/es\\\/abogado-de-accidentes-de-coche-en-parker\\\/#primaryimage\"},\"image\":{\"@id\":\"https:\\\/\\\/dlslawfirm.com\\\/es\\\/abogado-de-accidentes-de-coche-en-parker\\\/#primaryimage\"},\"thumbnailUrl\":\"https:\\\/\\\/dlslawfirm.com\\\/es\\\/wp-content\\\/uploads\\\/sites\\\/2\\\/2022\\\/06\\\/colorado-small.jpg\",\"datePublished\":\"2022-09-22T15:52:02+00:00\",\"description\":\"Si necesitas un Abogado de Accidentes de Coche en Parker CO, ponte en contacto con el Bufete de Dianne Sawaya. Lucharemos por ti.\",\"breadcrumb\":{\"@id\":\"https:\\\/\\\/dlslawfirm.com\\\/es\\\/abogado-de-accidentes-de-coche-en-parker\\\/#breadcrumb\"},\"inLanguage\":\"es\",\"potentialAction\":[{\"@type\":\"ReadAction\",\"target\":[\"https:\\\/\\\/dlslawfirm.com\\\/es\\\/abogado-de-accidentes-de-coche-en-parker\\\/\"]}]},{\"@type\":\"ImageObject\",\"inLanguage\":\"es\",\"@id\":\"https:\\\/\\\/dlslawfirm.com\\\/es\\\/abogado-de-accidentes-de-coche-en-parker\\\/#primaryimage\",\"url\":\"https:\\\/\\\/dlslawfirm.com\\\/es\\\/wp-content\\\/uploads\\\/sites\\\/2\\\/2022\\\/06\\\/colorado-small.jpg\",\"contentUrl\":\"https:\\\/\\\/dlslawfirm.com\\\/es\\\/wp-content\\\/uploads\\\/sites\\\/2\\\/2022\\\/06\\\/colorado-small.jpg\",\"width\":600,\"height\":400},{\"@type\":\"BreadcrumbList\",\"@id\":\"https:\\\/\\\/dlslawfirm.com\\\/es\\\/abogado-de-accidentes-de-coche-en-parker\\\/#breadcrumb\",\"itemListElement\":[{\"@type\":\"ListItem\",\"position\":1,\"name\":\"Home\",\"item\":\"https:\\\/\\\/dlslawfirm.com\\\/es\\\/\"},{\"@type\":\"ListItem\",\"position\":2,\"name\":\"Abogado de accidentes de coche en Parker\"}]},{\"@type\":\"WebSite\",\"@id\":\"https:\\\/\\\/dlslawfirm.com\\\/es\\\/#website\",\"url\":\"https:\\\/\\\/dlslawfirm.com\\\/es\\\/\",\"name\":\"Law Offices of Dianne Sawaya LLC- En Espanol\",\"description\":\"\",\"potentialAction\":[{\"@type\":\"SearchAction\",\"target\":{\"@type\":\"EntryPoint\",\"urlTemplate\":\"https:\\\/\\\/dlslawfirm.com\\\/es\\\/?s={search_term_string}\"},\"query-input\":{\"@type\":\"PropertyValueSpecification\",\"valueRequired\":true,\"valueName\":\"search_term_string\"}}],\"inLanguage\":\"es\"}]}<\/script>\n<!-- \/ Yoast SEO plugin. -->","yoast_head_json":{"title":"Abogado de Accidentes de Coche en Parker | Despacho Jur\u00eddico de Dianne Sawaya","description":"Si necesitas un Abogado de Accidentes de Coche en Parker CO, ponte en contacto con el Bufete de Dianne Sawaya. Lucharemos por ti.","robots":{"index":"index","follow":"follow","max-snippet":"max-snippet:-1","max-image-preview":"max-image-preview:large","max-video-preview":"max-video-preview:-1"},"canonical":"https:\/\/dlslawfirm.com\/es\/abogado-de-accidentes-de-coche-en-parker\/","og_locale":"es_MX","og_type":"article","og_title":"Abogado de Accidentes de Coche en Parker | Despacho Jur\u00eddico de Dianne Sawaya","og_description":"Si necesitas un Abogado de Accidentes de Coche en Parker CO, ponte en contacto con el Bufete de Dianne Sawaya. Lucharemos por ti.","og_url":"https:\/\/dlslawfirm.com\/es\/abogado-de-accidentes-de-coche-en-parker\/","og_site_name":"Law Offices of Dianne Sawaya LLC- En Espanol","og_image":[{"width":600,"height":400,"url":"https:\/\/dlslawfirm.com\/es\/wp-content\/uploads\/sites\/2\/2022\/06\/colorado-small.jpg","type":"image\/jpeg"}],"twitter_card":"summary_large_image","twitter_misc":{"Est. reading time":"7 minutos"},"schema":{"@context":"https:\/\/schema.org","@graph":[{"@type":"WebPage","@id":"https:\/\/dlslawfirm.com\/es\/abogado-de-accidentes-de-coche-en-parker\/","url":"https:\/\/dlslawfirm.com\/es\/abogado-de-accidentes-de-coche-en-parker\/","name":"Abogado de Accidentes de Coche en Parker | Despacho Jur\u00eddico de Dianne Sawaya","isPartOf":{"@id":"https:\/\/dlslawfirm.com\/es\/#website"},"primaryImageOfPage":{"@id":"https:\/\/dlslawfirm.com\/es\/abogado-de-accidentes-de-coche-en-parker\/#primaryimage"},"image":{"@id":"https:\/\/dlslawfirm.com\/es\/abogado-de-accidentes-de-coche-en-parker\/#primaryimage"},"thumbnailUrl":"https:\/\/dlslawfirm.com\/es\/wp-content\/uploads\/sites\/2\/2022\/06\/colorado-small.jpg","datePublished":"2022-09-22T15:52:02+00:00","description":"Si necesitas un Abogado de Accidentes de Coche en Parker CO, ponte en contacto con el Bufete de Dianne Sawaya. Lucharemos por ti.","breadcrumb":{"@id":"https:\/\/dlslawfirm.com\/es\/abogado-de-accidentes-de-coche-en-parker\/#breadcrumb"},"inLanguage":"es","potentialAction":[{"@type":"ReadAction","target":["https:\/\/dlslawfirm.com\/es\/abogado-de-accidentes-de-coche-en-parker\/"]}]},{"@type":"ImageObject","inLanguage":"es","@id":"https:\/\/dlslawfirm.com\/es\/abogado-de-accidentes-de-coche-en-parker\/#primaryimage","url":"https:\/\/dlslawfirm.com\/es\/wp-content\/uploads\/sites\/2\/2022\/06\/colorado-small.jpg","contentUrl":"https:\/\/dlslawfirm.com\/es\/wp-content\/uploads\/sites\/2\/2022\/06\/colorado-small.jpg","width":600,"height":400},{"@type":"BreadcrumbList","@id":"https:\/\/dlslawfirm.com\/es\/abogado-de-accidentes-de-coche-en-parker\/#breadcrumb","itemListElement":[{"@type":"ListItem","position":1,"name":"Home","item":"https:\/\/dlslawfirm.com\/es\/"},{"@type":"ListItem","position":2,"name":"Abogado de accidentes de coche en Parker"}]},{"@type":"WebSite","@id":"https:\/\/dlslawfirm.com\/es\/#website","url":"https:\/\/dlslawfirm.com\/es\/","name":"Law Offices of Dianne Sawaya LLC- En Espanol","description":"","potentialAction":[{"@type":"SearchAction","target":{"@type":"EntryPoint","urlTemplate":"https:\/\/dlslawfirm.com\/es\/?s={search_term_string}"},"query-input":{"@type":"PropertyValueSpecification","valueRequired":true,"valueName":"search_term_string"}}],"inLanguage":"es"}]}},"_links":{"self":[{"href":"https:\/\/dlslawfirm.com\/es\/wp-json\/wp\/v2\/pages\/6822","targetHints":{"allow":["GET"]}}],"collection":[{"href":"https:\/\/dlslawfirm.com\/es\/wp-json\/wp\/v2\/pages"}],"about":[{"href":"https:\/\/dlslawfirm.com\/es\/wp-json\/wp\/v2\/types\/page"}],"author":[{"embeddable":true,"href":"https:\/\/dlslawfirm.com\/es\/wp-json\/wp\/v2\/users\/2"}],"replies":[{"embeddable":true,"href":"https:\/\/dlslawfirm.com\/es\/wp-json\/wp\/v2\/comments?post=6822"}],"version-history":[{"count":0,"href":"https:\/\/dlslawfirm.com\/es\/wp-json\/wp\/v2\/pages\/6822\/revisions"}],"wp:featuredmedia":[{"embeddable":true,"href":"https:\/\/dlslawfirm.com\/es\/wp-json\/wp\/v2\/media\/7319"}],"wp:attachment":[{"href":"https:\/\/dlslawfirm.com\/es\/wp-json\/wp\/v2\/media?parent=6822"}],"wp:term":[{"taxonomy":"post_tag","embeddable":true,"href":"https:\/\/dlslawfirm.com\/es\/wp-json\/wp\/v2\/tags?post=6822"}],"curies":[{"name":"wp","href":"https:\/\/api.w.org\/{rel}","templated":true}]}}