{"id":6820,"date":"2023-06-14T19:27:32","date_gmt":"2023-06-14T19:27:32","guid":{"rendered":"https:\/\/dlslawfirm.com\/abogado-de-mordeduras-de-perro-en-fort-collins\/"},"modified":"2023-06-14T19:27:32","modified_gmt":"2023-06-14T19:27:32","slug":"abogado-de-mordeduras-de-perro-en-fort-collins","status":"publish","type":"page","link":"https:\/\/dlslawfirm.com\/es\/abogado-de-lesiones-personales-en-fort-collins\/abogado-de-mordeduras-de-perro-en-fort-collins\/","title":{"rendered":"Abogado de Mordeduras de Perro en Fort Collins"},"content":{"rendered":"<h2>Abogado de Mordeduras de Perro en Fort Collins, CO<\/h2>\n<p>\u00bfTe ha mordido un perro? Tal vez hayas sufrido laceraciones importantes y da\u00f1os en la piel y los m\u00fasculos. Puedes estar traumatizado. Las leyes de Colorado sobre mordeduras de perro lo dejan claro. Tienes derecho legal a una indemnizaci\u00f3n por las p\u00e9rdidas que sufras como consecuencia de la negligencia de otra persona en el cuidado de su perro. Trabajar con un abogado especializado en mordeduras de perro de Fort Collins del bufete de Dianne Sawaya te permitir\u00e1 obtener una indemnizaci\u00f3n completa por tus p\u00e9rdidas.<\/p>\n<p>Ni que decir tiene que sufrir una mordedura de perro es una situaci\u00f3n que asusta, pero cuando los problemas siguen desarroll\u00e1ndose, como problemas de movilidad, dolor continuo y traumatismos, puedes no estar seguro de c\u00f3mo vas a superarlo. Con las facturas m\u00e9dicas y, en algunos casos, la rehabilitaci\u00f3n, puede ser abrumador.<\/p>\n<p>Si has sufrido p\u00e9rdidas por mordedura de perro, te animamos a que te pongas en contacto con nuestro abogado especializado en mordeduras de perro de Fort Collins para hablar de tus derechos legales. No resuelvas tu caso hasta que lo hagas. No pagas nada por una consulta para hablar de tu caso con nuestros abogados de lesiones personales. Adem\u00e1s, no cobramos nada si no conseguimos llegar a un acuerdo contigo. No hay nada que perder, pero s\u00ed mucho que ganar si trabajas con un abogado experimentado.<\/p>\n[cta_interior title=&#8221;CTA Interior&#8221;]\n<h2>Por qu\u00e9 necesitas un abogado especializado en mordeduras de perro<\/h2>\n<p>Las mordeduras de perro son frecuentes en Estados Unidos. Los <a href=\"https:\/\/www.cdc.gov\/healthypets\/connect\/newsletter\/dog-bite-prevention-week.html\" target=\"_blank\" rel=\"noopener\">Centros para el Control y la Prevenci\u00f3n de Enfermedades<\/a> de EE.UU. comparten que 1 de cada 5 personas mordidas por un perro necesita recibir atenci\u00f3n m\u00e9dica a consecuencia de ello. Cada a\u00f1o, miles de personas sufren este tipo de urgencias m\u00e9dicas.<\/p>\n<p>En algunas situaciones, puede parecer que la opci\u00f3n f\u00e1cil es presentar una reclamaci\u00f3n al seguro del propietario del perro y esperar a que te paguen. Sin embargo, dependiendo de la gravedad de tu lesi\u00f3n, eso puede no ser suficiente. La compa\u00f1\u00eda de seguros trabajar\u00e1 agresivamente para demostrar que t\u00fa tuviste la culpa en el siniestro o intentar\u00e1 llegar a un acuerdo por menos de lo que te deben.<\/p>\n<p>Tener a tu lado a un abogado especializado en mordeduras de perro de Fort Collins ayuda a garantizar que tus derechos permanezcan protegidos y que no te conformes con menos de lo que te corresponde.<\/p>\n<p>Cuando recurras a The Law Offices of Dianne Sawaya LLC, puedes esperar una representaci\u00f3n legal excepcional por parte de abogados competentes y compasivos. Con nuestra experiencia jur\u00eddica, podemos ayudarte de varias maneras:<\/p>\n<ul>\n<li>Obt\u00e9n una revisi\u00f3n gratuita de tu caso para saber cu\u00e1les son los mejores pasos a seguir tras sufrir lesiones.<\/li>\n<li>Espera que nuestros abogados trabajen agresivamente para proteger tus derechos. Somos profesionales receptivos y dedicados que permanecen a tu lado durante todo el proceso legal.<\/li>\n<li>Nos aseguraremos de que recibas la atenci\u00f3n m\u00e9dica que necesitas. No importa lo complicadas que sean tus dolencias o el trauma que hayas sufrido, nuestro objetivo es ayudarte.<\/li>\n<\/ul>\n<p>Ponte en contacto con The Law Offices of Dianne Sawaya LLC hoy mismo para una consulta gratuita. No cobramos si no recibes una indemnizaci\u00f3n por tu siniestro.<\/p>\n<h2>Lesiones frecuentes por ataques de perros<\/h2>\n<p>Las mordeduras de perro pueden provocar una amplia gama de lesiones que pueden tener repercusiones duraderas en tu bienestar y tu salud. Cualquier tipo de lesi\u00f3n que tengas debe ser tratada en urgencias. Algunas de las lesiones m\u00e1s frecuentes relacionadas con los ataques de perros son:<\/p>\n<ul>\n<li>Huesos rotos<\/li>\n<li>Laceraciones cut\u00e1neas<\/li>\n<li>Cicatrizaci\u00f3n<\/li>\n<li>Lesiones faciales<\/li>\n<li>Da\u00f1o tisular y muscular<\/li>\n<li>Lesiones de cabeza y cuello<\/li>\n<li>Lesiones oculares<\/li>\n<\/ul>\n<p>La lesi\u00f3n inicial tambi\u00e9n puede empeorar con el tiempo. La infecci\u00f3n es un gran riesgo para muchas personas tras el ataque de un perro. Tambi\u00e9n existe el riesgo de que necesites rehabilitaci\u00f3n y terapia a largo plazo para superar los obst\u00e1culos a los que te enfrentas como consecuencia de la mordedura de perro.<\/p>\n<h2>Responsabilizar a los due\u00f1os de perros<\/h2>\n<p><a href=\"https:\/\/leg.colorado.gov\/sites\/default\/files\/images\/olls\/2004a_sl_168.pdf\" target=\"_blank\" rel=\"noopener\">La ley de Colorado<\/a> deja claro que los propietarios de perros son responsables de las acciones de sus perros. Eso significa que si un perro causa lesiones corporales a otra persona, y esa persona necesita tratamiento m\u00e9dico o cirug\u00eda correctiva y\/o est\u00e9tica, el propietario del perro podr\u00eda ser considerado responsable econ\u00f3mico de esos costes. Esto incluye los gastos m\u00e9dicos, los salarios perdidos y el dolor y sufrimiento que haya padecido la v\u00edctima. Nuestro bufete se dedica a exigir responsabilidades a los due\u00f1os de perros y a garantizar que recibas una indemnizaci\u00f3n justa por tus lesiones.<\/p>\n<h2>Preguntas frecuentes sobre las lesiones por mordedura de perro<\/h2>\n<h3>\u00bfPuede responsabilizarse al due\u00f1o de un perro de un ataque si yo no ten\u00eda permiso para estar en su propiedad?<\/h3>\n<p>La ley de Colorado se\u00f1ala que hay algunas situaciones en las que una persona puede ser responsable de las p\u00e9rdidas infligidas por su perro. Ten en cuenta que si est\u00e1s invadiendo la propiedad de una persona y hay una se\u00f1al de advertencia o una se\u00f1al de prohibido el paso, es posible que no puedas reclamar una indemnizaci\u00f3n.<\/p>\n<h3>Tengo miedo a los perros despu\u00e9s de haber sido atacada. \u00bfPuedo recibir una indemnizaci\u00f3n por ello?<\/h3>\n<p>Cada situaci\u00f3n jur\u00eddica es un poco diferente. Te animamos a que hables con nuestros abogados especializados en mordeduras de perro de Fort Collins para tratar a fondo tu caso con nuestro equipo. En muchos casos, podr\u00edas recibir una indemnizaci\u00f3n por las p\u00e9rdidas que tengas relacionadas con estos incidentes.<\/p>\n<h2>Contacta ahora con el bufete de Dianne Sawaya<\/h2>\n<p>Estamos aqu\u00ed para defenderte: no pases solo por este proceso. Queremos que recibas la indemnizaci\u00f3n que se te debe por los da\u00f1os que has sufrido. Cuando eliges a nuestro equipo jur\u00eddico para que sea tu abogado de mordeduras de perro en Fort Collins, puedes esperar lo siguiente:<\/p>\n<ul>\n<li>Una consulta totalmente gratuita para hablar de tu caso.<\/li>\n<li>Confianza: tenemos m\u00e1s de 200 rese\u00f1as positivas en Google que avalan el buen trabajo que hacemos.<\/li>\n<li>Nos preocupamos de verdad por ti y por tus necesidades espec\u00edficas. Por eso trabajaremos agresivamente en las negociaciones y recurriremos a los tribunales cuando sea necesario.<\/li>\n<\/ul>\n<p>T\u00f3mate tu tiempo ahora para buscar ayuda. <a href=\"https:\/\/dlslawfirm.com\/contact-us\/\">Ponte en contacto con<\/a> el bufete de Dianne Sawaya ahora mismo para una revisi\u00f3n gratuita de tu caso.<\/p>\n","protected":false},"excerpt":{"rendered":"<p>Abogado de Mordeduras de Perro en Fort Collins, CO \u00bfTe ha mordido un perro? Tal vez hayas sufrido laceraciones importantes y da\u00f1os en la piel y los m\u00fasculos. Puedes estar traumatizado. Las leyes de Colorado sobre mordeduras de perro lo dejan claro. Tienes derecho legal a una indemnizaci\u00f3n por las p\u00e9rdidas que sufras como consecuencia&#8230;<\/p>\n","protected":false},"author":2,"featured_media":7261,"parent":6834,"menu_order":0,"comment_status":"closed","ping_status":"closed","template":"","meta":{"_acf_changed":false,"footnotes":""},"tags":[],"class_list":["post-6820","page","type-page","status-publish","has-post-thumbnail","hentry"],"acf":[],"yoast_head":"<!-- This site is optimized with the Yoast SEO plugin v27.3 - https:\/\/yoast.com\/product\/yoast-seo-wordpress\/ -->\n<title>Abogado de Mordeduras de Perro en Fort Collins | Consulta Gratuita 24\/7 | DLS<\/title>\n<meta name=\"description\" content=\"\u00bfTe ha mordido un perro en Fort Collins? Ponte en contacto con un abogado especializado en mordeduras de perro de Fort Collins para que te ayude a recuperar los da\u00f1os que mereces. Ponte en contacto con nosotros hoy mismo.\" \/>\n<meta name=\"robots\" content=\"index, follow, max-snippet:-1, max-image-preview:large, max-video-preview:-1\" \/>\n<link rel=\"canonical\" href=\"https:\/\/dlslawfirm.com\/es\/abogado-de-lesiones-personales-en-fort-collins\/abogado-de-mordeduras-de-perro-en-fort-collins\/\" \/>\n<meta property=\"og:locale\" content=\"es_MX\" \/>\n<meta property=\"og:type\" content=\"article\" \/>\n<meta property=\"og:title\" content=\"Abogado de Mordeduras de Perro en Fort Collins | Consulta Gratuita 24\/7 | DLS\" \/>\n<meta property=\"og:description\" content=\"\u00bfTe ha mordido un perro en Fort Collins? Ponte en contacto con un abogado especializado en mordeduras de perro de Fort Collins para que te ayude a recuperar los da\u00f1os que mereces. Ponte en contacto con nosotros hoy mismo.\" \/>\n<meta property=\"og:url\" content=\"https:\/\/dlslawfirm.com\/es\/abogado-de-lesiones-personales-en-fort-collins\/abogado-de-mordeduras-de-perro-en-fort-collins\/\" \/>\n<meta property=\"og:site_name\" content=\"Law Offices of Dianne Sawaya LLC- En Espanol\" \/>\n<meta property=\"og:image\" content=\"https:\/\/dlslawfirm.com\/es\/wp-content\/uploads\/sites\/2\/2015\/04\/dogbite.jpg\" \/>\n\t<meta property=\"og:image:width\" content=\"450\" \/>\n\t<meta property=\"og:image:height\" content=\"300\" \/>\n\t<meta property=\"og:image:type\" content=\"image\/jpeg\" \/>\n<meta name=\"twitter:card\" content=\"summary_large_image\" \/>\n<meta name=\"twitter:label1\" content=\"Est. reading time\" \/>\n\t<meta name=\"twitter:data1\" content=\"6 minutos\" \/>\n<script type=\"application\/ld+json\" class=\"yoast-schema-graph\">{\"@context\":\"https:\\\/\\\/schema.org\",\"@graph\":[{\"@type\":\"WebPage\",\"@id\":\"https:\\\/\\\/dlslawfirm.com\\\/es\\\/abogado-de-lesiones-personales-en-fort-collins\\\/abogado-de-mordeduras-de-perro-en-fort-collins\\\/\",\"url\":\"https:\\\/\\\/dlslawfirm.com\\\/es\\\/abogado-de-lesiones-personales-en-fort-collins\\\/abogado-de-mordeduras-de-perro-en-fort-collins\\\/\",\"name\":\"Abogado de Mordeduras de Perro en Fort Collins | Consulta Gratuita 24\\\/7 | DLS\",\"isPartOf\":{\"@id\":\"https:\\\/\\\/dlslawfirm.com\\\/es\\\/#website\"},\"primaryImageOfPage\":{\"@id\":\"https:\\\/\\\/dlslawfirm.com\\\/es\\\/abogado-de-lesiones-personales-en-fort-collins\\\/abogado-de-mordeduras-de-perro-en-fort-collins\\\/#primaryimage\"},\"image\":{\"@id\":\"https:\\\/\\\/dlslawfirm.com\\\/es\\\/abogado-de-lesiones-personales-en-fort-collins\\\/abogado-de-mordeduras-de-perro-en-fort-collins\\\/#primaryimage\"},\"thumbnailUrl\":\"https:\\\/\\\/dlslawfirm.com\\\/es\\\/wp-content\\\/uploads\\\/sites\\\/2\\\/2015\\\/04\\\/dogbite.jpg\",\"datePublished\":\"2023-06-14T19:27:32+00:00\",\"description\":\"\u00bfTe ha mordido un perro en Fort Collins? Ponte en contacto con un abogado especializado en mordeduras de perro de Fort Collins para que te ayude a recuperar los da\u00f1os que mereces. Ponte en contacto con nosotros hoy mismo.\",\"breadcrumb\":{\"@id\":\"https:\\\/\\\/dlslawfirm.com\\\/es\\\/abogado-de-lesiones-personales-en-fort-collins\\\/abogado-de-mordeduras-de-perro-en-fort-collins\\\/#breadcrumb\"},\"inLanguage\":\"es\",\"potentialAction\":[{\"@type\":\"ReadAction\",\"target\":[\"https:\\\/\\\/dlslawfirm.com\\\/es\\\/abogado-de-lesiones-personales-en-fort-collins\\\/abogado-de-mordeduras-de-perro-en-fort-collins\\\/\"]}]},{\"@type\":\"ImageObject\",\"inLanguage\":\"es\",\"@id\":\"https:\\\/\\\/dlslawfirm.com\\\/es\\\/abogado-de-lesiones-personales-en-fort-collins\\\/abogado-de-mordeduras-de-perro-en-fort-collins\\\/#primaryimage\",\"url\":\"https:\\\/\\\/dlslawfirm.com\\\/es\\\/wp-content\\\/uploads\\\/sites\\\/2\\\/2015\\\/04\\\/dogbite.jpg\",\"contentUrl\":\"https:\\\/\\\/dlslawfirm.com\\\/es\\\/wp-content\\\/uploads\\\/sites\\\/2\\\/2015\\\/04\\\/dogbite.jpg\",\"width\":450,\"height\":300},{\"@type\":\"BreadcrumbList\",\"@id\":\"https:\\\/\\\/dlslawfirm.com\\\/es\\\/abogado-de-lesiones-personales-en-fort-collins\\\/abogado-de-mordeduras-de-perro-en-fort-collins\\\/#breadcrumb\",\"itemListElement\":[{\"@type\":\"ListItem\",\"position\":1,\"name\":\"Home\",\"item\":\"https:\\\/\\\/dlslawfirm.com\\\/es\\\/\"},{\"@type\":\"ListItem\",\"position\":2,\"name\":\"Abogado de lesiones personales en Fort Collins\",\"item\":\"https:\\\/\\\/dlslawfirm.com\\\/es\\\/abogado-de-lesiones-personales-en-fort-collins\\\/\"},{\"@type\":\"ListItem\",\"position\":3,\"name\":\"Abogado de Mordeduras de Perro en Fort Collins\"}]},{\"@type\":\"WebSite\",\"@id\":\"https:\\\/\\\/dlslawfirm.com\\\/es\\\/#website\",\"url\":\"https:\\\/\\\/dlslawfirm.com\\\/es\\\/\",\"name\":\"Law Offices of Dianne Sawaya LLC- En Espanol\",\"description\":\"\",\"potentialAction\":[{\"@type\":\"SearchAction\",\"target\":{\"@type\":\"EntryPoint\",\"urlTemplate\":\"https:\\\/\\\/dlslawfirm.com\\\/es\\\/?s={search_term_string}\"},\"query-input\":{\"@type\":\"PropertyValueSpecification\",\"valueRequired\":true,\"valueName\":\"search_term_string\"}}],\"inLanguage\":\"es\"}]}<\/script>\n<!-- \/ Yoast SEO plugin. -->","yoast_head_json":{"title":"Abogado de Mordeduras de Perro en Fort Collins | Consulta Gratuita 24\/7 | DLS","description":"\u00bfTe ha mordido un perro en Fort Collins? Ponte en contacto con un abogado especializado en mordeduras de perro de Fort Collins para que te ayude a recuperar los da\u00f1os que mereces. Ponte en contacto con nosotros hoy mismo.","robots":{"index":"index","follow":"follow","max-snippet":"max-snippet:-1","max-image-preview":"max-image-preview:large","max-video-preview":"max-video-preview:-1"},"canonical":"https:\/\/dlslawfirm.com\/es\/abogado-de-lesiones-personales-en-fort-collins\/abogado-de-mordeduras-de-perro-en-fort-collins\/","og_locale":"es_MX","og_type":"article","og_title":"Abogado de Mordeduras de Perro en Fort Collins | Consulta Gratuita 24\/7 | DLS","og_description":"\u00bfTe ha mordido un perro en Fort Collins? Ponte en contacto con un abogado especializado en mordeduras de perro de Fort Collins para que te ayude a recuperar los da\u00f1os que mereces. Ponte en contacto con nosotros hoy mismo.","og_url":"https:\/\/dlslawfirm.com\/es\/abogado-de-lesiones-personales-en-fort-collins\/abogado-de-mordeduras-de-perro-en-fort-collins\/","og_site_name":"Law Offices of Dianne Sawaya LLC- En Espanol","og_image":[{"width":450,"height":300,"url":"https:\/\/dlslawfirm.com\/es\/wp-content\/uploads\/sites\/2\/2015\/04\/dogbite.jpg","type":"image\/jpeg"}],"twitter_card":"summary_large_image","twitter_misc":{"Est. reading time":"6 minutos"},"schema":{"@context":"https:\/\/schema.org","@graph":[{"@type":"WebPage","@id":"https:\/\/dlslawfirm.com\/es\/abogado-de-lesiones-personales-en-fort-collins\/abogado-de-mordeduras-de-perro-en-fort-collins\/","url":"https:\/\/dlslawfirm.com\/es\/abogado-de-lesiones-personales-en-fort-collins\/abogado-de-mordeduras-de-perro-en-fort-collins\/","name":"Abogado de Mordeduras de Perro en Fort Collins | Consulta Gratuita 24\/7 | DLS","isPartOf":{"@id":"https:\/\/dlslawfirm.com\/es\/#website"},"primaryImageOfPage":{"@id":"https:\/\/dlslawfirm.com\/es\/abogado-de-lesiones-personales-en-fort-collins\/abogado-de-mordeduras-de-perro-en-fort-collins\/#primaryimage"},"image":{"@id":"https:\/\/dlslawfirm.com\/es\/abogado-de-lesiones-personales-en-fort-collins\/abogado-de-mordeduras-de-perro-en-fort-collins\/#primaryimage"},"thumbnailUrl":"https:\/\/dlslawfirm.com\/es\/wp-content\/uploads\/sites\/2\/2015\/04\/dogbite.jpg","datePublished":"2023-06-14T19:27:32+00:00","description":"\u00bfTe ha mordido un perro en Fort Collins? Ponte en contacto con un abogado especializado en mordeduras de perro de Fort Collins para que te ayude a recuperar los da\u00f1os que mereces. Ponte en contacto con nosotros hoy mismo.","breadcrumb":{"@id":"https:\/\/dlslawfirm.com\/es\/abogado-de-lesiones-personales-en-fort-collins\/abogado-de-mordeduras-de-perro-en-fort-collins\/#breadcrumb"},"inLanguage":"es","potentialAction":[{"@type":"ReadAction","target":["https:\/\/dlslawfirm.com\/es\/abogado-de-lesiones-personales-en-fort-collins\/abogado-de-mordeduras-de-perro-en-fort-collins\/"]}]},{"@type":"ImageObject","inLanguage":"es","@id":"https:\/\/dlslawfirm.com\/es\/abogado-de-lesiones-personales-en-fort-collins\/abogado-de-mordeduras-de-perro-en-fort-collins\/#primaryimage","url":"https:\/\/dlslawfirm.com\/es\/wp-content\/uploads\/sites\/2\/2015\/04\/dogbite.jpg","contentUrl":"https:\/\/dlslawfirm.com\/es\/wp-content\/uploads\/sites\/2\/2015\/04\/dogbite.jpg","width":450,"height":300},{"@type":"BreadcrumbList","@id":"https:\/\/dlslawfirm.com\/es\/abogado-de-lesiones-personales-en-fort-collins\/abogado-de-mordeduras-de-perro-en-fort-collins\/#breadcrumb","itemListElement":[{"@type":"ListItem","position":1,"name":"Home","item":"https:\/\/dlslawfirm.com\/es\/"},{"@type":"ListItem","position":2,"name":"Abogado de lesiones personales en Fort Collins","item":"https:\/\/dlslawfirm.com\/es\/abogado-de-lesiones-personales-en-fort-collins\/"},{"@type":"ListItem","position":3,"name":"Abogado de Mordeduras de Perro en Fort Collins"}]},{"@type":"WebSite","@id":"https:\/\/dlslawfirm.com\/es\/#website","url":"https:\/\/dlslawfirm.com\/es\/","name":"Law Offices of Dianne Sawaya LLC- En Espanol","description":"","potentialAction":[{"@type":"SearchAction","target":{"@type":"EntryPoint","urlTemplate":"https:\/\/dlslawfirm.com\/es\/?s={search_term_string}"},"query-input":{"@type":"PropertyValueSpecification","valueRequired":true,"valueName":"search_term_string"}}],"inLanguage":"es"}]}},"_links":{"self":[{"href":"https:\/\/dlslawfirm.com\/es\/wp-json\/wp\/v2\/pages\/6820","targetHints":{"allow":["GET"]}}],"collection":[{"href":"https:\/\/dlslawfirm.com\/es\/wp-json\/wp\/v2\/pages"}],"about":[{"href":"https:\/\/dlslawfirm.com\/es\/wp-json\/wp\/v2\/types\/page"}],"author":[{"embeddable":true,"href":"https:\/\/dlslawfirm.com\/es\/wp-json\/wp\/v2\/users\/2"}],"replies":[{"embeddable":true,"href":"https:\/\/dlslawfirm.com\/es\/wp-json\/wp\/v2\/comments?post=6820"}],"version-history":[{"count":0,"href":"https:\/\/dlslawfirm.com\/es\/wp-json\/wp\/v2\/pages\/6820\/revisions"}],"up":[{"embeddable":true,"href":"https:\/\/dlslawfirm.com\/es\/wp-json\/wp\/v2\/pages\/6834"}],"wp:featuredmedia":[{"embeddable":true,"href":"https:\/\/dlslawfirm.com\/es\/wp-json\/wp\/v2\/media\/7261"}],"wp:attachment":[{"href":"https:\/\/dlslawfirm.com\/es\/wp-json\/wp\/v2\/media?parent=6820"}],"wp:term":[{"taxonomy":"post_tag","embeddable":true,"href":"https:\/\/dlslawfirm.com\/es\/wp-json\/wp\/v2\/tags?post=6820"}],"curies":[{"name":"wp","href":"https:\/\/api.w.org\/{rel}","templated":true}]}}