{"id":6818,"date":"2023-06-15T16:29:03","date_gmt":"2023-06-15T16:29:03","guid":{"rendered":"https:\/\/dlslawfirm.com\/abogado-de-accidentes-de-camion-en-greeley\/"},"modified":"2023-06-15T16:29:03","modified_gmt":"2023-06-15T16:29:03","slug":"abogado-de-accidentes-de-camion-en-greeley","status":"publish","type":"page","link":"https:\/\/dlslawfirm.com\/es\/abogado-de-lesiones-personales-en-greeley\/abogado-de-accidentes-de-camion-en-greeley\/","title":{"rendered":"Abogado de accidentes de cami\u00f3n en Greeley"},"content":{"rendered":"<h2>Abogado de Accidente de Cami\u00f3n en Greeley, CO<\/h2>\n<p>Si te has visto implicado en un accidente de cami\u00f3n que te ha dejado complicaciones m\u00e9dicas, facturas m\u00e9dicas, dolor y otras p\u00e9rdidas, ponte en contacto inmediatamente con nuestros abogados especialistas en accidentes de cami\u00f3n. El tama\u00f1o y la velocidad de desplazamiento de la mayor\u00eda de los semirremolques ponen en peligro a los autom\u00f3viles y motocicletas que comparten la calzada con ellos. Si el conductor del cami\u00f3n no tiene experiencia, est\u00e1 distra\u00eddo o simplemente demasiado cansado tras un largo d\u00eda en la carretera, eso hace m\u00e1s probable que se produzca un accidente.<\/p>\n<p>No resuelvas tu caso hasta que hables con un abogado sobre tus derechos tras un accidente de cami\u00f3n en Colorado. El Bufete de Dianne Sawaya te ofrece el apoyo jur\u00eddico que necesitas. Tu consulta inicial es 100% gratuita y no cobramos si no conseguimos llegar a un acuerdo en tu nombre.<\/p>\n[cta_interior title=&#8221;CTA Interior&#8221;]\n<h2>Por qu\u00e9 necesitas un abogado de accidentes de cami\u00f3n<\/h2>\n<p>En 2020, hubo 74 accidentes mortales en el estado de Colorado en los que estuvieron implicados camiones, seg\u00fan datos de la <a href=\"https:\/\/www-fars.nhtsa.dot.gov\/Vehicles\/VehiclesAllVehicles.aspx\" target=\"_blank\" rel=\"noopener\">Administraci\u00f3n Nacional de Seguridad del Tr\u00e1fico en Carretera<\/a>. \u00c9stas est\u00e1n relacionadas con camiones grandes, pero en el estado se produjeron otras 393 muertes relacionadas con camiones m\u00e1s peque\u00f1os, incluidos los que circulan a diario por las calles de las ciudades.<\/p>\n<p>Necesitas un abogado de accidentes de cami\u00f3n si vas a enfrentarte a poderosas empresas de transporte y a sus aseguradoras para conseguir la indemnizaci\u00f3n que te deben. Considera por qu\u00e9 los clientes acuden al Bufete de Dianne Sawaya en busca de ayuda de un abogado cualificado y con experiencia en accidentes de cami\u00f3n:<\/p>\n<ul>\n<li>Tenemos m\u00e1s de 200 rese\u00f1as positivas en Google de clientes con p\u00e9rdidas similares.<\/li>\n<li>Trabajaremos duro, mediante negociaciones y litigios, cuando sea necesario, para conseguir la indemnizaci\u00f3n que te corresponde tras un suceso tan tr\u00e1gico.<\/li>\n<li>Somos compasivos a la hora de atender a nuestros clientes, pero agresivos en la b\u00fasqueda de una indemnizaci\u00f3n completa por las p\u00e9rdidas de nuestros clientes.<\/li>\n<\/ul>\n<p>Con nuestra experiencia y conocimiento de la ley de <a href=\"https:\/\/dlslawfirm.com\/greeley-personal-injury-attorney\/\">lesiones personales<\/a> de Colorado, podemos ayudarte a obtener la indemnizaci\u00f3n que se te debe tras un accidente de cami\u00f3n.<\/p>\n<h2>Lesiones comunes en accidentes de cami\u00f3n<\/h2>\n<p>Los accidentes de cami\u00f3n pueden causar lesiones graves y p\u00e9rdidas duraderas a muchas personas. Si sufres lesiones de este tipo, debes tener en cuenta tus facturas m\u00e9dicas y tus necesidades de cuidados a largo plazo. Algunas lesiones frecuentes en accidentes de cami\u00f3n son<\/p>\n<ul>\n<li>Lesiones cerebrales traum\u00e1ticas<\/li>\n<li>Huesos rotos<\/li>\n<li>Laceraciones y hemorragias internas<\/li>\n<li>Da\u00f1o medular<\/li>\n<li>Par\u00e1lisis<\/li>\n<li>Amputaci\u00f3n de brazos o piernas<\/li>\n<li>Quemaduras<\/li>\n<\/ul>\n<h2>\u00bfQu\u00e9 hace \u00fanicos a los accidentes de cami\u00f3n?<\/h2>\n<p>Una de las razones m\u00e1s importantes por las que te animamos a buscar un abogado de Greeley especializado en accidentes de cami\u00f3n es que los accidentes de cami\u00f3n son notablemente distintos de lo que podr\u00edas esperar de un accidente de coche o de moto. Las empresas de transporte tienen abogados poderosos y recursos ilimitados. Tambi\u00e9n son muy agresivos a la hora de liquidar siniestros r\u00e1pidamente y, a menudo, por menos de lo que se debe.<\/p>\n<p>Adem\u00e1s, los accidentes de cami\u00f3n suelen ser mucho m\u00e1s perjudiciales, ya que crean riesgos a largo plazo para las personas durante a\u00f1os. Puedes sufrir graves limitaciones de movilidad, salud mental, dolor y calidad de vida. Puede que estas cosas no desaparezcan. Es posible que se te deba una indemnizaci\u00f3n por esas p\u00e9rdidas.<\/p>\n<h2>Responsabilizar a la empresa de camiones<\/h2>\n<p>Muchas veces, no es s\u00f3lo el camionero el que te ha puesto en esta terrible situaci\u00f3n. Adem\u00e1s, puede que sea la empresa de camiones que les respalda la que les empuja a trabajar demasiadas horas sin descanso, o puede que no se haya ocupado del mantenimiento que necesita el cami\u00f3n. Otras veces, no pusieron de su parte para asegurarse de que el camionero tuviera la formaci\u00f3n adecuada para minimizar los riesgos para los conductores en las carreteras.<\/p>\n<p>Es imperativo que act\u00faes contra este tipo de acciones e inacciones. Lo que te ocurri\u00f3 a ti puede ocurrirle f\u00e1cilmente a otra persona si las empresas de transporte por carretera no adoptan medidas legales agresivas para garantizar que sus conductores operan dentro de los requisitos de cumplimiento en el estado de Colorado y en todo EEUU.<\/p>\n<p>Responsabilizar a la empresa de camiones no es f\u00e1cil, pero es algo en lo que te guiar\u00e1n nuestros abogados especialistas en accidentes de cami\u00f3n. Deja que te ayudemos a determinar qui\u00e9n es el responsable, por qu\u00e9 te ha ocurrido esto y qu\u00e9 se podr\u00eda haber hecho para evitarlo.<\/p>\n<p>Tienes derecho legal a una indemnizaci\u00f3n por los da\u00f1os que te haya causado un camionero, su empresa, el fabricante y otros. Deja que nuestro equipo jur\u00eddico te ayude a reclamar esas p\u00e9rdidas. Proteger a los heridos es todo lo que hacemos y estamos dispuestos a ayudarte.<\/p>\n<h2>Preguntas frecuentes sobre accidentes de cami\u00f3n<\/h2>\n<h3>\u00bfCu\u00e1nto puedo esperar de indemnizaci\u00f3n tras un accidente de cami\u00f3n en Colorado?<\/h3>\n<p>No es posible dar una cifra exacta en d\u00f3lares, pues depende mucho del tipo de siniestro que tengas. Puedes tener derecho a una indemnizaci\u00f3n por cualquier p\u00e9rdida econ\u00f3mica que hayas sufrido a causa del siniestro, incluidas facturas m\u00e9dicas, rehabilitaci\u00f3n a largo plazo, modificaciones en tu casa a causa de las lesiones, p\u00e9rdida de tiempo en el trabajo y p\u00e9rdida de la capacidad laboral. Tambi\u00e9n puedes tener derecho a una indemnizaci\u00f3n por dolor cr\u00f3nico y otras complicaciones a largo plazo derivadas de tu accidente de cami\u00f3n.<\/p>\n<h3>\u00bfDe cu\u00e1nto tiempo dispongo para presentar una demanda por accidente de cami\u00f3n en Colorado?<\/h3>\n<p>No esperes. El <a href=\"https:\/\/leg.colorado.gov\/sites\/default\/files\/images\/olls\/crs2016-title-13.pdf\" target=\"_blank\" rel=\"noopener\">estado de Colorado<\/a> impone un plazo m\u00e1ximo de tres a\u00f1os desde la fecha del accidente hasta la fecha en que se resuelve o se presenta ante el tribunal una demanda por lesiones personales. Nuestros abogados te animan a actuar mucho antes para minimizar el riesgo de complicaciones y retrasos.<\/p>\n<h2>Contacta ahora con el bufete de Dianne Sawaya<\/h2>\n<p>Nuestro abogado de Greeley especializado en accidentes de cami\u00f3n quiere ayudarte. Somos abogados altamente experimentados, de confianza y agresivos, que trabajamos incansablemente para apoyar las necesidades \u00fanicas de nuestros clientes. Podemos ayudarte a obtener los tratamientos m\u00e9dicos que necesitas y mereces tras un desenlace tan perjudicial.<\/p>\n<p>Tu primer paso es concertar ahora una consulta gratuita con nuestros abogados para hablar de tu caso. Recibir\u00e1s una consulta sin coste alguno para ti. Nuestro equipo evaluar\u00e1 tu situaci\u00f3n jur\u00eddica, te ayudar\u00e1 a determinar cu\u00e1les son tus opciones legales y luego se esforzar\u00e1 para que sepas a qu\u00e9 atenerte.<\/p>\n<p>No tardes en <a href=\"https:\/\/dlslawfirm.com\/contact-us\/\">ponerte en contacto con<\/a> el Bufete de Dianne Sawaya para hablar de tu caso con un equipo dedicado a colaborar estrechamente para conseguir el mejor resultado para ti.<\/p>\n","protected":false},"excerpt":{"rendered":"<p>Abogado de Accidente de Cami\u00f3n en Greeley, CO Si te has visto implicado en un accidente de cami\u00f3n que te ha dejado complicaciones m\u00e9dicas, facturas m\u00e9dicas, dolor y otras p\u00e9rdidas, ponte en contacto inmediatamente con nuestros abogados especialistas en accidentes de cami\u00f3n. El tama\u00f1o y la velocidad de desplazamiento de la mayor\u00eda de los semirremolques&#8230;<\/p>\n","protected":false},"author":2,"featured_media":2739,"parent":6857,"menu_order":0,"comment_status":"closed","ping_status":"closed","template":"","meta":{"_acf_changed":false,"footnotes":""},"tags":[],"class_list":["post-6818","page","type-page","status-publish","has-post-thumbnail","hentry"],"acf":[],"yoast_head":"<!-- This site is optimized with the Yoast SEO plugin v27.3 - https:\/\/yoast.com\/product\/yoast-seo-wordpress\/ -->\n<title>Greeley Abogado Accidente Cami\u00f3n | Consulta Gratuita 24\/7<\/title>\n<meta name=\"description\" content=\"Si has sufrido un accidente de cami\u00f3n en Greeley, CO, ponte en contacto hoy mismo con nuestro abogado especializado en accidentes de cami\u00f3n en Greeley. Impulsaremos tu demanda.\" \/>\n<meta name=\"robots\" content=\"index, follow, max-snippet:-1, max-image-preview:large, max-video-preview:-1\" \/>\n<link rel=\"canonical\" href=\"https:\/\/dlslawfirm.com\/es\/abogado-de-lesiones-personales-en-greeley\/abogado-de-accidentes-de-camion-en-greeley\/\" \/>\n<meta property=\"og:locale\" content=\"es_MX\" \/>\n<meta property=\"og:type\" content=\"article\" \/>\n<meta property=\"og:title\" content=\"Greeley Abogado Accidente Cami\u00f3n | Consulta Gratuita 24\/7\" \/>\n<meta property=\"og:description\" content=\"Si has sufrido un accidente de cami\u00f3n en Greeley, CO, ponte en contacto hoy mismo con nuestro abogado especializado en accidentes de cami\u00f3n en Greeley. Impulsaremos tu demanda.\" \/>\n<meta property=\"og:url\" content=\"https:\/\/dlslawfirm.com\/es\/abogado-de-lesiones-personales-en-greeley\/abogado-de-accidentes-de-camion-en-greeley\/\" \/>\n<meta property=\"og:site_name\" content=\"Law Offices of Dianne Sawaya LLC- En Espanol\" \/>\n<meta property=\"og:image\" content=\"https:\/\/dlslawfirm.com\/es\/wp-content\/uploads\/sites\/2\/2016\/02\/workerscompensation-3.jpg\" \/>\n\t<meta property=\"og:image:width\" content=\"841\" \/>\n\t<meta property=\"og:image:height\" content=\"571\" \/>\n\t<meta property=\"og:image:type\" content=\"image\/jpeg\" \/>\n<meta name=\"twitter:card\" content=\"summary_large_image\" \/>\n<meta name=\"twitter:label1\" content=\"Est. reading time\" \/>\n\t<meta name=\"twitter:data1\" content=\"6 minutos\" \/>\n<script type=\"application\/ld+json\" class=\"yoast-schema-graph\">{\"@context\":\"https:\\\/\\\/schema.org\",\"@graph\":[{\"@type\":\"WebPage\",\"@id\":\"https:\\\/\\\/dlslawfirm.com\\\/es\\\/abogado-de-lesiones-personales-en-greeley\\\/abogado-de-accidentes-de-camion-en-greeley\\\/\",\"url\":\"https:\\\/\\\/dlslawfirm.com\\\/es\\\/abogado-de-lesiones-personales-en-greeley\\\/abogado-de-accidentes-de-camion-en-greeley\\\/\",\"name\":\"Greeley Abogado Accidente Cami\u00f3n | Consulta Gratuita 24\\\/7\",\"isPartOf\":{\"@id\":\"https:\\\/\\\/dlslawfirm.com\\\/es\\\/#website\"},\"primaryImageOfPage\":{\"@id\":\"https:\\\/\\\/dlslawfirm.com\\\/es\\\/abogado-de-lesiones-personales-en-greeley\\\/abogado-de-accidentes-de-camion-en-greeley\\\/#primaryimage\"},\"image\":{\"@id\":\"https:\\\/\\\/dlslawfirm.com\\\/es\\\/abogado-de-lesiones-personales-en-greeley\\\/abogado-de-accidentes-de-camion-en-greeley\\\/#primaryimage\"},\"thumbnailUrl\":\"https:\\\/\\\/dlslawfirm.com\\\/es\\\/wp-content\\\/uploads\\\/sites\\\/2\\\/2016\\\/02\\\/workerscompensation-3.jpg\",\"datePublished\":\"2023-06-15T16:29:03+00:00\",\"description\":\"Si has sufrido un accidente de cami\u00f3n en Greeley, CO, ponte en contacto hoy mismo con nuestro abogado especializado en accidentes de cami\u00f3n en Greeley. Impulsaremos tu demanda.\",\"breadcrumb\":{\"@id\":\"https:\\\/\\\/dlslawfirm.com\\\/es\\\/abogado-de-lesiones-personales-en-greeley\\\/abogado-de-accidentes-de-camion-en-greeley\\\/#breadcrumb\"},\"inLanguage\":\"es\",\"potentialAction\":[{\"@type\":\"ReadAction\",\"target\":[\"https:\\\/\\\/dlslawfirm.com\\\/es\\\/abogado-de-lesiones-personales-en-greeley\\\/abogado-de-accidentes-de-camion-en-greeley\\\/\"]}]},{\"@type\":\"ImageObject\",\"inLanguage\":\"es\",\"@id\":\"https:\\\/\\\/dlslawfirm.com\\\/es\\\/abogado-de-lesiones-personales-en-greeley\\\/abogado-de-accidentes-de-camion-en-greeley\\\/#primaryimage\",\"url\":\"https:\\\/\\\/dlslawfirm.com\\\/es\\\/wp-content\\\/uploads\\\/sites\\\/2\\\/2016\\\/02\\\/workerscompensation-3.jpg\",\"contentUrl\":\"https:\\\/\\\/dlslawfirm.com\\\/es\\\/wp-content\\\/uploads\\\/sites\\\/2\\\/2016\\\/02\\\/workerscompensation-3.jpg\",\"width\":841,\"height\":571,\"caption\":\"workers compensation\"},{\"@type\":\"BreadcrumbList\",\"@id\":\"https:\\\/\\\/dlslawfirm.com\\\/es\\\/abogado-de-lesiones-personales-en-greeley\\\/abogado-de-accidentes-de-camion-en-greeley\\\/#breadcrumb\",\"itemListElement\":[{\"@type\":\"ListItem\",\"position\":1,\"name\":\"Home\",\"item\":\"https:\\\/\\\/dlslawfirm.com\\\/es\\\/\"},{\"@type\":\"ListItem\",\"position\":2,\"name\":\"Abogado de lesiones personales en Greeley\",\"item\":\"https:\\\/\\\/dlslawfirm.com\\\/es\\\/abogado-de-lesiones-personales-en-greeley\\\/\"},{\"@type\":\"ListItem\",\"position\":3,\"name\":\"Abogado de accidentes de cami\u00f3n en Greeley\"}]},{\"@type\":\"WebSite\",\"@id\":\"https:\\\/\\\/dlslawfirm.com\\\/es\\\/#website\",\"url\":\"https:\\\/\\\/dlslawfirm.com\\\/es\\\/\",\"name\":\"Law Offices of Dianne Sawaya LLC- En Espanol\",\"description\":\"\",\"potentialAction\":[{\"@type\":\"SearchAction\",\"target\":{\"@type\":\"EntryPoint\",\"urlTemplate\":\"https:\\\/\\\/dlslawfirm.com\\\/es\\\/?s={search_term_string}\"},\"query-input\":{\"@type\":\"PropertyValueSpecification\",\"valueRequired\":true,\"valueName\":\"search_term_string\"}}],\"inLanguage\":\"es\"}]}<\/script>\n<!-- \/ Yoast SEO plugin. -->","yoast_head_json":{"title":"Greeley Abogado Accidente Cami\u00f3n | Consulta Gratuita 24\/7","description":"Si has sufrido un accidente de cami\u00f3n en Greeley, CO, ponte en contacto hoy mismo con nuestro abogado especializado en accidentes de cami\u00f3n en Greeley. Impulsaremos tu demanda.","robots":{"index":"index","follow":"follow","max-snippet":"max-snippet:-1","max-image-preview":"max-image-preview:large","max-video-preview":"max-video-preview:-1"},"canonical":"https:\/\/dlslawfirm.com\/es\/abogado-de-lesiones-personales-en-greeley\/abogado-de-accidentes-de-camion-en-greeley\/","og_locale":"es_MX","og_type":"article","og_title":"Greeley Abogado Accidente Cami\u00f3n | Consulta Gratuita 24\/7","og_description":"Si has sufrido un accidente de cami\u00f3n en Greeley, CO, ponte en contacto hoy mismo con nuestro abogado especializado en accidentes de cami\u00f3n en Greeley. Impulsaremos tu demanda.","og_url":"https:\/\/dlslawfirm.com\/es\/abogado-de-lesiones-personales-en-greeley\/abogado-de-accidentes-de-camion-en-greeley\/","og_site_name":"Law Offices of Dianne Sawaya LLC- En Espanol","og_image":[{"width":841,"height":571,"url":"https:\/\/dlslawfirm.com\/es\/wp-content\/uploads\/sites\/2\/2016\/02\/workerscompensation-3.jpg","type":"image\/jpeg"}],"twitter_card":"summary_large_image","twitter_misc":{"Est. reading time":"6 minutos"},"schema":{"@context":"https:\/\/schema.org","@graph":[{"@type":"WebPage","@id":"https:\/\/dlslawfirm.com\/es\/abogado-de-lesiones-personales-en-greeley\/abogado-de-accidentes-de-camion-en-greeley\/","url":"https:\/\/dlslawfirm.com\/es\/abogado-de-lesiones-personales-en-greeley\/abogado-de-accidentes-de-camion-en-greeley\/","name":"Greeley Abogado Accidente Cami\u00f3n | Consulta Gratuita 24\/7","isPartOf":{"@id":"https:\/\/dlslawfirm.com\/es\/#website"},"primaryImageOfPage":{"@id":"https:\/\/dlslawfirm.com\/es\/abogado-de-lesiones-personales-en-greeley\/abogado-de-accidentes-de-camion-en-greeley\/#primaryimage"},"image":{"@id":"https:\/\/dlslawfirm.com\/es\/abogado-de-lesiones-personales-en-greeley\/abogado-de-accidentes-de-camion-en-greeley\/#primaryimage"},"thumbnailUrl":"https:\/\/dlslawfirm.com\/es\/wp-content\/uploads\/sites\/2\/2016\/02\/workerscompensation-3.jpg","datePublished":"2023-06-15T16:29:03+00:00","description":"Si has sufrido un accidente de cami\u00f3n en Greeley, CO, ponte en contacto hoy mismo con nuestro abogado especializado en accidentes de cami\u00f3n en Greeley. Impulsaremos tu demanda.","breadcrumb":{"@id":"https:\/\/dlslawfirm.com\/es\/abogado-de-lesiones-personales-en-greeley\/abogado-de-accidentes-de-camion-en-greeley\/#breadcrumb"},"inLanguage":"es","potentialAction":[{"@type":"ReadAction","target":["https:\/\/dlslawfirm.com\/es\/abogado-de-lesiones-personales-en-greeley\/abogado-de-accidentes-de-camion-en-greeley\/"]}]},{"@type":"ImageObject","inLanguage":"es","@id":"https:\/\/dlslawfirm.com\/es\/abogado-de-lesiones-personales-en-greeley\/abogado-de-accidentes-de-camion-en-greeley\/#primaryimage","url":"https:\/\/dlslawfirm.com\/es\/wp-content\/uploads\/sites\/2\/2016\/02\/workerscompensation-3.jpg","contentUrl":"https:\/\/dlslawfirm.com\/es\/wp-content\/uploads\/sites\/2\/2016\/02\/workerscompensation-3.jpg","width":841,"height":571,"caption":"workers compensation"},{"@type":"BreadcrumbList","@id":"https:\/\/dlslawfirm.com\/es\/abogado-de-lesiones-personales-en-greeley\/abogado-de-accidentes-de-camion-en-greeley\/#breadcrumb","itemListElement":[{"@type":"ListItem","position":1,"name":"Home","item":"https:\/\/dlslawfirm.com\/es\/"},{"@type":"ListItem","position":2,"name":"Abogado de lesiones personales en Greeley","item":"https:\/\/dlslawfirm.com\/es\/abogado-de-lesiones-personales-en-greeley\/"},{"@type":"ListItem","position":3,"name":"Abogado de accidentes de cami\u00f3n en Greeley"}]},{"@type":"WebSite","@id":"https:\/\/dlslawfirm.com\/es\/#website","url":"https:\/\/dlslawfirm.com\/es\/","name":"Law Offices of Dianne Sawaya LLC- En Espanol","description":"","potentialAction":[{"@type":"SearchAction","target":{"@type":"EntryPoint","urlTemplate":"https:\/\/dlslawfirm.com\/es\/?s={search_term_string}"},"query-input":{"@type":"PropertyValueSpecification","valueRequired":true,"valueName":"search_term_string"}}],"inLanguage":"es"}]}},"_links":{"self":[{"href":"https:\/\/dlslawfirm.com\/es\/wp-json\/wp\/v2\/pages\/6818","targetHints":{"allow":["GET"]}}],"collection":[{"href":"https:\/\/dlslawfirm.com\/es\/wp-json\/wp\/v2\/pages"}],"about":[{"href":"https:\/\/dlslawfirm.com\/es\/wp-json\/wp\/v2\/types\/page"}],"author":[{"embeddable":true,"href":"https:\/\/dlslawfirm.com\/es\/wp-json\/wp\/v2\/users\/2"}],"replies":[{"embeddable":true,"href":"https:\/\/dlslawfirm.com\/es\/wp-json\/wp\/v2\/comments?post=6818"}],"version-history":[{"count":0,"href":"https:\/\/dlslawfirm.com\/es\/wp-json\/wp\/v2\/pages\/6818\/revisions"}],"up":[{"embeddable":true,"href":"https:\/\/dlslawfirm.com\/es\/wp-json\/wp\/v2\/pages\/6857"}],"wp:featuredmedia":[{"embeddable":true,"href":"https:\/\/dlslawfirm.com\/es\/wp-json\/wp\/v2\/media\/2739"}],"wp:attachment":[{"href":"https:\/\/dlslawfirm.com\/es\/wp-json\/wp\/v2\/media?parent=6818"}],"wp:term":[{"taxonomy":"post_tag","embeddable":true,"href":"https:\/\/dlslawfirm.com\/es\/wp-json\/wp\/v2\/tags?post=6818"}],"curies":[{"name":"wp","href":"https:\/\/api.w.org\/{rel}","templated":true}]}}