{"id":6816,"date":"2023-06-11T22:27:02","date_gmt":"2023-06-11T22:27:02","guid":{"rendered":"https:\/\/dlslawfirm.com\/abogado-de-aurora-especializado-en-mordeduras-de-perro\/"},"modified":"2023-06-11T22:27:02","modified_gmt":"2023-06-11T22:27:02","slug":"abogado-de-aurora-especializado-en-mordeduras-de-perro","status":"publish","type":"page","link":"https:\/\/dlslawfirm.com\/es\/abogado-de-lesiones-personales-en-aurora\/abogado-de-aurora-especializado-en-mordeduras-de-perro\/","title":{"rendered":"Abogado de Aurora especializado en mordeduras de perro"},"content":{"rendered":"<h2>Abogado especializado en mordeduras de perro en Aurora, CO<\/h2>\n<p><span style=\"font-weight: 400\">Si te ha mordido un perro en Aurora, Colorado, el dolor f\u00edsico y emocional puede ser abrumador. Puedes sentirte confuso e inseguro sobre tus derechos. En el Bufete de Dianne Sawaya comprendemos los retos a los que te enfrentas y estamos aqu\u00ed para ayudarte. Como abogados especializados en mordeduras de perro, tenemos la experiencia y los conocimientos necesarios para ayudarte a conseguir la indemnizaci\u00f3n que mereces por tus lesiones.<\/span><\/p>\n[cta_interior title=&#8221;CTA Interior&#8221;]\n<h2>Por qu\u00e9 necesitas un abogado especializado en mordeduras de perro<\/h2>\n<p><span style=\"font-weight: 400\">Los ataques de perros pueden provocar lesiones graves, traumas a largo plazo y una importante carga econ\u00f3mica. Un abogado experto en mordeduras de perro de Aurora puede navegar por el complejo proceso legal para asegurarse de que recibes la indemnizaci\u00f3n que necesitas para cubrir las facturas m\u00e9dicas, los salarios perdidos y el dolor y el sufrimiento. Te ayudaremos a obtener los tratamientos m\u00e9dicos que necesitas y mereces, y trabajaremos incansablemente mediante negociaciones y litigios para conseguir la indemnizaci\u00f3n que tienes derecho a recibir.<\/span><\/p>\n<h2>Lesiones frecuentes por ataques de perros<\/h2>\n<p><span style=\"font-weight: 400\">Las mordeduras de perro pueden provocar diversas lesiones, algunas de las cuales pueden ser graves y tener consecuencias duraderas. Comprender los tipos de lesiones que pueden producirse es crucial a la hora de buscar una indemnizaci\u00f3n por tus da\u00f1os. A continuaci\u00f3n se enumeran las lesiones m\u00e1s frecuentes producidas por ataques de perros:<\/span><\/p>\n<ul>\n<li style=\"font-weight: 400\"><b>Heridas punzantes:<\/b><span style=\"font-weight: 400\">  Estas lesiones se producen cuando los dientes del perro penetran en la piel, causando a menudo heridas profundas y dolorosas. Las heridas punzantes pueden provocar complicaciones como infecci\u00f3n, da\u00f1o tisular e incluso da\u00f1o en los huesos u \u00f3rganos subyacentes.<\/span><\/li>\n<li style=\"font-weight: 400\"><b>Laceraciones y abrasiones:<\/b><span style=\"font-weight: 400\">  Las mordeduras de perro pueden causar cortes y rasgu\u00f1os graves, que pueden requerir puntos de sutura u otro tratamiento m\u00e9dico. Adem\u00e1s de ser dolorosas, estas lesiones pueden dejar cicatrices permanentes y tardar mucho tiempo en curarse.<\/span><\/li>\n<li style=\"font-weight: 400\"><b>Fracturas y luxaciones:<\/b><span style=\"font-weight: 400\">  La fuerza de la mordedura de un perro o el forcejeo durante un ataque pueden provocar fracturas o dislocaciones de huesos. Estas lesiones pueden ser extremadamente dolorosas y pueden requerir cirug\u00eda, escayola u otra intervenci\u00f3n m\u00e9dica para curarse adecuadamente.<\/span><\/li>\n<li style=\"font-weight: 400\"><b>Infecciones:<\/b><span style=\"font-weight: 400\">  Las mordeduras de perro pueden introducir bacterias en el organismo, provocando infecciones como celulitis, abscesos o incluso afecciones potencialmente mortales como la sepsis. El tratamiento m\u00e9dico adecuado y los antibi\u00f3ticos son esenciales para evitar que las infecciones empeoren.<\/span><\/li>\n<li style=\"font-weight: 400\"><b>Da\u00f1o nervioso:<\/b><span style=\"font-weight: 400\">  Las poderosas mand\u00edbulas de un perro pueden causar lesiones nerviosas importantes cuando muerden las extremidades u otras partes del cuerpo de una persona. Este da\u00f1o puede provocar dolor cr\u00f3nico, p\u00e9rdida de sensibilidad o incluso par\u00e1lisis en casos graves.<\/span><\/li>\n<li style=\"font-weight: 400\"><b>Cicatrices y desfiguraci\u00f3n:<\/b><span style=\"font-weight: 400\">  Las lesiones por mordedura de perro pueden dejar cicatrices o desfiguraciones duraderas, que pueden afectar a la autoestima y la calidad de vida de la v\u00edctima. En algunos casos, puede ser necesaria la cirug\u00eda reconstructiva para minimizar el aspecto de las cicatrices o restaurar la funci\u00f3n de las zonas da\u00f1adas.<\/span><\/li>\n<li style=\"font-weight: 400\"><b>Trauma emocional:<\/b><span style=\"font-weight: 400\">  No hay que subestimar el impacto psicol\u00f3gico de un ataque de perro. Las v\u00edctimas pueden experimentar miedo, ansiedad, depresi\u00f3n o incluso TEPT. Este trauma emocional puede ser tan debilitante como las lesiones f\u00edsicas y puede requerir terapia o asesoramiento para superarlo.<\/span><\/li>\n<\/ul>\n<p><span style=\"font-weight: 400\">Comprender la gravedad y el alcance de las lesiones que pueden provocar los ataques de perros es esencial a la hora de solicitar una indemnizaci\u00f3n. Un abogado experto en mordeduras de perro de Aurora puede ayudarte a navegar por el proceso legal y asegurarse de que recibes la indemnizaci\u00f3n que necesitas para cubrir las facturas m\u00e9dicas, los salarios perdidos y el dolor y el sufrimiento.<\/span><\/p>\n<h2>Responsabilizar a los due\u00f1os de perros<\/h2>\n<p><span style=\"font-weight: 400\">La ley de Colorado responsabiliza a los propietarios de perros de las acciones de sus mascotas. Si un perro muerde y lesiona a alguien, el propietario puede ser considerado responsable de los da\u00f1os. Esto incluye los gastos m\u00e9dicos, los salarios perdidos y el dolor y sufrimiento que haya padecido la v\u00edctima. Nuestro bufete se dedica a exigir responsabilidades a los due\u00f1os de perros y a garantizar que recibas una indemnizaci\u00f3n justa por tus lesiones.  <\/span><\/p>\n<p><span style=\"font-weight: 400\">Al emprender acciones legales contra propietarios de perros negligentes, no s\u00f3lo ayudamos a nuestros clientes a recuperar los da\u00f1os que merecen, sino que tambi\u00e9n promovemos la tenencia responsable de mascotas y prevenimos futuros ataques. Conf\u00eda en nuestros abogados expertos en mordeduras de perro de Aurora para que te gu\u00eden en el proceso legal y luchen por la justicia que mereces.<\/span><\/p>\n<h2>Preguntas frecuentes sobre las lesiones por mordedura de perro<\/h2>\n<h3>\u00bfCu\u00e1nto vale mi caso de mordedura de perro?<\/h3>\n<p><span style=\"font-weight: 400\">El valor de un caso de mordedura de perro depende de varios factores, como la gravedad de tus lesiones, los gastos m\u00e9dicos, los salarios perdidos y el dolor y sufrimiento. Un abogado experto en mordeduras de perro de Aurora puede evaluar tu caso y darte una estimaci\u00f3n de su valor.<\/span><\/p>\n<h3>\u00bfY si el due\u00f1o del perro alega que yo he provocado el ataque?<\/h3>\n<p><span style=\"font-weight: 400\">En Colorado, si el due\u00f1o del perro puede demostrar que t\u00fa provocaste el ataque, puede que no se le considere responsable de tus lesiones. Sin embargo, un abogado con experiencia puede ayudarte a reunir pruebas y construir un caso s\u00f3lido para refutar tales afirmaciones.<\/span><\/p>\n<h3>\u00bfExisten plazos para presentar una demanda por lesiones por mordedura de perro?<\/h3>\n<p><span style=\"font-weight: 400\">S\u00ed, existen plazos, conocidos como prescripci\u00f3n, para presentar una demanda por lesiones por mordedura de perro en Colorado. Normalmente, tienes dos a\u00f1os desde la fecha del atentado para presentar una reclamaci\u00f3n. Sin embargo, determinadas circunstancias pueden ampliar o acortar este plazo, por lo que es esencial consultar a un abogado experto en mordeduras de perro lo antes posible.<\/span><\/p>\n<h3>\u00bfY si el propietario no tiene seguro ni bienes para cubrir mis da\u00f1os?<\/h3>\n<p><span style=\"font-weight: 400\">Si el due\u00f1o del perro no tiene seguro ni bienes para cubrir tus da\u00f1os, tu abogado puede ayudarte a explorar fuentes alternativas de indemnizaci\u00f3n, como las p\u00f3lizas de seguro del propietario o del inquilino. Adem\u00e1s, si el propietario del perro es declarado negligente, puede seguir siendo considerado personalmente responsable de tus da\u00f1os, y un tribunal puede exigirle que pague a lo largo del tiempo mediante un plan de pagos.<\/span><\/p>\n<h3>\u00bfPuedo reclamar si mis lesiones son relativamente leves?<\/h3>\n<p><span style=\"font-weight: 400\">S\u00ed, aunque tus lesiones se consideren leves, puedes tener derecho a una indemnizaci\u00f3n por tus facturas m\u00e9dicas, salarios perdidos y dolor y sufrimiento. Un abogado experto en mordeduras de perro de Aurora puede evaluar tu caso y determinar el mejor curso de acci\u00f3n para obtener una indemnizaci\u00f3n justa.<\/span><\/p>\n<h2><b>Contacta ahora con el bufete de Dianne Sawaya<\/b><\/h2>\n<p><span style=\"font-weight: 400\">En el Bufete de Dianne Sawaya, nos enorgullecemos de nuestro enfoque compasivo hacia los clientes, al tiempo que buscamos agresivamente una indemnizaci\u00f3n completa por sus lesiones. Con m\u00e1s de 200 rese\u00f1as positivas en Google, puedes confiar en nuestra experiencia en la gesti\u00f3n de casos de mordeduras de perro. Tu consulta inicial es 100% gratuita, y no nos deber\u00e1s nada si no conseguimos llegar a un acuerdo en tu nombre. No dudes en <a href=\"https:\/\/dlslawfirm.com\/contact-us\/\">ponerte en contacto con nosotros<\/a> hoy mismo para hablar de tu caso con un abogado experto en mordeduras de perro de Colorado.<\/span><\/p>\n","protected":false},"excerpt":{"rendered":"<p>Abogado especializado en mordeduras de perro en Aurora, CO Si te ha mordido un perro en Aurora, Colorado, el dolor f\u00edsico y emocional puede ser abrumador. Puedes sentirte confuso e inseguro sobre tus derechos. En el Bufete de Dianne Sawaya comprendemos los retos a los que te enfrentas y estamos aqu\u00ed para ayudarte. Como abogados&#8230;<\/p>\n","protected":false},"author":2,"featured_media":7261,"parent":6886,"menu_order":0,"comment_status":"closed","ping_status":"closed","template":"","meta":{"_acf_changed":false,"footnotes":""},"tags":[],"class_list":["post-6816","page","type-page","status-publish","has-post-thumbnail","hentry"],"acf":[],"yoast_head":"<!-- This site is optimized with the Yoast SEO plugin v27.3 - https:\/\/yoast.com\/product\/yoast-seo-wordpress\/ -->\n<title>Abogado de Mordeduras de Perro en Aurora | Consulta Gratuita 24\/7 | Llama Ahora<\/title>\n<meta name=\"description\" content=\"\u00bfTe ha mordido un perro en Aurora? Ponte en contacto hoy mismo con un abogado experto en mordeduras de perro de Aurora del bufete de Dianne Sawaya para que te ayude.\" \/>\n<meta name=\"robots\" content=\"index, follow, max-snippet:-1, max-image-preview:large, max-video-preview:-1\" \/>\n<link rel=\"canonical\" href=\"https:\/\/dlslawfirm.com\/es\/abogado-de-lesiones-personales-en-aurora\/abogado-de-aurora-especializado-en-mordeduras-de-perro\/\" \/>\n<meta property=\"og:locale\" content=\"es_MX\" \/>\n<meta property=\"og:type\" content=\"article\" \/>\n<meta property=\"og:title\" content=\"Abogado de Mordeduras de Perro en Aurora | Consulta Gratuita 24\/7 | Llama Ahora\" \/>\n<meta property=\"og:description\" content=\"\u00bfTe ha mordido un perro en Aurora? Ponte en contacto hoy mismo con un abogado experto en mordeduras de perro de Aurora del bufete de Dianne Sawaya para que te ayude.\" \/>\n<meta property=\"og:url\" content=\"https:\/\/dlslawfirm.com\/es\/abogado-de-lesiones-personales-en-aurora\/abogado-de-aurora-especializado-en-mordeduras-de-perro\/\" \/>\n<meta property=\"og:site_name\" content=\"Law Offices of Dianne Sawaya LLC- En Espanol\" \/>\n<meta property=\"og:image\" content=\"https:\/\/dlslawfirm.com\/es\/wp-content\/uploads\/sites\/2\/2015\/04\/dogbite.jpg\" \/>\n\t<meta property=\"og:image:width\" content=\"450\" \/>\n\t<meta property=\"og:image:height\" content=\"300\" \/>\n\t<meta property=\"og:image:type\" content=\"image\/jpeg\" \/>\n<meta name=\"twitter:card\" content=\"summary_large_image\" \/>\n<meta name=\"twitter:label1\" content=\"Est. reading time\" \/>\n\t<meta name=\"twitter:data1\" content=\"6 minutos\" \/>\n<script type=\"application\/ld+json\" class=\"yoast-schema-graph\">{\"@context\":\"https:\\\/\\\/schema.org\",\"@graph\":[{\"@type\":\"WebPage\",\"@id\":\"https:\\\/\\\/dlslawfirm.com\\\/es\\\/abogado-de-lesiones-personales-en-aurora\\\/abogado-de-aurora-especializado-en-mordeduras-de-perro\\\/\",\"url\":\"https:\\\/\\\/dlslawfirm.com\\\/es\\\/abogado-de-lesiones-personales-en-aurora\\\/abogado-de-aurora-especializado-en-mordeduras-de-perro\\\/\",\"name\":\"Abogado de Mordeduras de Perro en Aurora | Consulta Gratuita 24\\\/7 | Llama Ahora\",\"isPartOf\":{\"@id\":\"https:\\\/\\\/dlslawfirm.com\\\/es\\\/#website\"},\"primaryImageOfPage\":{\"@id\":\"https:\\\/\\\/dlslawfirm.com\\\/es\\\/abogado-de-lesiones-personales-en-aurora\\\/abogado-de-aurora-especializado-en-mordeduras-de-perro\\\/#primaryimage\"},\"image\":{\"@id\":\"https:\\\/\\\/dlslawfirm.com\\\/es\\\/abogado-de-lesiones-personales-en-aurora\\\/abogado-de-aurora-especializado-en-mordeduras-de-perro\\\/#primaryimage\"},\"thumbnailUrl\":\"https:\\\/\\\/dlslawfirm.com\\\/es\\\/wp-content\\\/uploads\\\/sites\\\/2\\\/2015\\\/04\\\/dogbite.jpg\",\"datePublished\":\"2023-06-11T22:27:02+00:00\",\"description\":\"\u00bfTe ha mordido un perro en Aurora? Ponte en contacto hoy mismo con un abogado experto en mordeduras de perro de Aurora del bufete de Dianne Sawaya para que te ayude.\",\"breadcrumb\":{\"@id\":\"https:\\\/\\\/dlslawfirm.com\\\/es\\\/abogado-de-lesiones-personales-en-aurora\\\/abogado-de-aurora-especializado-en-mordeduras-de-perro\\\/#breadcrumb\"},\"inLanguage\":\"es\",\"potentialAction\":[{\"@type\":\"ReadAction\",\"target\":[\"https:\\\/\\\/dlslawfirm.com\\\/es\\\/abogado-de-lesiones-personales-en-aurora\\\/abogado-de-aurora-especializado-en-mordeduras-de-perro\\\/\"]}]},{\"@type\":\"ImageObject\",\"inLanguage\":\"es\",\"@id\":\"https:\\\/\\\/dlslawfirm.com\\\/es\\\/abogado-de-lesiones-personales-en-aurora\\\/abogado-de-aurora-especializado-en-mordeduras-de-perro\\\/#primaryimage\",\"url\":\"https:\\\/\\\/dlslawfirm.com\\\/es\\\/wp-content\\\/uploads\\\/sites\\\/2\\\/2015\\\/04\\\/dogbite.jpg\",\"contentUrl\":\"https:\\\/\\\/dlslawfirm.com\\\/es\\\/wp-content\\\/uploads\\\/sites\\\/2\\\/2015\\\/04\\\/dogbite.jpg\",\"width\":450,\"height\":300},{\"@type\":\"BreadcrumbList\",\"@id\":\"https:\\\/\\\/dlslawfirm.com\\\/es\\\/abogado-de-lesiones-personales-en-aurora\\\/abogado-de-aurora-especializado-en-mordeduras-de-perro\\\/#breadcrumb\",\"itemListElement\":[{\"@type\":\"ListItem\",\"position\":1,\"name\":\"Home\",\"item\":\"https:\\\/\\\/dlslawfirm.com\\\/es\\\/\"},{\"@type\":\"ListItem\",\"position\":2,\"name\":\"Abogado de lesiones personales en Aurora\",\"item\":\"https:\\\/\\\/dlslawfirm.com\\\/es\\\/abogado-de-lesiones-personales-en-aurora\\\/\"},{\"@type\":\"ListItem\",\"position\":3,\"name\":\"Abogado de Aurora especializado en mordeduras de perro\"}]},{\"@type\":\"WebSite\",\"@id\":\"https:\\\/\\\/dlslawfirm.com\\\/es\\\/#website\",\"url\":\"https:\\\/\\\/dlslawfirm.com\\\/es\\\/\",\"name\":\"Law Offices of Dianne Sawaya LLC- En Espanol\",\"description\":\"\",\"potentialAction\":[{\"@type\":\"SearchAction\",\"target\":{\"@type\":\"EntryPoint\",\"urlTemplate\":\"https:\\\/\\\/dlslawfirm.com\\\/es\\\/?s={search_term_string}\"},\"query-input\":{\"@type\":\"PropertyValueSpecification\",\"valueRequired\":true,\"valueName\":\"search_term_string\"}}],\"inLanguage\":\"es\"}]}<\/script>\n<!-- \/ Yoast SEO plugin. -->","yoast_head_json":{"title":"Abogado de Mordeduras de Perro en Aurora | Consulta Gratuita 24\/7 | Llama Ahora","description":"\u00bfTe ha mordido un perro en Aurora? Ponte en contacto hoy mismo con un abogado experto en mordeduras de perro de Aurora del bufete de Dianne Sawaya para que te ayude.","robots":{"index":"index","follow":"follow","max-snippet":"max-snippet:-1","max-image-preview":"max-image-preview:large","max-video-preview":"max-video-preview:-1"},"canonical":"https:\/\/dlslawfirm.com\/es\/abogado-de-lesiones-personales-en-aurora\/abogado-de-aurora-especializado-en-mordeduras-de-perro\/","og_locale":"es_MX","og_type":"article","og_title":"Abogado de Mordeduras de Perro en Aurora | Consulta Gratuita 24\/7 | Llama Ahora","og_description":"\u00bfTe ha mordido un perro en Aurora? Ponte en contacto hoy mismo con un abogado experto en mordeduras de perro de Aurora del bufete de Dianne Sawaya para que te ayude.","og_url":"https:\/\/dlslawfirm.com\/es\/abogado-de-lesiones-personales-en-aurora\/abogado-de-aurora-especializado-en-mordeduras-de-perro\/","og_site_name":"Law Offices of Dianne Sawaya LLC- En Espanol","og_image":[{"width":450,"height":300,"url":"https:\/\/dlslawfirm.com\/es\/wp-content\/uploads\/sites\/2\/2015\/04\/dogbite.jpg","type":"image\/jpeg"}],"twitter_card":"summary_large_image","twitter_misc":{"Est. reading time":"6 minutos"},"schema":{"@context":"https:\/\/schema.org","@graph":[{"@type":"WebPage","@id":"https:\/\/dlslawfirm.com\/es\/abogado-de-lesiones-personales-en-aurora\/abogado-de-aurora-especializado-en-mordeduras-de-perro\/","url":"https:\/\/dlslawfirm.com\/es\/abogado-de-lesiones-personales-en-aurora\/abogado-de-aurora-especializado-en-mordeduras-de-perro\/","name":"Abogado de Mordeduras de Perro en Aurora | Consulta Gratuita 24\/7 | Llama Ahora","isPartOf":{"@id":"https:\/\/dlslawfirm.com\/es\/#website"},"primaryImageOfPage":{"@id":"https:\/\/dlslawfirm.com\/es\/abogado-de-lesiones-personales-en-aurora\/abogado-de-aurora-especializado-en-mordeduras-de-perro\/#primaryimage"},"image":{"@id":"https:\/\/dlslawfirm.com\/es\/abogado-de-lesiones-personales-en-aurora\/abogado-de-aurora-especializado-en-mordeduras-de-perro\/#primaryimage"},"thumbnailUrl":"https:\/\/dlslawfirm.com\/es\/wp-content\/uploads\/sites\/2\/2015\/04\/dogbite.jpg","datePublished":"2023-06-11T22:27:02+00:00","description":"\u00bfTe ha mordido un perro en Aurora? Ponte en contacto hoy mismo con un abogado experto en mordeduras de perro de Aurora del bufete de Dianne Sawaya para que te ayude.","breadcrumb":{"@id":"https:\/\/dlslawfirm.com\/es\/abogado-de-lesiones-personales-en-aurora\/abogado-de-aurora-especializado-en-mordeduras-de-perro\/#breadcrumb"},"inLanguage":"es","potentialAction":[{"@type":"ReadAction","target":["https:\/\/dlslawfirm.com\/es\/abogado-de-lesiones-personales-en-aurora\/abogado-de-aurora-especializado-en-mordeduras-de-perro\/"]}]},{"@type":"ImageObject","inLanguage":"es","@id":"https:\/\/dlslawfirm.com\/es\/abogado-de-lesiones-personales-en-aurora\/abogado-de-aurora-especializado-en-mordeduras-de-perro\/#primaryimage","url":"https:\/\/dlslawfirm.com\/es\/wp-content\/uploads\/sites\/2\/2015\/04\/dogbite.jpg","contentUrl":"https:\/\/dlslawfirm.com\/es\/wp-content\/uploads\/sites\/2\/2015\/04\/dogbite.jpg","width":450,"height":300},{"@type":"BreadcrumbList","@id":"https:\/\/dlslawfirm.com\/es\/abogado-de-lesiones-personales-en-aurora\/abogado-de-aurora-especializado-en-mordeduras-de-perro\/#breadcrumb","itemListElement":[{"@type":"ListItem","position":1,"name":"Home","item":"https:\/\/dlslawfirm.com\/es\/"},{"@type":"ListItem","position":2,"name":"Abogado de lesiones personales en Aurora","item":"https:\/\/dlslawfirm.com\/es\/abogado-de-lesiones-personales-en-aurora\/"},{"@type":"ListItem","position":3,"name":"Abogado de Aurora especializado en mordeduras de perro"}]},{"@type":"WebSite","@id":"https:\/\/dlslawfirm.com\/es\/#website","url":"https:\/\/dlslawfirm.com\/es\/","name":"Law Offices of Dianne Sawaya LLC- En Espanol","description":"","potentialAction":[{"@type":"SearchAction","target":{"@type":"EntryPoint","urlTemplate":"https:\/\/dlslawfirm.com\/es\/?s={search_term_string}"},"query-input":{"@type":"PropertyValueSpecification","valueRequired":true,"valueName":"search_term_string"}}],"inLanguage":"es"}]}},"_links":{"self":[{"href":"https:\/\/dlslawfirm.com\/es\/wp-json\/wp\/v2\/pages\/6816","targetHints":{"allow":["GET"]}}],"collection":[{"href":"https:\/\/dlslawfirm.com\/es\/wp-json\/wp\/v2\/pages"}],"about":[{"href":"https:\/\/dlslawfirm.com\/es\/wp-json\/wp\/v2\/types\/page"}],"author":[{"embeddable":true,"href":"https:\/\/dlslawfirm.com\/es\/wp-json\/wp\/v2\/users\/2"}],"replies":[{"embeddable":true,"href":"https:\/\/dlslawfirm.com\/es\/wp-json\/wp\/v2\/comments?post=6816"}],"version-history":[{"count":0,"href":"https:\/\/dlslawfirm.com\/es\/wp-json\/wp\/v2\/pages\/6816\/revisions"}],"up":[{"embeddable":true,"href":"https:\/\/dlslawfirm.com\/es\/wp-json\/wp\/v2\/pages\/6886"}],"wp:featuredmedia":[{"embeddable":true,"href":"https:\/\/dlslawfirm.com\/es\/wp-json\/wp\/v2\/media\/7261"}],"wp:attachment":[{"href":"https:\/\/dlslawfirm.com\/es\/wp-json\/wp\/v2\/media?parent=6816"}],"wp:term":[{"taxonomy":"post_tag","embeddable":true,"href":"https:\/\/dlslawfirm.com\/es\/wp-json\/wp\/v2\/tags?post=6816"}],"curies":[{"name":"wp","href":"https:\/\/api.w.org\/{rel}","templated":true}]}}