{"id":6815,"date":"2023-06-15T16:35:22","date_gmt":"2023-06-15T16:35:22","guid":{"rendered":"https:\/\/dlslawfirm.com\/abogado-de-accidentes-de-moto-en-greeley\/"},"modified":"2023-06-15T16:35:22","modified_gmt":"2023-06-15T16:35:22","slug":"abogado-de-accidentes-de-moto-en-greeley","status":"publish","type":"page","link":"https:\/\/dlslawfirm.com\/es\/abogado-de-lesiones-personales-en-greeley\/abogado-de-accidentes-de-moto-en-greeley\/","title":{"rendered":"Abogado de accidentes de moto en Greeley"},"content":{"rendered":"<h2>Abogado de Accidente de Motocicleta en Greeley, CO<\/h2>\n<p>Si has sufrido un accidente de moto, puedes tener lesiones y p\u00e9rdidas importantes. Los accidentes de moto cambian la vida, y a menudo provocan complicaciones a largo plazo. En el Bufete de Dianne Sawaya, trabajamos estrechamente con nuestros clientes para asegurarnos de que reciben una indemnizaci\u00f3n justa por sus p\u00e9rdidas. Si otra persona ha sido la causante de que te ocurriera esto, permite que nuestros abogados de accidentes de moto en Greeley te gu\u00eden en la b\u00fasqueda de una indemnizaci\u00f3n completa por tus p\u00e9rdidas.<\/p>\n<p>Con m\u00e1s de 25 a\u00f1os de experiencia, la abogada Dianne Sawaya ha visto a muchas personas luchar tras accidentes como \u00e9ste, no s\u00f3lo en el proceso de recuperaci\u00f3n, sino asegur\u00e1ndose de que tienen la compensaci\u00f3n econ\u00f3mica para obtener la atenci\u00f3n m\u00e9dica que necesitan y para apoyarles en la dif\u00edcil recuperaci\u00f3n del trauma emocional. Nos dedicamos a nuestros clientes, proporcion\u00e1ndoles un apoyo excepcional mientras atraviesas este proceso de responsabilizar a la persona que te hizo esto.<\/p>\n<p>Nuestras consultas son siempre 100% gratuitas. Si no hay recuperaci\u00f3n, tampoco se deben honorarios de abogado. Deja que te ayudemos a conseguir la representaci\u00f3n legal que necesitas en estos momentos dif\u00edciles. Estamos disponibles 24 horas al d\u00eda, 7 d\u00edas a la semana.<\/p>\n[cta_interior title=&#8221;CTA Interior&#8221;]\n<h2>Por qu\u00e9 necesitas un abogado de accidentes de moto<\/h2>\n<p>El <a href=\"https:\/\/www.iii.org\/fact-statistic\/facts-statistics-motorcycle-crashes\" target=\"_blank\" rel=\"noopener\">Instituto de Informaci\u00f3n sobre Seguros<\/a> informa de que 83.000 personas sufrieron lesiones por accidentes de moto en 2020. Muchos de esos accidentes fueron causados por conductores distra\u00eddos, personas que no cedieron el paso a las motocicletas y quienes tuvieron un comportamiento imprudente. Si has sufrido un accidente debido a la negligencia de otro conductor, siempre es beneficioso que te pongas en contacto con un abogado experto en accidentes de moto para saber m\u00e1s sobre tus derechos a una indemnizaci\u00f3n.<\/p>\n<p>Contratar a un abogado de accidentes de moto es una decisi\u00f3n importante. Nuestro equipo te ayudar\u00e1 a evitar algunos de los peores resultados que pueden producirse. Cuando tienes a uno de nuestros abogados de tu lado, ganas lo siguiente:<\/p>\n<ul>\n<li>Un bufete probado con m\u00e1s de 200 rese\u00f1as positivas en Google de nuestros clientes.<\/li>\n<li>Un equipo que se pone a trabajar por ti para garantizarte toda la atenci\u00f3n m\u00e9dica que necesitas para recuperarte.<\/li>\n<li>Un equipo jur\u00eddico inteligente y agresivo, pero tambi\u00e9n compasivo para comprender tu situaci\u00f3n y proporcionarte la ayuda que necesitas para superarla.<\/li>\n<li>Conf\u00eda en un abogado que est\u00e9 siempre a tu lado para ayudarte en las negociaciones y, si es necesario, en el litigio de tu caso.<\/li>\n<li>Un abogado de confianza que tiene como objetivo garantizar que recibas una indemnizaci\u00f3n \u00edntegra por tus p\u00e9rdidas.<\/li>\n<\/ul>\n<p>Contar con un abogado te ayuda a desenvolverte entre compa\u00f1\u00edas de seguros, reclamaciones falsas contra ti y juicios intensos. Trabaja con nuestro abogado para saber m\u00e1s sobre c\u00f3mo podemos ayudarte hoy.<\/p>\n<p>Concertar una consulta con nuestros abogados no tiene ning\u00fan coste.<\/p>\n<h2>Lesiones comunes en accidentes de moto<\/h2>\n<p>Sea cual sea el alcance de tus lesiones, te animamos a que busques atenci\u00f3n m\u00e9dica tras cualquier accidente de moto. Muchas veces, el alcance total de tus lesiones no se conoce del todo hasta un examen m\u00e1s exhaustivo.<\/p>\n<p>Algunas de las lesiones m\u00e1s comunes de los accidentes de moto son:<\/p>\n<ul>\n<li>Lesiones cerebrales traum\u00e1ticas<\/li>\n<li>Rozaduras<\/li>\n<li>Huesos rotos<\/li>\n<li>Quemaduras<\/li>\n<li>Desfiguraci\u00f3n<\/li>\n<li>Amputaci\u00f3n de miembros<\/li>\n<li>Da\u00f1o medular<\/li>\n<\/ul>\n<p>Este tipo de lesiones pueden provocar par\u00e1lisis, movilidad limitada, incapacidad laboral, da\u00f1os cognitivos a largo plazo y muchas otras limitaciones. Deja que aboguemos por ti. Ponte en contacto hoy mismo con nuestros abogados especializados en accidentes de moto en Greeley para hablar de tus derechos a una indemnizaci\u00f3n por estas p\u00e9rdidas y otras m\u00e1s.<\/p>\n<h2>\u00bfQu\u00e9 hace \u00fanicos a los accidentes de moto?<\/h2>\n<p>Si llevas equipo de protecci\u00f3n y conduces con seguridad, est\u00e1s haciendo todo lo que puedes para protegerte. Sin embargo, es probable que un coche de 4.000 libras corriendo hacia ti te provoque una lesi\u00f3n importante. A diferencia del conductor de un coche, que est\u00e1 protegido por el metal y el cristal del veh\u00edculo, los cinturones de seguridad y los airbags, los da\u00f1os de estos accidentes suelen ser mucho peores y bastante dolorosos.<\/p>\n<p>Nuestros abogados de Greeley especializados en accidentes de moto trabajan para garantizar:<\/p>\n<ul>\n<li>No te conformes con menos de lo que se te debe.<\/li>\n<li>Tratar con un perito de seguros no es algo que tengas que hacer t\u00fa.<\/li>\n<li>Recibes la atenci\u00f3n m\u00e9dica que necesitas para curarte por completo, f\u00edsica y emocionalmente.<\/li>\n<\/ul>\n<h2>Accidentes de moto y compa\u00f1\u00edas de seguros<\/h2>\n<p>Mereces un acuerdo justo. Por desgracia, muchas veces eso no ocurre porque las compa\u00f1\u00edas de seguros pueden ser enga\u00f1osas. Pueden grabarte haciendo una declaraci\u00f3n sobre tu lesi\u00f3n o accidente anterior y utilizarla en el juicio contra ti. Pueden intentar que admitas que eres culpable del accidente.<\/p>\n<p>Evita todo esto. Deja que aboguemos por ti. El Bufete de Dianne Sawaya trabaja para apoyarte sistem\u00e1ticamente, aliviando tu necesidad de hablar o tratar con compa\u00f1\u00edas de seguros injustas.<\/p>\n<p>Luchemos contra las ofertas de liquidaci\u00f3n a la baja. Igualaremos las condiciones para garantizarte la representaci\u00f3n legal que mereces.<\/p>\n<h2>Preguntas frecuentes sobre accidentes de moto<\/h2>\n<h3>\u00bfCu\u00e1nto tiempo tengo para presentar una reclamaci\u00f3n por accidente de moto en Greeley, Colorado?<\/h3>\n<p>El plazo de prescripci\u00f3n en Colorado para un accidente de moto es de <a href=\"https:\/\/leg.colorado.gov\/sites\/default\/files\/images\/olls\/crs2016-title-13.pdf\" target=\"_blank\" rel=\"noopener\">3 a\u00f1os a partir de la fecha del siniestro<\/a>. Recomendamos iniciar el proceso de recuperaci\u00f3n con la ayuda de un abogado mucho antes de que venza el plazo de prescripci\u00f3n.<\/p>\n<h3>\u00bfC\u00f3mo se determina la indemnizaci\u00f3n en un accidente de moto?<\/h3>\n<p>La indemnizaci\u00f3n pagada a una v\u00edctima de un accidente de moto se basa en la p\u00e9rdida econ\u00f3mica sufrida. Esto puede incluir p\u00e9rdidas relacionadas con facturas m\u00e9dicas, tiempo perdido en el trabajo, da\u00f1os materiales, necesidades de recuperaci\u00f3n a largo plazo, impacto emocional y mucho m\u00e1s. Tambi\u00e9n tenemos en cuenta las p\u00e9rdidas a largo plazo que puedas sufrir, como el dolor, la incapacidad para trabajar o la p\u00e9rdida de calidad de vida debida a cambios permanentes en tu estado f\u00edsico o emocional.<\/p>\n<h2>Contacta ahora con el bufete de Dianne Sawaya<\/h2>\n<p>Busca inmediatamente la ayuda de un abogado de Greeley especializado en accidentes de moto si te enfrentas a cualquier tipo de p\u00e9rdida. Nuestro equipo jur\u00eddico se dedica a apoyarte en estos momentos dif\u00edciles con una representaci\u00f3n legal agresiva a trav\u00e9s de negociaciones y litigios. Ponte en contacto ahora con el bufete de Dianne Sawaya para saber m\u00e1s sobre c\u00f3mo podemos ayudarte.<\/p>\n<p>Las consultas son siempre gratuitas, y no cobramos a menos que consigamos un acuerdo para ti. <a href=\"https:\/\/dlslawfirm.com\/contact-us\/\">Ponte en contacto con<\/a> nosotros 24 horas al d\u00eda, 7 d\u00edas a la semana, estamos listos para ayudarte ahora.<\/p>\n","protected":false},"excerpt":{"rendered":"<p>Abogado de Accidente de Motocicleta en Greeley, CO Si has sufrido un accidente de moto, puedes tener lesiones y p\u00e9rdidas importantes. Los accidentes de moto cambian la vida, y a menudo provocan complicaciones a largo plazo. En el Bufete de Dianne Sawaya, trabajamos estrechamente con nuestros clientes para asegurarnos de que reciben una indemnizaci\u00f3n justa&#8230;<\/p>\n","protected":false},"author":2,"featured_media":7213,"parent":6857,"menu_order":0,"comment_status":"closed","ping_status":"closed","template":"","meta":{"_acf_changed":false,"footnotes":""},"tags":[],"class_list":["post-6815","page","type-page","status-publish","has-post-thumbnail","hentry"],"acf":[],"yoast_head":"<!-- This site is optimized with the Yoast SEO plugin v27.3 - https:\/\/yoast.com\/product\/yoast-seo-wordpress\/ -->\n<title>Greeley Abogado Accidente Motocicleta | Consulta Gratuita 24\/7<\/title>\n<meta name=\"description\" content=\"\u00bfHas tenido un accidente de moto en Greeley? Ponte en contacto con nuestro abogado de Greeley especializado en accidentes de moto para conseguir el acuerdo que necesitas.\" \/>\n<meta name=\"robots\" content=\"index, follow, max-snippet:-1, max-image-preview:large, max-video-preview:-1\" \/>\n<link rel=\"canonical\" href=\"https:\/\/dlslawfirm.com\/es\/abogado-de-lesiones-personales-en-greeley\/abogado-de-accidentes-de-moto-en-greeley\/\" \/>\n<meta property=\"og:locale\" content=\"es_MX\" \/>\n<meta property=\"og:type\" content=\"article\" \/>\n<meta property=\"og:title\" content=\"Greeley Abogado Accidente Motocicleta | Consulta Gratuita 24\/7\" \/>\n<meta property=\"og:description\" content=\"\u00bfHas tenido un accidente de moto en Greeley? Ponte en contacto con nuestro abogado de Greeley especializado en accidentes de moto para conseguir el acuerdo que necesitas.\" \/>\n<meta property=\"og:url\" content=\"https:\/\/dlslawfirm.com\/es\/abogado-de-lesiones-personales-en-greeley\/abogado-de-accidentes-de-moto-en-greeley\/\" \/>\n<meta property=\"og:site_name\" content=\"Law Offices of Dianne Sawaya LLC- En Espanol\" \/>\n<meta property=\"og:image\" content=\"https:\/\/dlslawfirm.com\/es\/wp-content\/uploads\/sites\/2\/2019\/01\/motorcycle-1041070_1920-2.jpg\" \/>\n\t<meta property=\"og:image:width\" content=\"1600\" \/>\n\t<meta property=\"og:image:height\" content=\"812\" \/>\n\t<meta property=\"og:image:type\" content=\"image\/jpeg\" \/>\n<meta name=\"twitter:card\" content=\"summary_large_image\" \/>\n<meta name=\"twitter:label1\" content=\"Est. reading time\" \/>\n\t<meta name=\"twitter:data1\" content=\"6 minutos\" \/>\n<script type=\"application\/ld+json\" class=\"yoast-schema-graph\">{\"@context\":\"https:\\\/\\\/schema.org\",\"@graph\":[{\"@type\":\"WebPage\",\"@id\":\"https:\\\/\\\/dlslawfirm.com\\\/es\\\/abogado-de-lesiones-personales-en-greeley\\\/abogado-de-accidentes-de-moto-en-greeley\\\/\",\"url\":\"https:\\\/\\\/dlslawfirm.com\\\/es\\\/abogado-de-lesiones-personales-en-greeley\\\/abogado-de-accidentes-de-moto-en-greeley\\\/\",\"name\":\"Greeley Abogado Accidente Motocicleta | Consulta Gratuita 24\\\/7\",\"isPartOf\":{\"@id\":\"https:\\\/\\\/dlslawfirm.com\\\/es\\\/#website\"},\"primaryImageOfPage\":{\"@id\":\"https:\\\/\\\/dlslawfirm.com\\\/es\\\/abogado-de-lesiones-personales-en-greeley\\\/abogado-de-accidentes-de-moto-en-greeley\\\/#primaryimage\"},\"image\":{\"@id\":\"https:\\\/\\\/dlslawfirm.com\\\/es\\\/abogado-de-lesiones-personales-en-greeley\\\/abogado-de-accidentes-de-moto-en-greeley\\\/#primaryimage\"},\"thumbnailUrl\":\"https:\\\/\\\/dlslawfirm.com\\\/es\\\/wp-content\\\/uploads\\\/sites\\\/2\\\/2019\\\/01\\\/motorcycle-1041070_1920-2.jpg\",\"datePublished\":\"2023-06-15T16:35:22+00:00\",\"description\":\"\u00bfHas tenido un accidente de moto en Greeley? Ponte en contacto con nuestro abogado de Greeley especializado en accidentes de moto para conseguir el acuerdo que necesitas.\",\"breadcrumb\":{\"@id\":\"https:\\\/\\\/dlslawfirm.com\\\/es\\\/abogado-de-lesiones-personales-en-greeley\\\/abogado-de-accidentes-de-moto-en-greeley\\\/#breadcrumb\"},\"inLanguage\":\"es\",\"potentialAction\":[{\"@type\":\"ReadAction\",\"target\":[\"https:\\\/\\\/dlslawfirm.com\\\/es\\\/abogado-de-lesiones-personales-en-greeley\\\/abogado-de-accidentes-de-moto-en-greeley\\\/\"]}]},{\"@type\":\"ImageObject\",\"inLanguage\":\"es\",\"@id\":\"https:\\\/\\\/dlslawfirm.com\\\/es\\\/abogado-de-lesiones-personales-en-greeley\\\/abogado-de-accidentes-de-moto-en-greeley\\\/#primaryimage\",\"url\":\"https:\\\/\\\/dlslawfirm.com\\\/es\\\/wp-content\\\/uploads\\\/sites\\\/2\\\/2019\\\/01\\\/motorcycle-1041070_1920-2.jpg\",\"contentUrl\":\"https:\\\/\\\/dlslawfirm.com\\\/es\\\/wp-content\\\/uploads\\\/sites\\\/2\\\/2019\\\/01\\\/motorcycle-1041070_1920-2.jpg\",\"width\":1600,\"height\":812,\"caption\":\"Denver Motorcycle Accident Lawyers\"},{\"@type\":\"BreadcrumbList\",\"@id\":\"https:\\\/\\\/dlslawfirm.com\\\/es\\\/abogado-de-lesiones-personales-en-greeley\\\/abogado-de-accidentes-de-moto-en-greeley\\\/#breadcrumb\",\"itemListElement\":[{\"@type\":\"ListItem\",\"position\":1,\"name\":\"Home\",\"item\":\"https:\\\/\\\/dlslawfirm.com\\\/es\\\/\"},{\"@type\":\"ListItem\",\"position\":2,\"name\":\"Abogado de lesiones personales en Greeley\",\"item\":\"https:\\\/\\\/dlslawfirm.com\\\/es\\\/abogado-de-lesiones-personales-en-greeley\\\/\"},{\"@type\":\"ListItem\",\"position\":3,\"name\":\"Abogado de accidentes de moto en Greeley\"}]},{\"@type\":\"WebSite\",\"@id\":\"https:\\\/\\\/dlslawfirm.com\\\/es\\\/#website\",\"url\":\"https:\\\/\\\/dlslawfirm.com\\\/es\\\/\",\"name\":\"Law Offices of Dianne Sawaya LLC- En Espanol\",\"description\":\"\",\"potentialAction\":[{\"@type\":\"SearchAction\",\"target\":{\"@type\":\"EntryPoint\",\"urlTemplate\":\"https:\\\/\\\/dlslawfirm.com\\\/es\\\/?s={search_term_string}\"},\"query-input\":{\"@type\":\"PropertyValueSpecification\",\"valueRequired\":true,\"valueName\":\"search_term_string\"}}],\"inLanguage\":\"es\"}]}<\/script>\n<!-- \/ Yoast SEO plugin. -->","yoast_head_json":{"title":"Greeley Abogado Accidente Motocicleta | Consulta Gratuita 24\/7","description":"\u00bfHas tenido un accidente de moto en Greeley? Ponte en contacto con nuestro abogado de Greeley especializado en accidentes de moto para conseguir el acuerdo que necesitas.","robots":{"index":"index","follow":"follow","max-snippet":"max-snippet:-1","max-image-preview":"max-image-preview:large","max-video-preview":"max-video-preview:-1"},"canonical":"https:\/\/dlslawfirm.com\/es\/abogado-de-lesiones-personales-en-greeley\/abogado-de-accidentes-de-moto-en-greeley\/","og_locale":"es_MX","og_type":"article","og_title":"Greeley Abogado Accidente Motocicleta | Consulta Gratuita 24\/7","og_description":"\u00bfHas tenido un accidente de moto en Greeley? Ponte en contacto con nuestro abogado de Greeley especializado en accidentes de moto para conseguir el acuerdo que necesitas.","og_url":"https:\/\/dlslawfirm.com\/es\/abogado-de-lesiones-personales-en-greeley\/abogado-de-accidentes-de-moto-en-greeley\/","og_site_name":"Law Offices of Dianne Sawaya LLC- En Espanol","og_image":[{"width":1600,"height":812,"url":"https:\/\/dlslawfirm.com\/es\/wp-content\/uploads\/sites\/2\/2019\/01\/motorcycle-1041070_1920-2.jpg","type":"image\/jpeg"}],"twitter_card":"summary_large_image","twitter_misc":{"Est. reading time":"6 minutos"},"schema":{"@context":"https:\/\/schema.org","@graph":[{"@type":"WebPage","@id":"https:\/\/dlslawfirm.com\/es\/abogado-de-lesiones-personales-en-greeley\/abogado-de-accidentes-de-moto-en-greeley\/","url":"https:\/\/dlslawfirm.com\/es\/abogado-de-lesiones-personales-en-greeley\/abogado-de-accidentes-de-moto-en-greeley\/","name":"Greeley Abogado Accidente Motocicleta | Consulta Gratuita 24\/7","isPartOf":{"@id":"https:\/\/dlslawfirm.com\/es\/#website"},"primaryImageOfPage":{"@id":"https:\/\/dlslawfirm.com\/es\/abogado-de-lesiones-personales-en-greeley\/abogado-de-accidentes-de-moto-en-greeley\/#primaryimage"},"image":{"@id":"https:\/\/dlslawfirm.com\/es\/abogado-de-lesiones-personales-en-greeley\/abogado-de-accidentes-de-moto-en-greeley\/#primaryimage"},"thumbnailUrl":"https:\/\/dlslawfirm.com\/es\/wp-content\/uploads\/sites\/2\/2019\/01\/motorcycle-1041070_1920-2.jpg","datePublished":"2023-06-15T16:35:22+00:00","description":"\u00bfHas tenido un accidente de moto en Greeley? Ponte en contacto con nuestro abogado de Greeley especializado en accidentes de moto para conseguir el acuerdo que necesitas.","breadcrumb":{"@id":"https:\/\/dlslawfirm.com\/es\/abogado-de-lesiones-personales-en-greeley\/abogado-de-accidentes-de-moto-en-greeley\/#breadcrumb"},"inLanguage":"es","potentialAction":[{"@type":"ReadAction","target":["https:\/\/dlslawfirm.com\/es\/abogado-de-lesiones-personales-en-greeley\/abogado-de-accidentes-de-moto-en-greeley\/"]}]},{"@type":"ImageObject","inLanguage":"es","@id":"https:\/\/dlslawfirm.com\/es\/abogado-de-lesiones-personales-en-greeley\/abogado-de-accidentes-de-moto-en-greeley\/#primaryimage","url":"https:\/\/dlslawfirm.com\/es\/wp-content\/uploads\/sites\/2\/2019\/01\/motorcycle-1041070_1920-2.jpg","contentUrl":"https:\/\/dlslawfirm.com\/es\/wp-content\/uploads\/sites\/2\/2019\/01\/motorcycle-1041070_1920-2.jpg","width":1600,"height":812,"caption":"Denver Motorcycle Accident Lawyers"},{"@type":"BreadcrumbList","@id":"https:\/\/dlslawfirm.com\/es\/abogado-de-lesiones-personales-en-greeley\/abogado-de-accidentes-de-moto-en-greeley\/#breadcrumb","itemListElement":[{"@type":"ListItem","position":1,"name":"Home","item":"https:\/\/dlslawfirm.com\/es\/"},{"@type":"ListItem","position":2,"name":"Abogado de lesiones personales en Greeley","item":"https:\/\/dlslawfirm.com\/es\/abogado-de-lesiones-personales-en-greeley\/"},{"@type":"ListItem","position":3,"name":"Abogado de accidentes de moto en Greeley"}]},{"@type":"WebSite","@id":"https:\/\/dlslawfirm.com\/es\/#website","url":"https:\/\/dlslawfirm.com\/es\/","name":"Law Offices of Dianne Sawaya LLC- En Espanol","description":"","potentialAction":[{"@type":"SearchAction","target":{"@type":"EntryPoint","urlTemplate":"https:\/\/dlslawfirm.com\/es\/?s={search_term_string}"},"query-input":{"@type":"PropertyValueSpecification","valueRequired":true,"valueName":"search_term_string"}}],"inLanguage":"es"}]}},"_links":{"self":[{"href":"https:\/\/dlslawfirm.com\/es\/wp-json\/wp\/v2\/pages\/6815","targetHints":{"allow":["GET"]}}],"collection":[{"href":"https:\/\/dlslawfirm.com\/es\/wp-json\/wp\/v2\/pages"}],"about":[{"href":"https:\/\/dlslawfirm.com\/es\/wp-json\/wp\/v2\/types\/page"}],"author":[{"embeddable":true,"href":"https:\/\/dlslawfirm.com\/es\/wp-json\/wp\/v2\/users\/2"}],"replies":[{"embeddable":true,"href":"https:\/\/dlslawfirm.com\/es\/wp-json\/wp\/v2\/comments?post=6815"}],"version-history":[{"count":0,"href":"https:\/\/dlslawfirm.com\/es\/wp-json\/wp\/v2\/pages\/6815\/revisions"}],"up":[{"embeddable":true,"href":"https:\/\/dlslawfirm.com\/es\/wp-json\/wp\/v2\/pages\/6857"}],"wp:featuredmedia":[{"embeddable":true,"href":"https:\/\/dlslawfirm.com\/es\/wp-json\/wp\/v2\/media\/7213"}],"wp:attachment":[{"href":"https:\/\/dlslawfirm.com\/es\/wp-json\/wp\/v2\/media?parent=6815"}],"wp:term":[{"taxonomy":"post_tag","embeddable":true,"href":"https:\/\/dlslawfirm.com\/es\/wp-json\/wp\/v2\/tags?post=6815"}],"curies":[{"name":"wp","href":"https:\/\/api.w.org\/{rel}","templated":true}]}}