{"id":6812,"date":"2023-06-15T16:42:58","date_gmt":"2023-06-15T16:42:58","guid":{"rendered":"https:\/\/dlslawfirm.com\/abogado-de-accidentes-de-camion-en-loveland\/"},"modified":"2023-06-15T16:42:58","modified_gmt":"2023-06-15T16:42:58","slug":"abogado-de-accidentes-de-camion-en-loveland","status":"publish","type":"page","link":"https:\/\/dlslawfirm.com\/es\/abogado-de-lesiones-personales-en-loveland\/abogado-de-accidentes-de-camion-en-loveland\/","title":{"rendered":"Abogado de accidentes de cami\u00f3n en Loveland"},"content":{"rendered":"<h2>Abogado de Accidente de Cami\u00f3n en Loveland, CO<\/h2>\n<p>Si has tenido un accidente con un cami\u00f3n, es posible que tengas lesiones graves y costosas facturas m\u00e9dicas sin saber realmente c\u00f3mo vas a pagarlo todo. En el Bufete de Dianne Sawaya trabajamos con muchas personas preocupadas por recibir la indemnizaci\u00f3n completa que necesitan tras sufrir un accidente como \u00e9ste. Si el conductor del cami\u00f3n fue responsable de tus p\u00e9rdidas, ponte en contacto hoy mismo con nuestros abogados de accidentes de cami\u00f3n en Loveland. Perm\u00edtenos asegurarte una indemnizaci\u00f3n justa y una representaci\u00f3n legal de primera categor\u00eda.<\/p>\n<p>Con m\u00e1s de 200 rese\u00f1as positivas en Google, tenemos un s\u00f3lido historial de \u00e9xitos. Nos preocupamos por nuestros clientes y luchamos para protegerlos en uno de los momentos m\u00e1s dif\u00edciles de su vida. Te escuchamos, pero tambi\u00e9n somos profesionales inteligentes, agresivos y compasivos que queremos asegurarnos de que obtengas la indemnizaci\u00f3n que se te debe y de que el camionero rinda cuentas.<\/p>\n<p>En el Bufete de Dianne Sawaya trabajamos estrechamente con nuestros clientes para ayudarles a superar estas graves lesiones y el potencialmente largo proceso judicial. Con m\u00e1s de 25 a\u00f1os de experiencia, puedes confiar en que seguiremos a tu lado. Nunca pagar\u00e1s por tu consulta inicial. Tampoco nos pagas a menos que ganemos tu caso.<\/p>\n[cta_interior title=&#8221;CTA Interior&#8221;]\n<h2>Por qu\u00e9 necesitas un abogado de accidentes de cami\u00f3n<\/h2>\n<p>Es bastante com\u00fan que la gente buena y confiada crea que la empresa de transporte y su compa\u00f1\u00eda de seguros cubrir\u00e1n totalmente tus p\u00e9rdidas. Tienes facturas m\u00e9dicas y puedes demostrar lo que ocurri\u00f3 y que el camionero tuvo la culpa. Sin embargo, sin la ayuda de un abogado de accidentes de cami\u00f3n en Loveland y de los expertos en reconstrucci\u00f3n de accidentes necesarios, tu caso puede estar en peligro.<\/p>\n<p>Trabajar con un abogado de nuestro bufete garantiza varias cosas:<\/p>\n<ul>\n<li>Tus derechos permanecen protegidos durante todo este proceso legal.<\/li>\n<li>Aprendes cu\u00e1les son todos tus derechos de indemnizaci\u00f3n: rara vez se trata s\u00f3lo de facturas m\u00e9dicas.<\/li>\n<li>Las compa\u00f1\u00edas de seguros no pueden ponerte en un aprieto ni aprovecharse de ti.<\/li>\n<li>Es menos probable que te conformes con una indemnizaci\u00f3n inferior a la que te deben.<\/li>\n<li>Puedes obtener la atenci\u00f3n m\u00e9dica que necesitas.<\/li>\n<\/ul>\n<p>El <a href=\"https:\/\/www.iihs.org\/topics\/fatality-statistics\/detail\/large-trucks\" target=\"_blank\" rel=\"noopener\">IIHS informa<\/a> de que s\u00f3lo en 2020 murieron m\u00e1s de 4.000 personas por accidentes de camiones grandes en Estados Unidos. Estos conductores estaban cansados, comet\u00edan errores, ten\u00edan veh\u00edculos en mal estado o actuaban de forma imprudente. Le cuestan la vida a la gente.<\/p>\n<p>En el Bufete Jur\u00eddico de Dianne Sawaya vemos lo dif\u00edcil que es para ti en estos momentos. Permaneceremos vigilantes y dedicados a ti durante todo tu caso.<\/p>\n<h2>Lesiones comunes en accidentes de cami\u00f3n<\/h2>\n<p>Las lesiones que sufres despu\u00e9s de que un cami\u00f3n de 80.000 libras choque contra tu coche pueden ser catastr\u00f3ficas. No es infrecuente que las personas sufran dolor a largo plazo y da\u00f1os permanentes. Algunas de las lesiones m\u00e1s frecuentes en los accidentes de cami\u00f3n son:<\/p>\n<ul>\n<li>Huesos rotos o miembros aplastados<\/li>\n<li>Da\u00f1os en \u00f3rganos internos por laceraciones y fuerza<\/li>\n<li>Lesi\u00f3n cerebral traum\u00e1tica por traumatismo craneoencef\u00e1lico<\/li>\n<li>Da\u00f1o medular<\/li>\n<li>Par\u00e1lisis<\/li>\n<li>Infecciones durante el proceso de curaci\u00f3n<\/li>\n<li>Desfiguraci\u00f3n<\/li>\n<\/ul>\n<p>Si has sufrido alguna de estas u otras lesiones, trabaja con nuestros abogados especialistas en accidentes de cami\u00f3n de Loveland para asegurarte de recibir una indemnizaci\u00f3n justa. Eso puede incluir tus facturas m\u00e9dicas, el dolor y el sufrimiento emocional y f\u00edsico, la readaptaci\u00f3n profesional, el tiempo perdido en el trabajo y la p\u00e9rdida de calidad de vida.<\/p>\n<h2>\u00bfQu\u00e9 hace \u00fanicos a los accidentes de cami\u00f3n?<\/h2>\n<p>La <a href=\"https:\/\/leg.colorado.gov\/sites\/default\/files\/images\/olls\/crs2016-title-13.pdf\" target=\"_blank\" rel=\"noopener\">ley estatal de Colorado<\/a> lo deja claro: si un camionero (o cualquiera) causa lesiones a otro conductor, es responsable de las p\u00e9rdidas sufridas por la v\u00edctima. Sin embargo, los camioneros tienen la particularidad de que suelen tener detr\u00e1s a compa\u00f1\u00edas de seguros muy poderosas, cuyo \u00fanico cometido es reducir la cuant\u00eda de las indemnizaciones que se pagan por las reclamaciones presentadas contra ellos.<\/p>\n<p>Hay numerosos problemas que diferencian los accidentes de cami\u00f3n de los de coche:<\/p>\n<ul>\n<li>Los camiones pesan entre 20 y 30 veces m\u00e1s que los veh\u00edculos. Se desplazan a gran velocidad y son m\u00e1s altos que la mayor\u00eda de los veh\u00edculos. Todo ello provoca da\u00f1os mucho m\u00e1s importantes.<\/li>\n<li>Las compa\u00f1\u00edas de seguros trabajan agresivamente para culpar de estos accidentes al turismo y no al conductor del cami\u00f3n. Pueden intentar enga\u00f1arte para que admitas la culpa.<\/li>\n<li>Los camioneros no siempre son los \u00fanicos culpables. Tambi\u00e9n puede ser la empresa de transporte, el fabricante del veh\u00edculo y la empresa de mantenimiento.<\/li>\n<\/ul>\n<p>Por todas estas razones, es fundamental contar con un abogado experto en accidentes de cami\u00f3n a tu lado antes de dirigirte a un tribunal. De hecho, nuestro objetivo es trabajar duro para resolver tu caso extrajudicialmente mediante negociaciones a largo plazo y trabajo duro, pero seguiremos adelante con el litigio cuando sea necesario. Tu recuperaci\u00f3n es siempre nuestra m\u00e1xima prioridad.<\/p>\n<h2>Preguntas frecuentes sobre accidentes de cami\u00f3n<\/h2>\n<p>Te animamos a que te pongas en contacto con el Bufete de Dianne Sawaya si tienes alguna pregunta. Re\u00fanete con nuestros abogados de accidentes de cami\u00f3n de Loveland para hablar de tu caso en una consulta gratuita: no pagas absolutamente nada por tu consulta inicial.<\/p>\n<h3>\u00bfMe ayudar\u00e1s a reconstruir el accidente para demostrar que no soy culpable?<\/h3>\n<p>S\u00ed, nuestro equipo trabajar\u00e1 contigo para determinar si es necesaria la reconstrucci\u00f3n del accidente para demostrar no s\u00f3lo la culpa, sino tambi\u00e9n cu\u00e1ntos da\u00f1os se produjeron y cu\u00e1nta indemnizaci\u00f3n te corresponde.<\/p>\n<h3>\u00bfDe cu\u00e1nto tiempo dispongo para presentar una demanda tras un accidente de una empresa de camiones?<\/h3>\n<p><a href=\"https:\/\/leg.colorado.gov\/sites\/default\/files\/r19-1326_statutes_of_repose_and_limitations_interested_persons.pdf\" target=\"_blank\" rel=\"noopener\">La ley de Colorado<\/a> te concede tres a\u00f1os a partir de la fecha del accidente. No recomendamos esperar tanto tiempo para emprender acciones legales. Ponte en contacto con uno de nuestros abogados especialistas en accidentes de cami\u00f3n de inmediato para que podamos empezar a ayudarte a tramitar tu reclamaci\u00f3n y tu caso.<\/p>\n<h2>Contacta ahora con el bufete de Dianne Sawaya<\/h2>\n<p>No resuelvas tu caso sin hablar con un abogado. No sientas que tienes que dejarte enga\u00f1ar por los peritos del seguro o que tienes que hacer frente a un mont\u00f3n de deudas m\u00e9dicas durante el resto de tu vida. Deja que te ayudemos.<\/p>\n<p>Ponte ahora en <a href=\"https:\/\/dlslawfirm.com\/contact-us\/\">contacto con<\/a> el bufete de Dianne Sawaya. Habla gratis de tu caso con nuestros abogados de accidentes de cami\u00f3n en Loveland. Averigua cu\u00e1les son tus derechos legales. Tu consulta inicial con nosotros es gratuita y no nos pagas nada a menos que ganemos tu caso.<\/p>\n","protected":false},"excerpt":{"rendered":"<p>Abogado de Accidente de Cami\u00f3n en Loveland, CO Si has tenido un accidente con un cami\u00f3n, es posible que tengas lesiones graves y costosas facturas m\u00e9dicas sin saber realmente c\u00f3mo vas a pagarlo todo. En el Bufete de Dianne Sawaya trabajamos con muchas personas preocupadas por recibir la indemnizaci\u00f3n completa que necesitan tras sufrir un&#8230;<\/p>\n","protected":false},"author":2,"featured_media":2083,"parent":6860,"menu_order":0,"comment_status":"closed","ping_status":"closed","template":"","meta":{"_acf_changed":false,"footnotes":""},"tags":[],"class_list":["post-6812","page","type-page","status-publish","has-post-thumbnail","hentry"],"acf":[],"yoast_head":"<!-- This site is optimized with the Yoast SEO plugin v27.4 - https:\/\/yoast.com\/product\/yoast-seo-wordpress\/ -->\n<title>Abogado de accidentes de cami\u00f3n en Loveland | Consulta gratuita 24\/7<\/title>\n<meta name=\"description\" content=\"Si te ha atropellado un semirremolque en Loveland, necesitas la experiencia de un abogado de DLS especializado en accidentes de cami\u00f3n en Loveland. Ponte en contacto con nosotros hoy mismo.\" \/>\n<meta name=\"robots\" content=\"index, follow, max-snippet:-1, max-image-preview:large, max-video-preview:-1\" \/>\n<link rel=\"canonical\" href=\"https:\/\/dlslawfirm.com\/es\/abogado-de-lesiones-personales-en-loveland\/abogado-de-accidentes-de-camion-en-loveland\/\" \/>\n<meta property=\"og:locale\" content=\"es_MX\" \/>\n<meta property=\"og:type\" content=\"article\" \/>\n<meta property=\"og:title\" content=\"Abogado de accidentes de cami\u00f3n en Loveland | Consulta gratuita 24\/7\" \/>\n<meta property=\"og:description\" content=\"Si te ha atropellado un semirremolque en Loveland, necesitas la experiencia de un abogado de DLS especializado en accidentes de cami\u00f3n en Loveland. Ponte en contacto con nosotros hoy mismo.\" \/>\n<meta property=\"og:url\" content=\"https:\/\/dlslawfirm.com\/es\/abogado-de-lesiones-personales-en-loveland\/abogado-de-accidentes-de-camion-en-loveland\/\" \/>\n<meta property=\"og:site_name\" content=\"Law Offices of Dianne Sawaya LLC- En Espanol\" \/>\n<meta property=\"og:image\" content=\"https:\/\/dlslawfirm.com\/es\/wp-content\/uploads\/sites\/2\/2015\/04\/Semi-Truck.png\" \/>\n\t<meta property=\"og:image:width\" content=\"973\" \/>\n\t<meta property=\"og:image:height\" content=\"396\" \/>\n\t<meta property=\"og:image:type\" content=\"image\/png\" \/>\n<meta name=\"twitter:card\" content=\"summary_large_image\" \/>\n<meta name=\"twitter:label1\" content=\"Est. reading time\" \/>\n\t<meta name=\"twitter:data1\" content=\"6 minutos\" \/>\n<script type=\"application\/ld+json\" class=\"yoast-schema-graph\">{\"@context\":\"https:\\\/\\\/schema.org\",\"@graph\":[{\"@type\":\"WebPage\",\"@id\":\"https:\\\/\\\/dlslawfirm.com\\\/es\\\/abogado-de-lesiones-personales-en-loveland\\\/abogado-de-accidentes-de-camion-en-loveland\\\/\",\"url\":\"https:\\\/\\\/dlslawfirm.com\\\/es\\\/abogado-de-lesiones-personales-en-loveland\\\/abogado-de-accidentes-de-camion-en-loveland\\\/\",\"name\":\"Abogado de accidentes de cami\u00f3n en Loveland | Consulta gratuita 24\\\/7\",\"isPartOf\":{\"@id\":\"https:\\\/\\\/dlslawfirm.com\\\/es\\\/#website\"},\"primaryImageOfPage\":{\"@id\":\"https:\\\/\\\/dlslawfirm.com\\\/es\\\/abogado-de-lesiones-personales-en-loveland\\\/abogado-de-accidentes-de-camion-en-loveland\\\/#primaryimage\"},\"image\":{\"@id\":\"https:\\\/\\\/dlslawfirm.com\\\/es\\\/abogado-de-lesiones-personales-en-loveland\\\/abogado-de-accidentes-de-camion-en-loveland\\\/#primaryimage\"},\"thumbnailUrl\":\"https:\\\/\\\/dlslawfirm.com\\\/es\\\/wp-content\\\/uploads\\\/sites\\\/2\\\/2015\\\/04\\\/Semi-Truck.png\",\"datePublished\":\"2023-06-15T16:42:58+00:00\",\"description\":\"Si te ha atropellado un semirremolque en Loveland, necesitas la experiencia de un abogado de DLS especializado en accidentes de cami\u00f3n en Loveland. Ponte en contacto con nosotros hoy mismo.\",\"breadcrumb\":{\"@id\":\"https:\\\/\\\/dlslawfirm.com\\\/es\\\/abogado-de-lesiones-personales-en-loveland\\\/abogado-de-accidentes-de-camion-en-loveland\\\/#breadcrumb\"},\"inLanguage\":\"es\",\"potentialAction\":[{\"@type\":\"ReadAction\",\"target\":[\"https:\\\/\\\/dlslawfirm.com\\\/es\\\/abogado-de-lesiones-personales-en-loveland\\\/abogado-de-accidentes-de-camion-en-loveland\\\/\"]}]},{\"@type\":\"ImageObject\",\"inLanguage\":\"es\",\"@id\":\"https:\\\/\\\/dlslawfirm.com\\\/es\\\/abogado-de-lesiones-personales-en-loveland\\\/abogado-de-accidentes-de-camion-en-loveland\\\/#primaryimage\",\"url\":\"https:\\\/\\\/dlslawfirm.com\\\/es\\\/wp-content\\\/uploads\\\/sites\\\/2\\\/2015\\\/04\\\/Semi-Truck.png\",\"contentUrl\":\"https:\\\/\\\/dlslawfirm.com\\\/es\\\/wp-content\\\/uploads\\\/sites\\\/2\\\/2015\\\/04\\\/Semi-Truck.png\",\"width\":973,\"height\":396},{\"@type\":\"BreadcrumbList\",\"@id\":\"https:\\\/\\\/dlslawfirm.com\\\/es\\\/abogado-de-lesiones-personales-en-loveland\\\/abogado-de-accidentes-de-camion-en-loveland\\\/#breadcrumb\",\"itemListElement\":[{\"@type\":\"ListItem\",\"position\":1,\"name\":\"Home\",\"item\":\"https:\\\/\\\/dlslawfirm.com\\\/es\\\/\"},{\"@type\":\"ListItem\",\"position\":2,\"name\":\"Abogado de lesiones personales en Loveland\",\"item\":\"https:\\\/\\\/dlslawfirm.com\\\/es\\\/abogado-de-lesiones-personales-en-loveland\\\/\"},{\"@type\":\"ListItem\",\"position\":3,\"name\":\"Abogado de accidentes de cami\u00f3n en Loveland\"}]},{\"@type\":\"WebSite\",\"@id\":\"https:\\\/\\\/dlslawfirm.com\\\/es\\\/#website\",\"url\":\"https:\\\/\\\/dlslawfirm.com\\\/es\\\/\",\"name\":\"Law Offices of Dianne Sawaya LLC- En Espanol\",\"description\":\"\",\"potentialAction\":[{\"@type\":\"SearchAction\",\"target\":{\"@type\":\"EntryPoint\",\"urlTemplate\":\"https:\\\/\\\/dlslawfirm.com\\\/es\\\/?s={search_term_string}\"},\"query-input\":{\"@type\":\"PropertyValueSpecification\",\"valueRequired\":true,\"valueName\":\"search_term_string\"}}],\"inLanguage\":\"es\"}]}<\/script>\n<!-- \/ Yoast SEO plugin. -->","yoast_head_json":{"title":"Abogado de accidentes de cami\u00f3n en Loveland | Consulta gratuita 24\/7","description":"Si te ha atropellado un semirremolque en Loveland, necesitas la experiencia de un abogado de DLS especializado en accidentes de cami\u00f3n en Loveland. Ponte en contacto con nosotros hoy mismo.","robots":{"index":"index","follow":"follow","max-snippet":"max-snippet:-1","max-image-preview":"max-image-preview:large","max-video-preview":"max-video-preview:-1"},"canonical":"https:\/\/dlslawfirm.com\/es\/abogado-de-lesiones-personales-en-loveland\/abogado-de-accidentes-de-camion-en-loveland\/","og_locale":"es_MX","og_type":"article","og_title":"Abogado de accidentes de cami\u00f3n en Loveland | Consulta gratuita 24\/7","og_description":"Si te ha atropellado un semirremolque en Loveland, necesitas la experiencia de un abogado de DLS especializado en accidentes de cami\u00f3n en Loveland. Ponte en contacto con nosotros hoy mismo.","og_url":"https:\/\/dlslawfirm.com\/es\/abogado-de-lesiones-personales-en-loveland\/abogado-de-accidentes-de-camion-en-loveland\/","og_site_name":"Law Offices of Dianne Sawaya LLC- En Espanol","og_image":[{"width":973,"height":396,"url":"https:\/\/dlslawfirm.com\/es\/wp-content\/uploads\/sites\/2\/2015\/04\/Semi-Truck.png","type":"image\/png"}],"twitter_card":"summary_large_image","twitter_misc":{"Est. reading time":"6 minutos"},"schema":{"@context":"https:\/\/schema.org","@graph":[{"@type":"WebPage","@id":"https:\/\/dlslawfirm.com\/es\/abogado-de-lesiones-personales-en-loveland\/abogado-de-accidentes-de-camion-en-loveland\/","url":"https:\/\/dlslawfirm.com\/es\/abogado-de-lesiones-personales-en-loveland\/abogado-de-accidentes-de-camion-en-loveland\/","name":"Abogado de accidentes de cami\u00f3n en Loveland | Consulta gratuita 24\/7","isPartOf":{"@id":"https:\/\/dlslawfirm.com\/es\/#website"},"primaryImageOfPage":{"@id":"https:\/\/dlslawfirm.com\/es\/abogado-de-lesiones-personales-en-loveland\/abogado-de-accidentes-de-camion-en-loveland\/#primaryimage"},"image":{"@id":"https:\/\/dlslawfirm.com\/es\/abogado-de-lesiones-personales-en-loveland\/abogado-de-accidentes-de-camion-en-loveland\/#primaryimage"},"thumbnailUrl":"https:\/\/dlslawfirm.com\/es\/wp-content\/uploads\/sites\/2\/2015\/04\/Semi-Truck.png","datePublished":"2023-06-15T16:42:58+00:00","description":"Si te ha atropellado un semirremolque en Loveland, necesitas la experiencia de un abogado de DLS especializado en accidentes de cami\u00f3n en Loveland. Ponte en contacto con nosotros hoy mismo.","breadcrumb":{"@id":"https:\/\/dlslawfirm.com\/es\/abogado-de-lesiones-personales-en-loveland\/abogado-de-accidentes-de-camion-en-loveland\/#breadcrumb"},"inLanguage":"es","potentialAction":[{"@type":"ReadAction","target":["https:\/\/dlslawfirm.com\/es\/abogado-de-lesiones-personales-en-loveland\/abogado-de-accidentes-de-camion-en-loveland\/"]}]},{"@type":"ImageObject","inLanguage":"es","@id":"https:\/\/dlslawfirm.com\/es\/abogado-de-lesiones-personales-en-loveland\/abogado-de-accidentes-de-camion-en-loveland\/#primaryimage","url":"https:\/\/dlslawfirm.com\/es\/wp-content\/uploads\/sites\/2\/2015\/04\/Semi-Truck.png","contentUrl":"https:\/\/dlslawfirm.com\/es\/wp-content\/uploads\/sites\/2\/2015\/04\/Semi-Truck.png","width":973,"height":396},{"@type":"BreadcrumbList","@id":"https:\/\/dlslawfirm.com\/es\/abogado-de-lesiones-personales-en-loveland\/abogado-de-accidentes-de-camion-en-loveland\/#breadcrumb","itemListElement":[{"@type":"ListItem","position":1,"name":"Home","item":"https:\/\/dlslawfirm.com\/es\/"},{"@type":"ListItem","position":2,"name":"Abogado de lesiones personales en Loveland","item":"https:\/\/dlslawfirm.com\/es\/abogado-de-lesiones-personales-en-loveland\/"},{"@type":"ListItem","position":3,"name":"Abogado de accidentes de cami\u00f3n en Loveland"}]},{"@type":"WebSite","@id":"https:\/\/dlslawfirm.com\/es\/#website","url":"https:\/\/dlslawfirm.com\/es\/","name":"Law Offices of Dianne Sawaya LLC- En Espanol","description":"","potentialAction":[{"@type":"SearchAction","target":{"@type":"EntryPoint","urlTemplate":"https:\/\/dlslawfirm.com\/es\/?s={search_term_string}"},"query-input":{"@type":"PropertyValueSpecification","valueRequired":true,"valueName":"search_term_string"}}],"inLanguage":"es"}]}},"_links":{"self":[{"href":"https:\/\/dlslawfirm.com\/es\/wp-json\/wp\/v2\/pages\/6812","targetHints":{"allow":["GET"]}}],"collection":[{"href":"https:\/\/dlslawfirm.com\/es\/wp-json\/wp\/v2\/pages"}],"about":[{"href":"https:\/\/dlslawfirm.com\/es\/wp-json\/wp\/v2\/types\/page"}],"author":[{"embeddable":true,"href":"https:\/\/dlslawfirm.com\/es\/wp-json\/wp\/v2\/users\/2"}],"replies":[{"embeddable":true,"href":"https:\/\/dlslawfirm.com\/es\/wp-json\/wp\/v2\/comments?post=6812"}],"version-history":[{"count":0,"href":"https:\/\/dlslawfirm.com\/es\/wp-json\/wp\/v2\/pages\/6812\/revisions"}],"up":[{"embeddable":true,"href":"https:\/\/dlslawfirm.com\/es\/wp-json\/wp\/v2\/pages\/6860"}],"wp:featuredmedia":[{"embeddable":true,"href":"https:\/\/dlslawfirm.com\/es\/wp-json\/wp\/v2\/media\/2083"}],"wp:attachment":[{"href":"https:\/\/dlslawfirm.com\/es\/wp-json\/wp\/v2\/media?parent=6812"}],"wp:term":[{"taxonomy":"post_tag","embeddable":true,"href":"https:\/\/dlslawfirm.com\/es\/wp-json\/wp\/v2\/tags?post=6812"}],"curies":[{"name":"wp","href":"https:\/\/api.w.org\/{rel}","templated":true}]}}